{"id":2030,"date":"2020-09-19T00:53:07","date_gmt":"2020-09-18T21:53:07","guid":{"rendered":"https:\/\/ysbchem.com\/?page_id=2030"},"modified":"2025-01-20T19:33:39","modified_gmt":"2025-01-20T16:33:39","slug":"uretim","status":"publish","type":"page","link":"https:\/\/ysbchem.com\/tr\/uretim\/","title":{"rendered":"\u00dcretim"},"content":{"rendered":"<div class=\"wpb-content-wrapper\"><p>[vc_row full_width=&#8221;stretch_row_content&#8221; el_class=&#8221;top_triangle&#8221; over_section=&#8221;1&#8243; css=&#8221;.vc_custom_1599918183198{padding-bottom: 40px !important;}&#8221;][vc_column width=&#8221;1\/4&#8243;]\t\t<div class=\"testimonial prospect_module clearfix with_image hexagon\"><figure class='author'><div class='figure_container medium hexagon thumb'><img src='https:\/\/ysbchem.com\/wp-content\/uploads\/2020\/09\/lamin1_35293f23070a0b8e11a36c5b5bf87879.png' data-no-retina alt \/><canvas height='225' width='200'><\/canvas><\/div><\/figure>\t<\/div>\r\n\t\t\t<div class=\"testimonial prospect_module clearfix with_image hexagon\"><figure class='author'><div class='figure_container medium hexagon thumb'><img src='https:\/\/ysbchem.com\/wp-content\/uploads\/2020\/09\/slitt_c50d75ce496387a7c6dc6356ff10ae8e.png' data-no-retina alt \/><canvas height='225' width='200'><\/canvas><\/div><\/figure>\t<\/div>\r\n\t[\/vc_column][vc_column width=&#8221;1\/4&#8243;][vc_column_text]<\/p>\n<h2>Laminasyon<\/h2>\n<p>Tek Taraf\u0131na veya \u00c7ift taraf\u0131na 60 gr\/m2\u00a0ile 140 gr\/m2\u00a0aras\u0131nda talep edildi\u011fi \u015fekilde bant uygulamas\u0131 yap\u0131labilir.[\/vc_column_text]<div class='cws_spacing' style='height: 60px;'><\/div>[vc_column_text]<\/p>\n<h2>Slitter Kesim<\/h2>\n<p>4 mm ile 1.500 mm geni\u015flik aras\u0131nda dilimlenebilir.[\/vc_column_text][\/vc_column][vc_column width=&#8221;1\/4&#8243;]\t\t<div class=\"testimonial prospect_module clearfix with_image hexagon\"><figure class='author'><div class='figure_container medium hexagon thumb'><img src='https:\/\/ysbchem.com\/wp-content\/uploads\/2020\/09\/die-cutting1_75a8c5b5ca6149a6bf57045e214624f5.png' data-no-retina alt \/><canvas height='225' width='200'><\/canvas><\/div><\/figure>\t<\/div>\r\n\t\t\t<div class=\"testimonial prospect_module clearfix with_image hexagon\"><figure class='author'><div class='figure_container medium hexagon thumb'><img src='https:\/\/ysbchem.com\/wp-content\/uploads\/2020\/09\/kiss-cut_58b25f3bb0618b2bfc249b3b397977c3.png' data-no-retina alt \/><canvas height='225' width='200'><\/canvas><\/div><\/figure>\t<\/div>\r\n\t[\/vc_column][vc_column width=&#8221;1\/4&#8243;][vc_column_text]<\/p>\n<h2>Die-Cut Kesim<\/h2>\n<p>Bantl\u0131 ve bants\u0131z \u00fcr\u00fcnlerin, talep edilen teknik resme uygun kesimi sa\u011flanabilir.[\/vc_column_text]<div class='cws_spacing' style='height: 75px;'><\/div>[vc_column_text]<\/p>\n<h2>Kiss-Cut Kesim<\/h2>\n<p>T\u00fcm bantl\u0131 \u00fcr\u00fcnlerde liner kesimi yap\u0131lmadan \u015fekilli kesim i\u015flemi yap\u0131labilir.[\/vc_column_text][\/vc_column][\/vc_row][vc_row][vc_column][vc_column_text]<\/p>\n<p>[\/vc_column_text]<hr style='margin-top: 15px; margin-bottom: 1px; background-color: #e95f58; ' \/>[\/vc_column][\/vc_row][vc_row full_width=&#8221;stretch_row_content&#8221; css=&#8221;.vc_custom_1476856635088{margin-bottom: -80px !important;padding-top: 40px !important;padding-bottom: 40px !important;background-color: #ffffff !important;}&#8221;][vc_column width=&#8221;1\/2&#8243;][vc_column_text css=&#8221;&#8221;]<\/p>\n<h4><mark style='color: #1e73be;background-color: #ffffff;'>YSB Teknik End\u00fcstriyel Bant ve H\u0131rdavat Enerji M\u00fch. Hiz. San. Tic. Ltd. \u015eti.<\/mark><\/h4>\n<hr \/>\n<h5><strong><mark style='color: #1e73be;background-color: #ffffff;'>YSB Chem<\/mark><\/strong><\/h5>\n<hr \/>\n<p style=\"text-align: left;\"><strong>ADRES<\/strong><\/p>\n<p style=\"text-align: left;\">Arapcami Mahallesi Bak\u0131r Sokak Alantar \u0130\u015f Merkezi No: 10\/63<br \/>\nKarak\u00f6y Beyo\u011flu-\u0130stanbul-TURKEY<\/p>\n<p><strong>TELEFON T\u00dcRK\u0130YE:<\/strong> 90 212 361 55 42<\/p>\n<p><strong>FAX: <\/strong>90 212 254 78 50<\/p>\n<p><strong>MAIL:<\/strong> <a href=\"mailto:info@ysbchem.com\">info@ysbchem.com<\/a><\/p>\n<hr \/>\n<p style=\"text-align: left;\"><strong>FABR\u0130KA ADRES\u0130<\/strong><\/p>\n<p style=\"text-align: left;\">Ferhatpa\u015fa Mahallesi Karadeniz Caddesi No:87\/B Ata\u015fehir-\u0130stanbul-T\u00dcRK\u0130YE<\/p>\n<p>[\/vc_column_text][\/vc_column][vc_column width=&#8221;1\/2&#8243;][vc_column_text]<\/p>\n<h1 style=\"text-align: center;\">B\u0130ZE <span style=\"color: #1e73be;\">YAZIN<\/span><\/h1>\n<p>[\/vc_column_text][vc_column_text]\n<div class=\"wpcf7 no-js\" id=\"wpcf7-f2066-o1\" lang=\"tr-TR\" dir=\"ltr\" data-wpcf7-id=\"2066\">\n<div class=\"screen-reader-response\"><p role=\"status\" aria-live=\"polite\" aria-atomic=\"true\"><\/p> <ul><\/ul><\/div>\n<form action=\"\/tr\/wp-json\/wp\/v2\/pages\/2030#wpcf7-f2066-o1\" method=\"post\" class=\"wpcf7-form init\" aria-label=\"\u0130leti\u015fim Formu\" novalidate=\"novalidate\" data-status=\"init\">\n<fieldset class=\"hidden-fields-container\"><input type=\"hidden\" name=\"_wpcf7\" value=\"2066\" \/><input type=\"hidden\" name=\"_wpcf7_version\" value=\"6.1.4\" \/><input type=\"hidden\" name=\"_wpcf7_locale\" value=\"tr_TR\" \/><input type=\"hidden\" name=\"_wpcf7_unit_tag\" value=\"wpcf7-f2066-o1\" \/><input type=\"hidden\" name=\"_wpcf7_container_post\" value=\"0\" \/><input type=\"hidden\" name=\"_wpcf7_posted_data_hash\" value=\"\" \/><input type=\"hidden\" name=\"_wpcf7_recaptcha_response\" value=\"\" \/>\n<\/fieldset>\n<p><span class=\"wpcf7-form-control-wrap\" data-name=\"your-name\"><input size=\"200\" maxlength=\"400\" class=\"wpcf7-form-control wpcf7-text wpcf7-validates-as-required\" aria-required=\"true\" aria-invalid=\"false\" placeholder=\"Ad\u0131n\u0131z\" value=\"\" type=\"text\" name=\"your-name\" \/><\/span>\n<\/p>\n<p><span class=\"wpcf7-form-control-wrap\" data-name=\"your-email\"><input size=\"200\" maxlength=\"400\" class=\"wpcf7-form-control wpcf7-email wpcf7-validates-as-required wpcf7-text wpcf7-validates-as-email\" aria-required=\"true\" aria-invalid=\"false\" placeholder=\"EMail Adresiniz\" value=\"\" type=\"email\" name=\"your-email\" \/><\/span>\n<\/p>\n<p><span class=\"wpcf7-form-control-wrap\" data-name=\"your-message\"><textarea cols=\"200\" rows=\"7\" maxlength=\"2000\" class=\"wpcf7-form-control wpcf7-textarea\" aria-invalid=\"false\" placeholder=\"Mesaj\u0131n\u0131z\" name=\"your-message\"><\/textarea><\/span>\n<\/p>\n<p style=\"text-align: center\"><input class=\"wpcf7-form-control wpcf7-submit has-spinner\" type=\"submit\" value=\"G\u00f6nder\" \/>\n<\/p><p style=\"display: none !important;\" class=\"akismet-fields-container\" data-prefix=\"_wpcf7_ak_\"><label>&#916;<textarea name=\"_wpcf7_ak_hp_textarea\" cols=\"45\" rows=\"8\" maxlength=\"100\"><\/textarea><\/label><input type=\"hidden\" id=\"ak_js_1\" name=\"_wpcf7_ak_js\" value=\"195\"\/><script>document.getElementById( \"ak_js_1\" ).setAttribute( \"value\", ( new Date() ).getTime() );<\/script><\/p><div class=\"wpcf7-response-output\" aria-hidden=\"true\"><\/div>\n<\/form>\n<\/div>\n[\/vc_column_text][\/vc_column][\/vc_row]<\/p>\n<\/div>","protected":false},"excerpt":{"rendered":"<p>[vc_row full_width=&#8221;stretch_row_content&#8221; el_class=&#8221;top_triangle&#8221; over_section=&#8221;1&#8243; css=&#8221;.vc_custom_1599918183198{padding-bottom: 40px !important;}&#8221;][vc_column width=&#8221;1\/4&#8243;][\/vc_column][vc_column width=&#8221;1\/4&#8243;][vc_column_text] Laminasyon Tek Taraf\u0131na veya \u00c7ift taraf\u0131na 60 gr\/m2\u00a0ile 140 gr\/m2\u00a0aras\u0131nda talep edildi\u011fi \u015fekilde bant uygulamas\u0131 yap\u0131labilir.[\/vc_column_text][vc_column_text] Slitter Kesim 4 mm ile 1.500 mm geni\u015flik aras\u0131nda dilimlenebilir.[\/vc_column_text][\/vc_column][vc_column width=&#8221;1\/4&#8243;][\/vc_column][vc_column width=&#8221;1\/4&#8243;][vc_column_text] Die-Cut Kesim Bantl\u0131 ve bants\u0131z \u00fcr\u00fcnlerin, talep edilen teknik resme uygun kesimi sa\u011flanabilir.[\/vc_column_text][vc_column_text] Kiss-Cut Kesim T\u00fcm bantl\u0131 \u00fcr\u00fcnlerde [&hellip;]<\/p>\n","protected":false},"author":1,"featured_media":0,"parent":0,"menu_order":0,"comment_status":"closed","ping_status":"closed","template":"","meta":{"footnotes":""},"class_list":["post-2030","page","type-page","status-publish","hentry"],"yoast_head":"<!-- This site is optimized with the Yoast SEO plugin v26.7 - https:\/\/yoast.com\/wordpress\/plugins\/seo\/ -->\n<title>\u00dcretim - Ysbchem<\/title>\n<meta name=\"robots\" content=\"index, follow, max-snippet:-1, max-image-preview:large, max-video-preview:-1\" \/>\n<link rel=\"canonical\" href=\"https:\/\/ysbchem.com\/tr\/uretim\/\" \/>\n<meta property=\"og:locale\" content=\"tr_TR\" \/>\n<meta property=\"og:type\" content=\"article\" \/>\n<meta property=\"og:title\" content=\"\u00dcretim - Ysbchem\" \/>\n<meta property=\"og:description\" content=\"[vc_row full_width=&#8221;stretch_row_content&#8221; el_class=&#8221;top_triangle&#8221; over_section=&#8221;1&#8243; css=&#8221;.vc_custom_1599918183198{padding-bottom: 40px !important;}&#8221;][vc_column width=&#8221;1\/4&#8243;][\/vc_column][vc_column width=&#8221;1\/4&#8243;][vc_column_text] Laminasyon Tek Taraf\u0131na veya \u00c7ift taraf\u0131na 60 gr\/m2\u00a0ile 140 gr\/m2\u00a0aras\u0131nda talep edildi\u011fi \u015fekilde bant uygulamas\u0131 yap\u0131labilir.[\/vc_column_text][vc_column_text] Slitter Kesim 4 mm ile 1.500 mm geni\u015flik aras\u0131nda dilimlenebilir.[\/vc_column_text][\/vc_column][vc_column width=&#8221;1\/4&#8243;][\/vc_column][vc_column width=&#8221;1\/4&#8243;][vc_column_text] Die-Cut Kesim Bantl\u0131 ve bants\u0131z \u00fcr\u00fcnlerin, talep edilen teknik resme uygun kesimi sa\u011flanabilir.[\/vc_column_text][vc_column_text] Kiss-Cut Kesim T\u00fcm bantl\u0131 \u00fcr\u00fcnlerde [&hellip;]\" \/>\n<meta property=\"og:url\" content=\"https:\/\/ysbchem.com\/tr\/uretim\/\" \/>\n<meta property=\"og:site_name\" content=\"Ysbchem\" \/>\n<meta property=\"article:publisher\" content=\"https:\/\/www.facebook.com\/ysbchem\" \/>\n<meta property=\"article:modified_time\" content=\"2025-01-20T16:33:39+00:00\" \/>\n<meta name=\"twitter:card\" content=\"summary_large_image\" \/>\n<meta name=\"twitter:label1\" content=\"Tahmini okuma s\u00fcresi\" \/>\n\t<meta name=\"twitter:data1\" content=\"1 dakika\" \/>\n<script type=\"application\/ld+json\" class=\"yoast-schema-graph\">{\"@context\":\"https:\/\/schema.org\",\"@graph\":[{\"@type\":\"WebPage\",\"@id\":\"https:\/\/ysbchem.com\/tr\/uretim\/\",\"url\":\"https:\/\/ysbchem.com\/tr\/uretim\/\",\"name\":\"\u00dcretim - Ysbchem\",\"isPartOf\":{\"@id\":\"https:\/\/ysbchem.com\/#website\"},\"datePublished\":\"2020-09-18T21:53:07+00:00\",\"dateModified\":\"2025-01-20T16:33:39+00:00\",\"breadcrumb\":{\"@id\":\"https:\/\/ysbchem.com\/tr\/uretim\/#breadcrumb\"},\"inLanguage\":\"tr\",\"potentialAction\":[{\"@type\":\"ReadAction\",\"target\":[\"https:\/\/ysbchem.com\/tr\/uretim\/\"]}]},{\"@type\":\"BreadcrumbList\",\"@id\":\"https:\/\/ysbchem.com\/tr\/uretim\/#breadcrumb\",\"itemListElement\":[{\"@type\":\"ListItem\",\"position\":1,\"name\":\"Home\",\"item\":\"https:\/\/ysbchem.com\/tr\/\"},{\"@type\":\"ListItem\",\"position\":2,\"name\":\"\u00dcretim\"}]},{\"@type\":\"WebSite\",\"@id\":\"https:\/\/ysbchem.com\/#website\",\"url\":\"https:\/\/ysbchem.com\/\",\"name\":\"Ysbchem\",\"description\":\"Hydrophilic Waterstop Swelling Tape, Fire Strips, Bentonite\",\"publisher\":{\"@id\":\"https:\/\/ysbchem.com\/#organization\"},\"potentialAction\":[{\"@type\":\"SearchAction\",\"target\":{\"@type\":\"EntryPoint\",\"urlTemplate\":\"https:\/\/ysbchem.com\/?s={search_term_string}\"},\"query-input\":{\"@type\":\"PropertyValueSpecification\",\"valueRequired\":true,\"valueName\":\"search_term_string\"}}],\"inLanguage\":\"tr\"},{\"@type\":\"Organization\",\"@id\":\"https:\/\/ysbchem.com\/#organization\",\"name\":\"YSB Teknik\",\"url\":\"https:\/\/ysbchem.com\/\",\"logo\":{\"@type\":\"ImageObject\",\"inLanguage\":\"tr\",\"@id\":\"https:\/\/ysbchem.com\/#\/schema\/logo\/image\/\",\"url\":\"https:\/\/ysbchem.com\/wp-content\/uploads\/2022\/07\/YSBTeknik-Facebook-Logo.png\",\"contentUrl\":\"https:\/\/ysbchem.com\/wp-content\/uploads\/2022\/07\/YSBTeknik-Facebook-Logo.png\",\"width\":180,\"height\":180,\"caption\":\"YSB Teknik\"},\"image\":{\"@id\":\"https:\/\/ysbchem.com\/#\/schema\/logo\/image\/\"},\"sameAs\":[\"https:\/\/www.facebook.com\/ysbchem\"]}]}<\/script>\n<!-- \/ Yoast SEO plugin. -->","yoast_head_json":{"title":"\u00dcretim - Ysbchem","robots":{"index":"index","follow":"follow","max-snippet":"max-snippet:-1","max-image-preview":"max-image-preview:large","max-video-preview":"max-video-preview:-1"},"canonical":"https:\/\/ysbchem.com\/tr\/uretim\/","og_locale":"tr_TR","og_type":"article","og_title":"\u00dcretim - Ysbchem","og_description":"[vc_row full_width=&#8221;stretch_row_content&#8221; el_class=&#8221;top_triangle&#8221; over_section=&#8221;1&#8243; css=&#8221;.vc_custom_1599918183198{padding-bottom: 40px !important;}&#8221;][vc_column width=&#8221;1\/4&#8243;][\/vc_column][vc_column width=&#8221;1\/4&#8243;][vc_column_text] Laminasyon Tek Taraf\u0131na veya \u00c7ift taraf\u0131na 60 gr\/m2\u00a0ile 140 gr\/m2\u00a0aras\u0131nda talep edildi\u011fi \u015fekilde bant uygulamas\u0131 yap\u0131labilir.[\/vc_column_text][vc_column_text] Slitter Kesim 4 mm ile 1.500 mm geni\u015flik aras\u0131nda dilimlenebilir.[\/vc_column_text][\/vc_column][vc_column width=&#8221;1\/4&#8243;][\/vc_column][vc_column width=&#8221;1\/4&#8243;][vc_column_text] Die-Cut Kesim Bantl\u0131 ve bants\u0131z \u00fcr\u00fcnlerin, talep edilen teknik resme uygun kesimi sa\u011flanabilir.[\/vc_column_text][vc_column_text] Kiss-Cut Kesim T\u00fcm bantl\u0131 \u00fcr\u00fcnlerde [&hellip;]","og_url":"https:\/\/ysbchem.com\/tr\/uretim\/","og_site_name":"Ysbchem","article_publisher":"https:\/\/www.facebook.com\/ysbchem","article_modified_time":"2025-01-20T16:33:39+00:00","twitter_card":"summary_large_image","twitter_misc":{"Tahmini okuma s\u00fcresi":"1 dakika"},"schema":{"@context":"https:\/\/schema.org","@graph":[{"@type":"WebPage","@id":"https:\/\/ysbchem.com\/tr\/uretim\/","url":"https:\/\/ysbchem.com\/tr\/uretim\/","name":"\u00dcretim - Ysbchem","isPartOf":{"@id":"https:\/\/ysbchem.com\/#website"},"datePublished":"2020-09-18T21:53:07+00:00","dateModified":"2025-01-20T16:33:39+00:00","breadcrumb":{"@id":"https:\/\/ysbchem.com\/tr\/uretim\/#breadcrumb"},"inLanguage":"tr","potentialAction":[{"@type":"ReadAction","target":["https:\/\/ysbchem.com\/tr\/uretim\/"]}]},{"@type":"BreadcrumbList","@id":"https:\/\/ysbchem.com\/tr\/uretim\/#breadcrumb","itemListElement":[{"@type":"ListItem","position":1,"name":"Home","item":"https:\/\/ysbchem.com\/tr\/"},{"@type":"ListItem","position":2,"name":"\u00dcretim"}]},{"@type":"WebSite","@id":"https:\/\/ysbchem.com\/#website","url":"https:\/\/ysbchem.com\/","name":"Ysbchem","description":"Hydrophilic Waterstop Swelling Tape, Fire Strips, Bentonite","publisher":{"@id":"https:\/\/ysbchem.com\/#organization"},"potentialAction":[{"@type":"SearchAction","target":{"@type":"EntryPoint","urlTemplate":"https:\/\/ysbchem.com\/?s={search_term_string}"},"query-input":{"@type":"PropertyValueSpecification","valueRequired":true,"valueName":"search_term_string"}}],"inLanguage":"tr"},{"@type":"Organization","@id":"https:\/\/ysbchem.com\/#organization","name":"YSB Teknik","url":"https:\/\/ysbchem.com\/","logo":{"@type":"ImageObject","inLanguage":"tr","@id":"https:\/\/ysbchem.com\/#\/schema\/logo\/image\/","url":"https:\/\/ysbchem.com\/wp-content\/uploads\/2022\/07\/YSBTeknik-Facebook-Logo.png","contentUrl":"https:\/\/ysbchem.com\/wp-content\/uploads\/2022\/07\/YSBTeknik-Facebook-Logo.png","width":180,"height":180,"caption":"YSB Teknik"},"image":{"@id":"https:\/\/ysbchem.com\/#\/schema\/logo\/image\/"},"sameAs":["https:\/\/www.facebook.com\/ysbchem"]}]}},"_links":{"self":[{"href":"https:\/\/ysbchem.com\/tr\/wp-json\/wp\/v2\/pages\/2030","targetHints":{"allow":["GET"]}}],"collection":[{"href":"https:\/\/ysbchem.com\/tr\/wp-json\/wp\/v2\/pages"}],"about":[{"href":"https:\/\/ysbchem.com\/tr\/wp-json\/wp\/v2\/types\/page"}],"author":[{"embeddable":true,"href":"https:\/\/ysbchem.com\/tr\/wp-json\/wp\/v2\/users\/1"}],"replies":[{"embeddable":true,"href":"https:\/\/ysbchem.com\/tr\/wp-json\/wp\/v2\/comments?post=2030"}],"version-history":[{"count":8,"href":"https:\/\/ysbchem.com\/tr\/wp-json\/wp\/v2\/pages\/2030\/revisions"}],"predecessor-version":[{"id":2835,"href":"https:\/\/ysbchem.com\/tr\/wp-json\/wp\/v2\/pages\/2030\/revisions\/2835"}],"wp:attachment":[{"href":"https:\/\/ysbchem.com\/tr\/wp-json\/wp\/v2\/media?parent=2030"}],"curies":[{"name":"wp","href":"https:\/\/api.w.org\/{rel}","templated":true}]}}