{"id":2034,"date":"2020-09-19T00:56:02","date_gmt":"2020-09-18T21:56:02","guid":{"rendered":"https:\/\/ysbchem.com\/?page_id=2034"},"modified":"2025-01-20T19:46:17","modified_gmt":"2025-01-20T16:46:17","slug":"uygulamalar","status":"publish","type":"page","link":"https:\/\/ysbchem.com\/tr\/uygulamalar\/","title":{"rendered":"Uygulamalar"},"content":{"rendered":"<div class=\"wpb-content-wrapper\"><p>[vc_row][vc_column][vc_column_text][\/vc_column_text][\/vc_column][\/vc_row][vc_row][vc_column width=&#8221;1\/5&#8243;]\t\t<div class=\"testimonial prospect_module clearfix with_image hexagon\"><figure class='author'><div class='figure_container medium hexagon thumb'><img src='https:\/\/ysbchem.com\/wp-content\/uploads\/2020\/09\/electronic_f57f53f19d41c9c3850b22f4f8b0837e.png' data-no-retina alt \/><canvas height='225' width='200'><\/canvas><\/div><figcaption><span class='author_name author_info'>Elektronik<\/span><\/figcaption><\/figure>\t<\/div>\r\n\t[\/vc_column][vc_column width=&#8221;1\/5&#8243;]\t\t<div class=\"testimonial prospect_module clearfix with_image hexagon\"><figure class='author'><div class='figure_container medium hexagon thumb'><img src='https:\/\/ysbchem.com\/wp-content\/uploads\/2020\/09\/wind1_fa59a539824fe999b37659a2d47cf1e4.png' data-no-retina alt \/><canvas height='225' width='200'><\/canvas><\/div><figcaption><span class='author_name author_info'>R\u00fczgar &amp; Solar Enerji<\/span><\/figcaption><\/figure>\t<\/div>\r\n\t[\/vc_column][vc_column width=&#8221;1\/5&#8243;]\t\t<div class=\"testimonial prospect_module clearfix with_image hexagon\"><figure class='author'><div class='figure_container medium hexagon thumb'><img src='https:\/\/ysbchem.com\/wp-content\/uploads\/2020\/09\/refrigator_eca353fdaf7c24d518bb744135759194.png' data-no-retina alt \/><canvas height='225' width='200'><\/canvas><\/div><figcaption><span class='author_name author_info'>Beyaz E\u015fya<\/span><\/figcaption><\/figure>\t<\/div>\r\n\t[\/vc_column][vc_column width=&#8221;1\/5&#8243;]\t\t<div class=\"testimonial prospect_module clearfix with_image hexagon\"><figure class='author'><div class='figure_container medium hexagon thumb'><img src='https:\/\/ysbchem.com\/wp-content\/uploads\/2020\/09\/shoe_0e71140bd241291f14f28bf337058f67.png' data-no-retina alt \/><canvas height='225' width='200'><\/canvas><\/div><figcaption><span class='author_name author_info'>Ayakkab\u0131<\/span><\/figcaption><\/figure>\t<\/div>\r\n\t[\/vc_column][vc_column width=&#8221;1\/5&#8243;]\t\t<div class=\"testimonial prospect_module clearfix with_image hexagon\"><figure class='author'><div class='figure_container medium hexagon thumb'><img src='https:\/\/ysbchem.com\/wp-content\/uploads\/2020\/09\/printed_dc3cbdcbed235e1f591c63b910b513d9.png' data-no-retina alt \/><canvas height='225' width='200'><\/canvas><\/div><figcaption><span class='author_name author_info'>Matbaa<\/span><\/figcaption><\/figure>\t<\/div>\r\n\t[\/vc_column][\/vc_row][vc_row][vc_column width=&#8221;1\/5&#8243;]\t\t<div class=\"testimonial prospect_module clearfix with_image hexagon\"><figure class='author'><div class='figure_container medium hexagon thumb'><img src='https:\/\/ysbchem.com\/wp-content\/uploads\/2020\/09\/pack_abaf2866096c76071f3c1c6e1bd73f69.png' data-no-retina alt \/><canvas height='225' width='200'><\/canvas><\/div><figcaption><span class='author_name author_info'>Ambalaj<\/span><\/figcaption><\/figure>\t<\/div>\r\n\t[\/vc_column][vc_column width=&#8221;1\/5&#8243;]\t\t<div class=\"testimonial prospect_module clearfix with_image hexagon\"><figure class='author'><div class='figure_container medium hexagon thumb'><img src='https:\/\/ysbchem.com\/wp-content\/uploads\/2020\/09\/sport_fba7a288456bcbd8545a4e528eebdf7f.png' data-no-retina alt \/><canvas height='225' width='200'><\/canvas><\/div><figcaption><span class='author_name author_info'>Medikal &amp; Spor<\/span><\/figcaption><\/figure>\t<\/div>\r\n\t[\/vc_column][vc_column width=&#8221;1\/5&#8243;]\t\t<div class=\"testimonial prospect_module clearfix with_image hexagon\"><figure class='author'><div class='figure_container medium hexagon thumb'><img src='https:\/\/ysbchem.com\/wp-content\/uploads\/2020\/09\/marina_fe9204a262c93197484011765a692453.png' data-no-retina alt \/><canvas height='225' width='200'><\/canvas><\/div><figcaption><span class='author_name author_info'>Marin<\/span><\/figcaption><\/figure>\t<\/div>\r\n\t[\/vc_column][vc_column width=&#8221;1\/5&#8243;]\t\t<div class=\"testimonial prospect_module clearfix with_image hexagon\"><figure class='author'><div class='figure_container medium hexagon thumb'><img src='https:\/\/ysbchem.com\/wp-content\/uploads\/2020\/09\/farmin_63491abb22d905f7413cddd23ebe8f02.png' data-no-retina alt \/><canvas height='225' width='200'><\/canvas><\/div><figcaption><span class='author_name author_info'>Hayvanc\u0131l\u0131k<\/span><\/figcaption><\/figure>\t<\/div>\r\n\t[\/vc_column][vc_column width=&#8221;1\/5&#8243;]\t\t<div class=\"testimonial prospect_module clearfix with_image hexagon\"><figure class='author'><div class='figure_container medium hexagon thumb'><img src='https:\/\/ysbchem.com\/wp-content\/uploads\/2020\/09\/const_67438b4e156e45ae421767614bd3e892.png' data-no-retina alt \/><canvas height='225' width='200'><\/canvas><\/div><figcaption><span class='author_name author_info'>\u0130n\u015faat &amp; Yap\u0131<\/span><\/figcaption><\/figure>\t<\/div>\r\n\t[\/vc_column][\/vc_row][vc_row][vc_column width=&#8221;1\/5&#8243;]\t\t<div class=\"testimonial prospect_module clearfix with_image hexagon\"><figure class='author'><div class='figure_container medium hexagon thumb'><img src='https:\/\/ysbchem.com\/wp-content\/uploads\/2020\/09\/auto_abe5b1dc650b654c2efdf601b17479c7.png' data-no-retina alt \/><canvas height='225' width='200'><\/canvas><\/div><figcaption><span class='author_name author_info'>Otomotiv<\/span><\/figcaption><\/figure>\t<\/div>\r\n\t[\/vc_column][vc_column width=&#8221;1\/5&#8243;]\t\t<div class=\"testimonial prospect_module clearfix with_image hexagon\"><figure class='author'><div class='figure_container medium hexagon thumb'><img src='https:\/\/ysbchem.com\/wp-content\/uploads\/2020\/09\/avia_184ee2b148b01e1f5f177f212979ba8c.png' data-no-retina alt \/><canvas height='225' width='200'><\/canvas><\/div><figcaption><span class='author_name author_info'>Havac\u0131l\u0131k<\/span><\/figcaption><\/figure>\t<\/div>\r\n\t[\/vc_column][vc_column width=&#8221;1\/5&#8243;]\t\t<div class=\"testimonial prospect_module clearfix with_image hexagon\"><figure class='author'><div class='figure_container medium hexagon thumb'><img src='https:\/\/ysbchem.com\/wp-content\/uploads\/2020\/09\/adver_848a51e603e4f28b0b78b9c79c6801e8.png' data-no-retina alt \/><canvas height='225' width='200'><\/canvas><\/div><figcaption><span class='author_name author_info'>Reklam<\/span><\/figcaption><\/figure>\t<\/div>\r\n\t[\/vc_column][vc_column width=&#8221;1\/5&#8243;]\t\t<div class=\"testimonial prospect_module clearfix with_image hexagon\"><figure class='author'><div class='figure_container medium hexagon thumb'><img src='https:\/\/ysbchem.com\/wp-content\/uploads\/2020\/09\/aco_73db5c5d771ede74b10c2e89b2be57f7.png' data-no-retina alt \/><canvas height='225' width='200'><\/canvas><\/div><figcaption><span class='author_name author_info'>Akustik<\/span><\/figcaption><\/figure>\t<\/div>\r\n\t[\/vc_column][vc_column width=&#8221;1\/5&#8243;][\/vc_column][\/vc_row][vc_row css=&#8221;.vc_custom_1480513080987{margin-top: 40px !important;}&#8221;][vc_column]<hr style='margin-bottom: -25px; background-color: #e95f58; ' \/>[\/vc_column][\/vc_row][vc_row full_width=&#8221;stretch_row_content&#8221; css=&#8221;.vc_custom_1476856635088{margin-bottom: -80px !important;padding-top: 40px !important;padding-bottom: 40px !important;background-color: #ffffff !important;}&#8221;][vc_column width=&#8221;1\/2&#8243;][vc_column_text css=&#8221;&#8221;]<\/p>\n<h4><mark style='color: #1e73be;background-color: #ffffff;'>YSB Teknik End\u00fcstriyel Bant ve H\u0131rdavat Enerji M\u00fch. Hiz. San. Tic. Ltd. \u015eti.<\/mark><\/h4>\n<hr \/>\n<h5><strong><mark style='color: #1e73be;background-color: #ffffff;'>YSB Chem<\/mark><\/strong><\/h5>\n<hr \/>\n<p style=\"text-align: left;\"><strong>ADRES<\/strong><\/p>\n<p style=\"text-align: left;\">Arapcami Mahallesi Bak\u0131r Sokak Alantar \u0130\u015f Merkezi No: 10\/63<br \/>\nKarak\u00f6y Beyo\u011flu-\u0130stanbul-TURKEY<\/p>\n<p><strong>TELEFON T\u00dcRK\u0130YE:<\/strong> 90 212 361 55 42<\/p>\n<p><strong>FAX: <\/strong>90 212 254 78 50<\/p>\n<p><strong>MAIL:<\/strong> <a href=\"mailto:info@ysbchem.com\">info@ysbchem.com<\/a><\/p>\n<hr \/>\n<p style=\"text-align: left;\"><strong>FABR\u0130KA ADRES\u0130<\/strong><\/p>\n<p style=\"text-align: left;\">Ferhatpa\u015fa Mahallesi Karadeniz Caddesi No:87\/B Ata\u015fehir-\u0130stanbul-T\u00dcRK\u0130YE<\/p>\n<p>[\/vc_column_text][\/vc_column][vc_column width=&#8221;1\/2&#8243;][vc_column_text]<\/p>\n<h1 style=\"text-align: center;\">B\u0130ZE <span style=\"color: #1e73be;\">YAZIN<\/span><\/h1>\n<p>[\/vc_column_text][vc_column_text]\n<div class=\"wpcf7 no-js\" id=\"wpcf7-f2066-o1\" lang=\"tr-TR\" dir=\"ltr\" data-wpcf7-id=\"2066\">\n<div class=\"screen-reader-response\"><p role=\"status\" aria-live=\"polite\" aria-atomic=\"true\"><\/p> <ul><\/ul><\/div>\n<form action=\"\/tr\/wp-json\/wp\/v2\/pages\/2034#wpcf7-f2066-o1\" method=\"post\" class=\"wpcf7-form init\" aria-label=\"\u0130leti\u015fim Formu\" novalidate=\"novalidate\" data-status=\"init\">\n<fieldset class=\"hidden-fields-container\"><input type=\"hidden\" name=\"_wpcf7\" value=\"2066\" \/><input type=\"hidden\" name=\"_wpcf7_version\" value=\"6.1.4\" \/><input type=\"hidden\" name=\"_wpcf7_locale\" value=\"tr_TR\" \/><input type=\"hidden\" name=\"_wpcf7_unit_tag\" value=\"wpcf7-f2066-o1\" \/><input type=\"hidden\" name=\"_wpcf7_container_post\" value=\"0\" \/><input type=\"hidden\" name=\"_wpcf7_posted_data_hash\" value=\"\" \/><input type=\"hidden\" name=\"_wpcf7_recaptcha_response\" value=\"\" \/>\n<\/fieldset>\n<p><span class=\"wpcf7-form-control-wrap\" data-name=\"your-name\"><input size=\"200\" maxlength=\"400\" class=\"wpcf7-form-control wpcf7-text wpcf7-validates-as-required\" aria-required=\"true\" aria-invalid=\"false\" placeholder=\"Ad\u0131n\u0131z\" value=\"\" type=\"text\" name=\"your-name\" \/><\/span>\n<\/p>\n<p><span class=\"wpcf7-form-control-wrap\" data-name=\"your-email\"><input size=\"200\" maxlength=\"400\" class=\"wpcf7-form-control wpcf7-email wpcf7-validates-as-required wpcf7-text wpcf7-validates-as-email\" aria-required=\"true\" aria-invalid=\"false\" placeholder=\"EMail Adresiniz\" value=\"\" type=\"email\" name=\"your-email\" \/><\/span>\n<\/p>\n<p><span class=\"wpcf7-form-control-wrap\" data-name=\"your-message\"><textarea cols=\"200\" rows=\"7\" maxlength=\"2000\" class=\"wpcf7-form-control wpcf7-textarea\" aria-invalid=\"false\" placeholder=\"Mesaj\u0131n\u0131z\" name=\"your-message\"><\/textarea><\/span>\n<\/p>\n<p style=\"text-align: center\"><input class=\"wpcf7-form-control wpcf7-submit has-spinner\" type=\"submit\" value=\"G\u00f6nder\" \/>\n<\/p><p style=\"display: none !important;\" class=\"akismet-fields-container\" data-prefix=\"_wpcf7_ak_\"><label>&#916;<textarea name=\"_wpcf7_ak_hp_textarea\" cols=\"45\" rows=\"8\" maxlength=\"100\"><\/textarea><\/label><input type=\"hidden\" id=\"ak_js_1\" name=\"_wpcf7_ak_js\" value=\"38\"\/><script>document.getElementById( \"ak_js_1\" ).setAttribute( \"value\", ( new Date() ).getTime() );<\/script><\/p><div class=\"wpcf7-response-output\" aria-hidden=\"true\"><\/div>\n<\/form>\n<\/div>\n[\/vc_column_text][\/vc_column][\/vc_row]<\/p>\n<\/div>","protected":false},"excerpt":{"rendered":"<p>[vc_row][vc_column][vc_column_text][\/vc_column_text][\/vc_column][\/vc_row][vc_row][vc_column width=&#8221;1\/5&#8243;][\/vc_column][vc_column width=&#8221;1\/5&#8243;][\/vc_column][vc_column width=&#8221;1\/5&#8243;][\/vc_column][vc_column width=&#8221;1\/5&#8243;][\/vc_column][vc_column width=&#8221;1\/5&#8243;][\/vc_column][\/vc_row][vc_row][vc_column width=&#8221;1\/5&#8243;][\/vc_column][vc_column width=&#8221;1\/5&#8243;][\/vc_column][vc_column width=&#8221;1\/5&#8243;][\/vc_column][vc_column width=&#8221;1\/5&#8243;][\/vc_column][vc_column width=&#8221;1\/5&#8243;][\/vc_column][\/vc_row][vc_row][vc_column width=&#8221;1\/5&#8243;][\/vc_column][vc_column width=&#8221;1\/5&#8243;][\/vc_column][vc_column width=&#8221;1\/5&#8243;][\/vc_column][vc_column width=&#8221;1\/5&#8243;][\/vc_column][vc_column width=&#8221;1\/5&#8243;][\/vc_column][\/vc_row][vc_row css=&#8221;.vc_custom_1480513080987{margin-top: 40px !important;}&#8221;][vc_column][\/vc_column][\/vc_row][vc_row full_width=&#8221;stretch_row_content&#8221; css=&#8221;.vc_custom_1476856635088{margin-bottom: -80px !important;padding-top: 40px !important;padding-bottom: 40px !important;background-color: #ffffff !important;}&#8221;][vc_column width=&#8221;1\/2&#8243;][vc_column_text css=&#8221;&#8221;] ADRES Arapcami Mahallesi Bak\u0131r Sokak Alantar \u0130\u015f Merkezi No: 10\/63 Karak\u00f6y Beyo\u011flu-\u0130stanbul-TURKEY TELEFON T\u00dcRK\u0130YE: 90 212 361 55 42 FAX: 90 212 254 78 [&hellip;]<\/p>\n","protected":false},"author":1,"featured_media":0,"parent":0,"menu_order":0,"comment_status":"closed","ping_status":"closed","template":"","meta":{"footnotes":""},"class_list":["post-2034","page","type-page","status-publish","hentry"],"yoast_head":"<!-- This site is optimized with the Yoast SEO plugin v26.7 - https:\/\/yoast.com\/wordpress\/plugins\/seo\/ -->\n<title>Uygulamalar - Ysbchem<\/title>\n<meta name=\"robots\" content=\"index, follow, max-snippet:-1, max-image-preview:large, max-video-preview:-1\" \/>\n<link rel=\"canonical\" href=\"https:\/\/ysbchem.com\/tr\/uygulamalar\/\" \/>\n<meta property=\"og:locale\" content=\"tr_TR\" \/>\n<meta property=\"og:type\" content=\"article\" \/>\n<meta property=\"og:title\" content=\"Uygulamalar - Ysbchem\" \/>\n<meta property=\"og:description\" content=\"[vc_row][vc_column][vc_column_text][\/vc_column_text][\/vc_column][\/vc_row][vc_row][vc_column width=&#8221;1\/5&#8243;][\/vc_column][vc_column width=&#8221;1\/5&#8243;][\/vc_column][vc_column width=&#8221;1\/5&#8243;][\/vc_column][vc_column width=&#8221;1\/5&#8243;][\/vc_column][vc_column width=&#8221;1\/5&#8243;][\/vc_column][\/vc_row][vc_row][vc_column width=&#8221;1\/5&#8243;][\/vc_column][vc_column width=&#8221;1\/5&#8243;][\/vc_column][vc_column width=&#8221;1\/5&#8243;][\/vc_column][vc_column width=&#8221;1\/5&#8243;][\/vc_column][vc_column width=&#8221;1\/5&#8243;][\/vc_column][\/vc_row][vc_row][vc_column width=&#8221;1\/5&#8243;][\/vc_column][vc_column width=&#8221;1\/5&#8243;][\/vc_column][vc_column width=&#8221;1\/5&#8243;][\/vc_column][vc_column width=&#8221;1\/5&#8243;][\/vc_column][vc_column width=&#8221;1\/5&#8243;][\/vc_column][\/vc_row][vc_row css=&#8221;.vc_custom_1480513080987{margin-top: 40px !important;}&#8221;][vc_column][\/vc_column][\/vc_row][vc_row full_width=&#8221;stretch_row_content&#8221; css=&#8221;.vc_custom_1476856635088{margin-bottom: -80px !important;padding-top: 40px !important;padding-bottom: 40px !important;background-color: #ffffff !important;}&#8221;][vc_column width=&#8221;1\/2&#8243;][vc_column_text css=&#8221;&#8221;] ADRES Arapcami Mahallesi Bak\u0131r Sokak Alantar \u0130\u015f Merkezi No: 10\/63 Karak\u00f6y Beyo\u011flu-\u0130stanbul-TURKEY TELEFON T\u00dcRK\u0130YE: 90 212 361 55 42 FAX: 90 212 254 78 [&hellip;]\" \/>\n<meta property=\"og:url\" content=\"https:\/\/ysbchem.com\/tr\/uygulamalar\/\" \/>\n<meta property=\"og:site_name\" content=\"Ysbchem\" \/>\n<meta property=\"article:publisher\" content=\"https:\/\/www.facebook.com\/ysbchem\" \/>\n<meta property=\"article:modified_time\" content=\"2025-01-20T16:46:17+00:00\" \/>\n<meta name=\"twitter:card\" content=\"summary_large_image\" \/>\n<meta name=\"twitter:label1\" content=\"Tahmini okuma s\u00fcresi\" \/>\n\t<meta name=\"twitter:data1\" content=\"1 dakika\" \/>\n<script type=\"application\/ld+json\" class=\"yoast-schema-graph\">{\"@context\":\"https:\/\/schema.org\",\"@graph\":[{\"@type\":\"WebPage\",\"@id\":\"https:\/\/ysbchem.com\/tr\/uygulamalar\/\",\"url\":\"https:\/\/ysbchem.com\/tr\/uygulamalar\/\",\"name\":\"Uygulamalar - Ysbchem\",\"isPartOf\":{\"@id\":\"https:\/\/ysbchem.com\/#website\"},\"datePublished\":\"2020-09-18T21:56:02+00:00\",\"dateModified\":\"2025-01-20T16:46:17+00:00\",\"breadcrumb\":{\"@id\":\"https:\/\/ysbchem.com\/tr\/uygulamalar\/#breadcrumb\"},\"inLanguage\":\"tr\",\"potentialAction\":[{\"@type\":\"ReadAction\",\"target\":[\"https:\/\/ysbchem.com\/tr\/uygulamalar\/\"]}]},{\"@type\":\"BreadcrumbList\",\"@id\":\"https:\/\/ysbchem.com\/tr\/uygulamalar\/#breadcrumb\",\"itemListElement\":[{\"@type\":\"ListItem\",\"position\":1,\"name\":\"Home\",\"item\":\"https:\/\/ysbchem.com\/tr\/\"},{\"@type\":\"ListItem\",\"position\":2,\"name\":\"Uygulamalar\"}]},{\"@type\":\"WebSite\",\"@id\":\"https:\/\/ysbchem.com\/#website\",\"url\":\"https:\/\/ysbchem.com\/\",\"name\":\"Ysbchem\",\"description\":\"Hydrophilic Waterstop Swelling Tape, Fire Strips, Bentonite\",\"publisher\":{\"@id\":\"https:\/\/ysbchem.com\/#organization\"},\"potentialAction\":[{\"@type\":\"SearchAction\",\"target\":{\"@type\":\"EntryPoint\",\"urlTemplate\":\"https:\/\/ysbchem.com\/?s={search_term_string}\"},\"query-input\":{\"@type\":\"PropertyValueSpecification\",\"valueRequired\":true,\"valueName\":\"search_term_string\"}}],\"inLanguage\":\"tr\"},{\"@type\":\"Organization\",\"@id\":\"https:\/\/ysbchem.com\/#organization\",\"name\":\"YSB Teknik\",\"url\":\"https:\/\/ysbchem.com\/\",\"logo\":{\"@type\":\"ImageObject\",\"inLanguage\":\"tr\",\"@id\":\"https:\/\/ysbchem.com\/#\/schema\/logo\/image\/\",\"url\":\"https:\/\/ysbchem.com\/wp-content\/uploads\/2022\/07\/YSBTeknik-Facebook-Logo.png\",\"contentUrl\":\"https:\/\/ysbchem.com\/wp-content\/uploads\/2022\/07\/YSBTeknik-Facebook-Logo.png\",\"width\":180,\"height\":180,\"caption\":\"YSB Teknik\"},\"image\":{\"@id\":\"https:\/\/ysbchem.com\/#\/schema\/logo\/image\/\"},\"sameAs\":[\"https:\/\/www.facebook.com\/ysbchem\"]}]}<\/script>\n<!-- \/ Yoast SEO plugin. -->","yoast_head_json":{"title":"Uygulamalar - Ysbchem","robots":{"index":"index","follow":"follow","max-snippet":"max-snippet:-1","max-image-preview":"max-image-preview:large","max-video-preview":"max-video-preview:-1"},"canonical":"https:\/\/ysbchem.com\/tr\/uygulamalar\/","og_locale":"tr_TR","og_type":"article","og_title":"Uygulamalar - Ysbchem","og_description":"[vc_row][vc_column][vc_column_text][\/vc_column_text][\/vc_column][\/vc_row][vc_row][vc_column width=&#8221;1\/5&#8243;][\/vc_column][vc_column width=&#8221;1\/5&#8243;][\/vc_column][vc_column width=&#8221;1\/5&#8243;][\/vc_column][vc_column width=&#8221;1\/5&#8243;][\/vc_column][vc_column width=&#8221;1\/5&#8243;][\/vc_column][\/vc_row][vc_row][vc_column width=&#8221;1\/5&#8243;][\/vc_column][vc_column width=&#8221;1\/5&#8243;][\/vc_column][vc_column width=&#8221;1\/5&#8243;][\/vc_column][vc_column width=&#8221;1\/5&#8243;][\/vc_column][vc_column width=&#8221;1\/5&#8243;][\/vc_column][\/vc_row][vc_row][vc_column width=&#8221;1\/5&#8243;][\/vc_column][vc_column width=&#8221;1\/5&#8243;][\/vc_column][vc_column width=&#8221;1\/5&#8243;][\/vc_column][vc_column width=&#8221;1\/5&#8243;][\/vc_column][vc_column width=&#8221;1\/5&#8243;][\/vc_column][\/vc_row][vc_row css=&#8221;.vc_custom_1480513080987{margin-top: 40px !important;}&#8221;][vc_column][\/vc_column][\/vc_row][vc_row full_width=&#8221;stretch_row_content&#8221; css=&#8221;.vc_custom_1476856635088{margin-bottom: -80px !important;padding-top: 40px !important;padding-bottom: 40px !important;background-color: #ffffff !important;}&#8221;][vc_column width=&#8221;1\/2&#8243;][vc_column_text css=&#8221;&#8221;] ADRES Arapcami Mahallesi Bak\u0131r Sokak Alantar \u0130\u015f Merkezi No: 10\/63 Karak\u00f6y Beyo\u011flu-\u0130stanbul-TURKEY TELEFON T\u00dcRK\u0130YE: 90 212 361 55 42 FAX: 90 212 254 78 [&hellip;]","og_url":"https:\/\/ysbchem.com\/tr\/uygulamalar\/","og_site_name":"Ysbchem","article_publisher":"https:\/\/www.facebook.com\/ysbchem","article_modified_time":"2025-01-20T16:46:17+00:00","twitter_card":"summary_large_image","twitter_misc":{"Tahmini okuma s\u00fcresi":"1 dakika"},"schema":{"@context":"https:\/\/schema.org","@graph":[{"@type":"WebPage","@id":"https:\/\/ysbchem.com\/tr\/uygulamalar\/","url":"https:\/\/ysbchem.com\/tr\/uygulamalar\/","name":"Uygulamalar - Ysbchem","isPartOf":{"@id":"https:\/\/ysbchem.com\/#website"},"datePublished":"2020-09-18T21:56:02+00:00","dateModified":"2025-01-20T16:46:17+00:00","breadcrumb":{"@id":"https:\/\/ysbchem.com\/tr\/uygulamalar\/#breadcrumb"},"inLanguage":"tr","potentialAction":[{"@type":"ReadAction","target":["https:\/\/ysbchem.com\/tr\/uygulamalar\/"]}]},{"@type":"BreadcrumbList","@id":"https:\/\/ysbchem.com\/tr\/uygulamalar\/#breadcrumb","itemListElement":[{"@type":"ListItem","position":1,"name":"Home","item":"https:\/\/ysbchem.com\/tr\/"},{"@type":"ListItem","position":2,"name":"Uygulamalar"}]},{"@type":"WebSite","@id":"https:\/\/ysbchem.com\/#website","url":"https:\/\/ysbchem.com\/","name":"Ysbchem","description":"Hydrophilic Waterstop Swelling Tape, Fire Strips, Bentonite","publisher":{"@id":"https:\/\/ysbchem.com\/#organization"},"potentialAction":[{"@type":"SearchAction","target":{"@type":"EntryPoint","urlTemplate":"https:\/\/ysbchem.com\/?s={search_term_string}"},"query-input":{"@type":"PropertyValueSpecification","valueRequired":true,"valueName":"search_term_string"}}],"inLanguage":"tr"},{"@type":"Organization","@id":"https:\/\/ysbchem.com\/#organization","name":"YSB Teknik","url":"https:\/\/ysbchem.com\/","logo":{"@type":"ImageObject","inLanguage":"tr","@id":"https:\/\/ysbchem.com\/#\/schema\/logo\/image\/","url":"https:\/\/ysbchem.com\/wp-content\/uploads\/2022\/07\/YSBTeknik-Facebook-Logo.png","contentUrl":"https:\/\/ysbchem.com\/wp-content\/uploads\/2022\/07\/YSBTeknik-Facebook-Logo.png","width":180,"height":180,"caption":"YSB Teknik"},"image":{"@id":"https:\/\/ysbchem.com\/#\/schema\/logo\/image\/"},"sameAs":["https:\/\/www.facebook.com\/ysbchem"]}]}},"_links":{"self":[{"href":"https:\/\/ysbchem.com\/tr\/wp-json\/wp\/v2\/pages\/2034","targetHints":{"allow":["GET"]}}],"collection":[{"href":"https:\/\/ysbchem.com\/tr\/wp-json\/wp\/v2\/pages"}],"about":[{"href":"https:\/\/ysbchem.com\/tr\/wp-json\/wp\/v2\/types\/page"}],"author":[{"embeddable":true,"href":"https:\/\/ysbchem.com\/tr\/wp-json\/wp\/v2\/users\/1"}],"replies":[{"embeddable":true,"href":"https:\/\/ysbchem.com\/tr\/wp-json\/wp\/v2\/comments?post=2034"}],"version-history":[{"count":8,"href":"https:\/\/ysbchem.com\/tr\/wp-json\/wp\/v2\/pages\/2034\/revisions"}],"predecessor-version":[{"id":2839,"href":"https:\/\/ysbchem.com\/tr\/wp-json\/wp\/v2\/pages\/2034\/revisions\/2839"}],"wp:attachment":[{"href":"https:\/\/ysbchem.com\/tr\/wp-json\/wp\/v2\/media?parent=2034"}],"curies":[{"name":"wp","href":"https:\/\/api.w.org\/{rel}","templated":true}]}}