{"id":2054,"date":"2020-09-19T00:57:36","date_gmt":"2020-09-18T21:57:36","guid":{"rendered":"https:\/\/ysbchem.com\/?page_id=2054"},"modified":"2024-01-02T18:00:20","modified_gmt":"2024-01-02T15:00:20","slug":"iletisim","status":"publish","type":"page","link":"https:\/\/ysbchem.com\/tr\/iletisim\/","title":{"rendered":"\u0130leti\u015fim"},"content":{"rendered":"<div class=\"wpb-content-wrapper\">\t\t<div data-elementor-type=\"wp-page\" data-elementor-id=\"2054\" class=\"elementor elementor-2054 elementor-480\">\n\t\t\t\t\t\t<section class=\"elementor-section elementor-top-section elementor-element elementor-element-4c776c6 elementor-section-boxed elementor-section-height-default elementor-section-height-default\" data-id=\"4c776c6\" data-element_type=\"section\">\n\t\t\t\t\t\t<div class=\"elementor-container elementor-column-gap-default\">\n\t\t\t\t\t<div class=\"elementor-column elementor-col-100 elementor-top-column elementor-element elementor-element-629351e6\" data-id=\"629351e6\" data-element_type=\"column\">\n\t\t\t<div class=\"elementor-widget-wrap elementor-element-populated\">\n\t\t\t\t\t\t<div class=\"elementor-element elementor-element-7779574a elementor-widget elementor-widget-text-editor\" data-id=\"7779574a\" data-element_type=\"widget\" data-widget_type=\"text-editor.default\">\n\t\t\t\t<div class=\"elementor-widget-container\">\n\t\t\t\t\t\t\t\t\t<p>[vc_row][vc_column width=&#8221;1\/4&#8243;]<div id='prospect_services_column_69e88b9524047' data-style='&quot;#prospect_services_column_69e88b9524047 .prospect_services_title,\\r\\n\\t\\t\\t#prospect_services_column_69e88b9524047 .prospect_services_icon .icon{\\r\\n\\t\\t\\t\\tcolor: #509cdd;\\r\\n\\t\\t\\t}\\r\\n\\t\\t\\t#prospect_services_column_69e88b9524047 .prospect_services_icon svg{\\r\\n\\t\\t\\t\\tfill: #ffffff;\\r\\n\\t\\t\\t\\tstroke: #7796ab;\\r\\n\\t\\t\\t}\\r\\n\\t\\t\\t#prospect_services_column_69e88b9524047.hovered:hover .prospect_services_icon .icon{\\r\\n\\t\\t\\t\\tcolor: #ffffff;\\r\\n\\t\\t\\t}\\r\\n\\t\\t\\t#prospect_services_column_69e88b9524047.hovered:hover .prospect_services_icon svg{\\r\\n\\t\\t\\t\\tfill: #e95f58;\\r\\n\\t\\t\\t\\tstroke: #e95f58;\\r\\n\\t\\t\\t}\\r\\n\\t\\t\\t#prospect_services_column_69e88b9524047.icon_center .prospect_services_desc .widgettitle:before{\\r\\n\\t\\t\\t\\tbackground: #509cdd;\\r\\n\\t\\t\\t}&quot;' class='prospect_services_column prospect_module render_styles medium icon_center'><div class='prospect_services_data'><div class='prospect_services_icon'><div class='icon flaticon-phone-call'><div class='figure_wrap hexagon'>\r\n\t\t\t<svg  viewBox='0 0 110.74 123.18'><path d='M307.58,232.84l-40.2-23.21a14.17,14.17,0,0,1-7.09-12.27V150.94a14.17,14.17,0,0,1,7.09-12.27l40.2-23.21a14.17,14.17,0,0,1,14.17,0L362,138.67A14.17,14.17,0,0,1,369,150.94v46.42A14.17,14.17,0,0,1,362,209.63l-40.2,23.21A14.17,14.17,0,0,1,307.58,232.84Z' transform='translate(-259.29 -112.56)'\/><\/svg>\r\n    \t<\/div><\/div><\/div><div class='prospect_services_desc clearfix'>\n<p style=\"text-align: center;\"><span style=\"color: #232b33; font-weight: 600; margin-top: 0px;\">TELEFON<\/span><\/p>\n<p style=\"text-align: center;\">90 212 361 55 42<\/p>\n<p>\u00a0<\/p>\n<p style=\"text-align: center;\"><span style=\"color: #232b33; font-weight: 600;\">\u00a0FAX<\/span><\/p>\n<p style=\"text-align: center;\">90 212 254 78 50<\/p>\n<p>\n<\/div><\/div><\/div>[\/vc_column][vc_column width=&#8221;1\/4&#8243;]<div id='prospect_services_column_69e88b9524719' data-style='&quot;#prospect_services_column_69e88b9524719 .prospect_services_title,\\r\\n\\t\\t\\t#prospect_services_column_69e88b9524719 .prospect_services_icon .icon{\\r\\n\\t\\t\\t\\tcolor: #509cdd;\\r\\n\\t\\t\\t}\\r\\n\\t\\t\\t#prospect_services_column_69e88b9524719 .prospect_services_icon svg{\\r\\n\\t\\t\\t\\tfill: #ffffff;\\r\\n\\t\\t\\t\\tstroke: #7796ab;\\r\\n\\t\\t\\t}\\r\\n\\t\\t\\t#prospect_services_column_69e88b9524719.hovered:hover .prospect_services_icon .icon{\\r\\n\\t\\t\\t\\tcolor: #ffffff;\\r\\n\\t\\t\\t}\\r\\n\\t\\t\\t#prospect_services_column_69e88b9524719.hovered:hover .prospect_services_icon svg{\\r\\n\\t\\t\\t\\tfill: #e95f58;\\r\\n\\t\\t\\t\\tstroke: #e95f58;\\r\\n\\t\\t\\t}\\r\\n\\t\\t\\t#prospect_services_column_69e88b9524719.icon_center .prospect_services_desc .widgettitle:before{\\r\\n\\t\\t\\t\\tbackground: #509cdd;\\r\\n\\t\\t\\t}&quot;' class='prospect_services_column prospect_module render_styles medium icon_center'><div class='prospect_services_data'><div class='prospect_services_icon'><div class='icon flaticon-envelope'><div class='figure_wrap hexagon'>\r\n\t\t\t<svg  viewBox='0 0 110.74 123.18'><path d='M307.58,232.84l-40.2-23.21a14.17,14.17,0,0,1-7.09-12.27V150.94a14.17,14.17,0,0,1,7.09-12.27l40.2-23.21a14.17,14.17,0,0,1,14.17,0L362,138.67A14.17,14.17,0,0,1,369,150.94v46.42A14.17,14.17,0,0,1,362,209.63l-40.2,23.21A14.17,14.17,0,0,1,307.58,232.84Z' transform='translate(-259.29 -112.56)'\/><\/svg>\r\n    \t<\/div><\/div><\/div><div class='prospect_services_desc clearfix'>\n<p style=\"text-align: center;\"><span style=\"color: #232b33; font-weight: 600; margin-top: 0px;\">EMAIL<\/span><\/p>\n<p style=\"text-align: center;\"><span style=\"color: #808c95;\"><a href=\"mailto:info@ysbchem.com\">info@ysbchem.com<\/a><\/span><\/p>\n<p>\n<\/div><\/div><\/div>[\/vc_column][vc_column width=&#8221;1\/4&#8243;]<div id='prospect_services_column_69e88b9524e45' data-style='&quot;#prospect_services_column_69e88b9524e45 .prospect_services_title,\\r\\n\\t\\t\\t#prospect_services_column_69e88b9524e45 .prospect_services_icon .icon{\\r\\n\\t\\t\\t\\tcolor: #509cdd;\\r\\n\\t\\t\\t}\\r\\n\\t\\t\\t#prospect_services_column_69e88b9524e45 .prospect_services_icon svg{\\r\\n\\t\\t\\t\\tfill: #ffffff;\\r\\n\\t\\t\\t\\tstroke: #7796ab;\\r\\n\\t\\t\\t}\\r\\n\\t\\t\\t#prospect_services_column_69e88b9524e45.hovered:hover .prospect_services_icon .icon{\\r\\n\\t\\t\\t\\tcolor: #ffffff;\\r\\n\\t\\t\\t}\\r\\n\\t\\t\\t#prospect_services_column_69e88b9524e45.hovered:hover .prospect_services_icon svg{\\r\\n\\t\\t\\t\\tfill: #e95f58;\\r\\n\\t\\t\\t\\tstroke: #e95f58;\\r\\n\\t\\t\\t}\\r\\n\\t\\t\\t#prospect_services_column_69e88b9524e45.icon_center .prospect_services_desc .widgettitle:before{\\r\\n\\t\\t\\t\\tbackground: #509cdd;\\r\\n\\t\\t\\t}&quot;' class='prospect_services_column prospect_module render_styles medium icon_center'><div class='prospect_services_data'><div class='prospect_services_icon'><div class='icon flaticon-placeholder'><div class='figure_wrap hexagon'>\r\n\t\t\t<svg  viewBox='0 0 110.74 123.18'><path d='M307.58,232.84l-40.2-23.21a14.17,14.17,0,0,1-7.09-12.27V150.94a14.17,14.17,0,0,1,7.09-12.27l40.2-23.21a14.17,14.17,0,0,1,14.17,0L362,138.67A14.17,14.17,0,0,1,369,150.94v46.42A14.17,14.17,0,0,1,362,209.63l-40.2,23.21A14.17,14.17,0,0,1,307.58,232.84Z' transform='translate(-259.29 -112.56)'\/><\/svg>\r\n    \t<\/div><\/div><\/div><div class='prospect_services_desc clearfix'>\n<p style=\"text-align: center;\"><span style=\"color: #232b33; font-weight: 600; margin-top: 0px;\">ADRES<\/span><\/p>\n<p style=\"text-align: center;\">Arapcami Mahallesi Bak\u0131r Sokak Alantar \u0130\u015f Merkezi No: 10\/63<br \/>Karak\u00f6y Beyo\u011flu-\u0130stanbul-T\u00dcRK\u0130YE<\/p>\n<p>\u00a0<\/p>\n<p style=\"text-align: center;\"><span style=\"color: #232b33; font-weight: 600;\">FABR\u0130KA ADRES\u0130<\/span><\/p>\n<p style=\"text-align: center;\">Ferhatpa\u015fa Mahallesi Karadeniz Caddesi No:87\/B Ata\u015fehir-\u0130stanbul-TURKEY<\/p>\n<p>\n<\/div><\/div><\/div>[\/vc_column][vc_column width=&#8221;1\/4&#8243;]<div id='prospect_services_column_69e88b95253d4' data-style='&quot;#prospect_services_column_69e88b95253d4 .prospect_services_title,\\r\\n\\t\\t\\t#prospect_services_column_69e88b95253d4 .prospect_services_icon .icon{\\r\\n\\t\\t\\t\\tcolor: #509cdd;\\r\\n\\t\\t\\t}\\r\\n\\t\\t\\t#prospect_services_column_69e88b95253d4 .prospect_services_icon svg{\\r\\n\\t\\t\\t\\tfill: ;\\r\\n\\t\\t\\t\\tstroke: #7796ab;\\r\\n\\t\\t\\t}\\r\\n\\t\\t\\t#prospect_services_column_69e88b95253d4.hovered:hover .prospect_services_icon .icon{\\r\\n\\t\\t\\t\\tcolor: #ffffff;\\r\\n\\t\\t\\t}\\r\\n\\t\\t\\t#prospect_services_column_69e88b95253d4.hovered:hover .prospect_services_icon svg{\\r\\n\\t\\t\\t\\tfill: #e95f58;\\r\\n\\t\\t\\t\\tstroke: #e95f58;\\r\\n\\t\\t\\t}\\r\\n\\t\\t\\t#prospect_services_column_69e88b95253d4.icon_center .prospect_services_desc .widgettitle:before{\\r\\n\\t\\t\\t\\tbackground: #509cdd;\\r\\n\\t\\t\\t}&quot;' class='prospect_services_column prospect_module render_styles medium icon_center'><div class='prospect_services_data'><div class='prospect_services_icon'><div class='icon flaticon-monitor'><div class='figure_wrap hexagon'>\r\n\t\t\t<svg  viewBox='0 0 110.74 123.18'><path d='M307.58,232.84l-40.2-23.21a14.17,14.17,0,0,1-7.09-12.27V150.94a14.17,14.17,0,0,1,7.09-12.27l40.2-23.21a14.17,14.17,0,0,1,14.17,0L362,138.67A14.17,14.17,0,0,1,369,150.94v46.42A14.17,14.17,0,0,1,362,209.63l-40.2,23.21A14.17,14.17,0,0,1,307.58,232.84Z' transform='translate(-259.29 -112.56)'\/><\/svg>\r\n    \t<\/div><\/div><\/div><div class='prospect_services_desc clearfix'>\n<p style=\"text-align: center;\"><span style=\"color: #232b33; font-weight: 600; margin-top: 0px;\">\u00c7ALI\u015eMA SAATLER\u0130<\/span><\/p>\n<p style=\"text-align: center;\">Pazartesi \u2013 Cumartesi\u00a0\u2026\u2026\u2026\u2026\u2026. 09:00 \u2013 18:00<br \/>Pazar \u2026\u2026\u2026\u2026\u2026\u2026\u2026\u2026\u2026..\u2026. Kapal\u0131<\/p>\n<p>\n<\/div><\/div><\/div>[\/vc_column][\/vc_row][vc_row full_width=&#8221;stretch_row_content&#8221; css=&#8221;.vc_custom_1476856635088{margin-bottom: -80px !important;padding-top: 40px !important;padding-bottom: 40px !important;background-color: #ffffff !important;}&#8221;][vc_column width=&#8221;1\/2&#8243;][vc_column_text css=&#8221;.vc_custom_1477029128493{margin-right: -15px !important;margin-left: -15px !important;}&#8221;]<div id=\"wpgmza_map\" class=\"wpgmza_map\" data-settings=\"{&quot;id&quot;:&quot;1&quot;,&quot;map_title&quot;:&quot;My first map&quot;,&quot;map_width&quot;:&quot;100&quot;,&quot;map_height&quot;:&quot;400&quot;,&quot;map_start_lat&quot;:&quot;45.950464398418106&quot;,&quot;map_start_lng&quot;:&quot;-109.81550500000003&quot;,&quot;map_start_location&quot;:&quot;45.950464398418106,-109.81550500000003&quot;,&quot;map_start_zoom&quot;:&quot;2&quot;,&quot;default_marker&quot;:&quot;0&quot;,&quot;type&quot;:&quot;1&quot;,&quot;alignment&quot;:&quot;4&quot;,&quot;directions_enabled&quot;:&quot;1&quot;,&quot;styling_enabled&quot;:&quot;0&quot;,&quot;styling_json&quot;:&quot;&quot;,&quot;active&quot;:&quot;0&quot;,&quot;kml&quot;:&quot;&quot;,&quot;bicycle&quot;:&quot;0&quot;,&quot;traffic&quot;:&quot;0&quot;,&quot;dbox&quot;:&quot;1&quot;,&quot;dbox_width&quot;:&quot;100&quot;,&quot;listmarkers&quot;:&quot;0&quot;,&quot;listmarkers_advanced&quot;:&quot;0&quot;,&quot;filterbycat&quot;:&quot;0&quot;,&quot;ugm_enabled&quot;:&quot;0&quot;,&quot;ugm_category_enabled&quot;:&quot;0&quot;,&quot;fusion&quot;:&quot;&quot;,&quot;map_width_type&quot;:&quot;%&quot;,&quot;map_height_type&quot;:&quot;px&quot;,&quot;mass_marker_support&quot;:&quot;1&quot;,&quot;ugm_access&quot;:&quot;0&quot;,&quot;order_markers_by&quot;:&quot;1&quot;,&quot;order_markers_choice&quot;:&quot;2&quot;,&quot;show_user_location&quot;:&quot;0&quot;,&quot;default_to&quot;:&quot;&quot;,&quot;other_settings&quot;:{&quot;store_locator_style&quot;:&quot;modern&quot;,&quot;wpgmza_store_locator_radius_style&quot;:&quot;modern&quot;,&quot;transport_layer&quot;:null}}\" data-map-id='1' Data-maps-engine='google-maps' data-shortcode-attributes=\"{&quot;id&quot;:&quot;1&quot;}\" style=\"display:block; overflow:auto; width:100%; height:400px; float:left;\"><\/div>[\/vc_column_text][\/vc_column][vc_column width=&#8221;1\/2&#8243;][vc_column_text]<\/p><h1 style=\"text-align: center;\">B\u0130ZE <span style=\"color: #1e73be;\">YAZIN<\/span><\/h1><p>[\/vc_column_text][vc_column_text]\n<div class=\"wpcf7 no-js\" id=\"wpcf7-f2066-o1\" lang=\"tr-TR\" dir=\"ltr\" data-wpcf7-id=\"2066\">\n<div class=\"screen-reader-response\"><p role=\"status\" aria-live=\"polite\" aria-atomic=\"true\"><\/p> <ul><\/ul><\/div>\n<form action=\"\/tr\/wp-json\/wp\/v2\/pages\/2054#wpcf7-f2066-o1\" method=\"post\" class=\"wpcf7-form init\" aria-label=\"\u0130leti\u015fim Formu\" novalidate=\"novalidate\" data-status=\"init\">\n<fieldset class=\"hidden-fields-container\"><input type=\"hidden\" name=\"_wpcf7\" value=\"2066\" \/><input type=\"hidden\" name=\"_wpcf7_version\" value=\"6.1.4\" \/><input type=\"hidden\" name=\"_wpcf7_locale\" value=\"tr_TR\" \/><input type=\"hidden\" name=\"_wpcf7_unit_tag\" value=\"wpcf7-f2066-o1\" \/><input type=\"hidden\" name=\"_wpcf7_container_post\" value=\"0\" \/><input type=\"hidden\" name=\"_wpcf7_posted_data_hash\" value=\"\" \/><input type=\"hidden\" name=\"_wpcf7_recaptcha_response\" value=\"\" \/>\n<\/fieldset>\n<p><span class=\"wpcf7-form-control-wrap\" data-name=\"your-name\"><input size=\"200\" maxlength=\"400\" class=\"wpcf7-form-control wpcf7-text wpcf7-validates-as-required\" aria-required=\"true\" aria-invalid=\"false\" placeholder=\"Ad\u0131n\u0131z\" value=\"\" type=\"text\" name=\"your-name\" \/><\/span>\n<\/p>\n<p><span class=\"wpcf7-form-control-wrap\" data-name=\"your-email\"><input size=\"200\" maxlength=\"400\" class=\"wpcf7-form-control wpcf7-email wpcf7-validates-as-required wpcf7-text wpcf7-validates-as-email\" aria-required=\"true\" aria-invalid=\"false\" placeholder=\"EMail Adresiniz\" value=\"\" type=\"email\" name=\"your-email\" \/><\/span>\n<\/p>\n<p><span class=\"wpcf7-form-control-wrap\" data-name=\"your-message\"><textarea cols=\"200\" rows=\"7\" maxlength=\"2000\" class=\"wpcf7-form-control wpcf7-textarea\" aria-invalid=\"false\" placeholder=\"Mesaj\u0131n\u0131z\" name=\"your-message\"><\/textarea><\/span>\n<\/p>\n<p style=\"text-align: center\"><input class=\"wpcf7-form-control wpcf7-submit has-spinner\" type=\"submit\" value=\"G\u00f6nder\" \/>\n<\/p><p style=\"display: none !important;\" class=\"akismet-fields-container\" data-prefix=\"_wpcf7_ak_\"><label>&#916;<textarea name=\"_wpcf7_ak_hp_textarea\" cols=\"45\" rows=\"8\" maxlength=\"100\"><\/textarea><\/label><input type=\"hidden\" id=\"ak_js_1\" name=\"_wpcf7_ak_js\" value=\"4\"\/><script>document.getElementById( \"ak_js_1\" ).setAttribute( \"value\", ( new Date() ).getTime() );<\/script><\/p><div class=\"wpcf7-response-output\" aria-hidden=\"true\"><\/div>\n<\/form>\n<\/div>\n[\/vc_column_text][\/vc_column][\/vc_row]<\/p>\t\t\t\t\t\t\t\t<\/div>\n\t\t\t\t<\/div>\n\t\t\t\t\t<\/div>\n\t\t<\/div>\n\t\t\t\t\t<\/div>\n\t\t<\/section>\n\t\t\t\t<\/div>\n\t\t<\/div>","protected":false},"excerpt":{"rendered":"<p>[vc_row][vc_column width=&#8221;1\/4&#8243;][\/vc_column][vc_column width=&#8221;1\/4&#8243;][\/vc_column][vc_column width=&#8221;1\/4&#8243;][\/vc_column][vc_column width=&#8221;1\/4&#8243;][\/vc_column][\/vc_row][vc_row full_width=&#8221;stretch_row_content&#8221; css=&#8221;.vc_custom_1476856635088{margin-bottom: -80px !important;padding-top: 40px !important;padding-bottom: 40px !important;background-color: #ffffff !important;}&#8221;][vc_column width=&#8221;1\/2&#8243;][vc_column_text css=&#8221;.vc_custom_1477029128493{margin-right: -15px !important;margin-left: -15px !important;}&#8221;][\/vc_column_text][\/vc_column][vc_column width=&#8221;1\/2&#8243;][vc_column_text] B\u0130ZE YAZIN [\/vc_column_text][vc_column_text][\/vc_column_text][\/vc_column][\/vc_row]<\/p>\n","protected":false},"author":1,"featured_media":0,"parent":0,"menu_order":0,"comment_status":"closed","ping_status":"closed","template":"","meta":{"footnotes":""},"class_list":["post-2054","page","type-page","status-publish","hentry"],"yoast_head":"<!-- This site is optimized with the Yoast SEO plugin v26.7 - https:\/\/yoast.com\/wordpress\/plugins\/seo\/ -->\n<title>\u0130leti\u015fim - Ysbchem<\/title>\n<meta name=\"robots\" content=\"index, follow, max-snippet:-1, max-image-preview:large, max-video-preview:-1\" \/>\n<link rel=\"canonical\" href=\"https:\/\/ysbchem.com\/tr\/iletisim\/\" \/>\n<meta property=\"og:locale\" content=\"tr_TR\" \/>\n<meta property=\"og:type\" content=\"article\" \/>\n<meta property=\"og:title\" content=\"\u0130leti\u015fim - Ysbchem\" \/>\n<meta property=\"og:description\" content=\"[vc_row][vc_column width=&#8221;1\/4&#8243;][\/vc_column][vc_column width=&#8221;1\/4&#8243;][\/vc_column][vc_column width=&#8221;1\/4&#8243;][\/vc_column][vc_column width=&#8221;1\/4&#8243;][\/vc_column][\/vc_row][vc_row full_width=&#8221;stretch_row_content&#8221; css=&#8221;.vc_custom_1476856635088{margin-bottom: -80px !important;padding-top: 40px !important;padding-bottom: 40px !important;background-color: #ffffff !important;}&#8221;][vc_column width=&#8221;1\/2&#8243;][vc_column_text css=&#8221;.vc_custom_1477029128493{margin-right: -15px !important;margin-left: -15px !important;}&#8221;][\/vc_column_text][\/vc_column][vc_column width=&#8221;1\/2&#8243;][vc_column_text] B\u0130ZE YAZIN [\/vc_column_text][vc_column_text][\/vc_column_text][\/vc_column][\/vc_row]\" \/>\n<meta property=\"og:url\" content=\"https:\/\/ysbchem.com\/tr\/iletisim\/\" \/>\n<meta property=\"og:site_name\" content=\"Ysbchem\" \/>\n<meta property=\"article:publisher\" content=\"https:\/\/www.facebook.com\/ysbchem\" \/>\n<meta property=\"article:modified_time\" content=\"2024-01-02T15:00:20+00:00\" \/>\n<meta name=\"twitter:card\" content=\"summary_large_image\" \/>\n<meta name=\"twitter:label1\" content=\"Tahmini okuma s\u00fcresi\" \/>\n\t<meta name=\"twitter:data1\" content=\"1 dakika\" \/>\n<script type=\"application\/ld+json\" class=\"yoast-schema-graph\">{\"@context\":\"https:\/\/schema.org\",\"@graph\":[{\"@type\":\"WebPage\",\"@id\":\"https:\/\/ysbchem.com\/tr\/iletisim\/\",\"url\":\"https:\/\/ysbchem.com\/tr\/iletisim\/\",\"name\":\"\u0130leti\u015fim - Ysbchem\",\"isPartOf\":{\"@id\":\"https:\/\/ysbchem.com\/#website\"},\"datePublished\":\"2020-09-18T21:57:36+00:00\",\"dateModified\":\"2024-01-02T15:00:20+00:00\",\"breadcrumb\":{\"@id\":\"https:\/\/ysbchem.com\/tr\/iletisim\/#breadcrumb\"},\"inLanguage\":\"tr\",\"potentialAction\":[{\"@type\":\"ReadAction\",\"target\":[\"https:\/\/ysbchem.com\/tr\/iletisim\/\"]}]},{\"@type\":\"BreadcrumbList\",\"@id\":\"https:\/\/ysbchem.com\/tr\/iletisim\/#breadcrumb\",\"itemListElement\":[{\"@type\":\"ListItem\",\"position\":1,\"name\":\"Home\",\"item\":\"https:\/\/ysbchem.com\/tr\/\"},{\"@type\":\"ListItem\",\"position\":2,\"name\":\"\u0130leti\u015fim\"}]},{\"@type\":\"WebSite\",\"@id\":\"https:\/\/ysbchem.com\/#website\",\"url\":\"https:\/\/ysbchem.com\/\",\"name\":\"Ysbchem\",\"description\":\"Hydrophilic Waterstop Swelling Tape, Fire Strips, Bentonite\",\"publisher\":{\"@id\":\"https:\/\/ysbchem.com\/#organization\"},\"potentialAction\":[{\"@type\":\"SearchAction\",\"target\":{\"@type\":\"EntryPoint\",\"urlTemplate\":\"https:\/\/ysbchem.com\/?s={search_term_string}\"},\"query-input\":{\"@type\":\"PropertyValueSpecification\",\"valueRequired\":true,\"valueName\":\"search_term_string\"}}],\"inLanguage\":\"tr\"},{\"@type\":\"Organization\",\"@id\":\"https:\/\/ysbchem.com\/#organization\",\"name\":\"YSB Teknik\",\"url\":\"https:\/\/ysbchem.com\/\",\"logo\":{\"@type\":\"ImageObject\",\"inLanguage\":\"tr\",\"@id\":\"https:\/\/ysbchem.com\/#\/schema\/logo\/image\/\",\"url\":\"https:\/\/ysbchem.com\/wp-content\/uploads\/2022\/07\/YSBTeknik-Facebook-Logo.png\",\"contentUrl\":\"https:\/\/ysbchem.com\/wp-content\/uploads\/2022\/07\/YSBTeknik-Facebook-Logo.png\",\"width\":180,\"height\":180,\"caption\":\"YSB Teknik\"},\"image\":{\"@id\":\"https:\/\/ysbchem.com\/#\/schema\/logo\/image\/\"},\"sameAs\":[\"https:\/\/www.facebook.com\/ysbchem\"]}]}<\/script>\n<!-- \/ Yoast SEO plugin. -->","yoast_head_json":{"title":"\u0130leti\u015fim - Ysbchem","robots":{"index":"index","follow":"follow","max-snippet":"max-snippet:-1","max-image-preview":"max-image-preview:large","max-video-preview":"max-video-preview:-1"},"canonical":"https:\/\/ysbchem.com\/tr\/iletisim\/","og_locale":"tr_TR","og_type":"article","og_title":"\u0130leti\u015fim - Ysbchem","og_description":"[vc_row][vc_column width=&#8221;1\/4&#8243;][\/vc_column][vc_column width=&#8221;1\/4&#8243;][\/vc_column][vc_column width=&#8221;1\/4&#8243;][\/vc_column][vc_column width=&#8221;1\/4&#8243;][\/vc_column][\/vc_row][vc_row full_width=&#8221;stretch_row_content&#8221; css=&#8221;.vc_custom_1476856635088{margin-bottom: -80px !important;padding-top: 40px !important;padding-bottom: 40px !important;background-color: #ffffff !important;}&#8221;][vc_column width=&#8221;1\/2&#8243;][vc_column_text css=&#8221;.vc_custom_1477029128493{margin-right: -15px !important;margin-left: -15px !important;}&#8221;][\/vc_column_text][\/vc_column][vc_column width=&#8221;1\/2&#8243;][vc_column_text] B\u0130ZE YAZIN [\/vc_column_text][vc_column_text][\/vc_column_text][\/vc_column][\/vc_row]","og_url":"https:\/\/ysbchem.com\/tr\/iletisim\/","og_site_name":"Ysbchem","article_publisher":"https:\/\/www.facebook.com\/ysbchem","article_modified_time":"2024-01-02T15:00:20+00:00","twitter_card":"summary_large_image","twitter_misc":{"Tahmini okuma s\u00fcresi":"1 dakika"},"schema":{"@context":"https:\/\/schema.org","@graph":[{"@type":"WebPage","@id":"https:\/\/ysbchem.com\/tr\/iletisim\/","url":"https:\/\/ysbchem.com\/tr\/iletisim\/","name":"\u0130leti\u015fim - Ysbchem","isPartOf":{"@id":"https:\/\/ysbchem.com\/#website"},"datePublished":"2020-09-18T21:57:36+00:00","dateModified":"2024-01-02T15:00:20+00:00","breadcrumb":{"@id":"https:\/\/ysbchem.com\/tr\/iletisim\/#breadcrumb"},"inLanguage":"tr","potentialAction":[{"@type":"ReadAction","target":["https:\/\/ysbchem.com\/tr\/iletisim\/"]}]},{"@type":"BreadcrumbList","@id":"https:\/\/ysbchem.com\/tr\/iletisim\/#breadcrumb","itemListElement":[{"@type":"ListItem","position":1,"name":"Home","item":"https:\/\/ysbchem.com\/tr\/"},{"@type":"ListItem","position":2,"name":"\u0130leti\u015fim"}]},{"@type":"WebSite","@id":"https:\/\/ysbchem.com\/#website","url":"https:\/\/ysbchem.com\/","name":"Ysbchem","description":"Hydrophilic Waterstop Swelling Tape, Fire Strips, Bentonite","publisher":{"@id":"https:\/\/ysbchem.com\/#organization"},"potentialAction":[{"@type":"SearchAction","target":{"@type":"EntryPoint","urlTemplate":"https:\/\/ysbchem.com\/?s={search_term_string}"},"query-input":{"@type":"PropertyValueSpecification","valueRequired":true,"valueName":"search_term_string"}}],"inLanguage":"tr"},{"@type":"Organization","@id":"https:\/\/ysbchem.com\/#organization","name":"YSB Teknik","url":"https:\/\/ysbchem.com\/","logo":{"@type":"ImageObject","inLanguage":"tr","@id":"https:\/\/ysbchem.com\/#\/schema\/logo\/image\/","url":"https:\/\/ysbchem.com\/wp-content\/uploads\/2022\/07\/YSBTeknik-Facebook-Logo.png","contentUrl":"https:\/\/ysbchem.com\/wp-content\/uploads\/2022\/07\/YSBTeknik-Facebook-Logo.png","width":180,"height":180,"caption":"YSB Teknik"},"image":{"@id":"https:\/\/ysbchem.com\/#\/schema\/logo\/image\/"},"sameAs":["https:\/\/www.facebook.com\/ysbchem"]}]}},"_links":{"self":[{"href":"https:\/\/ysbchem.com\/tr\/wp-json\/wp\/v2\/pages\/2054","targetHints":{"allow":["GET"]}}],"collection":[{"href":"https:\/\/ysbchem.com\/tr\/wp-json\/wp\/v2\/pages"}],"about":[{"href":"https:\/\/ysbchem.com\/tr\/wp-json\/wp\/v2\/types\/page"}],"author":[{"embeddable":true,"href":"https:\/\/ysbchem.com\/tr\/wp-json\/wp\/v2\/users\/1"}],"replies":[{"embeddable":true,"href":"https:\/\/ysbchem.com\/tr\/wp-json\/wp\/v2\/comments?post=2054"}],"version-history":[{"count":16,"href":"https:\/\/ysbchem.com\/tr\/wp-json\/wp\/v2\/pages\/2054\/revisions"}],"predecessor-version":[{"id":2791,"href":"https:\/\/ysbchem.com\/tr\/wp-json\/wp\/v2\/pages\/2054\/revisions\/2791"}],"wp:attachment":[{"href":"https:\/\/ysbchem.com\/tr\/wp-json\/wp\/v2\/media?parent=2054"}],"curies":[{"name":"wp","href":"https:\/\/api.w.org\/{rel}","templated":true}]}}