{"id":2058,"date":"2020-09-19T01:04:35","date_gmt":"2020-09-18T22:04:35","guid":{"rendered":"https:\/\/ysbchem.com\/?page_id=2058"},"modified":"2025-01-20T19:42:45","modified_gmt":"2025-01-20T16:42:45","slug":"sirket","status":"publish","type":"page","link":"https:\/\/ysbchem.com\/tr\/sirket\/","title":{"rendered":"\u015eirket"},"content":{"rendered":"<div class=\"wpb-content-wrapper\"><p>[vc_row bg_cws_repeat=&#8221;no-repeat&#8221; bg_cws_attachment=&#8221;fixed&#8221; bg_image_position=&#8221;right_top&#8221; bg_cws_color=&#8221;color&#8221; css=&#8221;.vc_custom_1599930843030{background-color: #e5e5e5 !important;}&#8221;][vc_column width=&#8221;1\/3&#8243;][vc_single_image image=&#8221;1502&#8243; img_size=&#8221;large&#8221;][\/vc_column][vc_column width=&#8221;2\/3&#8243; css=&#8221;.vc_custom_1599930848099{background-color: #e5e5e5 !important;}&#8221;][vc_column_text]<\/p>\n<h3 style=\"text-align: center;\">YSBCHEM olarak, m\u00fc\u015fterilerimizin ger\u00e7ekte neye ihtiyac\u0131 oldu\u011funu kendi yans\u0131mas\u0131nda g\u00f6rmelerine yard\u0131mc\u0131 olarak m\u00fc\u015fterilerimiz i\u00e7in bir ayna olmay\u0131 hedefliyoruz. Yat\u0131r\u0131m \u00e7abalar\u0131m\u0131z\u0131n b\u00fcy\u00fck bir b\u00f6l\u00fcm\u00fcn\u00fc inovasyon ve \u00e7al\u0131\u015fan e\u011fitimine odaklayaca\u011f\u0131z<\/h3>\n<p>[\/vc_column_text][\/vc_column][\/vc_row][vc_row bg_cws_size=&#8221;contain&#8221;][vc_column]<hr style='background-color: #e95f58; ' \/>[\/vc_column][\/vc_row][vc_row bg_cws_repeat=&#8221;no-repeat&#8221; bg_cws_size=&#8221;contain&#8221; bg_image_position=&#8221;center_center&#8221;][vc_column width=&#8221;2\/4&#8243;][vc_column_text]YSB TEKNIK ENDUSTRIYEL BANTLAR, 1986 y\u0131l\u0131nda \u00f6zel alt yap\u0131 s\u0131zd\u0131rmazl\u0131k bile\u015fenleri ve yap\u0131\u015ft\u0131r\u0131c\u0131 sat\u0131\u015f\u0131 yapan bir ticaret \u00f6rg\u00fct\u00fc olarak kuruldu. Daha sonra \u00e7evre konstr\u00fcksiyonlar\u0131 ile faaliyetlerimizi geni\u015flettik ve kendi \u00fcretimimiz olan su tutucu s\u0131zd\u0131rmazl\u0131k sistemleri ve yang\u0131n geciktiriciler \u00fcretmeye ba\u015flad\u0131k. Firmam\u0131z, yeni nesil y\u00fcksek kaliteli Hidrofilik Su Tutucular ve Yang\u0131n Geciktiriciler \u00fcretimi, sat\u0131\u015f\u0131 ve ihracat\u0131 yapan bir firmad\u0131r. Bununla birlikte di\u011fer ana \u00fcr\u00fcnlerimiz tek taraf\u0131 yap\u0131\u015fkanl\u0131 epdm bantlar, yal\u0131t\u0131m bantlar\u0131, tek tarafl\u0131 bantlar, \u00e7ift tarafl\u0131 bantlar olmak \u00fczere bant konusunda firmam\u0131z teknik bilgiye sahiptir.<\/p>\n<p>B\u00fcy\u00fcme stratejimizin odak noktas\u0131, m\u00fc\u015fterilerimiz i\u00e7in kaliteli \u00fcr\u00fcnlere ihtiya\u00e7 duyduklar\u0131nda ilk tercih edilen \u015firket olma, m\u00fc\u015fterilerimiz i\u00e7in s\u00fcrd\u00fcr\u00fclebilir faydalar yaratma ve stratejik ortaklar\u0131 olma tutkumuzdur. Her m\u00fc\u015fteri i\u00e7in yeni \u00fcr\u00fcn yelpazesini ve bireysel \u00e7\u00f6z\u00fcmleri geni\u015fletme \u00e7abalar\u0131, i\u015fimizin merkezinde kalacakt\u0131r.<\/p>\n<p>Her m\u00fc\u015fterinin ihtiya\u00e7lar\u0131n\u0131n benzersiz oldu\u011funun fark\u0131nday\u0131z. Emin olabilece\u011finiz tek \u015fey, m\u00fc\u015fterimiz oldu\u011funuzda \u00f6nemli ve takdir edilmeniz ve m\u00fcmk\u00fcn olan en iyi hizmeti alaca\u011f\u0131n\u0131zd\u0131r. Bu bizim s\u00f6z\u00fcm\u00fcz, bu bizim taahh\u00fcd\u00fcm\u00fcz.[\/vc_column_text][\/vc_column][vc_column width=&#8221;1\/4&#8243;]\t\t<div class=\"testimonial prospect_module clearfix with_image hexagon\"><figure class='author'><div class='figure_container medium hexagon thumb'><img src='https:\/\/ysbchem.com\/wp-content\/uploads\/2020\/09\/foam4_079c715ddba3afe61e30baa137eac39e.png' data-no-retina alt \/><canvas height='225' width='200'><\/canvas><\/div><\/figure>\t<\/div>\r\n\t\t\t<div class=\"testimonial prospect_module clearfix with_image hexagon\"><figure class='author'><div class='figure_container medium hexagon thumb'><img src='https:\/\/ysbchem.com\/wp-content\/uploads\/2020\/09\/slider_8d6bf122eb90fd38cf555f526704ffa8.png' data-no-retina alt \/><canvas height='225' width='200'><\/canvas><\/div><\/figure>\t<\/div>\r\n\t[\/vc_column][vc_column width=&#8221;1\/4&#8243;]\t\t<div class=\"testimonial prospect_module clearfix with_image hexagon\"><figure class='author'><div class='figure_container medium hexagon thumb'><img src='https:\/\/ysbchem.com\/wp-content\/uploads\/2020\/09\/foam3_11d2cce8796fb9699c10dcf327dd95cc.png' data-at2x='https:\/\/ysbchem.com\/wp-content\/uploads\/2020\/09\/foam3_11d2cce8796fb9699c10dcf327dd95cc@2x.png' alt \/><canvas height='225' width='200'><\/canvas><\/div><\/figure>\t<\/div>\r\n\t\t\t<div class=\"testimonial prospect_module clearfix with_image hexagon\"><figure class='author'><div class='figure_container medium hexagon thumb'><img src='https:\/\/ysbchem.com\/wp-content\/uploads\/2020\/09\/neo_a1ca71ae0721c57ca149a9554594e1e3.png' data-no-retina alt \/><canvas height='225' width='200'><\/canvas><\/div><\/figure>\t<\/div>\r\n\t[\/vc_column][\/vc_row][vc_row][vc_column]<hr style='background-color: #e95f58; ' \/>[\/vc_column][\/vc_row][vc_row equal_height=&#8221;yes&#8221; bg_cws_repeat=&#8221;no-repeat&#8221;][vc_column width=&#8221;2\/3&#8243;][vc_column_text]<\/p>\n<h2><mark style='color: #1e73be;background-color: #ffffff;'>KAL\u0130TE POL\u0130T\u0130KASI<\/mark><\/h2>\n<p>Kalite Politikam\u0131z\u0131 ve hedeflerimizi, kurulu\u015fun ilkeleri, y\u00f6n\u00fc ve felsefesiyle uyumlu olacak \u015fekilde tan\u0131mlad\u0131k ve ilan ettik.<\/p>\n<p>YSBCHEM\u2019in politikas\u0131;<\/p>\n<p>\u2022 M\u00fc\u015fteri ihtiya\u00e7 ve tercihlerini sa\u011flamak i\u00e7in \u00fcr\u00fcn ve hizmetlerimizin performans standartlar\u0131n\u0131 s\u00fcrekli iyile\u015ftirmeye kararl\u0131y\u0131z.<br \/>\n\u2022 M\u00fc\u015fteriye s\u00fcrekli olarak daha y\u00fcksek kalite, maliyet performans standard\u0131 ile \u00fcr\u00fcn ve hizmetler sunmay\u0131 taahh\u00fct ederiz ve beklentileri her zaman kar\u015f\u0131lanarak onlar\u0131n memnuniyetini sa\u011flar.<br \/>\n\u2022 Uluslararas\u0131 ISO 9001 Standard\u0131 gereksinimlerini kar\u015f\u0131layan sistemler i\u015fletiyoruz.<br \/>\n\u2022 T\u00fcm \u00fcr\u00fcnleri \u00e7evre d\u00fczenlemelerine uygun olarak \u00fcretiyoruz<br \/>\n\u2022 \u0130\u015f\u00e7i sa\u011fl\u0131\u011f\u0131 ve g\u00fcvenli\u011fi bilincine uygun \u00e7al\u0131\u015f\u0131r\u0131z<br \/>\n\u2022 T\u00fcm personel, \u015firket i\u00e7inde y\u00fcr\u00fct\u00fclen s\u00fcre\u00e7lerden haberdard\u0131r, Personel, sistemlerin geli\u015ftirilmesi ve iyile\u015ftirilmesine girdi sa\u011flamaya te\u015fvik edilir.<\/p>\n<p>\u015eirket y\u00f6netimi, bu politikan\u0131n uygulanmas\u0131n\u0131 destekleyen i\u015f hedefleri belirler. Bu hedefler d\u00fczenli olarak g\u00f6zden ge\u00e7irilir.<\/p>\n<h2><mark style='color: #1e73be;background-color: #ffffff;'>\u0130NAN\u00c7LARIMIZ<\/mark><\/h2>\n<p>Misyonumuz, her zaman de\u011fer, destek, d\u00fcr\u00fcstl\u00fck ve b\u00fct\u00fcnl\u00fc\u011fe stratejik bir odaklanma ile m\u00fc\u015fterilerimize y\u00fcksek kaliteli \u00fcr\u00fcnler ve hizmetler sunmakt\u0131r.<br \/>\nPersonelimiz, devam eden ba\u015far\u0131m\u0131z\u0131n can al\u0131c\u0131 noktas\u0131 oldu ve bug\u00fcn bulundu\u011fumuz seviyeye ula\u015fmam\u0131za yard\u0131mc\u0131 oldu ve m\u00fc\u015fterilerimizin \u00f6tesinde hizmet vermemizi sa\u011flamak i\u00e7in ayn\u0131 de\u011ferlere, y\u00fcksek standartlara ve mesleki etik de\u011ferlere sahip insanlar\u0131 i\u015fe almam\u0131z\u0131 sa\u011flama konusunda tutkuluyuz. beklentiler.<br \/>\nYenili\u011fe \u015fiddetle inan\u0131yoruz ve bunun bir sonucu olarak, mevcut en yeni ve en geli\u015fmi\u015f teknolojileri kullanarak sekt\u00f6rdeki lider konumumuzu koruyabiliyoruz.<br \/>\nBizimle benzer etik ve de\u011ferlere sahip \u015firketleri se\u00e7ti\u011fimiz ve onlarla \u00e7al\u0131\u015ft\u0131\u011f\u0131m\u0131z i\u00e7in d\u00fcnyan\u0131n d\u00f6rt bir yan\u0131ndan tedarik ortaklar\u0131m\u0131z da ba\u015far\u0131m\u0131z\u0131n b\u00fcy\u00fck bir par\u00e7as\u0131. Hepsi, 15 y\u0131l\u0131 a\u015fk\u0131n s\u00fcredir i\u015fimizin b\u00fcy\u00fck bir par\u00e7as\u0131 olan uzun vadeli ortaklard\u0131r.[\/vc_column_text][\/vc_column][vc_column width=&#8221;1\/3&#8243;][vc_single_image image=&#8221;2138&#8243;]<div class='cws_spacing' style='height: 250px;'><\/div>[vc_single_image image=&#8221;2220&#8243;][\/vc_column][\/vc_row][vc_row][vc_column]<hr style='background-color: #e95f58; ' \/>[\/vc_column][\/vc_row][vc_row full_width=&#8221;stretch_row_content&#8221; css=&#8221;.vc_custom_1476856635088{margin-bottom: -80px !important;padding-top: 40px !important;padding-bottom: 40px !important;background-color: #ffffff !important;}&#8221;][vc_column width=&#8221;1\/2&#8243;][vc_column_text css=&#8221;&#8221;]<\/p>\n<h4><mark style='color: #1e73be;background-color: #ffffff;'>YSB Teknik End\u00fcstriyel Bant ve H\u0131rdavat Enerji M\u00fch. Hiz. San. Tic. Ltd. \u015eti.<\/mark><\/h4>\n<hr \/>\n<h5><strong><mark style='color: #1e73be;background-color: #ffffff;'>YSB Chem<\/mark><\/strong><\/h5>\n<hr \/>\n<p><strong>ADRES<\/strong><\/p>\n<p>Arapcami Mahallesi Bak\u0131r Sokak Alantar \u0130\u015f Merkezi No: 10\/63<br \/>\nKarak\u00f6y Beyo\u011flu-\u0130stanbul-TURKEY<\/p>\n<hr \/>\n<p><strong>FABR\u0130KA ADRES\u0130<\/strong><\/p>\n<p>Ferhatpa\u015fa Mahallesi Karadeniz Caddesi No:87\/B Ata\u015fehir-\u0130stanbul-T\u00dcRK\u0130YE<\/p>\n<p><strong>TELEFON T\u00dcRK\u0130YE:<\/strong>\u00a090 212 361 55 42<\/p>\n<p><strong>TELEFON ABD:<\/strong>\u00a0+1 561 305-5997<\/p>\n<p><strong>FAX:\u00a0<\/strong>90 212 254 78 50<\/p>\n<p><strong>MAIL:<\/strong>\u00a0<a href=\"mailto:info@ysbchem.com\">info@ysbchem.com<\/a>[\/vc_column_text][\/vc_column][vc_column width=&#8221;1\/2&#8243;][vc_column_text]<\/p>\n<h1 style=\"text-align: center;\">B\u0130ZE <span style=\"color: #1e73be;\">YAZIN<\/span><\/h1>\n<p>[\/vc_column_text][vc_column_text]\n<div class=\"wpcf7 no-js\" id=\"wpcf7-f2066-o1\" lang=\"tr-TR\" dir=\"ltr\" data-wpcf7-id=\"2066\">\n<div class=\"screen-reader-response\"><p role=\"status\" aria-live=\"polite\" aria-atomic=\"true\"><\/p> <ul><\/ul><\/div>\n<form action=\"\/tr\/wp-json\/wp\/v2\/pages\/2058#wpcf7-f2066-o1\" method=\"post\" class=\"wpcf7-form init\" aria-label=\"\u0130leti\u015fim Formu\" novalidate=\"novalidate\" data-status=\"init\">\n<fieldset class=\"hidden-fields-container\"><input type=\"hidden\" name=\"_wpcf7\" value=\"2066\" \/><input type=\"hidden\" name=\"_wpcf7_version\" value=\"6.1.4\" \/><input type=\"hidden\" name=\"_wpcf7_locale\" value=\"tr_TR\" \/><input type=\"hidden\" name=\"_wpcf7_unit_tag\" value=\"wpcf7-f2066-o1\" \/><input type=\"hidden\" name=\"_wpcf7_container_post\" value=\"0\" \/><input type=\"hidden\" name=\"_wpcf7_posted_data_hash\" value=\"\" \/><input type=\"hidden\" name=\"_wpcf7_recaptcha_response\" value=\"\" \/>\n<\/fieldset>\n<p><span class=\"wpcf7-form-control-wrap\" data-name=\"your-name\"><input size=\"200\" maxlength=\"400\" class=\"wpcf7-form-control wpcf7-text wpcf7-validates-as-required\" aria-required=\"true\" aria-invalid=\"false\" placeholder=\"Ad\u0131n\u0131z\" value=\"\" type=\"text\" name=\"your-name\" \/><\/span>\n<\/p>\n<p><span class=\"wpcf7-form-control-wrap\" data-name=\"your-email\"><input size=\"200\" maxlength=\"400\" class=\"wpcf7-form-control wpcf7-email wpcf7-validates-as-required wpcf7-text wpcf7-validates-as-email\" aria-required=\"true\" aria-invalid=\"false\" placeholder=\"EMail Adresiniz\" value=\"\" type=\"email\" name=\"your-email\" \/><\/span>\n<\/p>\n<p><span class=\"wpcf7-form-control-wrap\" data-name=\"your-message\"><textarea cols=\"200\" rows=\"7\" maxlength=\"2000\" class=\"wpcf7-form-control wpcf7-textarea\" aria-invalid=\"false\" placeholder=\"Mesaj\u0131n\u0131z\" name=\"your-message\"><\/textarea><\/span>\n<\/p>\n<p style=\"text-align: center\"><input class=\"wpcf7-form-control wpcf7-submit has-spinner\" type=\"submit\" value=\"G\u00f6nder\" \/>\n<\/p><p style=\"display: none !important;\" class=\"akismet-fields-container\" data-prefix=\"_wpcf7_ak_\"><label>&#916;<textarea name=\"_wpcf7_ak_hp_textarea\" cols=\"45\" rows=\"8\" maxlength=\"100\"><\/textarea><\/label><input type=\"hidden\" id=\"ak_js_1\" name=\"_wpcf7_ak_js\" value=\"169\"\/><script>document.getElementById( \"ak_js_1\" ).setAttribute( \"value\", ( new Date() ).getTime() );<\/script><\/p><div class=\"wpcf7-response-output\" aria-hidden=\"true\"><\/div>\n<\/form>\n<\/div>\n[\/vc_column_text][\/vc_column][\/vc_row]<\/p>\n<\/div>","protected":false},"excerpt":{"rendered":"<p>[vc_row bg_cws_repeat=&#8221;no-repeat&#8221; bg_cws_attachment=&#8221;fixed&#8221; bg_image_position=&#8221;right_top&#8221; bg_cws_color=&#8221;color&#8221; css=&#8221;.vc_custom_1599930843030{background-color: #e5e5e5 !important;}&#8221;][vc_column width=&#8221;1\/3&#8243;][vc_single_image image=&#8221;1502&#8243; img_size=&#8221;large&#8221;][\/vc_column][vc_column width=&#8221;2\/3&#8243; css=&#8221;.vc_custom_1599930848099{background-color: #e5e5e5 !important;}&#8221;][vc_column_text] YSBCHEM olarak, m\u00fc\u015fterilerimizin ger\u00e7ekte neye ihtiyac\u0131 oldu\u011funu kendi yans\u0131mas\u0131nda g\u00f6rmelerine yard\u0131mc\u0131 olarak m\u00fc\u015fterilerimiz i\u00e7in bir ayna olmay\u0131 hedefliyoruz. Yat\u0131r\u0131m \u00e7abalar\u0131m\u0131z\u0131n b\u00fcy\u00fck bir b\u00f6l\u00fcm\u00fcn\u00fc inovasyon ve \u00e7al\u0131\u015fan e\u011fitimine odaklayaca\u011f\u0131z [\/vc_column_text][\/vc_column][\/vc_row][vc_row bg_cws_size=&#8221;contain&#8221;][vc_column][\/vc_column][\/vc_row][vc_row bg_cws_repeat=&#8221;no-repeat&#8221; bg_cws_size=&#8221;contain&#8221; bg_image_position=&#8221;center_center&#8221;][vc_column width=&#8221;2\/4&#8243;][vc_column_text]YSB TEKNIK ENDUSTRIYEL BANTLAR, 1986 y\u0131l\u0131nda \u00f6zel [&hellip;]<\/p>\n","protected":false},"author":1,"featured_media":0,"parent":0,"menu_order":0,"comment_status":"closed","ping_status":"closed","template":"","meta":{"footnotes":""},"class_list":["post-2058","page","type-page","status-publish","hentry"],"yoast_head":"<!-- This site is optimized with the Yoast SEO plugin v26.7 - https:\/\/yoast.com\/wordpress\/plugins\/seo\/ -->\n<title>\u015eirket - Ysbchem<\/title>\n<meta name=\"robots\" content=\"index, follow, max-snippet:-1, max-image-preview:large, max-video-preview:-1\" \/>\n<link rel=\"canonical\" href=\"https:\/\/ysbchem.com\/tr\/sirket\/\" \/>\n<meta property=\"og:locale\" content=\"tr_TR\" \/>\n<meta property=\"og:type\" content=\"article\" \/>\n<meta property=\"og:title\" content=\"\u015eirket - Ysbchem\" \/>\n<meta property=\"og:description\" content=\"[vc_row bg_cws_repeat=&#8221;no-repeat&#8221; bg_cws_attachment=&#8221;fixed&#8221; bg_image_position=&#8221;right_top&#8221; bg_cws_color=&#8221;color&#8221; css=&#8221;.vc_custom_1599930843030{background-color: #e5e5e5 !important;}&#8221;][vc_column width=&#8221;1\/3&#8243;][vc_single_image image=&#8221;1502&#8243; img_size=&#8221;large&#8221;][\/vc_column][vc_column width=&#8221;2\/3&#8243; css=&#8221;.vc_custom_1599930848099{background-color: #e5e5e5 !important;}&#8221;][vc_column_text] YSBCHEM olarak, m\u00fc\u015fterilerimizin ger\u00e7ekte neye ihtiyac\u0131 oldu\u011funu kendi yans\u0131mas\u0131nda g\u00f6rmelerine yard\u0131mc\u0131 olarak m\u00fc\u015fterilerimiz i\u00e7in bir ayna olmay\u0131 hedefliyoruz. Yat\u0131r\u0131m \u00e7abalar\u0131m\u0131z\u0131n b\u00fcy\u00fck bir b\u00f6l\u00fcm\u00fcn\u00fc inovasyon ve \u00e7al\u0131\u015fan e\u011fitimine odaklayaca\u011f\u0131z [\/vc_column_text][\/vc_column][\/vc_row][vc_row bg_cws_size=&#8221;contain&#8221;][vc_column][\/vc_column][\/vc_row][vc_row bg_cws_repeat=&#8221;no-repeat&#8221; bg_cws_size=&#8221;contain&#8221; bg_image_position=&#8221;center_center&#8221;][vc_column width=&#8221;2\/4&#8243;][vc_column_text]YSB TEKNIK ENDUSTRIYEL BANTLAR, 1986 y\u0131l\u0131nda \u00f6zel [&hellip;]\" \/>\n<meta property=\"og:url\" content=\"https:\/\/ysbchem.com\/tr\/sirket\/\" \/>\n<meta property=\"og:site_name\" content=\"Ysbchem\" \/>\n<meta property=\"article:publisher\" content=\"https:\/\/www.facebook.com\/ysbchem\" \/>\n<meta property=\"article:modified_time\" content=\"2025-01-20T16:42:45+00:00\" \/>\n<meta name=\"twitter:card\" content=\"summary_large_image\" \/>\n<meta name=\"twitter:label1\" content=\"Tahmini okuma s\u00fcresi\" \/>\n\t<meta name=\"twitter:data1\" content=\"3 dakika\" \/>\n<script type=\"application\/ld+json\" class=\"yoast-schema-graph\">{\"@context\":\"https:\/\/schema.org\",\"@graph\":[{\"@type\":\"WebPage\",\"@id\":\"https:\/\/ysbchem.com\/tr\/sirket\/\",\"url\":\"https:\/\/ysbchem.com\/tr\/sirket\/\",\"name\":\"\u015eirket - Ysbchem\",\"isPartOf\":{\"@id\":\"https:\/\/ysbchem.com\/#website\"},\"datePublished\":\"2020-09-18T22:04:35+00:00\",\"dateModified\":\"2025-01-20T16:42:45+00:00\",\"breadcrumb\":{\"@id\":\"https:\/\/ysbchem.com\/tr\/sirket\/#breadcrumb\"},\"inLanguage\":\"tr\",\"potentialAction\":[{\"@type\":\"ReadAction\",\"target\":[\"https:\/\/ysbchem.com\/tr\/sirket\/\"]}]},{\"@type\":\"BreadcrumbList\",\"@id\":\"https:\/\/ysbchem.com\/tr\/sirket\/#breadcrumb\",\"itemListElement\":[{\"@type\":\"ListItem\",\"position\":1,\"name\":\"Home\",\"item\":\"https:\/\/ysbchem.com\/tr\/\"},{\"@type\":\"ListItem\",\"position\":2,\"name\":\"\u015eirket\"}]},{\"@type\":\"WebSite\",\"@id\":\"https:\/\/ysbchem.com\/#website\",\"url\":\"https:\/\/ysbchem.com\/\",\"name\":\"Ysbchem\",\"description\":\"Hydrophilic Waterstop Swelling Tape, Fire Strips, Bentonite\",\"publisher\":{\"@id\":\"https:\/\/ysbchem.com\/#organization\"},\"potentialAction\":[{\"@type\":\"SearchAction\",\"target\":{\"@type\":\"EntryPoint\",\"urlTemplate\":\"https:\/\/ysbchem.com\/?s={search_term_string}\"},\"query-input\":{\"@type\":\"PropertyValueSpecification\",\"valueRequired\":true,\"valueName\":\"search_term_string\"}}],\"inLanguage\":\"tr\"},{\"@type\":\"Organization\",\"@id\":\"https:\/\/ysbchem.com\/#organization\",\"name\":\"YSB Teknik\",\"url\":\"https:\/\/ysbchem.com\/\",\"logo\":{\"@type\":\"ImageObject\",\"inLanguage\":\"tr\",\"@id\":\"https:\/\/ysbchem.com\/#\/schema\/logo\/image\/\",\"url\":\"https:\/\/ysbchem.com\/wp-content\/uploads\/2022\/07\/YSBTeknik-Facebook-Logo.png\",\"contentUrl\":\"https:\/\/ysbchem.com\/wp-content\/uploads\/2022\/07\/YSBTeknik-Facebook-Logo.png\",\"width\":180,\"height\":180,\"caption\":\"YSB Teknik\"},\"image\":{\"@id\":\"https:\/\/ysbchem.com\/#\/schema\/logo\/image\/\"},\"sameAs\":[\"https:\/\/www.facebook.com\/ysbchem\"]}]}<\/script>\n<!-- \/ Yoast SEO plugin. -->","yoast_head_json":{"title":"\u015eirket - Ysbchem","robots":{"index":"index","follow":"follow","max-snippet":"max-snippet:-1","max-image-preview":"max-image-preview:large","max-video-preview":"max-video-preview:-1"},"canonical":"https:\/\/ysbchem.com\/tr\/sirket\/","og_locale":"tr_TR","og_type":"article","og_title":"\u015eirket - Ysbchem","og_description":"[vc_row bg_cws_repeat=&#8221;no-repeat&#8221; bg_cws_attachment=&#8221;fixed&#8221; bg_image_position=&#8221;right_top&#8221; bg_cws_color=&#8221;color&#8221; css=&#8221;.vc_custom_1599930843030{background-color: #e5e5e5 !important;}&#8221;][vc_column width=&#8221;1\/3&#8243;][vc_single_image image=&#8221;1502&#8243; img_size=&#8221;large&#8221;][\/vc_column][vc_column width=&#8221;2\/3&#8243; css=&#8221;.vc_custom_1599930848099{background-color: #e5e5e5 !important;}&#8221;][vc_column_text] YSBCHEM olarak, m\u00fc\u015fterilerimizin ger\u00e7ekte neye ihtiyac\u0131 oldu\u011funu kendi yans\u0131mas\u0131nda g\u00f6rmelerine yard\u0131mc\u0131 olarak m\u00fc\u015fterilerimiz i\u00e7in bir ayna olmay\u0131 hedefliyoruz. Yat\u0131r\u0131m \u00e7abalar\u0131m\u0131z\u0131n b\u00fcy\u00fck bir b\u00f6l\u00fcm\u00fcn\u00fc inovasyon ve \u00e7al\u0131\u015fan e\u011fitimine odaklayaca\u011f\u0131z [\/vc_column_text][\/vc_column][\/vc_row][vc_row bg_cws_size=&#8221;contain&#8221;][vc_column][\/vc_column][\/vc_row][vc_row bg_cws_repeat=&#8221;no-repeat&#8221; bg_cws_size=&#8221;contain&#8221; bg_image_position=&#8221;center_center&#8221;][vc_column width=&#8221;2\/4&#8243;][vc_column_text]YSB TEKNIK ENDUSTRIYEL BANTLAR, 1986 y\u0131l\u0131nda \u00f6zel [&hellip;]","og_url":"https:\/\/ysbchem.com\/tr\/sirket\/","og_site_name":"Ysbchem","article_publisher":"https:\/\/www.facebook.com\/ysbchem","article_modified_time":"2025-01-20T16:42:45+00:00","twitter_card":"summary_large_image","twitter_misc":{"Tahmini okuma s\u00fcresi":"3 dakika"},"schema":{"@context":"https:\/\/schema.org","@graph":[{"@type":"WebPage","@id":"https:\/\/ysbchem.com\/tr\/sirket\/","url":"https:\/\/ysbchem.com\/tr\/sirket\/","name":"\u015eirket - Ysbchem","isPartOf":{"@id":"https:\/\/ysbchem.com\/#website"},"datePublished":"2020-09-18T22:04:35+00:00","dateModified":"2025-01-20T16:42:45+00:00","breadcrumb":{"@id":"https:\/\/ysbchem.com\/tr\/sirket\/#breadcrumb"},"inLanguage":"tr","potentialAction":[{"@type":"ReadAction","target":["https:\/\/ysbchem.com\/tr\/sirket\/"]}]},{"@type":"BreadcrumbList","@id":"https:\/\/ysbchem.com\/tr\/sirket\/#breadcrumb","itemListElement":[{"@type":"ListItem","position":1,"name":"Home","item":"https:\/\/ysbchem.com\/tr\/"},{"@type":"ListItem","position":2,"name":"\u015eirket"}]},{"@type":"WebSite","@id":"https:\/\/ysbchem.com\/#website","url":"https:\/\/ysbchem.com\/","name":"Ysbchem","description":"Hydrophilic Waterstop Swelling Tape, Fire Strips, Bentonite","publisher":{"@id":"https:\/\/ysbchem.com\/#organization"},"potentialAction":[{"@type":"SearchAction","target":{"@type":"EntryPoint","urlTemplate":"https:\/\/ysbchem.com\/?s={search_term_string}"},"query-input":{"@type":"PropertyValueSpecification","valueRequired":true,"valueName":"search_term_string"}}],"inLanguage":"tr"},{"@type":"Organization","@id":"https:\/\/ysbchem.com\/#organization","name":"YSB Teknik","url":"https:\/\/ysbchem.com\/","logo":{"@type":"ImageObject","inLanguage":"tr","@id":"https:\/\/ysbchem.com\/#\/schema\/logo\/image\/","url":"https:\/\/ysbchem.com\/wp-content\/uploads\/2022\/07\/YSBTeknik-Facebook-Logo.png","contentUrl":"https:\/\/ysbchem.com\/wp-content\/uploads\/2022\/07\/YSBTeknik-Facebook-Logo.png","width":180,"height":180,"caption":"YSB Teknik"},"image":{"@id":"https:\/\/ysbchem.com\/#\/schema\/logo\/image\/"},"sameAs":["https:\/\/www.facebook.com\/ysbchem"]}]}},"_links":{"self":[{"href":"https:\/\/ysbchem.com\/tr\/wp-json\/wp\/v2\/pages\/2058","targetHints":{"allow":["GET"]}}],"collection":[{"href":"https:\/\/ysbchem.com\/tr\/wp-json\/wp\/v2\/pages"}],"about":[{"href":"https:\/\/ysbchem.com\/tr\/wp-json\/wp\/v2\/types\/page"}],"author":[{"embeddable":true,"href":"https:\/\/ysbchem.com\/tr\/wp-json\/wp\/v2\/users\/1"}],"replies":[{"embeddable":true,"href":"https:\/\/ysbchem.com\/tr\/wp-json\/wp\/v2\/comments?post=2058"}],"version-history":[{"count":11,"href":"https:\/\/ysbchem.com\/tr\/wp-json\/wp\/v2\/pages\/2058\/revisions"}],"predecessor-version":[{"id":2838,"href":"https:\/\/ysbchem.com\/tr\/wp-json\/wp\/v2\/pages\/2058\/revisions\/2838"}],"wp:attachment":[{"href":"https:\/\/ysbchem.com\/tr\/wp-json\/wp\/v2\/media?parent=2058"}],"curies":[{"name":"wp","href":"https:\/\/api.w.org\/{rel}","templated":true}]}}