{"id":2062,"date":"2020-09-19T03:22:17","date_gmt":"2020-09-19T00:22:17","guid":{"rendered":"https:\/\/ysbchem.com\/?page_id=2062"},"modified":"2025-02-17T16:28:42","modified_gmt":"2025-02-17T13:28:42","slug":"anasayfa","status":"publish","type":"page","link":"https:\/\/ysbchem.com\/tr\/","title":{"rendered":"Anasayfa"},"content":{"rendered":"<div class=\"wpb-content-wrapper\">\t\t<div data-elementor-type=\"wp-page\" data-elementor-id=\"2062\" class=\"elementor elementor-2062 elementor-1401\">\n\t\t\t\t\t\t<section class=\"elementor-section elementor-top-section elementor-element elementor-element-4b9dc68a elementor-section-boxed elementor-section-height-default elementor-section-height-default\" data-id=\"4b9dc68a\" data-element_type=\"section\">\n\t\t\t\t\t\t<div class=\"elementor-container elementor-column-gap-default\">\n\t\t\t\t\t<div class=\"elementor-column elementor-col-100 elementor-top-column elementor-element elementor-element-c3442dd\" data-id=\"c3442dd\" data-element_type=\"column\">\n\t\t\t<div class=\"elementor-widget-wrap elementor-element-populated\">\n\t\t\t\t\t\t<div class=\"elementor-element elementor-element-86cd14f elementor-widget elementor-widget-text-editor\" data-id=\"86cd14f\" data-element_type=\"widget\" data-widget_type=\"text-editor.default\">\n\t\t\t\t<div class=\"elementor-widget-container\">\n\t\t\t\t\t\t\t\t\t<p>[vc_row][vc_column][vc_column_text]<\/p><h1 style=\"text-align: center;\"><mark style='color: #1e73be;background-color: #ffffff;'>Hidrofilik Su Durdurucu \u015ei\u015firme Band\u0131, Yang\u0131n \u015eeritleri, Bentonit<\/mark><\/h1><p style=\"text-align: center;\">Su ile temas etti\u011finde% 900&#8217;e kadar genle\u015fen yeni nesil y\u00fcksek performansl\u0131 su tutucu.<\/p><p>[\/vc_column_text][\/vc_column][\/vc_row][vc_row][vc_column]<hr style='margin-top: 5px; margin-bottom: 5px; background-color: #e95f58; ' \/>[\/vc_column][\/vc_row][vc_row][vc_column width=&#8221;1\/3&#8243;]\t\t<div class=\"testimonial prospect_module clearfix with_image hexagon\"><figure class='author'><div class='figure_container medium hexagon thumb'><img src='https:\/\/ysbchem.com\/wp-content\/uploads\/2019\/11\/acr300-large_191b23d528ed131b30bfbceab029ec3a.jpg' data-at2x='https:\/\/ysbchem.com\/wp-content\/uploads\/2019\/11\/acr300-large_191b23d528ed131b30bfbceab029ec3a@2x.jpg' alt \/><canvas height='225' width='200'><\/canvas><\/div><figcaption><span class='author_name author_info'>YSB SU TUTUCU ACR-300 BANT<\/span><\/figcaption><\/figure>\t<\/div>\r\n\t[\/vc_column][vc_column width=&#8221;1\/3&#8243;]\t\t<div class=\"testimonial prospect_module clearfix with_image hexagon\"><figure class='author'><div class='figure_container medium hexagon thumb'><img src='https:\/\/ysbchem.com\/wp-content\/uploads\/2022\/07\/EPDMFoam_04fa5f056cc75593789ff2e25c5e45a9.jpg' data-at2x='https:\/\/ysbchem.com\/wp-content\/uploads\/2022\/07\/EPDMFoam_04fa5f056cc75593789ff2e25c5e45a9@2x.jpg' alt \/><canvas height='225' width='200'><\/canvas><\/div><figcaption><span class='author_name author_info'>EPDM FOAM<\/span><\/figcaption><\/figure>\t<\/div>\r\n\t<div data-style='&quot;&quot;' class='prospect_button_wrapper render_styles aligncenter'><a href='https:\/\/ysbchem.com\/tr\/urunler\/' id='prospect_button_69e04b2d894ec' class='prospect_button mini' target='_blank'>T\u00dcM \u00dcR\u00dcNLER<\/a><\/div>[\/vc_column][vc_column width=&#8221;1\/3&#8243;]\t\t<div class=\"testimonial prospect_module clearfix with_image hexagon\"><figure class='author'><div class='figure_container medium hexagon thumb'><img src='https:\/\/ysbchem.com\/wp-content\/uploads\/2020\/09\/ysbfoto2_4563f88be1b12b9d9250d1b9f4220744.png' data-at2x='https:\/\/ysbchem.com\/wp-content\/uploads\/2020\/09\/ysbfoto2_4563f88be1b12b9d9250d1b9f4220744@2x.png' alt \/><canvas height='225' width='200'><\/canvas><\/div><figcaption><span class='author_name author_info'>YSBCHEM INTUFLAME<\/span><\/figcaption><\/figure>\t<\/div>\r\n\t[\/vc_column][\/vc_row][vc_row][vc_column]<hr style='margin-top: 5px; margin-bottom: 5px; background-color: #e95f58; ' \/>[\/vc_column][\/vc_row][vc_row][vc_column width=&#8221;1\/2&#8243;][vc_single_image image=&#8221;1582&#8243; img_size=&#8221;500&#215;300&#8243;][\/vc_column][vc_column width=&#8221;1\/2&#8243;][vc_column_text]<\/p><h2><mark style='color: #1e73be;background-color: #ffffff;'>33 y\u0131ll\u0131k tecr\u00fcbe<\/mark><\/h2><p>Firmam\u0131z, yeni nesil y\u00fcksek kaliteli Hidrofilik Su Tutucular ve Yang\u0131n Geciktiriciler \u00fcretimi, sat\u0131\u015f\u0131 ve ihracat\u0131 yapan bir firmad\u0131r.[\/vc_column_text]<div data-style='&quot;&quot;' class='prospect_button_wrapper render_styles'><a href='https:\/\/ysbchem.com\/tr\/sirket' id='prospect_button_69e04b2d8c60b' class='prospect_button regular' target='_blank'>\u015e\u0130RKET\u0130M\u0130Z<\/a><\/div>[\/vc_column][\/vc_row][vc_row][vc_column]<hr style='margin-top: 5px; margin-bottom: 35px; background-color: #e95f58; ' \/>[vc_column_text]<\/p><h2 style=\"text-align: center;\"><strong>Neler Yap\u0131yoruz<\/strong><\/h2><p>[\/vc_column_text][\/vc_column][\/vc_row][vc_row][vc_column width=&#8221;1\/6&#8243;][vc_single_image image=&#8221;2040&#8243;][\/vc_column][vc_column width=&#8221;1\/6&#8243;][vc_single_image image=&#8221;2041&#8243;][\/vc_column][vc_column width=&#8221;1\/6&#8243;][vc_single_image image=&#8221;2043&#8243;][\/vc_column][vc_column width=&#8221;1\/6&#8243;][vc_single_image image=&#8221;2039&#8243;][\/vc_column][vc_column width=&#8221;1\/6&#8243;][vc_single_image image=&#8221;2049&#8243;][\/vc_column][vc_column width=&#8221;1\/6&#8243;][vc_single_image image=&#8221;2045&#8243;][\/vc_column][\/vc_row][vc_row][vc_column width=&#8221;1\/3&#8243;][\/vc_column][vc_column width=&#8221;1\/3&#8243;]<div data-style='&quot;&quot;' class='prospect_button_wrapper render_styles aligncenter'><a href='https:\/\/ysbchem.com\/tr\/uygulamalar\/' id='prospect_button_69e04b2d8c6f8' class='prospect_button large' target='_blank'>T\u00dcM UYGULAMALAR<\/a><\/div>[\/vc_column][vc_column width=&#8221;1\/3&#8243;][\/vc_column][\/vc_row][vc_row][vc_column]<hr style='margin-top: 5px; margin-bottom: 5px; background-color: #e95f58; ' \/>[\/vc_column][\/vc_row][vc_row equal_height=&#8221;yes&#8221; content_placement=&#8221;middle&#8221;][vc_column width=&#8221;1\/2&#8243;]\t\t<div class=\"testimonial prospect_module clearfix with_image hexagon\"><figure class='author'><div class='figure_container medium hexagon thumb'><img src='https:\/\/ysbchem.com\/wp-content\/uploads\/2021\/06\/solarenerjikapak_bea472b65eb06acc3a465e2f62babdce.jpeg' data-no-retina alt \/><canvas height='225' width='200'><\/canvas><\/div><\/figure>\t<\/div>\r\n\t<div data-style='&quot;&quot;' class='prospect_button_wrapper render_styles'><a href='https:\/\/ysbchem.com\/tr\/enerji\/solar-enerji\/' id='prospect_button_69e04b2d8fb15' class='prospect_button regular'>SOLAR ENERJ\u0130<\/a><\/div>[\/vc_column][vc_column width=&#8221;1\/2&#8243;]\t\t<div class=\"testimonial prospect_module clearfix with_image hexagon\"><figure class='author'><div class='figure_container medium hexagon thumb'><img src='https:\/\/ysbchem.com\/wp-content\/uploads\/2021\/06\/Biomass_79485a1957abc920d07042a3961c3859.jpeg' data-at2x='https:\/\/ysbchem.com\/wp-content\/uploads\/2021\/06\/Biomass_79485a1957abc920d07042a3961c3859@2x.jpeg' alt \/><canvas height='225' width='200'><\/canvas><\/div><\/figure>\t<\/div>\r\n\t<div data-style='&quot;&quot;' class='prospect_button_wrapper render_styles'><a href='https:\/\/ysbchem.com\/tr\/enerji\/biomass-enerji\/' id='prospect_button_69e04b2d93795' class='prospect_button regular'>B\u0130OMASS ENERJ\u0130<\/a><\/div>[\/vc_column][\/vc_row][vc_row][vc_column]<hr style='margin-top: 5px; margin-bottom: 5px; background-color: #e95f58; ' \/>[\/vc_column][\/vc_row][vc_row][vc_column width=&#8221;1\/3&#8243;][vc_single_image image=&#8221;2677&#8243; img_size=&#8221;large&#8221; onclick=&#8221;zoom&#8221;][vc_column_text]<\/p><h4 style=\"text-align: center;\"><strong>T\u00fcnel Uygulamas\u0131<\/strong><\/h4><p>[\/vc_column_text][vc_column_text]<\/p><p>[\/vc_column_text][\/vc_column][vc_column width=&#8221;1\/3&#8243;][vc_single_image image=&#8221;2678&#8243; img_size=&#8221;large&#8221; onclick=&#8221;zoom&#8221;][vc_column_text]<\/p><h4 style=\"text-align: center;\">Derz S\u0131zd\u0131rmazl\u0131k Sistemi<\/h4><p>[\/vc_column_text][\/vc_column][vc_column width=&#8221;1\/3&#8243;][vc_single_image image=&#8221;2676&#8243; img_size=&#8221;large&#8221; onclick=&#8221;zoom&#8221;][vc_column_text]<\/p><h4 style=\"text-align: center;\">Duvar Uygulamas\u0131<\/h4><p>[\/vc_column_text][\/vc_column][\/vc_row][vc_row][vc_column]<hr style='margin-top: 5px; margin-bottom: 5px; background-color: #e95f58; ' \/>[\/vc_column][\/vc_row][vc_row][vc_column width=&#8221;1\/4&#8243;][vc_single_image image=&#8221;2027&#8243; add_caption=&#8221;yes&#8221; title=&#8221;Slitter Kesim&#8221;][\/vc_column][vc_column width=&#8221;1\/4&#8243;][vc_single_image image=&#8221;2026&#8243; add_caption=&#8221;yes&#8221; title=&#8221;Laminasyon&#8221;][\/vc_column][vc_column width=&#8221;1\/4&#8243;][vc_single_image image=&#8221;2025&#8243; add_caption=&#8221;yes&#8221; title=&#8221;Die-Cut Kesim&#8221;][\/vc_column][vc_column width=&#8221;1\/4&#8243;][vc_single_image image=&#8221;2024&#8243; add_caption=&#8221;yes&#8221; title=&#8221;Kiss-Cut Kesim&#8221;][\/vc_column][\/vc_row][vc_row][vc_column]<hr style='margin-top: 5px; margin-bottom: 5px; background-color: #e95f58; ' \/>[\/vc_column][\/vc_row][vc_row full_width=&#8221;stretch_row_content&#8221; css=&#8221;.vc_custom_1476856635088{margin-bottom: -80px !important;padding-top: 40px !important;padding-bottom: 40px !important;background-color: #ffffff !important;}&#8221;][vc_column width=&#8221;1\/2&#8243;][vc_column_text]<\/p><h4><mark style='color: #1e73be;background-color: #ffffff;'>YSB Teknik End\u00fcstriyel Bant ve H\u0131rdavat Enerji M\u00fch. Hiz. San. Tic. Ltd. \u015eti.<\/mark><\/h4><hr \/><h5><strong><mark style='color: #1e73be;background-color: #ffffff;'>YSB Chem<\/mark><\/strong><\/h5><hr \/><p><strong>ADRES:<\/strong> Arapcami Mahallesi Bak\u0131r Sokak Alantar \u0130\u015f Merkezi No: 10\/63<br \/>Karak\u00f6y Beyo\u011flu-\u0130stanbul-T\u00fcrkiye<\/p><p><strong>FABR\u0130KA ADRES\u0130:<\/strong> Ferhatpa\u015fa Mahallesi Karadeniz Caddesi No:87\/B Ata\u015fehir-\u0130stanbul-TURKEY<\/p><p><strong>TEL:<\/strong> 90 212 361 55 42<br \/><strong>FAX:<\/strong> 90 212 254 78 50<br \/><strong>MAIL:<\/strong> <a href=\"mailto:info@ysbchem.com\">info@ysbchem.com<\/a>[\/vc_column_text][\/vc_column][vc_column width=&#8221;1\/2&#8243;][vc_column_text]<\/p><h1 style=\"text-align: center;\"><span style=\"color: #1e73be;\">B\u0130ZE <\/span><span style=\"color: #1e73be;\">YAZIN<\/span><\/h1><p>[\/vc_column_text][vc_column_text]\n<div class=\"wpcf7 no-js\" id=\"wpcf7-f2066-o1\" lang=\"tr-TR\" dir=\"ltr\" data-wpcf7-id=\"2066\">\n<div class=\"screen-reader-response\"><p role=\"status\" aria-live=\"polite\" aria-atomic=\"true\"><\/p> <ul><\/ul><\/div>\n<form action=\"\/tr\/wp-json\/wp\/v2\/pages\/2062#wpcf7-f2066-o1\" method=\"post\" class=\"wpcf7-form init\" aria-label=\"\u0130leti\u015fim Formu\" novalidate=\"novalidate\" data-status=\"init\">\n<fieldset class=\"hidden-fields-container\"><input type=\"hidden\" name=\"_wpcf7\" value=\"2066\" \/><input type=\"hidden\" name=\"_wpcf7_version\" value=\"6.1.4\" \/><input type=\"hidden\" name=\"_wpcf7_locale\" value=\"tr_TR\" \/><input type=\"hidden\" name=\"_wpcf7_unit_tag\" value=\"wpcf7-f2066-o1\" \/><input type=\"hidden\" name=\"_wpcf7_container_post\" value=\"0\" \/><input type=\"hidden\" name=\"_wpcf7_posted_data_hash\" value=\"\" \/><input type=\"hidden\" name=\"_wpcf7_recaptcha_response\" value=\"\" \/>\n<\/fieldset>\n<p><span class=\"wpcf7-form-control-wrap\" data-name=\"your-name\"><input size=\"200\" maxlength=\"400\" class=\"wpcf7-form-control wpcf7-text wpcf7-validates-as-required\" aria-required=\"true\" aria-invalid=\"false\" placeholder=\"Ad\u0131n\u0131z\" value=\"\" type=\"text\" name=\"your-name\" \/><\/span>\n<\/p>\n<p><span class=\"wpcf7-form-control-wrap\" data-name=\"your-email\"><input size=\"200\" maxlength=\"400\" class=\"wpcf7-form-control wpcf7-email wpcf7-validates-as-required wpcf7-text wpcf7-validates-as-email\" aria-required=\"true\" aria-invalid=\"false\" placeholder=\"EMail Adresiniz\" value=\"\" type=\"email\" name=\"your-email\" \/><\/span>\n<\/p>\n<p><span class=\"wpcf7-form-control-wrap\" data-name=\"your-message\"><textarea cols=\"200\" rows=\"7\" maxlength=\"2000\" class=\"wpcf7-form-control wpcf7-textarea\" aria-invalid=\"false\" placeholder=\"Mesaj\u0131n\u0131z\" name=\"your-message\"><\/textarea><\/span>\n<\/p>\n<p style=\"text-align: center\"><input class=\"wpcf7-form-control wpcf7-submit has-spinner\" type=\"submit\" value=\"G\u00f6nder\" \/>\n<\/p><p style=\"display: none !important;\" class=\"akismet-fields-container\" data-prefix=\"_wpcf7_ak_\"><label>&#916;<textarea name=\"_wpcf7_ak_hp_textarea\" cols=\"45\" rows=\"8\" maxlength=\"100\"><\/textarea><\/label><input type=\"hidden\" id=\"ak_js_1\" name=\"_wpcf7_ak_js\" value=\"1\"\/><script>document.getElementById( \"ak_js_1\" ).setAttribute( \"value\", ( new Date() ).getTime() );<\/script><\/p><div class=\"wpcf7-response-output\" aria-hidden=\"true\"><\/div>\n<\/form>\n<\/div>\n[\/vc_column_text][\/vc_column][\/vc_row]<\/p>\t\t\t\t\t\t\t\t<\/div>\n\t\t\t\t<\/div>\n\t\t\t\t\t<\/div>\n\t\t<\/div>\n\t\t\t\t\t<\/div>\n\t\t<\/section>\n\t\t\t\t<\/div>\n\t\t<\/div>","protected":false},"excerpt":{"rendered":"<p>[vc_row][vc_column][vc_column_text] Su ile temas etti\u011finde% 900&#8217;e kadar genle\u015fen yeni nesil y\u00fcksek performansl\u0131 su tutucu. [\/vc_column_text][\/vc_column][\/vc_row][vc_row][vc_column][\/vc_column][\/vc_row][vc_row][vc_column width=&#8221;1\/3&#8243;][\/vc_column][vc_column width=&#8221;1\/3&#8243;][\/vc_column][vc_column width=&#8221;1\/3&#8243;][\/vc_column][\/vc_row][vc_row][vc_column][\/vc_column][\/vc_row][vc_row][vc_column width=&#8221;1\/2&#8243;][vc_single_image image=&#8221;1582&#8243; img_size=&#8221;500&#215;300&#8243;][\/vc_column][vc_column width=&#8221;1\/2&#8243;][vc_column_text] Firmam\u0131z, yeni nesil y\u00fcksek kaliteli Hidrofilik Su Tutucular ve Yang\u0131n Geciktiriciler \u00fcretimi, sat\u0131\u015f\u0131 ve ihracat\u0131 yapan bir firmad\u0131r.[\/vc_column_text][\/vc_column][\/vc_row][vc_row][vc_column][vc_column_text] Neler Yap\u0131yoruz [\/vc_column_text][\/vc_column][\/vc_row][vc_row][vc_column width=&#8221;1\/6&#8243;][vc_single_image image=&#8221;2040&#8243;][\/vc_column][vc_column width=&#8221;1\/6&#8243;][vc_single_image image=&#8221;2041&#8243;][\/vc_column][vc_column width=&#8221;1\/6&#8243;][vc_single_image image=&#8221;2043&#8243;][\/vc_column][vc_column width=&#8221;1\/6&#8243;][vc_single_image image=&#8221;2039&#8243;][\/vc_column][vc_column width=&#8221;1\/6&#8243;][vc_single_image image=&#8221;2049&#8243;][\/vc_column][vc_column width=&#8221;1\/6&#8243;][vc_single_image image=&#8221;2045&#8243;][\/vc_column][\/vc_row][vc_row][vc_column [&hellip;]<\/p>\n","protected":false},"author":1,"featured_media":0,"parent":0,"menu_order":0,"comment_status":"closed","ping_status":"closed","template":"","meta":{"footnotes":""},"class_list":["post-2062","page","type-page","status-publish","hentry"],"yoast_head":"<!-- This site is optimized with the Yoast SEO plugin v26.7 - https:\/\/yoast.com\/wordpress\/plugins\/seo\/ -->\n<title>Anasayfa - Ysbchem<\/title>\n<meta name=\"description\" content=\"Hidrofilik Su Tutucu \u015ei\u015firme Band\u0131, Yang\u0131n \u015eeritleri, Bentonit esasl\u0131 izolasyon malzemeleri. \u00c7ift tarafl\u0131 bantlar ve Neopren K\u00f6p\u00fckler.\" \/>\n<meta name=\"robots\" content=\"index, follow, max-snippet:-1, max-image-preview:large, max-video-preview:-1\" \/>\n<link rel=\"canonical\" href=\"https:\/\/ysbchem.com\/tr\/\" \/>\n<meta property=\"og:locale\" content=\"tr_TR\" \/>\n<meta property=\"og:type\" content=\"article\" \/>\n<meta property=\"og:title\" content=\"Anasayfa - Ysbchem\" \/>\n<meta property=\"og:description\" content=\"Hidrofilik Su Tutucu \u015ei\u015firme Band\u0131, Yang\u0131n \u015eeritleri, Bentonit esasl\u0131 izolasyon malzemeleri. \u00c7ift tarafl\u0131 bantlar ve Neopren K\u00f6p\u00fckler.\" \/>\n<meta property=\"og:url\" content=\"https:\/\/ysbchem.com\/tr\/\" \/>\n<meta property=\"og:site_name\" content=\"Ysbchem\" \/>\n<meta property=\"article:publisher\" content=\"https:\/\/www.facebook.com\/ysbchem\" \/>\n<meta property=\"article:modified_time\" content=\"2025-02-17T13:28:42+00:00\" \/>\n<meta name=\"twitter:card\" content=\"summary_large_image\" \/>\n<meta name=\"twitter:label1\" content=\"Tahmini okuma s\u00fcresi\" \/>\n\t<meta name=\"twitter:data1\" content=\"2 dakika\" \/>\n<script type=\"application\/ld+json\" class=\"yoast-schema-graph\">{\"@context\":\"https:\/\/schema.org\",\"@graph\":[{\"@type\":\"WebPage\",\"@id\":\"https:\/\/ysbchem.com\/tr\/\",\"url\":\"https:\/\/ysbchem.com\/tr\/\",\"name\":\"Anasayfa - Ysbchem\",\"isPartOf\":{\"@id\":\"https:\/\/ysbchem.com\/#website\"},\"datePublished\":\"2020-09-19T00:22:17+00:00\",\"dateModified\":\"2025-02-17T13:28:42+00:00\",\"description\":\"Hidrofilik Su Tutucu \u015ei\u015firme Band\u0131, Yang\u0131n \u015eeritleri, Bentonit esasl\u0131 izolasyon malzemeleri. \u00c7ift tarafl\u0131 bantlar ve Neopren K\u00f6p\u00fckler.\",\"breadcrumb\":{\"@id\":\"https:\/\/ysbchem.com\/tr\/#breadcrumb\"},\"inLanguage\":\"tr\",\"potentialAction\":[{\"@type\":\"ReadAction\",\"target\":[\"https:\/\/ysbchem.com\/tr\/\"]}]},{\"@type\":\"BreadcrumbList\",\"@id\":\"https:\/\/ysbchem.com\/tr\/#breadcrumb\",\"itemListElement\":[{\"@type\":\"ListItem\",\"position\":1,\"name\":\"Home\",\"item\":\"https:\/\/ysbchem.com\/tr\/\"},{\"@type\":\"ListItem\",\"position\":2,\"name\":\"Anasayfa\"}]},{\"@type\":\"WebSite\",\"@id\":\"https:\/\/ysbchem.com\/#website\",\"url\":\"https:\/\/ysbchem.com\/\",\"name\":\"Ysbchem\",\"description\":\"Hydrophilic Waterstop Swelling Tape, Fire Strips, Bentonite\",\"publisher\":{\"@id\":\"https:\/\/ysbchem.com\/#organization\"},\"potentialAction\":[{\"@type\":\"SearchAction\",\"target\":{\"@type\":\"EntryPoint\",\"urlTemplate\":\"https:\/\/ysbchem.com\/?s={search_term_string}\"},\"query-input\":{\"@type\":\"PropertyValueSpecification\",\"valueRequired\":true,\"valueName\":\"search_term_string\"}}],\"inLanguage\":\"tr\"},{\"@type\":\"Organization\",\"@id\":\"https:\/\/ysbchem.com\/#organization\",\"name\":\"YSB Teknik\",\"url\":\"https:\/\/ysbchem.com\/\",\"logo\":{\"@type\":\"ImageObject\",\"inLanguage\":\"tr\",\"@id\":\"https:\/\/ysbchem.com\/#\/schema\/logo\/image\/\",\"url\":\"https:\/\/ysbchem.com\/wp-content\/uploads\/2022\/07\/YSBTeknik-Facebook-Logo.png\",\"contentUrl\":\"https:\/\/ysbchem.com\/wp-content\/uploads\/2022\/07\/YSBTeknik-Facebook-Logo.png\",\"width\":180,\"height\":180,\"caption\":\"YSB Teknik\"},\"image\":{\"@id\":\"https:\/\/ysbchem.com\/#\/schema\/logo\/image\/\"},\"sameAs\":[\"https:\/\/www.facebook.com\/ysbchem\"]}]}<\/script>\n<!-- \/ Yoast SEO plugin. -->","yoast_head_json":{"title":"Anasayfa - Ysbchem","description":"Hidrofilik Su Tutucu \u015ei\u015firme Band\u0131, Yang\u0131n \u015eeritleri, Bentonit esasl\u0131 izolasyon malzemeleri. \u00c7ift tarafl\u0131 bantlar ve Neopren K\u00f6p\u00fckler.","robots":{"index":"index","follow":"follow","max-snippet":"max-snippet:-1","max-image-preview":"max-image-preview:large","max-video-preview":"max-video-preview:-1"},"canonical":"https:\/\/ysbchem.com\/tr\/","og_locale":"tr_TR","og_type":"article","og_title":"Anasayfa - Ysbchem","og_description":"Hidrofilik Su Tutucu \u015ei\u015firme Band\u0131, Yang\u0131n \u015eeritleri, Bentonit esasl\u0131 izolasyon malzemeleri. \u00c7ift tarafl\u0131 bantlar ve Neopren K\u00f6p\u00fckler.","og_url":"https:\/\/ysbchem.com\/tr\/","og_site_name":"Ysbchem","article_publisher":"https:\/\/www.facebook.com\/ysbchem","article_modified_time":"2025-02-17T13:28:42+00:00","twitter_card":"summary_large_image","twitter_misc":{"Tahmini okuma s\u00fcresi":"2 dakika"},"schema":{"@context":"https:\/\/schema.org","@graph":[{"@type":"WebPage","@id":"https:\/\/ysbchem.com\/tr\/","url":"https:\/\/ysbchem.com\/tr\/","name":"Anasayfa - Ysbchem","isPartOf":{"@id":"https:\/\/ysbchem.com\/#website"},"datePublished":"2020-09-19T00:22:17+00:00","dateModified":"2025-02-17T13:28:42+00:00","description":"Hidrofilik Su Tutucu \u015ei\u015firme Band\u0131, Yang\u0131n \u015eeritleri, Bentonit esasl\u0131 izolasyon malzemeleri. \u00c7ift tarafl\u0131 bantlar ve Neopren K\u00f6p\u00fckler.","breadcrumb":{"@id":"https:\/\/ysbchem.com\/tr\/#breadcrumb"},"inLanguage":"tr","potentialAction":[{"@type":"ReadAction","target":["https:\/\/ysbchem.com\/tr\/"]}]},{"@type":"BreadcrumbList","@id":"https:\/\/ysbchem.com\/tr\/#breadcrumb","itemListElement":[{"@type":"ListItem","position":1,"name":"Home","item":"https:\/\/ysbchem.com\/tr\/"},{"@type":"ListItem","position":2,"name":"Anasayfa"}]},{"@type":"WebSite","@id":"https:\/\/ysbchem.com\/#website","url":"https:\/\/ysbchem.com\/","name":"Ysbchem","description":"Hydrophilic Waterstop Swelling Tape, Fire Strips, Bentonite","publisher":{"@id":"https:\/\/ysbchem.com\/#organization"},"potentialAction":[{"@type":"SearchAction","target":{"@type":"EntryPoint","urlTemplate":"https:\/\/ysbchem.com\/?s={search_term_string}"},"query-input":{"@type":"PropertyValueSpecification","valueRequired":true,"valueName":"search_term_string"}}],"inLanguage":"tr"},{"@type":"Organization","@id":"https:\/\/ysbchem.com\/#organization","name":"YSB Teknik","url":"https:\/\/ysbchem.com\/","logo":{"@type":"ImageObject","inLanguage":"tr","@id":"https:\/\/ysbchem.com\/#\/schema\/logo\/image\/","url":"https:\/\/ysbchem.com\/wp-content\/uploads\/2022\/07\/YSBTeknik-Facebook-Logo.png","contentUrl":"https:\/\/ysbchem.com\/wp-content\/uploads\/2022\/07\/YSBTeknik-Facebook-Logo.png","width":180,"height":180,"caption":"YSB Teknik"},"image":{"@id":"https:\/\/ysbchem.com\/#\/schema\/logo\/image\/"},"sameAs":["https:\/\/www.facebook.com\/ysbchem"]}]}},"_links":{"self":[{"href":"https:\/\/ysbchem.com\/tr\/wp-json\/wp\/v2\/pages\/2062","targetHints":{"allow":["GET"]}}],"collection":[{"href":"https:\/\/ysbchem.com\/tr\/wp-json\/wp\/v2\/pages"}],"about":[{"href":"https:\/\/ysbchem.com\/tr\/wp-json\/wp\/v2\/types\/page"}],"author":[{"embeddable":true,"href":"https:\/\/ysbchem.com\/tr\/wp-json\/wp\/v2\/users\/1"}],"replies":[{"embeddable":true,"href":"https:\/\/ysbchem.com\/tr\/wp-json\/wp\/v2\/comments?post=2062"}],"version-history":[{"count":24,"href":"https:\/\/ysbchem.com\/tr\/wp-json\/wp\/v2\/pages\/2062\/revisions"}],"predecessor-version":[{"id":2879,"href":"https:\/\/ysbchem.com\/tr\/wp-json\/wp\/v2\/pages\/2062\/revisions\/2879"}],"wp:attachment":[{"href":"https:\/\/ysbchem.com\/tr\/wp-json\/wp\/v2\/media?parent=2062"}],"curies":[{"name":"wp","href":"https:\/\/api.w.org\/{rel}","templated":true}]}}