{"id":2092,"date":"2020-09-19T01:31:24","date_gmt":"2020-09-18T22:31:24","guid":{"rendered":"https:\/\/ysbchem.com\/?page_id=2092"},"modified":"2020-09-19T01:31:24","modified_gmt":"2020-09-18T22:31:24","slug":"gizlilik-politikasi","status":"publish","type":"page","link":"https:\/\/ysbchem.com\/tr\/gizlilik-politikasi\/","title":{"rendered":"Gizlilik Politikas\u0131"},"content":{"rendered":"<div class=\"wpb-content-wrapper\"><p>[vc_row][vc_column][vc_column_text]<\/p>\r\n\r\n<p><strong>Sitemizi Ziyaret Eden Ki\u015filerden Hangi Ki\u015fisel Bilgileri Topluyoruz?<\/strong><\/p>\r\n<p>Sitemize kay\u0131t olurken, ileti\u015fim formu g\u00f6nderirken, deneyiminize yard\u0131mc\u0131 olmak i\u00e7in ad\u0131n\u0131z\u0131, e-posta adresinizi, posta adresinizi, kredi kart\u0131 bilgilerinizi veya di\u011fer bilgilerinizi girmeniz istenebilir.<\/p>\r\n<p><strong>Ne Zaman Bilgi Topluyoruz?<\/strong><\/p>\r\n<p>Sitemize kaydoldu\u011funuzda, sipari\u015f verdi\u011finizde, bir b\u00fcltene abone oldu\u011funuzda, bir form doldurdu\u011funuzda veya sitemize bilgi girdi\u011finizde sizden bilgi toplar\u0131z. Ayr\u0131ca ziyaret\u00e7ilerin IP adresleri g\u00fcvenlik i\u00e7in veya g\u00fcnl\u00fck ziyaret\u00e7i istatisti\u011fi tutmak i\u00e7in kay\u0131t alt\u0131na al\u0131nmaktad\u0131r.<\/p>\r\n<p><strong>Bilgilerinizi Nas\u0131l Kullan\u0131yoruz?<\/strong><\/p>\r\n<ul>\r\n<li>Kullan\u0131c\u0131n\u0131n deneyimini ki\u015fiselle\u015ftirmek ve en \u00e7ok ilgilendi\u011finiz i\u00e7erik ve \u00fcr\u00fcn tekliflerini sunmam\u0131za izin vermek.<\/li>\r\n<li>Size daha iyi hizmet verebilmek i\u00e7in web sitemizi geli\u015ftirmek.<\/li>\r\n<li>M\u00fc\u015fteri hizmetleri taleplerinize yan\u0131t verirken size daha iyi hizmet verebilmemiz i\u00e7in.<br \/>Bir yar\u0131\u015fma, tan\u0131t\u0131m, anket veya ba\u015fka bir site \u00f6zelli\u011fini y\u00f6netmek i\u00e7in.<\/li>\r\n<li>\u0130\u015flemlerinizi h\u0131zl\u0131 bir \u015fekilde i\u015flemek i\u00e7in.<\/li>\r\n<li>Sipari\u015finiz veya di\u011fer \u00fcr\u00fcn ve hizmetler hakk\u0131nda periyodik e-postalar g\u00f6ndermek i\u00e7in.<\/li>\r\n<\/ul>\r\n<p><strong>Bilgilerinizi Nas\u0131l Koruyoruz?<\/strong><\/p>\r\n<p>Web sitemiz, sitemizi ziyaretinizi olabildi\u011fince g\u00fcvenli hale getirmek i\u00e7in g\u00fcvenlik a\u00e7\u0131klar\u0131 ve bilinen g\u00fcvenlik a\u00e7\u0131klar\u0131 i\u00e7in d\u00fczenli olarak taranmaktad\u0131r. Normal Zararl\u0131 Yaz\u0131l\u0131m Taramas\u0131 kullan\u0131yoruz. Ki\u015fisel bilgileriniz g\u00fcvenli a\u011flar\u0131n arkas\u0131nda bulunur ve yaln\u0131zca bu t\u00fcr sistemlere \u00f6zel eri\u015fim haklar\u0131na sahip olan ve bilgileri gizli tutmas\u0131 gereken s\u0131n\u0131rl\u0131 say\u0131da ki\u015fi taraf\u0131ndan eri\u015filebilir. Ayr\u0131ca, sa\u011flad\u0131\u011f\u0131n\u0131z t\u00fcm hassas \/ kredi bilgileri G\u00fcvenli Yuva Katman\u0131 (SSL) teknolojisi ile \u015fifrelenir. Bir kullan\u0131c\u0131 ki\u015fisel bilgilerinizin g\u00fcvenli\u011fini sa\u011flamak i\u00e7in bir sipari\u015f verdi\u011finde, g\u00f6nderdi\u011finde veya bilgilerine eri\u015fti\u011finde \u00e7e\u015fitli g\u00fcvenlik \u00f6nlemleri uygular\u0131z. T\u00fcm i\u015flemler bir a\u011f ge\u00e7idi sa\u011flay\u0131c\u0131s\u0131 arac\u0131l\u0131\u011f\u0131yla i\u015flenir ve sunucular\u0131m\u0131zda depolanmaz veya i\u015flenmez.<\/p>\r\n<p><strong>\u00c7erez (Cookie)<br \/><\/strong>Site\u2019mizden en verimli \u015fekilde faydalanabilmeniz ve kullan\u0131c\u0131 deneyiminizi geli\u015ftirebilmek i\u00e7in \u00c7erez kullan\u0131yoruz. \u00c7erez kullan\u0131lmas\u0131n\u0131 tercih etmezseniz taray\u0131c\u0131n\u0131z\u0131n ayarlar\u0131ndan \u00c7erez\u2019leri silebilir ya da engelleyebilirsiniz. Ancak bunun sitemizi kullan\u0131m\u0131n\u0131z\u0131 etkileyebilece\u011fini hat\u0131rlatmak isteriz. Taray\u0131c\u0131n\u0131zdan \u00c7erez ayarlar\u0131n\u0131z\u0131 de\u011fi\u015ftirmedi\u011finiz s\u00fcrece bu sitede \u00c7erez kullan\u0131m\u0131n\u0131 kabul etti\u011finizi varsayaca\u011f\u0131z. \u00c7erezler, ziyaret\u00e7ilere ili\u015fkin isim, cinsiyet veya adres gibi ki\u015fisel verileri i\u00e7ermezler. \u00c7erezler konusunda daha detayl\u0131 bilgi i\u00e7in\u00a0<a href=\"http:\/\/www.aboutcookies.org\/\" target=\"_blank\" rel=\"noopener noreferrer\"><strong>www.aboutcookies.org<\/strong><\/a><strong>\u00a0<\/strong>\u00a0ve\u00a0<a href=\"http:\/\/www.allaboutcookies.org\/\" target=\"_blank\" rel=\"noopener noreferrer\"><strong>www.allaboutcookies.org<\/strong><\/a><strong>\u00a0<\/strong>adreslerini ziyaret edebilirisiniz.<strong><br \/><\/strong><\/p>\r\n<p><strong>\u00c7erezlerin Kullan\u0131m\u0131<\/strong><\/p>\r\n<ul>\r\n<li>Sitenin \u00e7al\u0131\u015fmas\u0131 i\u00e7in gerekli temel fonksiyonlar\u0131 ger\u00e7ekle\u015ftirmek.<\/li>\r\n<li>Siteyi analiz etmek ve Sitenin performans\u0131n\u0131 artt\u0131rmak.<\/li>\r\n<li>Sitenin i\u015flevselli\u011fini artt\u0131rmak ve kullan\u0131m kolayl\u0131\u011f\u0131 sa\u011flamak.<\/li>\r\n<li>Ki\u015fiselle\u015ftirme, hedefleme ve reklamc\u0131l\u0131k faaliyeti ger\u00e7ekle\u015ftirmek.<\/li>\r\n<\/ul>\r\n<p><strong>Di\u011fer \u0130nternet Sitelerine Ba\u011flant\u0131lar<\/strong><\/p>\r\n<p>Bazen, kendi takdirimize ba\u011fl\u0131 olarak, web sitemize \u00fc\u00e7\u00fcnc\u00fc taraf \u00fcr\u00fcn veya hizmetler ekleyebilir veya sunabiliriz. Bu \u00fc\u00e7\u00fcnc\u00fc taraf sitelerinin ayr\u0131 ve ba\u011f\u0131ms\u0131z gizlilik politikalar\u0131 vard\u0131r. Dolay\u0131s\u0131yla, bu ba\u011flant\u0131l\u0131 sitelerin i\u00e7eri\u011fi ve faaliyetleri i\u00e7in hi\u00e7bir sorumlulu\u011fumuz veya y\u00fck\u00fcml\u00fcl\u00fc\u011f\u00fcm\u00fcz yoktur.<\/p>\r\n<p><strong>Ki\u015fisel Bilgilerinizin Aktar\u0131lmas\u0131<\/strong><\/p>\r\n<p>Yasal y\u00fck\u00fcml\u00fcl\u00fcklerimizi yerine getirmek i\u00e7in resmi merciler ve mahkemelerden gelen ba\u011flay\u0131c\u0131 taleplere cevap vermek amac\u0131 d\u0131\u015f\u0131nda verilerinizi 3. ki\u015filerle payla\u015fm\u0131yoruz.<\/p>\r\n<p><strong>Ki\u015fisel Bilgilerinizin Saklanmas\u0131<\/strong><\/p>\r\n<p>Elde edilen ki\u015fisel veriler, ki\u015fisel veri i\u015fleme ama\u00e7lar\u0131n\u0131n gerektirdi\u011fi s\u00fcreler boyunca ve ancak bu s\u00fcreleri a\u015fmamak kayd\u0131yla saklanmaktad\u0131r. Bunun d\u0131\u015f\u0131nda kanuni y\u00fck\u00fcml\u00fcl\u00fckleri yerine getirmek amac\u0131yla saklanan ki\u015fisel veriler, yine kanunlarda belirtilen s\u00fcrelerle saklanmaktad\u0131r.<\/p>\r\n<p><strong>Ki\u015fisel Verilerinize \u0130li\u015fkin Haklar\u0131n\u0131z<\/strong><\/p>\r\n<ul type=\"disc\">\r\n<li>Ki\u015fisel verilerinizin i\u015flenip i\u015flenmedi\u011fini \u00f6\u011frenme hakk\u0131<\/li>\r\n<li>Ki\u015fisel verileriniz i\u015flenmi\u015fse buna ili\u015fkin bilgi ve kopyalar\u0131n\u0131 talep etme hakk\u0131<\/li>\r\n<li>Ki\u015fisel verilerin i\u015flenme amac\u0131n\u0131 ve bunlar\u0131n amac\u0131na uygun kullan\u0131l\u0131p kullan\u0131lmad\u0131\u011f\u0131n\u0131 \u00f6\u011frenme hakk\u0131<\/li>\r\n<li>Yurt i\u00e7inde veya yurt d\u0131\u015f\u0131nda ki\u015fisel verilerin aktar\u0131ld\u0131\u011f\u0131 \u00fc\u00e7\u00fcnc\u00fc ki\u015fileri bilme hakk\u0131<\/li>\r\n<li>Ki\u015fisel verilerin eksik veya yanl\u0131\u015f i\u015flenmi\u015f olmas\u0131 h\u00e2linde bunlar\u0131n d\u00fczeltilmesini isteme hakk\u0131<\/li>\r\n<li>Ki\u015fisel verilerin silinmesini veya yok edilmesini isteme hakk\u0131<\/li>\r\n<li>Ki\u015fisel verilerin d\u00fczeltilmesi, silinmesi vey ok edilmesinin ki\u015fisel verilerin aktar\u0131ld\u0131\u011f\u0131 \u00fc\u00e7\u00fcnc\u00fc ki\u015filere bildirilmesini isteme hakk\u0131<\/li>\r\n<li>\u0130\u015flenen verilerin m\u00fcnhas\u0131ran otomatik sistemler vas\u0131tas\u0131yla analiz edilmesi suretiyle aleyhinize bir sonucun ortaya \u00e7\u0131kmas\u0131na itiraz etme hakk\u0131<\/li>\r\n<li>Ki\u015fisel verilerin kanuna ayk\u0131r\u0131 olarak i\u015flenmesi sebebiyle zarara u\u011framan\u0131z h\u00e2linde zarar\u0131n giderilmesini talep etme hakk\u0131<\/li>\r\n<li>Ki\u015fisel verilerinizin tamam\u0131n\u0131n veya bir k\u0131sm\u0131n\u0131n i\u015flenmesine son verilmesini talep etme hakk\u0131<\/li>\r\n<li>\u0130\u015flenen ki\u015fisel verilerinizin elektronik formatta bir kopyas\u0131n\u0131 isteme ve bunlar\u0131n bir ba\u015fka ki\u015fiye iletimini talep etme hakk\u0131<\/li>\r\n<li>Ki\u015fisel verilerinizi i\u015flememize istedi\u011finiz zaman itiraz etme hakk\u0131<\/li>\r\n<\/ul>\r\n<p><strong>Servis Sa\u011flay\u0131c\u0131lar\u0131<\/strong><\/p>\r\n<p>Web Sitemizi (\u201cServis Sa\u011flay\u0131c\u0131lar\u201d) kolayla\u015ft\u0131rmak, ad\u0131m\u0131za Web Sitemizi sa\u011flamak, Web Sitesi ile ilgili hizmetler ger\u00e7ekle\u015ftirmek veya Web Sitemizin nas\u0131l kullan\u0131ld\u0131\u011f\u0131n\u0131 analiz etmemize yard\u0131mc\u0131 olmak i\u00e7in \u00fc\u00e7\u00fcnc\u00fc taraf \u015firketler ve bireyler istihdam etmekteyiz. Bu \u00fc\u00e7\u00fcnc\u00fc taraflar, ki\u015fisel bilgilerinize yaln\u0131zca bu g\u00f6revleri bizim ad\u0131m\u0131za ger\u00e7ekle\u015ftirmek i\u00e7in eri\u015febilir ve bunlar\u0131 ba\u015fka bir ama\u00e7la if\u015fa etmemek veya kullanmamakla y\u00fck\u00fcml\u00fcd\u00fcr.<\/p>\r\n<p><strong>Google Analytics<\/strong><br \/>Google Analytics, Google taraf\u0131ndan sunulan ve web sitesi trafi\u011fini izleyen ve raporlayan bir web analizi hizmetidir. Google, toplanan verileri Hizmetimizin kullan\u0131m\u0131n\u0131 izlemek ve izlemek i\u00e7in kullan\u0131r. Bu veriler di\u011fer Google hizmetleriyle payla\u015f\u0131labilir. Google, toplanan verileri kendi reklamc\u0131l\u0131k a\u011f\u0131ndaki reklamlar\u0131 ba\u011flamsalla\u015ft\u0131rmak ve ki\u015fiselle\u015ftirmek i\u00e7in kullanabilir. Google Analytics kapsam\u0131 d\u0131\u015f\u0131nda kalma taray\u0131c\u0131 eklentisini y\u00fckleyerek Hizmetteki etkinli\u011finizi Google Analytics taraf\u0131ndan kullan\u0131labilir hale getirmeyi devre d\u0131\u015f\u0131 b\u0131rakabilirsiniz. Eklenti, Google Analytics JavaScript&#8217;inin (ga.js, analytics.js ve dc.js) ziyaretlerin etkinli\u011fi hakk\u0131nda Google Analytics ile bilgi payla\u015fmas\u0131n\u0131 engeller. Google&#8217;\u0131n gizlilik uygulamalar\u0131 hakk\u0131nda daha fazla bilgi i\u00e7in l\u00fctfen Google Gizlilik ve \u015eartlar web sayfas\u0131n\u0131 ziyaret edin: http:\/\/www.google.com\/intl\/tr\/policies\/privacy\/<\/p>\r\n<p><strong>Gizlilik Koruma Politikas\u0131 De\u011fi\u015fiklikleri<\/strong><br \/>Gelecekte, bu Politikay\u0131 de\u011fi\u015ftirmemiz gerekebilir. Hangi bilgileri toplad\u0131\u011f\u0131m\u0131z, bu bilgileri nas\u0131l kullanabilece\u011fimiz ve yapt\u0131\u011f\u0131m\u0131z di\u011fer de\u011fi\u015fiklikler bu politikaya dahil edilecektir. Bu Politika en son 19 Eyl\u00fcl 2020 tarihinde g\u00fcncellenmi\u015ftir.<\/p>\r\n<p><strong>Bize Ula\u015f\u0131n<\/strong><br \/>Bu gizlilik politikas\u0131na ili\u015fkin herhangi bir sorunuz varsa bizimle <a href=\"https:\/\/ysbchem.com\/tr\/iletisim\/\">ileti\u015fime<\/a> ge\u00e7ebilirsiniz.<\/p>\r\n<p>[\/vc_column_text][\/vc_column][\/vc_row]<\/p><\/div>","protected":false},"excerpt":{"rendered":"<p>[vc_row][vc_column][vc_column_text] Sitemizi Ziyaret Eden Ki\u015filerden Hangi Ki\u015fisel Bilgileri Topluyoruz? Sitemize kay\u0131t olurken, ileti\u015fim formu g\u00f6nderirken, deneyiminize yard\u0131mc\u0131 olmak i\u00e7in ad\u0131n\u0131z\u0131, e-posta adresinizi, posta adresinizi, kredi kart\u0131 bilgilerinizi veya di\u011fer bilgilerinizi girmeniz istenebilir. Ne Zaman Bilgi Topluyoruz? Sitemize kaydoldu\u011funuzda, sipari\u015f verdi\u011finizde, bir b\u00fcltene abone oldu\u011funuzda, bir form doldurdu\u011funuzda veya sitemize bilgi girdi\u011finizde sizden bilgi toplar\u0131z. Ayr\u0131ca [&hellip;]<\/p>\n","protected":false},"author":1,"featured_media":0,"parent":0,"menu_order":0,"comment_status":"closed","ping_status":"open","template":"","meta":{"footnotes":""},"class_list":["post-2092","page","type-page","status-publish","hentry"],"yoast_head":"<!-- This site is optimized with the Yoast SEO plugin v26.7 - https:\/\/yoast.com\/wordpress\/plugins\/seo\/ -->\n<title>Gizlilik Politikas\u0131 - Ysbchem<\/title>\n<meta name=\"robots\" content=\"index, follow, max-snippet:-1, max-image-preview:large, max-video-preview:-1\" \/>\n<link rel=\"canonical\" href=\"https:\/\/ysbchem.com\/tr\/gizlilik-politikasi\/\" \/>\n<meta property=\"og:locale\" content=\"tr_TR\" \/>\n<meta property=\"og:type\" content=\"article\" \/>\n<meta property=\"og:title\" content=\"Gizlilik Politikas\u0131 - Ysbchem\" \/>\n<meta property=\"og:description\" content=\"[vc_row][vc_column][vc_column_text] Sitemizi Ziyaret Eden Ki\u015filerden Hangi Ki\u015fisel Bilgileri Topluyoruz? Sitemize kay\u0131t olurken, ileti\u015fim formu g\u00f6nderirken, deneyiminize yard\u0131mc\u0131 olmak i\u00e7in ad\u0131n\u0131z\u0131, e-posta adresinizi, posta adresinizi, kredi kart\u0131 bilgilerinizi veya di\u011fer bilgilerinizi girmeniz istenebilir. Ne Zaman Bilgi Topluyoruz? Sitemize kaydoldu\u011funuzda, sipari\u015f verdi\u011finizde, bir b\u00fcltene abone oldu\u011funuzda, bir form doldurdu\u011funuzda veya sitemize bilgi girdi\u011finizde sizden bilgi toplar\u0131z. Ayr\u0131ca [&hellip;]\" \/>\n<meta property=\"og:url\" content=\"https:\/\/ysbchem.com\/tr\/gizlilik-politikasi\/\" \/>\n<meta property=\"og:site_name\" content=\"Ysbchem\" \/>\n<meta property=\"article:publisher\" content=\"https:\/\/www.facebook.com\/ysbchem\" \/>\n<meta name=\"twitter:card\" content=\"summary_large_image\" \/>\n<meta name=\"twitter:label1\" content=\"Tahmini okuma s\u00fcresi\" \/>\n\t<meta name=\"twitter:data1\" content=\"6 dakika\" \/>\n<script type=\"application\/ld+json\" class=\"yoast-schema-graph\">{\"@context\":\"https:\/\/schema.org\",\"@graph\":[{\"@type\":\"WebPage\",\"@id\":\"https:\/\/ysbchem.com\/tr\/gizlilik-politikasi\/\",\"url\":\"https:\/\/ysbchem.com\/tr\/gizlilik-politikasi\/\",\"name\":\"Gizlilik Politikas\u0131 - Ysbchem\",\"isPartOf\":{\"@id\":\"https:\/\/ysbchem.com\/#website\"},\"datePublished\":\"2020-09-18T22:31:24+00:00\",\"breadcrumb\":{\"@id\":\"https:\/\/ysbchem.com\/tr\/gizlilik-politikasi\/#breadcrumb\"},\"inLanguage\":\"tr\",\"potentialAction\":[{\"@type\":\"ReadAction\",\"target\":[\"https:\/\/ysbchem.com\/tr\/gizlilik-politikasi\/\"]}]},{\"@type\":\"BreadcrumbList\",\"@id\":\"https:\/\/ysbchem.com\/tr\/gizlilik-politikasi\/#breadcrumb\",\"itemListElement\":[{\"@type\":\"ListItem\",\"position\":1,\"name\":\"Home\",\"item\":\"https:\/\/ysbchem.com\/tr\/\"},{\"@type\":\"ListItem\",\"position\":2,\"name\":\"Gizlilik Politikas\u0131\"}]},{\"@type\":\"WebSite\",\"@id\":\"https:\/\/ysbchem.com\/#website\",\"url\":\"https:\/\/ysbchem.com\/\",\"name\":\"Ysbchem\",\"description\":\"Hydrophilic Waterstop Swelling Tape, Fire Strips, Bentonite\",\"publisher\":{\"@id\":\"https:\/\/ysbchem.com\/#organization\"},\"potentialAction\":[{\"@type\":\"SearchAction\",\"target\":{\"@type\":\"EntryPoint\",\"urlTemplate\":\"https:\/\/ysbchem.com\/?s={search_term_string}\"},\"query-input\":{\"@type\":\"PropertyValueSpecification\",\"valueRequired\":true,\"valueName\":\"search_term_string\"}}],\"inLanguage\":\"tr\"},{\"@type\":\"Organization\",\"@id\":\"https:\/\/ysbchem.com\/#organization\",\"name\":\"YSB Teknik\",\"url\":\"https:\/\/ysbchem.com\/\",\"logo\":{\"@type\":\"ImageObject\",\"inLanguage\":\"tr\",\"@id\":\"https:\/\/ysbchem.com\/#\/schema\/logo\/image\/\",\"url\":\"https:\/\/ysbchem.com\/wp-content\/uploads\/2022\/07\/YSBTeknik-Facebook-Logo.png\",\"contentUrl\":\"https:\/\/ysbchem.com\/wp-content\/uploads\/2022\/07\/YSBTeknik-Facebook-Logo.png\",\"width\":180,\"height\":180,\"caption\":\"YSB Teknik\"},\"image\":{\"@id\":\"https:\/\/ysbchem.com\/#\/schema\/logo\/image\/\"},\"sameAs\":[\"https:\/\/www.facebook.com\/ysbchem\"]}]}<\/script>\n<!-- \/ Yoast SEO plugin. -->","yoast_head_json":{"title":"Gizlilik Politikas\u0131 - Ysbchem","robots":{"index":"index","follow":"follow","max-snippet":"max-snippet:-1","max-image-preview":"max-image-preview:large","max-video-preview":"max-video-preview:-1"},"canonical":"https:\/\/ysbchem.com\/tr\/gizlilik-politikasi\/","og_locale":"tr_TR","og_type":"article","og_title":"Gizlilik Politikas\u0131 - Ysbchem","og_description":"[vc_row][vc_column][vc_column_text] Sitemizi Ziyaret Eden Ki\u015filerden Hangi Ki\u015fisel Bilgileri Topluyoruz? Sitemize kay\u0131t olurken, ileti\u015fim formu g\u00f6nderirken, deneyiminize yard\u0131mc\u0131 olmak i\u00e7in ad\u0131n\u0131z\u0131, e-posta adresinizi, posta adresinizi, kredi kart\u0131 bilgilerinizi veya di\u011fer bilgilerinizi girmeniz istenebilir. Ne Zaman Bilgi Topluyoruz? Sitemize kaydoldu\u011funuzda, sipari\u015f verdi\u011finizde, bir b\u00fcltene abone oldu\u011funuzda, bir form doldurdu\u011funuzda veya sitemize bilgi girdi\u011finizde sizden bilgi toplar\u0131z. Ayr\u0131ca [&hellip;]","og_url":"https:\/\/ysbchem.com\/tr\/gizlilik-politikasi\/","og_site_name":"Ysbchem","article_publisher":"https:\/\/www.facebook.com\/ysbchem","twitter_card":"summary_large_image","twitter_misc":{"Tahmini okuma s\u00fcresi":"6 dakika"},"schema":{"@context":"https:\/\/schema.org","@graph":[{"@type":"WebPage","@id":"https:\/\/ysbchem.com\/tr\/gizlilik-politikasi\/","url":"https:\/\/ysbchem.com\/tr\/gizlilik-politikasi\/","name":"Gizlilik Politikas\u0131 - Ysbchem","isPartOf":{"@id":"https:\/\/ysbchem.com\/#website"},"datePublished":"2020-09-18T22:31:24+00:00","breadcrumb":{"@id":"https:\/\/ysbchem.com\/tr\/gizlilik-politikasi\/#breadcrumb"},"inLanguage":"tr","potentialAction":[{"@type":"ReadAction","target":["https:\/\/ysbchem.com\/tr\/gizlilik-politikasi\/"]}]},{"@type":"BreadcrumbList","@id":"https:\/\/ysbchem.com\/tr\/gizlilik-politikasi\/#breadcrumb","itemListElement":[{"@type":"ListItem","position":1,"name":"Home","item":"https:\/\/ysbchem.com\/tr\/"},{"@type":"ListItem","position":2,"name":"Gizlilik Politikas\u0131"}]},{"@type":"WebSite","@id":"https:\/\/ysbchem.com\/#website","url":"https:\/\/ysbchem.com\/","name":"Ysbchem","description":"Hydrophilic Waterstop Swelling Tape, Fire Strips, Bentonite","publisher":{"@id":"https:\/\/ysbchem.com\/#organization"},"potentialAction":[{"@type":"SearchAction","target":{"@type":"EntryPoint","urlTemplate":"https:\/\/ysbchem.com\/?s={search_term_string}"},"query-input":{"@type":"PropertyValueSpecification","valueRequired":true,"valueName":"search_term_string"}}],"inLanguage":"tr"},{"@type":"Organization","@id":"https:\/\/ysbchem.com\/#organization","name":"YSB Teknik","url":"https:\/\/ysbchem.com\/","logo":{"@type":"ImageObject","inLanguage":"tr","@id":"https:\/\/ysbchem.com\/#\/schema\/logo\/image\/","url":"https:\/\/ysbchem.com\/wp-content\/uploads\/2022\/07\/YSBTeknik-Facebook-Logo.png","contentUrl":"https:\/\/ysbchem.com\/wp-content\/uploads\/2022\/07\/YSBTeknik-Facebook-Logo.png","width":180,"height":180,"caption":"YSB Teknik"},"image":{"@id":"https:\/\/ysbchem.com\/#\/schema\/logo\/image\/"},"sameAs":["https:\/\/www.facebook.com\/ysbchem"]}]}},"_links":{"self":[{"href":"https:\/\/ysbchem.com\/tr\/wp-json\/wp\/v2\/pages\/2092","targetHints":{"allow":["GET"]}}],"collection":[{"href":"https:\/\/ysbchem.com\/tr\/wp-json\/wp\/v2\/pages"}],"about":[{"href":"https:\/\/ysbchem.com\/tr\/wp-json\/wp\/v2\/types\/page"}],"author":[{"embeddable":true,"href":"https:\/\/ysbchem.com\/tr\/wp-json\/wp\/v2\/users\/1"}],"replies":[{"embeddable":true,"href":"https:\/\/ysbchem.com\/tr\/wp-json\/wp\/v2\/comments?post=2092"}],"version-history":[{"count":4,"href":"https:\/\/ysbchem.com\/tr\/wp-json\/wp\/v2\/pages\/2092\/revisions"}],"predecessor-version":[{"id":2097,"href":"https:\/\/ysbchem.com\/tr\/wp-json\/wp\/v2\/pages\/2092\/revisions\/2097"}],"wp:attachment":[{"href":"https:\/\/ysbchem.com\/tr\/wp-json\/wp\/v2\/media?parent=2092"}],"curies":[{"name":"wp","href":"https:\/\/api.w.org\/{rel}","templated":true}]}}