{"id":2104,"date":"2020-09-19T01:52:49","date_gmt":"2020-09-18T22:52:49","guid":{"rendered":"https:\/\/ysbchem.com\/?page_id=2104"},"modified":"2020-11-01T10:46:28","modified_gmt":"2020-11-01T07:46:28","slug":"yer-isaretleme-banti","status":"publish","type":"page","link":"https:\/\/ysbchem.com\/tr\/urunler\/yer-isaretleme-banti\/","title":{"rendered":"Yer \u0130\u015faretleme Bant\u0131"},"content":{"rendered":"<div class=\"wpb-content-wrapper\"><p>[vc_row full_width=&#8221;stretch_row_content&#8221; bg_cws_repeat=&#8221;no-repeat&#8221; css=&#8221;.vc_custom_1600019340987{padding-bottom: 60px !important;}&#8221;][vc_column][vc_column_text]<\/p>\n<h2><mark style='color: #1e73be;background-color: #ffffff;'>YER \u0130\u015eARETLEME BANTI<\/mark><\/h2>\n<pre><\/pre>\n<p>[\/vc_column_text][vc_column_text]<img decoding=\"async\" class=\"alignleft wp-image-1982 size-thumbnail\" src=\"https:\/\/ysbchem.com\/wp-content\/uploads\/2020\/09\/pvc-floor-marking-tape-150x150.png\" alt=\"\" width=\"150\" height=\"150\" srcset=\"https:\/\/ysbchem.com\/wp-content\/uploads\/2020\/09\/pvc-floor-marking-tape-150x150.png 150w, https:\/\/ysbchem.com\/wp-content\/uploads\/2020\/09\/pvc-floor-marking-tape-300x300.png 300w, https:\/\/ysbchem.com\/wp-content\/uploads\/2020\/09\/pvc-floor-marking-tape.png 562w\" sizes=\"(max-width: 150px) 100vw, 150px\" \/>Yer \u0130\u015faretleme Bantlar\u0131 i\u015f g\u00fcvenli\u011fi ama\u00e7l\u0131 uyar\u0131 ve i\u015faretleme i\u015flemlerinde kullan\u0131l\u0131r.<\/p>\n<table width=\"598\">\n<thead>\n<tr>\n<td><strong>\u00dcr\u00fcn Kodu<\/strong><\/td>\n<td><strong>Ta\u015f\u0131y\u0131c\u0131<\/strong><\/td>\n<td><strong>Renk<\/strong><\/td>\n<td><strong>Tutkal<\/strong><\/td>\n<td><strong>Kal\u0131nl\u0131k (mm)<\/strong><\/td>\n<td><strong>Is\u0131 Dayan\u0131m\u0131<\/strong><\/td>\n<\/tr>\n<\/thead>\n<tbody>\n<tr>\n<td>SY-1851<\/td>\n<td>SPVC<\/td>\n<td>Sar\u0131 \u2013 Siyah<\/td>\n<td>Kau\u00e7uk<\/td>\n<td>0,18<\/td>\n<td>-20\u00b0C &gt; 80\u00b0C<\/td>\n<\/tr>\n<tr>\n<td>SY-1852<\/td>\n<td>SPVC<\/td>\n<td>K\u0131rm\u0131z\u0131-Beyaz<\/td>\n<td>Kau\u00e7uk<\/td>\n<td>0,18<\/td>\n<td>-20\u00b0C &gt; 80\u00b0C<\/td>\n<\/tr>\n<\/tbody>\n<\/table>\n<p>[\/vc_column_text]<hr style='margin-top: 30px; margin-bottom: 60px; background-color: #ffffff; ' \/>[vc_column_text]<strong>\u00d6zellikler<\/strong><\/p>\n<p>Yer \u0130\u015faretleme Bantlar\u0131 i\u015f g\u00fcvenli\u011fi ama\u00e7l\u0131 uyar\u0131 ve i\u015faretleme i\u015flemlerinde kullan\u0131l\u0131r.<br \/>\n180micron et kal\u0131nl\u0131\u011f\u0131 ve \u00f6zel \u00fcst lak\u0131 sayesinde y\u0131pranma ve a\u015f\u0131nmaya \u00e7evdayan\u0131kl\u0131d\u0131r.<br \/>\n7 farkl\u0131 rengi bulunmaktad\u0131r. Bunlar; SARI, KIRMIZI, BEYAZ, MAV\u0130, YE\u015e\u0130L, S\u0130YAH, KIRMIZI-BEYAZ ve SARI-S\u0130YAH \u2019t\u0131r.<br \/>\nStandart \u00f6l\u00e7\u00fcs\u00fc 50mmx30y olan Yer \u0130\u015faretleme Bantlar\u0131m\u0131z daha geni\u015f ve dar \u00f6l\u00e7\u00fc se\u00e7enekleri mevcuttur (100mmx30y gibi).<\/p>\n<p><strong>Avantajlar<\/strong><\/p>\n<p>\u2981 Y\u00fcksek ilk yap\u0131\u015fma ve iz b\u0131rakmadan s\u00f6k\u00fclebilme<br \/>\n\u2981 De\u011fi\u015fik renk se\u00e7enekleri.<br \/>\n\u2981 Renk kodlama, yer i\u015faretleme ve maskeleme.<br \/>\n\u2981 Kontroll\u00fc a\u00e7\u0131l\u0131m ve \u015fekil verilebilme<br \/>\n\u2981 Y\u00fcksek a\u015f\u0131nmaya, nem, asit ve benzeri kimyasallara uzun s\u00fcreli dayan\u0131m.<br \/>\n\u2981\u00a0 \u00c7ok etkili buhar ve nem bariyeri sa\u011flar,<br \/>\n\u2022 Son derece uyumlu ve iyi a\u015f\u0131nma \/ darbe \/ kopma direnci,<br \/>\n\u2022 Tehlikeli alanlar\u0131n, zeminlerin, koridorlar\u0131n, merdivenlerin, tellerin ve kablolar\u0131n kal\u0131c\u0131 ve ge\u00e7ici olarak i\u015faretlenmesinde kullan\u0131l\u0131r.<br \/>\n\u2022 Ayr\u0131ca ara\u00e7larda, teknelerde ve spor ekipmanlar\u0131nda s\u0131y\u0131rma i\u00e7in kullan\u0131l\u0131r<\/p>\n<p><img fetchpriority=\"high\" decoding=\"async\" class=\"aligncenter wp-image-1996 size-full\" src=\"https:\/\/ysbchem.com\/wp-content\/uploads\/2020\/09\/pvc-floor-marking-tape2.png\" alt=\"\" width=\"562\" height=\"751\" srcset=\"https:\/\/ysbchem.com\/wp-content\/uploads\/2020\/09\/pvc-floor-marking-tape2.png 562w, https:\/\/ysbchem.com\/wp-content\/uploads\/2020\/09\/pvc-floor-marking-tape2-225x300.png 225w\" sizes=\"(max-width: 562px) 100vw, 562px\" \/><img decoding=\"async\" class=\"aligncenter wp-image-1982 size-full\" src=\"https:\/\/ysbchem.com\/wp-content\/uploads\/2020\/09\/pvc-floor-marking-tape.png\" alt=\"\" width=\"562\" height=\"563\" srcset=\"https:\/\/ysbchem.com\/wp-content\/uploads\/2020\/09\/pvc-floor-marking-tape.png 562w, https:\/\/ysbchem.com\/wp-content\/uploads\/2020\/09\/pvc-floor-marking-tape-300x300.png 300w, https:\/\/ysbchem.com\/wp-content\/uploads\/2020\/09\/pvc-floor-marking-tape-150x150.png 150w\" sizes=\"(max-width: 562px) 100vw, 562px\" \/>[\/vc_column_text][\/vc_column][\/vc_row][vc_row][vc_column]<div data-style='&quot;&quot;' class='prospect_button_wrapper render_styles'><a href='https:\/\/ysbchem.com\/tr\/urunler' id='prospect_button_69e362acb5057' class='prospect_button regular'><i class='fa fa-fas fa-chevron-left'><\/i>&#x20;T\u00fcm \u00dcr\u00fcnler<\/a><\/div>[\/vc_column][\/vc_row]<\/p>\n<\/div>","protected":false},"excerpt":{"rendered":"<p>[vc_row full_width=&#8221;stretch_row_content&#8221; bg_cws_repeat=&#8221;no-repeat&#8221; css=&#8221;.vc_custom_1600019340987{padding-bottom: 60px !important;}&#8221;][vc_column][vc_column_text] [\/vc_column_text][vc_column_text]Yer \u0130\u015faretleme Bantlar\u0131 i\u015f g\u00fcvenli\u011fi ama\u00e7l\u0131 uyar\u0131 ve i\u015faretleme i\u015flemlerinde kullan\u0131l\u0131r. \u00dcr\u00fcn Kodu Ta\u015f\u0131y\u0131c\u0131 Renk Tutkal Kal\u0131nl\u0131k (mm) Is\u0131 Dayan\u0131m\u0131 SY-1851 SPVC Sar\u0131 \u2013 Siyah Kau\u00e7uk 0,18 -20\u00b0C &gt; 80\u00b0C SY-1852 SPVC K\u0131rm\u0131z\u0131-Beyaz Kau\u00e7uk 0,18 -20\u00b0C &gt; 80\u00b0C [\/vc_column_text][vc_column_text]\u00d6zellikler Yer \u0130\u015faretleme Bantlar\u0131 i\u015f g\u00fcvenli\u011fi ama\u00e7l\u0131 uyar\u0131 ve i\u015faretleme i\u015flemlerinde [&hellip;]<\/p>\n","protected":false},"author":1,"featured_media":0,"parent":2078,"menu_order":0,"comment_status":"closed","ping_status":"closed","template":"","meta":{"footnotes":""},"class_list":["post-2104","page","type-page","status-publish","hentry"],"yoast_head":"<!-- This site is optimized with the Yoast SEO plugin v26.7 - https:\/\/yoast.com\/wordpress\/plugins\/seo\/ -->\n<title>Yer \u0130\u015faretleme Bant\u0131 - Ysbchem<\/title>\n<meta name=\"robots\" content=\"index, follow, max-snippet:-1, max-image-preview:large, max-video-preview:-1\" \/>\n<link rel=\"canonical\" href=\"https:\/\/ysbchem.com\/tr\/urunler\/yer-isaretleme-banti\/\" \/>\n<meta property=\"og:locale\" content=\"tr_TR\" \/>\n<meta property=\"og:type\" content=\"article\" \/>\n<meta property=\"og:title\" content=\"Yer \u0130\u015faretleme Bant\u0131 - Ysbchem\" \/>\n<meta property=\"og:description\" content=\"[vc_row full_width=&#8221;stretch_row_content&#8221; bg_cws_repeat=&#8221;no-repeat&#8221; css=&#8221;.vc_custom_1600019340987{padding-bottom: 60px !important;}&#8221;][vc_column][vc_column_text] [\/vc_column_text][vc_column_text]Yer \u0130\u015faretleme Bantlar\u0131 i\u015f g\u00fcvenli\u011fi ama\u00e7l\u0131 uyar\u0131 ve i\u015faretleme i\u015flemlerinde kullan\u0131l\u0131r. \u00dcr\u00fcn Kodu Ta\u015f\u0131y\u0131c\u0131 Renk Tutkal Kal\u0131nl\u0131k (mm) Is\u0131 Dayan\u0131m\u0131 SY-1851 SPVC Sar\u0131 \u2013 Siyah Kau\u00e7uk 0,18 -20\u00b0C &gt; 80\u00b0C SY-1852 SPVC K\u0131rm\u0131z\u0131-Beyaz Kau\u00e7uk 0,18 -20\u00b0C &gt; 80\u00b0C [\/vc_column_text][vc_column_text]\u00d6zellikler Yer \u0130\u015faretleme Bantlar\u0131 i\u015f g\u00fcvenli\u011fi ama\u00e7l\u0131 uyar\u0131 ve i\u015faretleme i\u015flemlerinde [&hellip;]\" \/>\n<meta property=\"og:url\" content=\"https:\/\/ysbchem.com\/tr\/urunler\/yer-isaretleme-banti\/\" \/>\n<meta property=\"og:site_name\" content=\"Ysbchem\" \/>\n<meta property=\"article:publisher\" content=\"https:\/\/www.facebook.com\/ysbchem\" \/>\n<meta property=\"article:modified_time\" content=\"2020-11-01T07:46:28+00:00\" \/>\n<meta property=\"og:image\" content=\"https:\/\/ysbchem.com\/wp-content\/uploads\/2020\/09\/pvc-floor-marking-tape-150x150.png\" \/>\n<meta name=\"twitter:card\" content=\"summary_large_image\" \/>\n<meta name=\"twitter:label1\" content=\"Tahmini okuma s\u00fcresi\" \/>\n\t<meta name=\"twitter:data1\" content=\"2 dakika\" \/>\n<script type=\"application\/ld+json\" class=\"yoast-schema-graph\">{\"@context\":\"https:\/\/schema.org\",\"@graph\":[{\"@type\":\"WebPage\",\"@id\":\"https:\/\/ysbchem.com\/tr\/urunler\/yer-isaretleme-banti\/\",\"url\":\"https:\/\/ysbchem.com\/tr\/urunler\/yer-isaretleme-banti\/\",\"name\":\"Yer \u0130\u015faretleme Bant\u0131 - Ysbchem\",\"isPartOf\":{\"@id\":\"https:\/\/ysbchem.com\/#website\"},\"primaryImageOfPage\":{\"@id\":\"https:\/\/ysbchem.com\/tr\/urunler\/yer-isaretleme-banti\/#primaryimage\"},\"image\":{\"@id\":\"https:\/\/ysbchem.com\/tr\/urunler\/yer-isaretleme-banti\/#primaryimage\"},\"thumbnailUrl\":\"https:\/\/ysbchem.com\/wp-content\/uploads\/2020\/09\/pvc-floor-marking-tape-150x150.png\",\"datePublished\":\"2020-09-18T22:52:49+00:00\",\"dateModified\":\"2020-11-01T07:46:28+00:00\",\"breadcrumb\":{\"@id\":\"https:\/\/ysbchem.com\/tr\/urunler\/yer-isaretleme-banti\/#breadcrumb\"},\"inLanguage\":\"tr\",\"potentialAction\":[{\"@type\":\"ReadAction\",\"target\":[\"https:\/\/ysbchem.com\/tr\/urunler\/yer-isaretleme-banti\/\"]}]},{\"@type\":\"ImageObject\",\"inLanguage\":\"tr\",\"@id\":\"https:\/\/ysbchem.com\/tr\/urunler\/yer-isaretleme-banti\/#primaryimage\",\"url\":\"https:\/\/ysbchem.com\/wp-content\/uploads\/2020\/09\/pvc-floor-marking-tape-150x150.png\",\"contentUrl\":\"https:\/\/ysbchem.com\/wp-content\/uploads\/2020\/09\/pvc-floor-marking-tape-150x150.png\"},{\"@type\":\"BreadcrumbList\",\"@id\":\"https:\/\/ysbchem.com\/tr\/urunler\/yer-isaretleme-banti\/#breadcrumb\",\"itemListElement\":[{\"@type\":\"ListItem\",\"position\":1,\"name\":\"Home\",\"item\":\"https:\/\/ysbchem.com\/tr\/\"},{\"@type\":\"ListItem\",\"position\":2,\"name\":\"\u00dcr\u00fcnler\",\"item\":\"https:\/\/ysbchem.com\/tr\/urunler\/\"},{\"@type\":\"ListItem\",\"position\":3,\"name\":\"Yer \u0130\u015faretleme Bant\u0131\"}]},{\"@type\":\"WebSite\",\"@id\":\"https:\/\/ysbchem.com\/#website\",\"url\":\"https:\/\/ysbchem.com\/\",\"name\":\"Ysbchem\",\"description\":\"Hydrophilic Waterstop Swelling Tape, Fire Strips, Bentonite\",\"publisher\":{\"@id\":\"https:\/\/ysbchem.com\/#organization\"},\"potentialAction\":[{\"@type\":\"SearchAction\",\"target\":{\"@type\":\"EntryPoint\",\"urlTemplate\":\"https:\/\/ysbchem.com\/?s={search_term_string}\"},\"query-input\":{\"@type\":\"PropertyValueSpecification\",\"valueRequired\":true,\"valueName\":\"search_term_string\"}}],\"inLanguage\":\"tr\"},{\"@type\":\"Organization\",\"@id\":\"https:\/\/ysbchem.com\/#organization\",\"name\":\"YSB Teknik\",\"url\":\"https:\/\/ysbchem.com\/\",\"logo\":{\"@type\":\"ImageObject\",\"inLanguage\":\"tr\",\"@id\":\"https:\/\/ysbchem.com\/#\/schema\/logo\/image\/\",\"url\":\"https:\/\/ysbchem.com\/wp-content\/uploads\/2022\/07\/YSBTeknik-Facebook-Logo.png\",\"contentUrl\":\"https:\/\/ysbchem.com\/wp-content\/uploads\/2022\/07\/YSBTeknik-Facebook-Logo.png\",\"width\":180,\"height\":180,\"caption\":\"YSB Teknik\"},\"image\":{\"@id\":\"https:\/\/ysbchem.com\/#\/schema\/logo\/image\/\"},\"sameAs\":[\"https:\/\/www.facebook.com\/ysbchem\"]}]}<\/script>\n<!-- \/ Yoast SEO plugin. -->","yoast_head_json":{"title":"Yer \u0130\u015faretleme Bant\u0131 - Ysbchem","robots":{"index":"index","follow":"follow","max-snippet":"max-snippet:-1","max-image-preview":"max-image-preview:large","max-video-preview":"max-video-preview:-1"},"canonical":"https:\/\/ysbchem.com\/tr\/urunler\/yer-isaretleme-banti\/","og_locale":"tr_TR","og_type":"article","og_title":"Yer \u0130\u015faretleme Bant\u0131 - Ysbchem","og_description":"[vc_row full_width=&#8221;stretch_row_content&#8221; bg_cws_repeat=&#8221;no-repeat&#8221; css=&#8221;.vc_custom_1600019340987{padding-bottom: 60px !important;}&#8221;][vc_column][vc_column_text] [\/vc_column_text][vc_column_text]Yer \u0130\u015faretleme Bantlar\u0131 i\u015f g\u00fcvenli\u011fi ama\u00e7l\u0131 uyar\u0131 ve i\u015faretleme i\u015flemlerinde kullan\u0131l\u0131r. \u00dcr\u00fcn Kodu Ta\u015f\u0131y\u0131c\u0131 Renk Tutkal Kal\u0131nl\u0131k (mm) Is\u0131 Dayan\u0131m\u0131 SY-1851 SPVC Sar\u0131 \u2013 Siyah Kau\u00e7uk 0,18 -20\u00b0C &gt; 80\u00b0C SY-1852 SPVC K\u0131rm\u0131z\u0131-Beyaz Kau\u00e7uk 0,18 -20\u00b0C &gt; 80\u00b0C [\/vc_column_text][vc_column_text]\u00d6zellikler Yer \u0130\u015faretleme Bantlar\u0131 i\u015f g\u00fcvenli\u011fi ama\u00e7l\u0131 uyar\u0131 ve i\u015faretleme i\u015flemlerinde [&hellip;]","og_url":"https:\/\/ysbchem.com\/tr\/urunler\/yer-isaretleme-banti\/","og_site_name":"Ysbchem","article_publisher":"https:\/\/www.facebook.com\/ysbchem","article_modified_time":"2020-11-01T07:46:28+00:00","og_image":[{"url":"https:\/\/ysbchem.com\/wp-content\/uploads\/2020\/09\/pvc-floor-marking-tape-150x150.png","type":"","width":"","height":""}],"twitter_card":"summary_large_image","twitter_misc":{"Tahmini okuma s\u00fcresi":"2 dakika"},"schema":{"@context":"https:\/\/schema.org","@graph":[{"@type":"WebPage","@id":"https:\/\/ysbchem.com\/tr\/urunler\/yer-isaretleme-banti\/","url":"https:\/\/ysbchem.com\/tr\/urunler\/yer-isaretleme-banti\/","name":"Yer \u0130\u015faretleme Bant\u0131 - Ysbchem","isPartOf":{"@id":"https:\/\/ysbchem.com\/#website"},"primaryImageOfPage":{"@id":"https:\/\/ysbchem.com\/tr\/urunler\/yer-isaretleme-banti\/#primaryimage"},"image":{"@id":"https:\/\/ysbchem.com\/tr\/urunler\/yer-isaretleme-banti\/#primaryimage"},"thumbnailUrl":"https:\/\/ysbchem.com\/wp-content\/uploads\/2020\/09\/pvc-floor-marking-tape-150x150.png","datePublished":"2020-09-18T22:52:49+00:00","dateModified":"2020-11-01T07:46:28+00:00","breadcrumb":{"@id":"https:\/\/ysbchem.com\/tr\/urunler\/yer-isaretleme-banti\/#breadcrumb"},"inLanguage":"tr","potentialAction":[{"@type":"ReadAction","target":["https:\/\/ysbchem.com\/tr\/urunler\/yer-isaretleme-banti\/"]}]},{"@type":"ImageObject","inLanguage":"tr","@id":"https:\/\/ysbchem.com\/tr\/urunler\/yer-isaretleme-banti\/#primaryimage","url":"https:\/\/ysbchem.com\/wp-content\/uploads\/2020\/09\/pvc-floor-marking-tape-150x150.png","contentUrl":"https:\/\/ysbchem.com\/wp-content\/uploads\/2020\/09\/pvc-floor-marking-tape-150x150.png"},{"@type":"BreadcrumbList","@id":"https:\/\/ysbchem.com\/tr\/urunler\/yer-isaretleme-banti\/#breadcrumb","itemListElement":[{"@type":"ListItem","position":1,"name":"Home","item":"https:\/\/ysbchem.com\/tr\/"},{"@type":"ListItem","position":2,"name":"\u00dcr\u00fcnler","item":"https:\/\/ysbchem.com\/tr\/urunler\/"},{"@type":"ListItem","position":3,"name":"Yer \u0130\u015faretleme Bant\u0131"}]},{"@type":"WebSite","@id":"https:\/\/ysbchem.com\/#website","url":"https:\/\/ysbchem.com\/","name":"Ysbchem","description":"Hydrophilic Waterstop Swelling Tape, Fire Strips, Bentonite","publisher":{"@id":"https:\/\/ysbchem.com\/#organization"},"potentialAction":[{"@type":"SearchAction","target":{"@type":"EntryPoint","urlTemplate":"https:\/\/ysbchem.com\/?s={search_term_string}"},"query-input":{"@type":"PropertyValueSpecification","valueRequired":true,"valueName":"search_term_string"}}],"inLanguage":"tr"},{"@type":"Organization","@id":"https:\/\/ysbchem.com\/#organization","name":"YSB Teknik","url":"https:\/\/ysbchem.com\/","logo":{"@type":"ImageObject","inLanguage":"tr","@id":"https:\/\/ysbchem.com\/#\/schema\/logo\/image\/","url":"https:\/\/ysbchem.com\/wp-content\/uploads\/2022\/07\/YSBTeknik-Facebook-Logo.png","contentUrl":"https:\/\/ysbchem.com\/wp-content\/uploads\/2022\/07\/YSBTeknik-Facebook-Logo.png","width":180,"height":180,"caption":"YSB Teknik"},"image":{"@id":"https:\/\/ysbchem.com\/#\/schema\/logo\/image\/"},"sameAs":["https:\/\/www.facebook.com\/ysbchem"]}]}},"_links":{"self":[{"href":"https:\/\/ysbchem.com\/tr\/wp-json\/wp\/v2\/pages\/2104","targetHints":{"allow":["GET"]}}],"collection":[{"href":"https:\/\/ysbchem.com\/tr\/wp-json\/wp\/v2\/pages"}],"about":[{"href":"https:\/\/ysbchem.com\/tr\/wp-json\/wp\/v2\/types\/page"}],"author":[{"embeddable":true,"href":"https:\/\/ysbchem.com\/tr\/wp-json\/wp\/v2\/users\/1"}],"replies":[{"embeddable":true,"href":"https:\/\/ysbchem.com\/tr\/wp-json\/wp\/v2\/comments?post=2104"}],"version-history":[{"count":5,"href":"https:\/\/ysbchem.com\/tr\/wp-json\/wp\/v2\/pages\/2104\/revisions"}],"predecessor-version":[{"id":2462,"href":"https:\/\/ysbchem.com\/tr\/wp-json\/wp\/v2\/pages\/2104\/revisions\/2462"}],"up":[{"embeddable":true,"href":"https:\/\/ysbchem.com\/tr\/wp-json\/wp\/v2\/pages\/2078"}],"wp:attachment":[{"href":"https:\/\/ysbchem.com\/tr\/wp-json\/wp\/v2\/media?parent=2104"}],"curies":[{"name":"wp","href":"https:\/\/api.w.org\/{rel}","templated":true}]}}