{"id":2105,"date":"2020-09-19T01:48:16","date_gmt":"2020-09-18T22:48:16","guid":{"rendered":"https:\/\/ysbchem.com\/?page_id=2105"},"modified":"2020-11-01T10:48:39","modified_gmt":"2020-11-01T07:48:39","slug":"reflektif-bant","status":"publish","type":"page","link":"https:\/\/ysbchem.com\/tr\/urunler\/reflektif-bant\/","title":{"rendered":"Reflektif Bant"},"content":{"rendered":"<div class=\"wpb-content-wrapper\"><p>[vc_row full_width=&#8221;stretch_row_content&#8221; bg_cws_repeat=&#8221;no-repeat&#8221; css=&#8221;.vc_custom_1600019340987{padding-bottom: 60px !important;}&#8221;][vc_column][vc_column_text]<\/p>\n<h2><mark style='color: #1e73be;background-color: #ffffff;'>Reflektif bant<\/mark><\/h2>\n<pre><\/pre>\n<p>[\/vc_column_text][vc_column_text]<img decoding=\"async\" class=\"alignleft wp-image-1981 size-thumbnail\" src=\"https:\/\/ysbchem.com\/wp-content\/uploads\/2020\/09\/reflective-tape-150x150.png\" alt=\"\" width=\"150\" height=\"150\" \/><br \/>\nK\u0131sa s\u00fcreli yol trafik levhalar\u0131nda, reklam uygulamalar\u0131nda, koni ve delinat\u00f6r \u00fczerinde ara\u00e7 \u00fczeri reklam ve aksesuar uygulamalar\u0131nda.<\/p>\n<p>Filo, Trafik Kontrol, Yang\u0131n, Acil Durum G\u00fcvenli\u011fi, Denizcilik, Otomotiv, Demiryolu, Tar\u0131m ve E\u011flence sekt\u00f6rlerinde kullan\u0131m.[\/vc_column_text]<hr style='margin-top: 30px; margin-bottom: 60px; background-color: #ffffff; ' \/>[vc_column_text]<strong>\u00d6zellikler<\/strong><\/p>\n<p>\u2981 S\u00fcper Y\u00fcksek yans\u0131ma de\u011ferleri<br \/>\n\u2981 Yatay plotter kesiminde m\u00fckemmel sonu\u00e7<br \/>\n\u2981 Kolay uygulanan mikroprizatik reflektif.<br \/>\n\u2981 Hava \u015fartlar\u0131na dayan\u0131kl\u0131,<br \/>\n\u2981 Maksimum g\u00fcnd\u00fcz g\u00f6r\u00fcn\u00fcrl\u00fc\u011f\u00fc i\u00e7in beyaz \u00e7izgiler,<br \/>\n\u2981 %250&#8217;ye kadar daha fazla \u0131\u015f\u0131k yans\u0131mas\u0131,<br \/>\n\u2981 Darbeden sonra yans\u0131t\u0131c\u0131l\u0131\u011f\u0131 korur,<br \/>\n\u2981 D\u00fcz veya kavisli y\u00fczeylere kolayca yap\u0131\u015f\u0131r,<\/p>\n<p><strong>Uygulamalar<\/strong><\/p>\n<table width=\"900\">\n<thead>\n<tr>\n<td width=\"58\"><strong>\u00dcr\u00fcn Kodu<\/strong><\/td>\n<td width=\"92\"><strong>Ta\u015f\u0131y\u0131c\u0131<\/strong><\/td>\n<td width=\"83\"><strong>Yap\u0131\u015fkan Cinsi<\/strong><\/td>\n<td width=\"76\">\n<p><strong>Performans<\/strong><\/p>\n<p><strong>S\u00fcresi<\/strong><\/td>\n<td width=\"73\"><strong>Renk<\/strong><\/td>\n<td width=\"322\"><strong>Uygulama Alan\u0131<\/strong><\/td>\n<\/tr>\n<\/thead>\n<tbody>\n<tr>\n<td>RF-6124<\/td>\n<td>Mikroprizmatik PVC<\/td>\n<td>PET<\/td>\n<td>2 y\u0131l<\/td>\n<td>\n<p>Bal petekli;<\/p>\n<p>Sar\u0131,<\/p>\n<p>K\u0131rm\u0131z\u0131,<\/p>\n<p>Beyaz<\/td>\n<td>K\u0131sa s\u00fcreli yol trafik levhalar\u0131nda, reklam uygulamalar\u0131nda, koni ve delinat\u00f6r \u00fczerinde ara\u00e7 \u00fczeri reklam ve aksesuar uygulamalar\u0131nda.<\/td>\n<\/tr>\n<tr>\n<td>RF-6124<\/td>\n<td>Mikroprizmatik PVC<\/td>\n<td>PET<\/td>\n<td>2 y\u0131l<\/td>\n<td>\n<p>Sar\u0131,<\/p>\n<p>K\u0131rm\u0131z\u0131,<\/p>\n<p>Beyaz<\/td>\n<td>K\u0131sa s\u00fcreli yol trafik levhalar\u0131nda, reklam uygulamalar\u0131nda, koni ve delinat\u00f6r \u00fczerinde ara\u00e7 \u00fczeri reklam ve aksesuar uygulamalar\u0131nda.<\/td>\n<\/tr>\n<tr>\n<td>RF-6124<\/td>\n<td>Mikroprizmatik PVC<\/td>\n<td>PET<\/td>\n<td>2 y\u0131l<\/td>\n<td>\n<p>K\u0131rm\u0131z\u0131\/<\/p>\n<p>Beyaz, Sar\u0131\/Siyah<\/td>\n<td>K\u0131sa s\u00fcreli yol trafik levhalar\u0131nda, reklam uygulamalar\u0131nda, koni ve delinat\u00f6r \u00fczerinde ara\u00e7 \u00fczeri reklam ve aksesuar uygulamalar\u0131nda.<\/td>\n<\/tr>\n<\/tbody>\n<\/table>\n<p><img fetchpriority=\"high\" decoding=\"async\" class=\"alignnone size-full wp-image-2086\" src=\"https:\/\/ysbchem.com\/wp-content\/uploads\/2020\/09\/reflective-tape.png\" alt=\"\" width=\"499\" height=\"449\" srcset=\"https:\/\/ysbchem.com\/wp-content\/uploads\/2020\/09\/reflective-tape.png 499w, https:\/\/ysbchem.com\/wp-content\/uploads\/2020\/09\/reflective-tape-300x270.png 300w\" sizes=\"(max-width: 499px) 100vw, 499px\" \/>[\/vc_column_text][\/vc_column][\/vc_row][vc_row][vc_column]<div data-style='&quot;&quot;' class='prospect_button_wrapper render_styles'><a href='https:\/\/ysbchem.com\/tr\/urunler' id='prospect_button_69e37dd373210' class='prospect_button regular'><i class='fa fa-fas fa-chevron-left'><\/i>&#x20;T\u00dcM \u00dcR\u00dcNLER<\/a><\/div>[\/vc_column][\/vc_row]<\/p>\n<\/div>","protected":false},"excerpt":{"rendered":"<p>[vc_row full_width=&#8221;stretch_row_content&#8221; bg_cws_repeat=&#8221;no-repeat&#8221; css=&#8221;.vc_custom_1600019340987{padding-bottom: 60px !important;}&#8221;][vc_column][vc_column_text] [\/vc_column_text][vc_column_text] K\u0131sa s\u00fcreli yol trafik levhalar\u0131nda, reklam uygulamalar\u0131nda, koni ve delinat\u00f6r \u00fczerinde ara\u00e7 \u00fczeri reklam ve aksesuar uygulamalar\u0131nda. Filo, Trafik Kontrol, Yang\u0131n, Acil Durum G\u00fcvenli\u011fi, Denizcilik, Otomotiv, Demiryolu, Tar\u0131m ve E\u011flence sekt\u00f6rlerinde kullan\u0131m.[\/vc_column_text][vc_column_text]\u00d6zellikler \u2981 S\u00fcper Y\u00fcksek yans\u0131ma de\u011ferleri \u2981 Yatay plotter kesiminde m\u00fckemmel sonu\u00e7 \u2981 Kolay uygulanan mikroprizatik reflektif. [&hellip;]<\/p>\n","protected":false},"author":1,"featured_media":0,"parent":2078,"menu_order":0,"comment_status":"closed","ping_status":"closed","template":"","meta":{"footnotes":""},"class_list":["post-2105","page","type-page","status-publish","hentry"],"yoast_head":"<!-- This site is optimized with the Yoast SEO plugin v26.7 - https:\/\/yoast.com\/wordpress\/plugins\/seo\/ -->\n<title>Reflektif Bant - Ysbchem<\/title>\n<meta name=\"robots\" content=\"index, follow, max-snippet:-1, max-image-preview:large, max-video-preview:-1\" \/>\n<link rel=\"canonical\" href=\"https:\/\/ysbchem.com\/tr\/urunler\/reflektif-bant\/\" \/>\n<meta property=\"og:locale\" content=\"tr_TR\" \/>\n<meta property=\"og:type\" content=\"article\" \/>\n<meta property=\"og:title\" content=\"Reflektif Bant - Ysbchem\" \/>\n<meta property=\"og:description\" content=\"[vc_row full_width=&#8221;stretch_row_content&#8221; bg_cws_repeat=&#8221;no-repeat&#8221; css=&#8221;.vc_custom_1600019340987{padding-bottom: 60px !important;}&#8221;][vc_column][vc_column_text] [\/vc_column_text][vc_column_text] K\u0131sa s\u00fcreli yol trafik levhalar\u0131nda, reklam uygulamalar\u0131nda, koni ve delinat\u00f6r \u00fczerinde ara\u00e7 \u00fczeri reklam ve aksesuar uygulamalar\u0131nda. Filo, Trafik Kontrol, Yang\u0131n, Acil Durum G\u00fcvenli\u011fi, Denizcilik, Otomotiv, Demiryolu, Tar\u0131m ve E\u011flence sekt\u00f6rlerinde kullan\u0131m.[\/vc_column_text][vc_column_text]\u00d6zellikler \u2981 S\u00fcper Y\u00fcksek yans\u0131ma de\u011ferleri \u2981 Yatay plotter kesiminde m\u00fckemmel sonu\u00e7 \u2981 Kolay uygulanan mikroprizatik reflektif. [&hellip;]\" \/>\n<meta property=\"og:url\" content=\"https:\/\/ysbchem.com\/tr\/urunler\/reflektif-bant\/\" \/>\n<meta property=\"og:site_name\" content=\"Ysbchem\" \/>\n<meta property=\"article:publisher\" content=\"https:\/\/www.facebook.com\/ysbchem\" \/>\n<meta property=\"article:modified_time\" content=\"2020-11-01T07:48:39+00:00\" \/>\n<meta property=\"og:image\" content=\"https:\/\/ysbchem.com\/wp-content\/uploads\/2020\/09\/reflective-tape-150x150.png\" \/>\n<meta name=\"twitter:card\" content=\"summary_large_image\" \/>\n<meta name=\"twitter:label1\" content=\"Tahmini okuma s\u00fcresi\" \/>\n\t<meta name=\"twitter:data1\" content=\"2 dakika\" \/>\n<script type=\"application\/ld+json\" class=\"yoast-schema-graph\">{\"@context\":\"https:\/\/schema.org\",\"@graph\":[{\"@type\":\"WebPage\",\"@id\":\"https:\/\/ysbchem.com\/tr\/urunler\/reflektif-bant\/\",\"url\":\"https:\/\/ysbchem.com\/tr\/urunler\/reflektif-bant\/\",\"name\":\"Reflektif Bant - Ysbchem\",\"isPartOf\":{\"@id\":\"https:\/\/ysbchem.com\/#website\"},\"primaryImageOfPage\":{\"@id\":\"https:\/\/ysbchem.com\/tr\/urunler\/reflektif-bant\/#primaryimage\"},\"image\":{\"@id\":\"https:\/\/ysbchem.com\/tr\/urunler\/reflektif-bant\/#primaryimage\"},\"thumbnailUrl\":\"https:\/\/ysbchem.com\/wp-content\/uploads\/2020\/09\/reflective-tape-150x150.png\",\"datePublished\":\"2020-09-18T22:48:16+00:00\",\"dateModified\":\"2020-11-01T07:48:39+00:00\",\"breadcrumb\":{\"@id\":\"https:\/\/ysbchem.com\/tr\/urunler\/reflektif-bant\/#breadcrumb\"},\"inLanguage\":\"tr\",\"potentialAction\":[{\"@type\":\"ReadAction\",\"target\":[\"https:\/\/ysbchem.com\/tr\/urunler\/reflektif-bant\/\"]}]},{\"@type\":\"ImageObject\",\"inLanguage\":\"tr\",\"@id\":\"https:\/\/ysbchem.com\/tr\/urunler\/reflektif-bant\/#primaryimage\",\"url\":\"https:\/\/ysbchem.com\/wp-content\/uploads\/2020\/09\/reflective-tape-150x150.png\",\"contentUrl\":\"https:\/\/ysbchem.com\/wp-content\/uploads\/2020\/09\/reflective-tape-150x150.png\"},{\"@type\":\"BreadcrumbList\",\"@id\":\"https:\/\/ysbchem.com\/tr\/urunler\/reflektif-bant\/#breadcrumb\",\"itemListElement\":[{\"@type\":\"ListItem\",\"position\":1,\"name\":\"Home\",\"item\":\"https:\/\/ysbchem.com\/tr\/\"},{\"@type\":\"ListItem\",\"position\":2,\"name\":\"\u00dcr\u00fcnler\",\"item\":\"https:\/\/ysbchem.com\/tr\/urunler\/\"},{\"@type\":\"ListItem\",\"position\":3,\"name\":\"Reflektif Bant\"}]},{\"@type\":\"WebSite\",\"@id\":\"https:\/\/ysbchem.com\/#website\",\"url\":\"https:\/\/ysbchem.com\/\",\"name\":\"Ysbchem\",\"description\":\"Hydrophilic Waterstop Swelling Tape, Fire Strips, Bentonite\",\"publisher\":{\"@id\":\"https:\/\/ysbchem.com\/#organization\"},\"potentialAction\":[{\"@type\":\"SearchAction\",\"target\":{\"@type\":\"EntryPoint\",\"urlTemplate\":\"https:\/\/ysbchem.com\/?s={search_term_string}\"},\"query-input\":{\"@type\":\"PropertyValueSpecification\",\"valueRequired\":true,\"valueName\":\"search_term_string\"}}],\"inLanguage\":\"tr\"},{\"@type\":\"Organization\",\"@id\":\"https:\/\/ysbchem.com\/#organization\",\"name\":\"YSB Teknik\",\"url\":\"https:\/\/ysbchem.com\/\",\"logo\":{\"@type\":\"ImageObject\",\"inLanguage\":\"tr\",\"@id\":\"https:\/\/ysbchem.com\/#\/schema\/logo\/image\/\",\"url\":\"https:\/\/ysbchem.com\/wp-content\/uploads\/2022\/07\/YSBTeknik-Facebook-Logo.png\",\"contentUrl\":\"https:\/\/ysbchem.com\/wp-content\/uploads\/2022\/07\/YSBTeknik-Facebook-Logo.png\",\"width\":180,\"height\":180,\"caption\":\"YSB Teknik\"},\"image\":{\"@id\":\"https:\/\/ysbchem.com\/#\/schema\/logo\/image\/\"},\"sameAs\":[\"https:\/\/www.facebook.com\/ysbchem\"]}]}<\/script>\n<!-- \/ Yoast SEO plugin. -->","yoast_head_json":{"title":"Reflektif Bant - Ysbchem","robots":{"index":"index","follow":"follow","max-snippet":"max-snippet:-1","max-image-preview":"max-image-preview:large","max-video-preview":"max-video-preview:-1"},"canonical":"https:\/\/ysbchem.com\/tr\/urunler\/reflektif-bant\/","og_locale":"tr_TR","og_type":"article","og_title":"Reflektif Bant - Ysbchem","og_description":"[vc_row full_width=&#8221;stretch_row_content&#8221; bg_cws_repeat=&#8221;no-repeat&#8221; css=&#8221;.vc_custom_1600019340987{padding-bottom: 60px !important;}&#8221;][vc_column][vc_column_text] [\/vc_column_text][vc_column_text] K\u0131sa s\u00fcreli yol trafik levhalar\u0131nda, reklam uygulamalar\u0131nda, koni ve delinat\u00f6r \u00fczerinde ara\u00e7 \u00fczeri reklam ve aksesuar uygulamalar\u0131nda. Filo, Trafik Kontrol, Yang\u0131n, Acil Durum G\u00fcvenli\u011fi, Denizcilik, Otomotiv, Demiryolu, Tar\u0131m ve E\u011flence sekt\u00f6rlerinde kullan\u0131m.[\/vc_column_text][vc_column_text]\u00d6zellikler \u2981 S\u00fcper Y\u00fcksek yans\u0131ma de\u011ferleri \u2981 Yatay plotter kesiminde m\u00fckemmel sonu\u00e7 \u2981 Kolay uygulanan mikroprizatik reflektif. [&hellip;]","og_url":"https:\/\/ysbchem.com\/tr\/urunler\/reflektif-bant\/","og_site_name":"Ysbchem","article_publisher":"https:\/\/www.facebook.com\/ysbchem","article_modified_time":"2020-11-01T07:48:39+00:00","og_image":[{"url":"https:\/\/ysbchem.com\/wp-content\/uploads\/2020\/09\/reflective-tape-150x150.png","type":"","width":"","height":""}],"twitter_card":"summary_large_image","twitter_misc":{"Tahmini okuma s\u00fcresi":"2 dakika"},"schema":{"@context":"https:\/\/schema.org","@graph":[{"@type":"WebPage","@id":"https:\/\/ysbchem.com\/tr\/urunler\/reflektif-bant\/","url":"https:\/\/ysbchem.com\/tr\/urunler\/reflektif-bant\/","name":"Reflektif Bant - Ysbchem","isPartOf":{"@id":"https:\/\/ysbchem.com\/#website"},"primaryImageOfPage":{"@id":"https:\/\/ysbchem.com\/tr\/urunler\/reflektif-bant\/#primaryimage"},"image":{"@id":"https:\/\/ysbchem.com\/tr\/urunler\/reflektif-bant\/#primaryimage"},"thumbnailUrl":"https:\/\/ysbchem.com\/wp-content\/uploads\/2020\/09\/reflective-tape-150x150.png","datePublished":"2020-09-18T22:48:16+00:00","dateModified":"2020-11-01T07:48:39+00:00","breadcrumb":{"@id":"https:\/\/ysbchem.com\/tr\/urunler\/reflektif-bant\/#breadcrumb"},"inLanguage":"tr","potentialAction":[{"@type":"ReadAction","target":["https:\/\/ysbchem.com\/tr\/urunler\/reflektif-bant\/"]}]},{"@type":"ImageObject","inLanguage":"tr","@id":"https:\/\/ysbchem.com\/tr\/urunler\/reflektif-bant\/#primaryimage","url":"https:\/\/ysbchem.com\/wp-content\/uploads\/2020\/09\/reflective-tape-150x150.png","contentUrl":"https:\/\/ysbchem.com\/wp-content\/uploads\/2020\/09\/reflective-tape-150x150.png"},{"@type":"BreadcrumbList","@id":"https:\/\/ysbchem.com\/tr\/urunler\/reflektif-bant\/#breadcrumb","itemListElement":[{"@type":"ListItem","position":1,"name":"Home","item":"https:\/\/ysbchem.com\/tr\/"},{"@type":"ListItem","position":2,"name":"\u00dcr\u00fcnler","item":"https:\/\/ysbchem.com\/tr\/urunler\/"},{"@type":"ListItem","position":3,"name":"Reflektif Bant"}]},{"@type":"WebSite","@id":"https:\/\/ysbchem.com\/#website","url":"https:\/\/ysbchem.com\/","name":"Ysbchem","description":"Hydrophilic Waterstop Swelling Tape, Fire Strips, Bentonite","publisher":{"@id":"https:\/\/ysbchem.com\/#organization"},"potentialAction":[{"@type":"SearchAction","target":{"@type":"EntryPoint","urlTemplate":"https:\/\/ysbchem.com\/?s={search_term_string}"},"query-input":{"@type":"PropertyValueSpecification","valueRequired":true,"valueName":"search_term_string"}}],"inLanguage":"tr"},{"@type":"Organization","@id":"https:\/\/ysbchem.com\/#organization","name":"YSB Teknik","url":"https:\/\/ysbchem.com\/","logo":{"@type":"ImageObject","inLanguage":"tr","@id":"https:\/\/ysbchem.com\/#\/schema\/logo\/image\/","url":"https:\/\/ysbchem.com\/wp-content\/uploads\/2022\/07\/YSBTeknik-Facebook-Logo.png","contentUrl":"https:\/\/ysbchem.com\/wp-content\/uploads\/2022\/07\/YSBTeknik-Facebook-Logo.png","width":180,"height":180,"caption":"YSB Teknik"},"image":{"@id":"https:\/\/ysbchem.com\/#\/schema\/logo\/image\/"},"sameAs":["https:\/\/www.facebook.com\/ysbchem"]}]}},"_links":{"self":[{"href":"https:\/\/ysbchem.com\/tr\/wp-json\/wp\/v2\/pages\/2105","targetHints":{"allow":["GET"]}}],"collection":[{"href":"https:\/\/ysbchem.com\/tr\/wp-json\/wp\/v2\/pages"}],"about":[{"href":"https:\/\/ysbchem.com\/tr\/wp-json\/wp\/v2\/types\/page"}],"author":[{"embeddable":true,"href":"https:\/\/ysbchem.com\/tr\/wp-json\/wp\/v2\/users\/1"}],"replies":[{"embeddable":true,"href":"https:\/\/ysbchem.com\/tr\/wp-json\/wp\/v2\/comments?post=2105"}],"version-history":[{"count":9,"href":"https:\/\/ysbchem.com\/tr\/wp-json\/wp\/v2\/pages\/2105\/revisions"}],"predecessor-version":[{"id":2466,"href":"https:\/\/ysbchem.com\/tr\/wp-json\/wp\/v2\/pages\/2105\/revisions\/2466"}],"up":[{"embeddable":true,"href":"https:\/\/ysbchem.com\/tr\/wp-json\/wp\/v2\/pages\/2078"}],"wp:attachment":[{"href":"https:\/\/ysbchem.com\/tr\/wp-json\/wp\/v2\/media?parent=2105"}],"curies":[{"name":"wp","href":"https:\/\/api.w.org\/{rel}","templated":true}]}}