{"id":2106,"date":"2020-09-19T02:32:31","date_gmt":"2020-09-18T23:32:31","guid":{"rendered":"https:\/\/ysbchem.com\/?page_id=2106"},"modified":"2020-11-01T11:06:08","modified_gmt":"2020-11-01T08:06:08","slug":"ysb-flex","status":"publish","type":"page","link":"https:\/\/ysbchem.com\/tr\/urunler\/ysb-flex\/","title":{"rendered":"YSB FLEX"},"content":{"rendered":"<div class=\"wpb-content-wrapper\"><p>[vc_row full_width=&#8221;stretch_row_content&#8221;][vc_column][vc_column_text]<\/p>\n<h2><mark style='color: #1e73be;background-color: #ffffff;'>YSB FLEX<\/mark><\/h2>\n<p>[\/vc_column_text][vc_column_text]<img decoding=\"async\" class=\"alignleft wp-image-1596 size-thumbnail\" src=\"https:\/\/ysbchem.com\/wp-content\/uploads\/2020\/09\/ysbflex-150x150.jpg\" alt=\"\" width=\"150\" height=\"150\" \/>YSBFLEX y\u00fcksek elastikiyete sahip Pah Band\u0131n\u0131n ta\u015f\u0131y\u0131c\u0131s\u0131 ke\u00e7e olup orta k\u0131sm\u0131 istenilen renklerde (RAL, PANTONE) elastomerik re\u00e7ineden \u00fcretilmi\u015ftir. Ke\u00e7e ta\u015f\u0131y\u0131c\u0131lar\u0131 sayesinde s\u00fcrerek uygulanan s\u0131v\u0131 su yal\u0131t\u0131m \u00fcr\u00fcnleri ile \u00e7ok iyi uyum sa\u011flar ve eksiz bir yal\u0131t\u0131m katman\u0131 olu\u015fturur.[\/vc_column_text]<hr style='margin-top: 30px; margin-bottom: 90px; background-color: #ffffff; ' \/>[vc_column_text]<strong>Kullan\u0131m Yerleri<\/strong><\/p>\n<p>Y\u00fcksek alkali dayan\u0131m\u0131 sayesinde teras ve balkon gibi d\u0131\u015f mekanlarda uygulanan \u00e7imento esasl\u0131 \u00fcr\u00fcnler ile uyumludur.<br \/>\nBalkon ve teraslar\u0131n yal\u0131t\u0131m\u0131nda,<br \/>\nIslak hacimlerin yal\u0131t\u0131m\u0131nda kullan\u0131l\u0131r.<\/p>\n<p><strong>Avantajlar<\/strong><\/p>\n<p>Kolay uygulan\u0131r.<br \/>\nS\u00fcrekli bir yal\u0131t\u0131m sa\u011flar.<br \/>\nBir\u00e7ok kimyasal maddeye kar\u015f\u0131 dayan\u0131kl\u0131d\u0131r.<br \/>\nOzona ve UV`ye dayan\u0131kl\u0131d\u0131r.<\/p>\n<p><strong>Uygulama \u015eekli<\/strong><\/p>\n<p>Uygulama Y\u00fczeyinin Haz\u0131rlanmas\u0131:<\/p>\n<p>Uygulama yap\u0131lacak y\u00fczeyler kuru olmal\u0131d\u0131r.<br \/>\nY\u00fczeyler temiz, sa\u011flam, ta\u015f\u0131y\u0131c\u0131 ve serbest par\u00e7ac\u0131klardan ar\u0131nd\u0131r\u0131lm\u0131\u015f olmal\u0131d\u0131r.<br \/>\nYa\u011f, gres, kir, boya, \u00e7imento \u015ferbeti, pas, kal\u0131p ya\u011f\u0131, tuz kusmas\u0131 gibi aderans\u0131 azaltacak tabakalar uygulamadan \u00f6nce tam olarak temizlenmelidir.<br \/>\nGerekli g\u00f6r\u00fclen alanlarda mekanik y\u00f6ntemler ile y\u00fczey p\u00fcr\u00fczlendirilmelidir.<\/p>\n<p>Derz veya \u00e7atla\u011f\u0131n her iki taraf\u0131na (orta k\u0131sm\u0131 takriben 5 cm bo\u015f kalacak \u015fekilde) uygun su yal\u0131t\u0131m\u0131 \u00fcr\u00fcn\u00fc s\u00fcr\u00fcl\u00fcr ve kurumadan \u00fczerine\u00a0YSBFLEX\u00a0band\u0131 yat\u0131r\u0131l\u0131r. Rulo veya f\u0131r\u00e7a ile ke\u00e7e k\u0131s\u0131mlar\u0131 bast\u0131r\u0131larak su yal\u0131t\u0131m\u0131 katman\u0131 ile her noktada tam olarak temas etmesi sa\u011flanmal\u0131d\u0131r. Bant y\u00fczeyinde pot olu\u015fmamas\u0131na dikkat edilmeli. Su yal\u0131t\u0131m \u00fcr\u00fcn\u00fc kuruduktan sonra \u00fczerine ikinci kat uygulama yap\u0131larak ke\u00e7e k\u0131sm\u0131n\u0131n iki katman aras\u0131nda s\u0131zd\u0131rmaz \u015fekilde kalmas\u0131na dikkat edilmelidir. Band\u0131n orta k\u0131sm\u0131 yal\u0131t\u0131m katman\u0131na yap\u0131\u015fmayarak bo\u015fta kalmas\u0131na dikkat edilmelidir, bant bu sayede yap\u0131n\u0131n hareketlerini k\u00f6pr\u00fcleyebilecektir.3 mm&#8217;den daha geni\u015f \u00e7atlaklar uygulamadan \u00f6nce uygun mastik ile doldurulmal\u0131d\u0131r<\/p>\n<p><strong>Teknik \u00d6zellikler<\/strong><\/p>\n<div class=\"column mcb-column mcb-item-379ca147e three-fourth column_column\">\n<div class=\"column_attr clearfix\"><\/div>\n<\/div>\n<div class=\"column mcb-column mcb-item-d2449624f two-third column_column\">\n<div class=\"column_attr clearfix\">\n<p><img fetchpriority=\"high\" decoding=\"async\" class=\"alignnone wp-image-2167 size-full\" src=\"https:\/\/ysbchem.com\/wp-content\/uploads\/2020\/09\/teknikozelliklerysbflex.png\" alt=\"\" width=\"537\" height=\"700\" srcset=\"https:\/\/ysbchem.com\/wp-content\/uploads\/2020\/09\/teknikozelliklerysbflex.png 537w, https:\/\/ysbchem.com\/wp-content\/uploads\/2020\/09\/teknikozelliklerysbflex-230x300.png 230w\" sizes=\"(max-width: 537px) 100vw, 537px\" \/><\/p>\n<p>*\u0130stanbul Teknik \u00dcniversitesi Rapor No: 221a\/09.03.20l6<br \/>\nAmbalaj: Beyaz Kutu Koli \u0130\u00e7inde (10 Rulo Her Rulo 50 m\/t\u00fcl) 500 m\/t\u00fcl<br \/>\nRaf \u00d6mr\u00fc: Uygun depolama ko\u015fullar\u0131nda (Kuru ve serin ortamda, orijinal ambalaj\u0131nda) a\u00e7\u0131lmam\u0131\u015f olarak 24 ayd\u0131r.<\/p>\n<\/div>\n<\/div>\n<p><img decoding=\"async\" class=\"alignnone wp-image-1914 size-full\" src=\"https:\/\/ysbchem.com\/wp-content\/uploads\/2020\/09\/joint.jpeg\" alt=\"\" width=\"783\" height=\"693\" srcset=\"https:\/\/ysbchem.com\/wp-content\/uploads\/2020\/09\/joint.jpeg 783w, https:\/\/ysbchem.com\/wp-content\/uploads\/2020\/09\/joint-300x266.jpeg 300w, https:\/\/ysbchem.com\/wp-content\/uploads\/2020\/09\/joint-768x680.jpeg 768w\" sizes=\"(max-width: 783px) 100vw, 783px\" \/><\/p>\n<p><img loading=\"lazy\" decoding=\"async\" class=\"alignnone size-full wp-image-2417\" src=\"https:\/\/ysbchem.com\/wp-content\/uploads\/2020\/11\/YSBFLEX.png\" alt=\"\" width=\"787\" height=\"656\" srcset=\"https:\/\/ysbchem.com\/wp-content\/uploads\/2020\/11\/YSBFLEX.png 787w, https:\/\/ysbchem.com\/wp-content\/uploads\/2020\/11\/YSBFLEX-300x250.png 300w, https:\/\/ysbchem.com\/wp-content\/uploads\/2020\/11\/YSBFLEX-768x640.png 768w\" sizes=\"(max-width: 787px) 100vw, 787px\" \/>[\/vc_column_text]<hr style='' \/>[vc_column_text]<strong>Dokumas\u0131z Kuma\u015f<\/strong><\/p>\n<p><img loading=\"lazy\" decoding=\"async\" class=\"alignnone wp-image-114 size-full\" src=\"https:\/\/ysbchem.com\/wp-content\/uploads\/2017\/01\/non-wowen-fabric.png\" alt=\"\" width=\"492\" height=\"215\" srcset=\"https:\/\/ysbchem.com\/wp-content\/uploads\/2017\/01\/non-wowen-fabric.png 492w, https:\/\/ysbchem.com\/wp-content\/uploads\/2017\/01\/non-wowen-fabric-300x131.png 300w, https:\/\/ysbchem.com\/wp-content\/uploads\/2017\/01\/non-wowen-fabric-260x114.png 260w, https:\/\/ysbchem.com\/wp-content\/uploads\/2017\/01\/non-wowen-fabric-50x22.png 50w, https:\/\/ysbchem.com\/wp-content\/uploads\/2017\/01\/non-wowen-fabric-150x66.png 150w\" sizes=\"(max-width: 492px) 100vw, 492px\" \/>[\/vc_column_text]<div data-style='&quot;&quot;' class='prospect_button_wrapper render_styles'><a href='https:\/\/ysbchem.com\/wp-content\/uploads\/2019\/11\/YSBFLEX-NON-WOVEN-MSDS.pdf' id='prospect_button_69e378c28ed4d' class='prospect_button regular' target='_blank'>\u0130ndir&#x20;<i class='fa fa-fas fa-cloud-download-alt'><\/i><\/a><\/div><div class='cws_spacing' style='height: 30px;'><\/div>[vc_column_text]<strong>Polyester Kuma\u015f<\/strong><\/p>\n<p><img loading=\"lazy\" decoding=\"async\" class=\"alignnone wp-image-113 size-full\" src=\"https:\/\/ysbchem.com\/wp-content\/uploads\/2017\/01\/polyester-fabric.png\" alt=\"\" width=\"491\" height=\"217\" srcset=\"https:\/\/ysbchem.com\/wp-content\/uploads\/2017\/01\/polyester-fabric.png 491w, https:\/\/ysbchem.com\/wp-content\/uploads\/2017\/01\/polyester-fabric-300x133.png 300w, https:\/\/ysbchem.com\/wp-content\/uploads\/2017\/01\/polyester-fabric-260x115.png 260w, https:\/\/ysbchem.com\/wp-content\/uploads\/2017\/01\/polyester-fabric-50x22.png 50w, https:\/\/ysbchem.com\/wp-content\/uploads\/2017\/01\/polyester-fabric-150x66.png 150w\" sizes=\"(max-width: 491px) 100vw, 491px\" \/>[\/vc_column_text]<div data-style='&quot;&quot;' class='prospect_button_wrapper render_styles'><a href='https:\/\/ysbchem.com\/wp-content\/uploads\/2019\/11\/YSBFLEX-POLYESTER-MSDS-.pdf' id='prospect_button_69e378c28ee5d' class='prospect_button regular' target='_blank'>\u0130ndir&#x20;<i class='fa fa-fas fa-cloud-download-alt'><\/i><\/a><\/div><hr style='' \/><div data-style='&quot;&quot;' class='prospect_button_wrapper render_styles'><a href='https:\/\/ysbchem.com\/wp-content\/uploads\/2020\/11\/YSB-FLEX-BROCHURE.pdf' id='prospect_button_69e378c28ef0a' class='prospect_button regular' target='_blank'>YSB FLEX BRO\u015e\u00dcR&#x20;<i class='fa fa-fas fa-cloud-download-alt'><\/i><\/a><\/div>[\/vc_column][\/vc_row][vc_row][vc_column]<div data-style='&quot;&quot;' class='prospect_button_wrapper render_styles'><a href='https:\/\/ysbchem.com\/tr\/urunler' id='prospect_button_69e378c28ef7c' class='prospect_button regular'><i class='fa fa-fas fa-chevron-left'><\/i>&#x20;T\u00fcm \u00dcr\u00fcnler<\/a><\/div>[\/vc_column][\/vc_row]<\/p>\n<\/div>","protected":false},"excerpt":{"rendered":"<p>[vc_row full_width=&#8221;stretch_row_content&#8221;][vc_column][vc_column_text] [\/vc_column_text][vc_column_text]YSBFLEX y\u00fcksek elastikiyete sahip Pah Band\u0131n\u0131n ta\u015f\u0131y\u0131c\u0131s\u0131 ke\u00e7e olup orta k\u0131sm\u0131 istenilen renklerde (RAL, PANTONE) elastomerik re\u00e7ineden \u00fcretilmi\u015ftir. Ke\u00e7e ta\u015f\u0131y\u0131c\u0131lar\u0131 sayesinde s\u00fcrerek uygulanan s\u0131v\u0131 su yal\u0131t\u0131m \u00fcr\u00fcnleri ile \u00e7ok iyi uyum sa\u011flar ve eksiz bir yal\u0131t\u0131m katman\u0131 olu\u015fturur.[\/vc_column_text][vc_column_text]Kullan\u0131m Yerleri Y\u00fcksek alkali dayan\u0131m\u0131 sayesinde teras ve balkon gibi d\u0131\u015f mekanlarda uygulanan \u00e7imento esasl\u0131 \u00fcr\u00fcnler [&hellip;]<\/p>\n","protected":false},"author":1,"featured_media":0,"parent":2078,"menu_order":0,"comment_status":"closed","ping_status":"closed","template":"","meta":{"footnotes":""},"class_list":["post-2106","page","type-page","status-publish","hentry"],"yoast_head":"<!-- This site is optimized with the Yoast SEO plugin v26.7 - https:\/\/yoast.com\/wordpress\/plugins\/seo\/ -->\n<title>YSB FLEX - Ysbchem<\/title>\n<meta name=\"robots\" content=\"index, follow, max-snippet:-1, max-image-preview:large, max-video-preview:-1\" \/>\n<link rel=\"canonical\" href=\"https:\/\/ysbchem.com\/tr\/urunler\/ysb-flex\/\" \/>\n<meta property=\"og:locale\" content=\"tr_TR\" \/>\n<meta property=\"og:type\" content=\"article\" \/>\n<meta property=\"og:title\" content=\"YSB FLEX - Ysbchem\" \/>\n<meta property=\"og:description\" content=\"[vc_row full_width=&#8221;stretch_row_content&#8221;][vc_column][vc_column_text] [\/vc_column_text][vc_column_text]YSBFLEX y\u00fcksek elastikiyete sahip Pah Band\u0131n\u0131n ta\u015f\u0131y\u0131c\u0131s\u0131 ke\u00e7e olup orta k\u0131sm\u0131 istenilen renklerde (RAL, PANTONE) elastomerik re\u00e7ineden \u00fcretilmi\u015ftir. Ke\u00e7e ta\u015f\u0131y\u0131c\u0131lar\u0131 sayesinde s\u00fcrerek uygulanan s\u0131v\u0131 su yal\u0131t\u0131m \u00fcr\u00fcnleri ile \u00e7ok iyi uyum sa\u011flar ve eksiz bir yal\u0131t\u0131m katman\u0131 olu\u015fturur.[\/vc_column_text][vc_column_text]Kullan\u0131m Yerleri Y\u00fcksek alkali dayan\u0131m\u0131 sayesinde teras ve balkon gibi d\u0131\u015f mekanlarda uygulanan \u00e7imento esasl\u0131 \u00fcr\u00fcnler [&hellip;]\" \/>\n<meta property=\"og:url\" content=\"https:\/\/ysbchem.com\/tr\/urunler\/ysb-flex\/\" \/>\n<meta property=\"og:site_name\" content=\"Ysbchem\" \/>\n<meta property=\"article:publisher\" content=\"https:\/\/www.facebook.com\/ysbchem\" \/>\n<meta property=\"article:modified_time\" content=\"2020-11-01T08:06:08+00:00\" \/>\n<meta property=\"og:image\" content=\"https:\/\/ysbchem.com\/wp-content\/uploads\/2020\/09\/ysbflex-150x150.jpg\" \/>\n<meta name=\"twitter:card\" content=\"summary_large_image\" \/>\n<meta name=\"twitter:label1\" content=\"Tahmini okuma s\u00fcresi\" \/>\n\t<meta name=\"twitter:data1\" content=\"3 dakika\" \/>\n<script type=\"application\/ld+json\" class=\"yoast-schema-graph\">{\"@context\":\"https:\/\/schema.org\",\"@graph\":[{\"@type\":\"WebPage\",\"@id\":\"https:\/\/ysbchem.com\/tr\/urunler\/ysb-flex\/\",\"url\":\"https:\/\/ysbchem.com\/tr\/urunler\/ysb-flex\/\",\"name\":\"YSB FLEX - Ysbchem\",\"isPartOf\":{\"@id\":\"https:\/\/ysbchem.com\/#website\"},\"primaryImageOfPage\":{\"@id\":\"https:\/\/ysbchem.com\/tr\/urunler\/ysb-flex\/#primaryimage\"},\"image\":{\"@id\":\"https:\/\/ysbchem.com\/tr\/urunler\/ysb-flex\/#primaryimage\"},\"thumbnailUrl\":\"https:\/\/ysbchem.com\/wp-content\/uploads\/2020\/09\/ysbflex-150x150.jpg\",\"datePublished\":\"2020-09-18T23:32:31+00:00\",\"dateModified\":\"2020-11-01T08:06:08+00:00\",\"breadcrumb\":{\"@id\":\"https:\/\/ysbchem.com\/tr\/urunler\/ysb-flex\/#breadcrumb\"},\"inLanguage\":\"tr\",\"potentialAction\":[{\"@type\":\"ReadAction\",\"target\":[\"https:\/\/ysbchem.com\/tr\/urunler\/ysb-flex\/\"]}]},{\"@type\":\"ImageObject\",\"inLanguage\":\"tr\",\"@id\":\"https:\/\/ysbchem.com\/tr\/urunler\/ysb-flex\/#primaryimage\",\"url\":\"https:\/\/ysbchem.com\/wp-content\/uploads\/2020\/09\/ysbflex-150x150.jpg\",\"contentUrl\":\"https:\/\/ysbchem.com\/wp-content\/uploads\/2020\/09\/ysbflex-150x150.jpg\"},{\"@type\":\"BreadcrumbList\",\"@id\":\"https:\/\/ysbchem.com\/tr\/urunler\/ysb-flex\/#breadcrumb\",\"itemListElement\":[{\"@type\":\"ListItem\",\"position\":1,\"name\":\"Home\",\"item\":\"https:\/\/ysbchem.com\/tr\/\"},{\"@type\":\"ListItem\",\"position\":2,\"name\":\"\u00dcr\u00fcnler\",\"item\":\"https:\/\/ysbchem.com\/tr\/urunler\/\"},{\"@type\":\"ListItem\",\"position\":3,\"name\":\"YSB FLEX\"}]},{\"@type\":\"WebSite\",\"@id\":\"https:\/\/ysbchem.com\/#website\",\"url\":\"https:\/\/ysbchem.com\/\",\"name\":\"Ysbchem\",\"description\":\"Hydrophilic Waterstop Swelling Tape, Fire Strips, Bentonite\",\"publisher\":{\"@id\":\"https:\/\/ysbchem.com\/#organization\"},\"potentialAction\":[{\"@type\":\"SearchAction\",\"target\":{\"@type\":\"EntryPoint\",\"urlTemplate\":\"https:\/\/ysbchem.com\/?s={search_term_string}\"},\"query-input\":{\"@type\":\"PropertyValueSpecification\",\"valueRequired\":true,\"valueName\":\"search_term_string\"}}],\"inLanguage\":\"tr\"},{\"@type\":\"Organization\",\"@id\":\"https:\/\/ysbchem.com\/#organization\",\"name\":\"YSB Teknik\",\"url\":\"https:\/\/ysbchem.com\/\",\"logo\":{\"@type\":\"ImageObject\",\"inLanguage\":\"tr\",\"@id\":\"https:\/\/ysbchem.com\/#\/schema\/logo\/image\/\",\"url\":\"https:\/\/ysbchem.com\/wp-content\/uploads\/2022\/07\/YSBTeknik-Facebook-Logo.png\",\"contentUrl\":\"https:\/\/ysbchem.com\/wp-content\/uploads\/2022\/07\/YSBTeknik-Facebook-Logo.png\",\"width\":180,\"height\":180,\"caption\":\"YSB Teknik\"},\"image\":{\"@id\":\"https:\/\/ysbchem.com\/#\/schema\/logo\/image\/\"},\"sameAs\":[\"https:\/\/www.facebook.com\/ysbchem\"]}]}<\/script>\n<!-- \/ Yoast SEO plugin. -->","yoast_head_json":{"title":"YSB FLEX - Ysbchem","robots":{"index":"index","follow":"follow","max-snippet":"max-snippet:-1","max-image-preview":"max-image-preview:large","max-video-preview":"max-video-preview:-1"},"canonical":"https:\/\/ysbchem.com\/tr\/urunler\/ysb-flex\/","og_locale":"tr_TR","og_type":"article","og_title":"YSB FLEX - Ysbchem","og_description":"[vc_row full_width=&#8221;stretch_row_content&#8221;][vc_column][vc_column_text] [\/vc_column_text][vc_column_text]YSBFLEX y\u00fcksek elastikiyete sahip Pah Band\u0131n\u0131n ta\u015f\u0131y\u0131c\u0131s\u0131 ke\u00e7e olup orta k\u0131sm\u0131 istenilen renklerde (RAL, PANTONE) elastomerik re\u00e7ineden \u00fcretilmi\u015ftir. Ke\u00e7e ta\u015f\u0131y\u0131c\u0131lar\u0131 sayesinde s\u00fcrerek uygulanan s\u0131v\u0131 su yal\u0131t\u0131m \u00fcr\u00fcnleri ile \u00e7ok iyi uyum sa\u011flar ve eksiz bir yal\u0131t\u0131m katman\u0131 olu\u015fturur.[\/vc_column_text][vc_column_text]Kullan\u0131m Yerleri Y\u00fcksek alkali dayan\u0131m\u0131 sayesinde teras ve balkon gibi d\u0131\u015f mekanlarda uygulanan \u00e7imento esasl\u0131 \u00fcr\u00fcnler [&hellip;]","og_url":"https:\/\/ysbchem.com\/tr\/urunler\/ysb-flex\/","og_site_name":"Ysbchem","article_publisher":"https:\/\/www.facebook.com\/ysbchem","article_modified_time":"2020-11-01T08:06:08+00:00","og_image":[{"url":"https:\/\/ysbchem.com\/wp-content\/uploads\/2020\/09\/ysbflex-150x150.jpg","type":"","width":"","height":""}],"twitter_card":"summary_large_image","twitter_misc":{"Tahmini okuma s\u00fcresi":"3 dakika"},"schema":{"@context":"https:\/\/schema.org","@graph":[{"@type":"WebPage","@id":"https:\/\/ysbchem.com\/tr\/urunler\/ysb-flex\/","url":"https:\/\/ysbchem.com\/tr\/urunler\/ysb-flex\/","name":"YSB FLEX - Ysbchem","isPartOf":{"@id":"https:\/\/ysbchem.com\/#website"},"primaryImageOfPage":{"@id":"https:\/\/ysbchem.com\/tr\/urunler\/ysb-flex\/#primaryimage"},"image":{"@id":"https:\/\/ysbchem.com\/tr\/urunler\/ysb-flex\/#primaryimage"},"thumbnailUrl":"https:\/\/ysbchem.com\/wp-content\/uploads\/2020\/09\/ysbflex-150x150.jpg","datePublished":"2020-09-18T23:32:31+00:00","dateModified":"2020-11-01T08:06:08+00:00","breadcrumb":{"@id":"https:\/\/ysbchem.com\/tr\/urunler\/ysb-flex\/#breadcrumb"},"inLanguage":"tr","potentialAction":[{"@type":"ReadAction","target":["https:\/\/ysbchem.com\/tr\/urunler\/ysb-flex\/"]}]},{"@type":"ImageObject","inLanguage":"tr","@id":"https:\/\/ysbchem.com\/tr\/urunler\/ysb-flex\/#primaryimage","url":"https:\/\/ysbchem.com\/wp-content\/uploads\/2020\/09\/ysbflex-150x150.jpg","contentUrl":"https:\/\/ysbchem.com\/wp-content\/uploads\/2020\/09\/ysbflex-150x150.jpg"},{"@type":"BreadcrumbList","@id":"https:\/\/ysbchem.com\/tr\/urunler\/ysb-flex\/#breadcrumb","itemListElement":[{"@type":"ListItem","position":1,"name":"Home","item":"https:\/\/ysbchem.com\/tr\/"},{"@type":"ListItem","position":2,"name":"\u00dcr\u00fcnler","item":"https:\/\/ysbchem.com\/tr\/urunler\/"},{"@type":"ListItem","position":3,"name":"YSB FLEX"}]},{"@type":"WebSite","@id":"https:\/\/ysbchem.com\/#website","url":"https:\/\/ysbchem.com\/","name":"Ysbchem","description":"Hydrophilic Waterstop Swelling Tape, Fire Strips, Bentonite","publisher":{"@id":"https:\/\/ysbchem.com\/#organization"},"potentialAction":[{"@type":"SearchAction","target":{"@type":"EntryPoint","urlTemplate":"https:\/\/ysbchem.com\/?s={search_term_string}"},"query-input":{"@type":"PropertyValueSpecification","valueRequired":true,"valueName":"search_term_string"}}],"inLanguage":"tr"},{"@type":"Organization","@id":"https:\/\/ysbchem.com\/#organization","name":"YSB Teknik","url":"https:\/\/ysbchem.com\/","logo":{"@type":"ImageObject","inLanguage":"tr","@id":"https:\/\/ysbchem.com\/#\/schema\/logo\/image\/","url":"https:\/\/ysbchem.com\/wp-content\/uploads\/2022\/07\/YSBTeknik-Facebook-Logo.png","contentUrl":"https:\/\/ysbchem.com\/wp-content\/uploads\/2022\/07\/YSBTeknik-Facebook-Logo.png","width":180,"height":180,"caption":"YSB Teknik"},"image":{"@id":"https:\/\/ysbchem.com\/#\/schema\/logo\/image\/"},"sameAs":["https:\/\/www.facebook.com\/ysbchem"]}]}},"_links":{"self":[{"href":"https:\/\/ysbchem.com\/tr\/wp-json\/wp\/v2\/pages\/2106","targetHints":{"allow":["GET"]}}],"collection":[{"href":"https:\/\/ysbchem.com\/tr\/wp-json\/wp\/v2\/pages"}],"about":[{"href":"https:\/\/ysbchem.com\/tr\/wp-json\/wp\/v2\/types\/page"}],"author":[{"embeddable":true,"href":"https:\/\/ysbchem.com\/tr\/wp-json\/wp\/v2\/users\/1"}],"replies":[{"embeddable":true,"href":"https:\/\/ysbchem.com\/tr\/wp-json\/wp\/v2\/comments?post=2106"}],"version-history":[{"count":5,"href":"https:\/\/ysbchem.com\/tr\/wp-json\/wp\/v2\/pages\/2106\/revisions"}],"predecessor-version":[{"id":2477,"href":"https:\/\/ysbchem.com\/tr\/wp-json\/wp\/v2\/pages\/2106\/revisions\/2477"}],"up":[{"embeddable":true,"href":"https:\/\/ysbchem.com\/tr\/wp-json\/wp\/v2\/pages\/2078"}],"wp:attachment":[{"href":"https:\/\/ysbchem.com\/tr\/wp-json\/wp\/v2\/media?parent=2106"}],"curies":[{"name":"wp","href":"https:\/\/api.w.org\/{rel}","templated":true}]}}