{"id":2107,"date":"2020-09-19T02:52:08","date_gmt":"2020-09-18T23:52:08","guid":{"rendered":"https:\/\/ysbchem.com\/?page_id=2107"},"modified":"2020-11-01T10:59:37","modified_gmt":"2020-11-01T07:59:37","slug":"ysb-foam","status":"publish","type":"page","link":"https:\/\/ysbchem.com\/tr\/urunler\/ysb-foam\/","title":{"rendered":"YSB FOAM"},"content":{"rendered":"<div class=\"wpb-content-wrapper\"><p>[vc_row full_width=&#8221;stretch_row_content&#8221; css=&#8221;.vc_custom_1600019428222{padding-bottom: 60px !important;}&#8221;][vc_column][vc_column_text]<\/p>\n<h2><mark style='color: #1e73be;background-color: #ffffff;'>YSB FOAM<\/mark><\/h2>\n<pre>Yang\u0131n Geciktirici Akustik K\u00f6p\u00fckler\r\nAkustik ve \u0131s\u0131 yal\u0131t\u0131m\u0131 i\u00e7in a\u00e7\u0131k h\u00fccreli, emprenye edilmi\u015f poli\u00fcretan k\u00f6p\u00fck<\/pre>\n<p>[\/vc_column_text][vc_column_text]<img decoding=\"async\" class=\"alignleft wp-image-1825 size-thumbnail\" src=\"https:\/\/ysbchem.com\/wp-content\/uploads\/2020\/09\/ysbfoam1-150x150.png\" alt=\"\" width=\"150\" height=\"150\" \/><\/p>\n<p>Ysbfoam, akustik, termal, su ve toz izolasyonu i\u00e7in \u00fcretilmi\u015f inorganik minerallerle emprenye edilmi\u015f a\u00e7\u0131k h\u00fccreli poli\u00fcretan esasl\u0131 bir malzemedir. Yang\u0131na dayan\u0131kl\u0131l\u0131k testlerinde y\u00fcksek performans g\u00f6sterir. Ysbfoam alev alt\u0131nda erimez ve akmaz. Bakterilerden etkilenmez ve onlar\u0131 i\u00e7ermez. Yang\u0131n an\u0131nda \u015feklini de\u011fi\u015ftirmeden formunu korur. Ses, \u0131s\u0131, s\u0131v\u0131 ve toza kar\u015f\u0131 yal\u0131t\u0131m \u00f6zellikleri benzer \u00fcr\u00fcnlerden daha y\u00fcksektir. Bu \u00fcr\u00fcnler, firmalar taraf\u0131ndan kanopilerde yap\u0131lan bir\u00e7ok testten sonra se\u00e7ilmi\u015ftir. Her \u00fcr\u00fcn\u00fcn akustik performans\u0131, farkl\u0131 kanopilerin boyutuna ve \u015fekline g\u00f6re de\u011fi\u015fiklik g\u00f6stermektedir.[\/vc_column_text]<hr style='margin-top: 30px; margin-bottom: 60px; background-color: #ffffff; ' \/>[vc_column_text]<strong>Fiziksel \u00d6zellikler<\/strong><\/p>\n<p><strong>Nominal Yo\u011funluk Aral\u0131\u011f\u0131:<\/strong> 75-100 kg \/ m3<br \/>\n<strong>Nominal Sertlik Aral\u0131\u011f\u0131:<\/strong> 120-108 Newton<br \/>\n<strong>Kopmada Uzama:<\/strong>% 90&#8217;dan az de\u011fil<br \/>\n<strong>\u00c7ekme Dayan\u0131m\u0131:<\/strong> 70 kpa&#8217;dan az de\u011fil<br \/>\n<strong>\u00c7al\u0131\u015fma s\u0131cakl\u0131\u011f\u0131:<\/strong> -40 \u00b0 C, + 110 \u00b0 C<\/p>\n<p><strong>Renk<\/strong><\/p>\n<p>Siyah<\/p>\n<p><strong>Yang\u0131na Dayan\u0131m Testi<\/strong><\/p>\n<p><strong>BS 476: B\u00f6l\u00fcm 6 &#8211; Y\u00fczey alev yay\u0131l\u0131m\u0131:<\/strong> Alevin y\u00fczey yay\u0131lma oran\u0131 \u00e7ok d\u00fc\u015f\u00fckt\u00fcr &#8211; S\u0131n\u0131f 1, B\u00f6l\u00fcm 7<br \/>\n<strong>BS 476&#8217;da belirtilen standartlar\u0131 kar\u015f\u0131layan yal\u0131t\u0131m:<\/strong> Yukar\u0131daki B\u00f6l\u00fcm 6 ve 7, Birle\u015fik Krall\u0131k Bina Y\u00f6netmeliklerine g\u00f6re &#8220;S\u0131n\u0131f 0&#8221; olarak derecelendirilmi\u015ftir.<br \/>\n<strong>BS 476: B\u00f6l\u00fcm 7 &#8211; Yang\u0131n Performans\u0131:<\/strong> S\u0131n\u0131f 0<br \/>\n<strong>ASTM D &#8211; 2863 Oksijen \u0130ndeksi:<\/strong>% 45<\/p>\n<p><strong>Uygulamalar<\/strong><\/p>\n<p>\u00dcr\u00fcn\u00fcn arkas\u0131 kendinden yap\u0131\u015fkanl\u0131d\u0131r.<br \/>\n\u00dcr\u00fcn, kur\u015fun veya polimerik bariyerler ve s\u00f6n\u00fcmleme plakalar\u0131 ile kompozit formda sa\u011flan\u0131r.<br \/>\n\u2981 &#8211; PU film (y\u00fczey koruyucu film): 35 (mikron) poli\u00fcretan film, ya\u011fa, suya ve ya\u011flamaya dayan\u0131kl\u0131.<br \/>\n\u2981 &#8211; PSA: Kendinden yap\u0131\u015fkanl\u0131, 80 \u00b0 C&#8217;ye kadar dayan\u0131kl\u0131. A\u011fa Ba\u011fl\u0131 Modifiye Akrilik.<\/p>\n<p><strong>Kurulum<\/strong><\/p>\n<p>Kanopilerde kullan\u0131lan yap\u0131\u015fkan sistemler.<\/p>\n<p><strong>\u2981 Su bazl\u0131 \/ Solvent bazl\u0131 yap\u0131\u015ft\u0131r\u0131c\u0131lar<\/strong><br \/>\nYsbfoam \u00fcr\u00fcnleri solvent bazl\u0131 bir yap\u0131\u015ft\u0131r\u0131c\u0131 kullan\u0131larak her t\u00fcrl\u00fc temiz y\u00fczeye (beton, plastik, ah\u015fap, metal, plastik vb.) Kolayca monte edilebilir. Yaprak veya rulolar gerekti\u011finde bir maket b\u0131\u00e7a\u011f\u0131yla kolayca kesilebilir. En iyi akustik performans ve g\u00fczel bir g\u00f6r\u00fcnt\u00fc i\u00e7in levhalar birbirinden ba\u011f\u0131ms\u0131z veya yan yana yap\u0131\u015ft\u0131r\u0131labilir.<br \/>\n<strong>\u2981 Kendinden yap\u0131\u015fkanl\u0131 bantlar<\/strong><br \/>\nKendinden yap\u0131\u015fkanl\u0131 bantlar \u00fcr\u00fcnlerin arkas\u0131na yap\u0131\u015ft\u0131r\u0131labilir. B\u00f6ylece uygulamas\u0131 h\u0131zl\u0131 ve kolay hale gelir, ayn\u0131 zamanda g\u00fcvenlidir ve tutkal soluma riski yoktur.<br \/>\n<strong>\u2981 Yap\u0131\u015fkan olmayan dirsek<\/strong><\/p>\n<p><strong>Ambalaj<\/strong><br \/>\n<strong>Levhalar halinde:<\/strong> 2000 mm x 1000 mm<\/p>\n<p><strong>Rulo halinde:<\/strong> Kal\u0131nl\u0131k: 6 mm, \u00d6l\u00e7\u00fcler: 1&#215;30 metre Kal\u0131nl\u0131k: 10 mm, \u00d6l\u00e7\u00fcler: 1&#215;20 metre Kal\u0131nl\u0131k: 15 mm, \u00d6l\u00e7\u00fcler: 1&#215;15 metre Kal\u0131nl\u0131k: 20 mm, \u00d6l\u00e7\u00fcler: 1&#215;10 metre Kal\u0131nl\u0131k: 25 mm, \u00d6l\u00e7\u00fcler: 1&#215;10 metre<\/p>\n<p>T\u00fcm \u00fcr\u00fcnler ayr\u0131 ayr\u0131 polietilen film ile paketlenmi\u015ftir.<\/p>\n<p><strong>Akustik Performans<\/strong><\/p>\n<p><img fetchpriority=\"high\" decoding=\"async\" class=\"alignnone wp-image-1829 size-full\" src=\"https:\/\/ysbchem.com\/wp-content\/uploads\/2020\/09\/Acoustic-Performance.png\" alt=\"\" width=\"501\" height=\"212\" srcset=\"https:\/\/ysbchem.com\/wp-content\/uploads\/2020\/09\/Acoustic-Performance.png 501w, https:\/\/ysbchem.com\/wp-content\/uploads\/2020\/09\/Acoustic-Performance-300x127.png 300w\" sizes=\"(max-width: 501px) 100vw, 501px\" \/><\/p>\n<p><strong>YSB FOAM VE 30D Akustik K\u00f6p\u00fck \u0130\u00e7in Kar\u015f\u0131la\u015ft\u0131rma Tablosu<\/strong><\/p>\n<p><img decoding=\"async\" class=\"alignnone wp-image-1830 size-full\" src=\"https:\/\/ysbchem.com\/wp-content\/uploads\/2020\/09\/Comparison-Table.png\" alt=\"\" width=\"498\" height=\"307\" srcset=\"https:\/\/ysbchem.com\/wp-content\/uploads\/2020\/09\/Comparison-Table.png 498w, https:\/\/ysbchem.com\/wp-content\/uploads\/2020\/09\/Comparison-Table-300x185.png 300w\" sizes=\"(max-width: 498px) 100vw, 498px\" \/><\/p>\n<p><strong>Uygulama Alanlar\u0131<\/strong><\/p>\n<p>\u2981 Otob\u00fcs Kurulumu<br \/>\n\u2981 Kamyon Montaj\u0131<br \/>\n\u2981 Tren Vagon Kurulumu<br \/>\n\u2981 Tekne Kurulumu<br \/>\n\u2981 Otomobil Montaj\u0131<br \/>\n\u2981 Studio Kurulumu<br \/>\n\u2981 Jenerat\u00f6r Kurulumu<br \/>\n\u2981 Konteyner Montaj\u0131<br \/>\n\u2981 Kompres\u00f6r Kurulumu[\/vc_column_text][\/vc_column][\/vc_row][vc_row][vc_column]<div data-style='&quot;&quot;' class='prospect_button_wrapper render_styles'><a href='https:\/\/ysbchem.com\/tr\/urunler' id='prospect_button_69e378ce84f8e' class='prospect_button regular'><i class='fa fa-fas fa-chevron-left'><\/i>&#x20;T\u00fcm \u00dcr\u00fcnler<\/a><\/div>[\/vc_column][\/vc_row]<\/p>\n<\/div>","protected":false},"excerpt":{"rendered":"<p>[vc_row full_width=&#8221;stretch_row_content&#8221; css=&#8221;.vc_custom_1600019428222{padding-bottom: 60px !important;}&#8221;][vc_column][vc_column_text] Yang\u0131n Geciktirici Akustik K\u00f6p\u00fckler Akustik ve \u0131s\u0131 yal\u0131t\u0131m\u0131 i\u00e7in a\u00e7\u0131k h\u00fccreli, emprenye edilmi\u015f poli\u00fcretan k\u00f6p\u00fck [\/vc_column_text][vc_column_text] Ysbfoam, akustik, termal, su ve toz izolasyonu i\u00e7in \u00fcretilmi\u015f inorganik minerallerle emprenye edilmi\u015f a\u00e7\u0131k h\u00fccreli poli\u00fcretan esasl\u0131 bir malzemedir. Yang\u0131na dayan\u0131kl\u0131l\u0131k testlerinde y\u00fcksek performans g\u00f6sterir. Ysbfoam alev alt\u0131nda erimez ve akmaz. Bakterilerden etkilenmez ve [&hellip;]<\/p>\n","protected":false},"author":1,"featured_media":0,"parent":2078,"menu_order":0,"comment_status":"closed","ping_status":"closed","template":"","meta":{"footnotes":""},"class_list":["post-2107","page","type-page","status-publish","hentry"],"yoast_head":"<!-- This site is optimized with the Yoast SEO plugin v26.7 - https:\/\/yoast.com\/wordpress\/plugins\/seo\/ -->\n<title>YSB FOAM - Ysbchem<\/title>\n<meta name=\"robots\" content=\"index, follow, max-snippet:-1, max-image-preview:large, max-video-preview:-1\" \/>\n<link rel=\"canonical\" href=\"https:\/\/ysbchem.com\/tr\/urunler\/ysb-foam\/\" \/>\n<meta property=\"og:locale\" content=\"tr_TR\" \/>\n<meta property=\"og:type\" content=\"article\" \/>\n<meta property=\"og:title\" content=\"YSB FOAM - Ysbchem\" \/>\n<meta property=\"og:description\" content=\"[vc_row full_width=&#8221;stretch_row_content&#8221; css=&#8221;.vc_custom_1600019428222{padding-bottom: 60px !important;}&#8221;][vc_column][vc_column_text] Yang\u0131n Geciktirici Akustik K\u00f6p\u00fckler Akustik ve \u0131s\u0131 yal\u0131t\u0131m\u0131 i\u00e7in a\u00e7\u0131k h\u00fccreli, emprenye edilmi\u015f poli\u00fcretan k\u00f6p\u00fck [\/vc_column_text][vc_column_text] Ysbfoam, akustik, termal, su ve toz izolasyonu i\u00e7in \u00fcretilmi\u015f inorganik minerallerle emprenye edilmi\u015f a\u00e7\u0131k h\u00fccreli poli\u00fcretan esasl\u0131 bir malzemedir. Yang\u0131na dayan\u0131kl\u0131l\u0131k testlerinde y\u00fcksek performans g\u00f6sterir. Ysbfoam alev alt\u0131nda erimez ve akmaz. Bakterilerden etkilenmez ve [&hellip;]\" \/>\n<meta property=\"og:url\" content=\"https:\/\/ysbchem.com\/tr\/urunler\/ysb-foam\/\" \/>\n<meta property=\"og:site_name\" content=\"Ysbchem\" \/>\n<meta property=\"article:publisher\" content=\"https:\/\/www.facebook.com\/ysbchem\" \/>\n<meta property=\"article:modified_time\" content=\"2020-11-01T07:59:37+00:00\" \/>\n<meta property=\"og:image\" content=\"https:\/\/ysbchem.com\/wp-content\/uploads\/2020\/09\/ysbfoam1-150x150.png\" \/>\n<meta name=\"twitter:card\" content=\"summary_large_image\" \/>\n<meta name=\"twitter:label1\" content=\"Tahmini okuma s\u00fcresi\" \/>\n\t<meta name=\"twitter:data1\" content=\"3 dakika\" \/>\n<script type=\"application\/ld+json\" class=\"yoast-schema-graph\">{\"@context\":\"https:\/\/schema.org\",\"@graph\":[{\"@type\":\"WebPage\",\"@id\":\"https:\/\/ysbchem.com\/tr\/urunler\/ysb-foam\/\",\"url\":\"https:\/\/ysbchem.com\/tr\/urunler\/ysb-foam\/\",\"name\":\"YSB FOAM - Ysbchem\",\"isPartOf\":{\"@id\":\"https:\/\/ysbchem.com\/#website\"},\"primaryImageOfPage\":{\"@id\":\"https:\/\/ysbchem.com\/tr\/urunler\/ysb-foam\/#primaryimage\"},\"image\":{\"@id\":\"https:\/\/ysbchem.com\/tr\/urunler\/ysb-foam\/#primaryimage\"},\"thumbnailUrl\":\"https:\/\/ysbchem.com\/wp-content\/uploads\/2020\/09\/ysbfoam1-150x150.png\",\"datePublished\":\"2020-09-18T23:52:08+00:00\",\"dateModified\":\"2020-11-01T07:59:37+00:00\",\"breadcrumb\":{\"@id\":\"https:\/\/ysbchem.com\/tr\/urunler\/ysb-foam\/#breadcrumb\"},\"inLanguage\":\"tr\",\"potentialAction\":[{\"@type\":\"ReadAction\",\"target\":[\"https:\/\/ysbchem.com\/tr\/urunler\/ysb-foam\/\"]}]},{\"@type\":\"ImageObject\",\"inLanguage\":\"tr\",\"@id\":\"https:\/\/ysbchem.com\/tr\/urunler\/ysb-foam\/#primaryimage\",\"url\":\"https:\/\/ysbchem.com\/wp-content\/uploads\/2020\/09\/ysbfoam1-150x150.png\",\"contentUrl\":\"https:\/\/ysbchem.com\/wp-content\/uploads\/2020\/09\/ysbfoam1-150x150.png\"},{\"@type\":\"BreadcrumbList\",\"@id\":\"https:\/\/ysbchem.com\/tr\/urunler\/ysb-foam\/#breadcrumb\",\"itemListElement\":[{\"@type\":\"ListItem\",\"position\":1,\"name\":\"Home\",\"item\":\"https:\/\/ysbchem.com\/tr\/\"},{\"@type\":\"ListItem\",\"position\":2,\"name\":\"\u00dcr\u00fcnler\",\"item\":\"https:\/\/ysbchem.com\/tr\/urunler\/\"},{\"@type\":\"ListItem\",\"position\":3,\"name\":\"YSB FOAM\"}]},{\"@type\":\"WebSite\",\"@id\":\"https:\/\/ysbchem.com\/#website\",\"url\":\"https:\/\/ysbchem.com\/\",\"name\":\"Ysbchem\",\"description\":\"Hydrophilic Waterstop Swelling Tape, Fire Strips, Bentonite\",\"publisher\":{\"@id\":\"https:\/\/ysbchem.com\/#organization\"},\"potentialAction\":[{\"@type\":\"SearchAction\",\"target\":{\"@type\":\"EntryPoint\",\"urlTemplate\":\"https:\/\/ysbchem.com\/?s={search_term_string}\"},\"query-input\":{\"@type\":\"PropertyValueSpecification\",\"valueRequired\":true,\"valueName\":\"search_term_string\"}}],\"inLanguage\":\"tr\"},{\"@type\":\"Organization\",\"@id\":\"https:\/\/ysbchem.com\/#organization\",\"name\":\"YSB Teknik\",\"url\":\"https:\/\/ysbchem.com\/\",\"logo\":{\"@type\":\"ImageObject\",\"inLanguage\":\"tr\",\"@id\":\"https:\/\/ysbchem.com\/#\/schema\/logo\/image\/\",\"url\":\"https:\/\/ysbchem.com\/wp-content\/uploads\/2022\/07\/YSBTeknik-Facebook-Logo.png\",\"contentUrl\":\"https:\/\/ysbchem.com\/wp-content\/uploads\/2022\/07\/YSBTeknik-Facebook-Logo.png\",\"width\":180,\"height\":180,\"caption\":\"YSB Teknik\"},\"image\":{\"@id\":\"https:\/\/ysbchem.com\/#\/schema\/logo\/image\/\"},\"sameAs\":[\"https:\/\/www.facebook.com\/ysbchem\"]}]}<\/script>\n<!-- \/ Yoast SEO plugin. -->","yoast_head_json":{"title":"YSB FOAM - Ysbchem","robots":{"index":"index","follow":"follow","max-snippet":"max-snippet:-1","max-image-preview":"max-image-preview:large","max-video-preview":"max-video-preview:-1"},"canonical":"https:\/\/ysbchem.com\/tr\/urunler\/ysb-foam\/","og_locale":"tr_TR","og_type":"article","og_title":"YSB FOAM - Ysbchem","og_description":"[vc_row full_width=&#8221;stretch_row_content&#8221; css=&#8221;.vc_custom_1600019428222{padding-bottom: 60px !important;}&#8221;][vc_column][vc_column_text] Yang\u0131n Geciktirici Akustik K\u00f6p\u00fckler Akustik ve \u0131s\u0131 yal\u0131t\u0131m\u0131 i\u00e7in a\u00e7\u0131k h\u00fccreli, emprenye edilmi\u015f poli\u00fcretan k\u00f6p\u00fck [\/vc_column_text][vc_column_text] Ysbfoam, akustik, termal, su ve toz izolasyonu i\u00e7in \u00fcretilmi\u015f inorganik minerallerle emprenye edilmi\u015f a\u00e7\u0131k h\u00fccreli poli\u00fcretan esasl\u0131 bir malzemedir. Yang\u0131na dayan\u0131kl\u0131l\u0131k testlerinde y\u00fcksek performans g\u00f6sterir. Ysbfoam alev alt\u0131nda erimez ve akmaz. Bakterilerden etkilenmez ve [&hellip;]","og_url":"https:\/\/ysbchem.com\/tr\/urunler\/ysb-foam\/","og_site_name":"Ysbchem","article_publisher":"https:\/\/www.facebook.com\/ysbchem","article_modified_time":"2020-11-01T07:59:37+00:00","og_image":[{"url":"https:\/\/ysbchem.com\/wp-content\/uploads\/2020\/09\/ysbfoam1-150x150.png","type":"","width":"","height":""}],"twitter_card":"summary_large_image","twitter_misc":{"Tahmini okuma s\u00fcresi":"3 dakika"},"schema":{"@context":"https:\/\/schema.org","@graph":[{"@type":"WebPage","@id":"https:\/\/ysbchem.com\/tr\/urunler\/ysb-foam\/","url":"https:\/\/ysbchem.com\/tr\/urunler\/ysb-foam\/","name":"YSB FOAM - Ysbchem","isPartOf":{"@id":"https:\/\/ysbchem.com\/#website"},"primaryImageOfPage":{"@id":"https:\/\/ysbchem.com\/tr\/urunler\/ysb-foam\/#primaryimage"},"image":{"@id":"https:\/\/ysbchem.com\/tr\/urunler\/ysb-foam\/#primaryimage"},"thumbnailUrl":"https:\/\/ysbchem.com\/wp-content\/uploads\/2020\/09\/ysbfoam1-150x150.png","datePublished":"2020-09-18T23:52:08+00:00","dateModified":"2020-11-01T07:59:37+00:00","breadcrumb":{"@id":"https:\/\/ysbchem.com\/tr\/urunler\/ysb-foam\/#breadcrumb"},"inLanguage":"tr","potentialAction":[{"@type":"ReadAction","target":["https:\/\/ysbchem.com\/tr\/urunler\/ysb-foam\/"]}]},{"@type":"ImageObject","inLanguage":"tr","@id":"https:\/\/ysbchem.com\/tr\/urunler\/ysb-foam\/#primaryimage","url":"https:\/\/ysbchem.com\/wp-content\/uploads\/2020\/09\/ysbfoam1-150x150.png","contentUrl":"https:\/\/ysbchem.com\/wp-content\/uploads\/2020\/09\/ysbfoam1-150x150.png"},{"@type":"BreadcrumbList","@id":"https:\/\/ysbchem.com\/tr\/urunler\/ysb-foam\/#breadcrumb","itemListElement":[{"@type":"ListItem","position":1,"name":"Home","item":"https:\/\/ysbchem.com\/tr\/"},{"@type":"ListItem","position":2,"name":"\u00dcr\u00fcnler","item":"https:\/\/ysbchem.com\/tr\/urunler\/"},{"@type":"ListItem","position":3,"name":"YSB FOAM"}]},{"@type":"WebSite","@id":"https:\/\/ysbchem.com\/#website","url":"https:\/\/ysbchem.com\/","name":"Ysbchem","description":"Hydrophilic Waterstop Swelling Tape, Fire Strips, Bentonite","publisher":{"@id":"https:\/\/ysbchem.com\/#organization"},"potentialAction":[{"@type":"SearchAction","target":{"@type":"EntryPoint","urlTemplate":"https:\/\/ysbchem.com\/?s={search_term_string}"},"query-input":{"@type":"PropertyValueSpecification","valueRequired":true,"valueName":"search_term_string"}}],"inLanguage":"tr"},{"@type":"Organization","@id":"https:\/\/ysbchem.com\/#organization","name":"YSB Teknik","url":"https:\/\/ysbchem.com\/","logo":{"@type":"ImageObject","inLanguage":"tr","@id":"https:\/\/ysbchem.com\/#\/schema\/logo\/image\/","url":"https:\/\/ysbchem.com\/wp-content\/uploads\/2022\/07\/YSBTeknik-Facebook-Logo.png","contentUrl":"https:\/\/ysbchem.com\/wp-content\/uploads\/2022\/07\/YSBTeknik-Facebook-Logo.png","width":180,"height":180,"caption":"YSB Teknik"},"image":{"@id":"https:\/\/ysbchem.com\/#\/schema\/logo\/image\/"},"sameAs":["https:\/\/www.facebook.com\/ysbchem"]}]}},"_links":{"self":[{"href":"https:\/\/ysbchem.com\/tr\/wp-json\/wp\/v2\/pages\/2107","targetHints":{"allow":["GET"]}}],"collection":[{"href":"https:\/\/ysbchem.com\/tr\/wp-json\/wp\/v2\/pages"}],"about":[{"href":"https:\/\/ysbchem.com\/tr\/wp-json\/wp\/v2\/types\/page"}],"author":[{"embeddable":true,"href":"https:\/\/ysbchem.com\/tr\/wp-json\/wp\/v2\/users\/1"}],"replies":[{"embeddable":true,"href":"https:\/\/ysbchem.com\/tr\/wp-json\/wp\/v2\/comments?post=2107"}],"version-history":[{"count":5,"href":"https:\/\/ysbchem.com\/tr\/wp-json\/wp\/v2\/pages\/2107\/revisions"}],"predecessor-version":[{"id":2474,"href":"https:\/\/ysbchem.com\/tr\/wp-json\/wp\/v2\/pages\/2107\/revisions\/2474"}],"up":[{"embeddable":true,"href":"https:\/\/ysbchem.com\/tr\/wp-json\/wp\/v2\/pages\/2078"}],"wp:attachment":[{"href":"https:\/\/ysbchem.com\/tr\/wp-json\/wp\/v2\/media?parent=2107"}],"curies":[{"name":"wp","href":"https:\/\/api.w.org\/{rel}","templated":true}]}}