{"id":2108,"date":"2020-09-19T02:41:42","date_gmt":"2020-09-18T23:41:42","guid":{"rendered":"https:\/\/ysbchem.com\/?page_id=2108"},"modified":"2020-11-01T10:32:40","modified_gmt":"2020-11-01T07:32:40","slug":"ysb-seal","status":"publish","type":"page","link":"https:\/\/ysbchem.com\/tr\/urunler\/ysb-seal\/","title":{"rendered":"YSB SEAL"},"content":{"rendered":"<div class=\"wpb-content-wrapper\"><p>[vc_row full_width=&#8221;stretch_row_content&#8221; css=&#8221;.vc_custom_1600019397345{padding-bottom: 60px !important;}&#8221;][vc_column][vc_column_text]<\/p>\n<h2><mark style='color: #1e73be;background-color: #ffffff;'>YSB SEAL<\/mark><\/h2>\n<pre>Nokta S\u0131zd\u0131rmazl\u0131k Sistemi. \u0130n\u015faat derzleri, genle\u015fme (hareket) derzleri ve ba\u011flant\u0131 derzleri veya \u00e7atlaklar i\u00e7in y\u00fcksek performansl\u0131 derz ve \u00e7atlak s\u0131zd\u0131rmazl\u0131k sistemi.<\/pre>\n<p>[\/vc_column_text][vc_column_text]<img decoding=\"async\" class=\"alignleft wp-image-1599 size-thumbnail\" src=\"https:\/\/ysbchem.com\/wp-content\/uploads\/2020\/09\/ysbseal-150x150.jpg\" alt=\"\" width=\"150\" height=\"150\" \/><\/p>\n<p>TPE esnek s\u0131zd\u0131rmazl\u0131k band\u0131, \u00f6nemli \u00f6l\u00e7\u00fcde uzunlamas\u0131na ve yanal uzant\u0131ya sahip ince ve ekstra sert elastik \u015ferittir. D\u00fczensiz ve y\u00fcksek hareketlere maruz kalan \u00e7atlaklar\u0131n ve genle\u015fme derzlerinin s\u0131zd\u0131rmazl\u0131\u011f\u0131 ve su yal\u0131t\u0131m\u0131 i\u00e7in idealdir. Hava ko\u015fullar\u0131na, UV radyasyonuna ve kimyasal olarak kararl\u0131l\u0131\u011fa kar\u015f\u0131 m\u00fckemmel diren\u00e7. Termal kaynak, emniyetli, su ge\u00e7irmez birle\u015fim yerleri.[\/vc_column_text]<hr style='margin-top: 30px; margin-bottom: 60px; background-color: #ffffff; ' \/>[vc_column_text]<strong>Avantajlar<\/strong><\/p>\n<p>Esnek, kal\u0131c\u0131 elastik,<br \/>\n\u00c7ok y\u00f6nl\u00fcd\u00fcr,<br \/>\n\u0130yi \u00e7ekme \u00f6zellikleri,<br \/>\nKararl\u0131 bi\u00e7im ve UV-diren\u00e7li,<br \/>\nIs\u0131yla kaynaklanabilir,<br \/>\nKurulumu kolay,<br \/>\nUzun s\u00fcreli bakteri direnci,<br \/>\nKullan\u0131c\u0131lar i\u00e7in tehlikeli de\u011fildir.<\/p>\n<p><strong>Kullan\u0131m Alanlar\u0131<\/strong><\/p>\n<p>\u0130n\u015faat derzleri ve \u00e7atlaklar\u0131,<br \/>\nYap\u0131n\u0131n ileride zarar vermeden hareket etmesi,<br \/>\nBodrumlar,<br \/>\nT\u00fcnel yap\u0131m\u0131,<br \/>\n\u00c7evresi metal y\u00fczeyler,<br \/>\nY\u00fczme havuzlar\u0131,<br \/>\nKablo ve boru ge\u00e7i\u015fleri,<br \/>\nKanalizasyon ar\u0131tma tesisleri.<\/p>\n<p><strong>Teknik Bilgi<\/strong><\/p>\n<table class=\"tg\">\n<tbody>\n<tr>\n<th class=\"tg-0lax\">Test<\/th>\n<th class=\"tg-0lax\">Standard<\/th>\n<th class=\"tg-0lax\">Unit<\/th>\n<th class=\"tg-0lax\">Result<\/th>\n<\/tr>\n<tr>\n<td class=\"tg-0lax\">Chemical Base of The Tape<\/td>\n<td class=\"tg-0lax\" colspan=\"3\">Flexible TPE Based Polymer<\/td>\n<\/tr>\n<tr>\n<td class=\"tg-0lax\">Surface Structure<\/td>\n<td class=\"tg-0lax\" colspan=\"3\">Even or textured surface<\/td>\n<\/tr>\n<tr>\n<td class=\"tg-0lax\">Tensile Strength Lateral<\/td>\n<td class=\"tg-0lax\">EN-ISO 527-3<\/td>\n<td class=\"tg-0lax\">Mpa<\/td>\n<td class=\"tg-0lax\">4,7<\/td>\n<\/tr>\n<tr>\n<td class=\"tg-0lax\">Tensile Strength Longitudinal<\/td>\n<td class=\"tg-0lax\">EN-ISO 527-3<\/td>\n<td class=\"tg-0lax\">Mpa<\/td>\n<td class=\"tg-0lax\">4,8<\/td>\n<\/tr>\n<tr>\n<td class=\"tg-0lax\">Maximum Tensile Elongation Lateral<\/td>\n<td class=\"tg-0lax\">EN-ISO 527-3<\/td>\n<td class=\"tg-0lax\">%<\/td>\n<td class=\"tg-0lax\">580<\/td>\n<\/tr>\n<tr>\n<td class=\"tg-0lax\">Maximum Tensile ElongationLongitudinal<\/td>\n<td class=\"tg-0lax\">EN-ISO 527-3<\/td>\n<td class=\"tg-0lax\">%<\/td>\n<td class=\"tg-0lax\">532<\/td>\n<\/tr>\n<tr>\n<td class=\"tg-0lax\">Tear Resistance Lateral<\/td>\n<td class=\"tg-0lax\">EN-ISO 527-2<\/td>\n<td class=\"tg-0lax\">N\/mm\u00b2<\/td>\n<td class=\"tg-0lax\">48<\/td>\n<\/tr>\n<tr>\n<td class=\"tg-0lax\">Tear Resistance Longitudinal<\/td>\n<td class=\"tg-0lax\">EN-ISO 527-3<\/td>\n<td class=\"tg-0lax\">N\/mm\u00b2<\/td>\n<td class=\"tg-0lax\">42<\/td>\n<\/tr>\n<tr>\n<td class=\"tg-0lax\">Shore<\/td>\n<td class=\"tg-0lax\">ISO 868<\/td>\n<td class=\"tg-0lax\">ShoreA<\/td>\n<td class=\"tg-0lax\">70<\/td>\n<\/tr>\n<tr>\n<td class=\"tg-0lax\">Peal Strength<\/td>\n<td class=\"tg-0lax\">DIN 16860<\/td>\n<td class=\"tg-0lax\">N\/mm\u00b2<\/td>\n<td class=\"tg-0lax\">&gt;20<\/td>\n<\/tr>\n<tr>\n<td class=\"tg-0lax\">Colour<\/td>\n<td class=\"tg-0lax\">RAL 7040<\/td>\n<td class=\"tg-0lax\">Gray<\/td>\n<td class=\"tg-0lax\"><\/td>\n<\/tr>\n<tr>\n<td class=\"tg-0lax\">Water Pressure Strength<\/td>\n<td class=\"tg-0lax\">EN 1928<\/td>\n<td class=\"tg-0lax\">Bar<\/td>\n<td class=\"tg-0lax\">&gt;5<\/td>\n<\/tr>\n<tr>\n<td class=\"tg-0lax\">Service Temperature<\/td>\n<td class=\"tg-0lax\">SIA V280\/3+4<\/td>\n<td class=\"tg-0lax\">&#8211;<\/td>\n<td class=\"tg-0lax\">-30\u00b0C+80\u00b0C<\/td>\n<\/tr>\n<tr>\n<td class=\"tg-0lax\">Density<\/td>\n<td class=\"tg-0lax\"><\/td>\n<td class=\"tg-0lax\">gr\/cm\u00b2<\/td>\n<td class=\"tg-0lax\">1.400<\/td>\n<\/tr>\n<\/tbody>\n<\/table>\n<p><strong>Standart \u00d6l\u00e7\u00fcler<\/strong><\/p>\n<table class=\"tg\" style=\"height: 254px;\" width=\"475\">\n<tbody>\n<tr>\n<th class=\"tg-yla0\">Width<\/th>\n<th class=\"tg-yla0\" style=\"text-align: center;\">Thickness<\/th>\n<th class=\"tg-yla0\">Length<\/th>\n<\/tr>\n<tr>\n<td class=\"tg-cly1\">150 mm<\/td>\n<td class=\"tg-cly1\" style=\"text-align: center;\">1 mm \/ 1.25 mm \/ 1.50 mm \/ 2 mm<\/td>\n<td class=\"tg-cly1\">25 meters<\/td>\n<\/tr>\n<tr>\n<td class=\"tg-cly1\">200 mm<\/td>\n<td class=\"tg-cly1\" style=\"text-align: center;\">1 mm \/ 1.25 mm \/ 1.50 mm \/ 2 mm<\/td>\n<td class=\"tg-cly1\">25 meters<\/td>\n<\/tr>\n<tr>\n<td class=\"tg-0lax\">250 mm<\/td>\n<td class=\"tg-0lax\" style=\"text-align: center;\">1 mm \/ 1.25 mm \/ 1.50 mm \/ 2 mm<\/td>\n<td class=\"tg-0lax\">25 meters<\/td>\n<\/tr>\n<tr>\n<td class=\"tg-0lax\">300 mm<\/td>\n<td class=\"tg-0lax\" style=\"text-align: center;\">1 mm \/ 1.25 mm \/ 1.50 mm \/ 2 mm<\/td>\n<td class=\"tg-0lax\">25 meters<\/td>\n<\/tr>\n<tr>\n<td class=\"tg-0lax\">350 mm<\/td>\n<td class=\"tg-0lax\" style=\"text-align: center;\">1 mm \/ 1.50 mm<\/td>\n<td class=\"tg-0lax\">25 meters<\/td>\n<\/tr>\n<tr>\n<td class=\"tg-0lax\">400 mm<\/td>\n<td class=\"tg-0lax\" style=\"text-align: center;\">1 mm \/ 1.50 mm<\/td>\n<td class=\"tg-0lax\">25 meters<\/td>\n<\/tr>\n<\/tbody>\n<\/table>\n<p><strong>YSB SEAL<\/strong><\/p>\n<p><img fetchpriority=\"high\" decoding=\"async\" class=\"alignnone wp-image-1914 size-full\" src=\"https:\/\/ysbchem.com\/wp-content\/uploads\/2020\/09\/joint.jpeg\" alt=\"\" width=\"783\" height=\"693\" srcset=\"https:\/\/ysbchem.com\/wp-content\/uploads\/2020\/09\/joint.jpeg 783w, https:\/\/ysbchem.com\/wp-content\/uploads\/2020\/09\/joint-300x266.jpeg 300w, https:\/\/ysbchem.com\/wp-content\/uploads\/2020\/09\/joint-768x680.jpeg 768w\" sizes=\"(max-width: 783px) 100vw, 783px\" \/><\/p>\n<p><img decoding=\"async\" class=\"alignnone size-full wp-image-2409\" src=\"https:\/\/ysbchem.com\/wp-content\/uploads\/2020\/11\/ysbseal.png\" alt=\"\" width=\"735\" height=\"485\" srcset=\"https:\/\/ysbchem.com\/wp-content\/uploads\/2020\/11\/ysbseal.png 735w, https:\/\/ysbchem.com\/wp-content\/uploads\/2020\/11\/ysbseal-300x198.png 300w\" sizes=\"(max-width: 735px) 100vw, 735px\" \/>[\/vc_column_text]<div class='cws_spacing' style='height: 30px;'><\/div><div data-style='&quot;&quot;' class='prospect_button_wrapper render_styles'><a href='https:\/\/ysbchem.com\/wp-content\/uploads\/2020\/11\/YSBSEAL-BROCHURE.pdf' id='prospect_button_69f35b60993e1' class='prospect_button regular' target='_blank'>YSB SEAL BRO\u015e\u00dcR&#x20;<i class='fa fa-fas fa-cloud-download-alt'><\/i><\/a><\/div>[\/vc_column][\/vc_row][vc_row][vc_column]<div data-style='&quot;&quot;' class='prospect_button_wrapper render_styles'><a href='https:\/\/ysbchem.com\/tr\/urunler' id='prospect_button_69f35b60994cc' class='prospect_button regular'><i class='fa fa-fas fa-chevron-left'><\/i>&#x20;T\u00fcm \u00dcr\u00fcnler<\/a><\/div>[\/vc_column][\/vc_row]<\/p>\n<\/div>","protected":false},"excerpt":{"rendered":"<p>[vc_row full_width=&#8221;stretch_row_content&#8221; css=&#8221;.vc_custom_1600019397345{padding-bottom: 60px !important;}&#8221;][vc_column][vc_column_text] Nokta S\u0131zd\u0131rmazl\u0131k Sistemi. \u0130n\u015faat derzleri, genle\u015fme (hareket) derzleri ve ba\u011flant\u0131 derzleri veya \u00e7atlaklar i\u00e7in y\u00fcksek performansl\u0131 derz ve \u00e7atlak s\u0131zd\u0131rmazl\u0131k sistemi. [\/vc_column_text][vc_column_text] TPE esnek s\u0131zd\u0131rmazl\u0131k band\u0131, \u00f6nemli \u00f6l\u00e7\u00fcde uzunlamas\u0131na ve yanal uzant\u0131ya sahip ince ve ekstra sert elastik \u015ferittir. D\u00fczensiz ve y\u00fcksek hareketlere maruz kalan \u00e7atlaklar\u0131n ve genle\u015fme derzlerinin s\u0131zd\u0131rmazl\u0131\u011f\u0131 [&hellip;]<\/p>\n","protected":false},"author":1,"featured_media":0,"parent":2078,"menu_order":0,"comment_status":"closed","ping_status":"closed","template":"","meta":{"footnotes":""},"class_list":["post-2108","page","type-page","status-publish","hentry"],"yoast_head":"<!-- This site is optimized with the Yoast SEO plugin v26.7 - https:\/\/yoast.com\/wordpress\/plugins\/seo\/ -->\n<title>YSB SEAL - Ysbchem<\/title>\n<meta name=\"robots\" content=\"index, follow, max-snippet:-1, max-image-preview:large, max-video-preview:-1\" \/>\n<link rel=\"canonical\" href=\"https:\/\/ysbchem.com\/tr\/urunler\/ysb-seal\/\" \/>\n<meta property=\"og:locale\" content=\"tr_TR\" \/>\n<meta property=\"og:type\" content=\"article\" \/>\n<meta property=\"og:title\" content=\"YSB SEAL - Ysbchem\" \/>\n<meta property=\"og:description\" content=\"[vc_row full_width=&#8221;stretch_row_content&#8221; css=&#8221;.vc_custom_1600019397345{padding-bottom: 60px !important;}&#8221;][vc_column][vc_column_text] Nokta S\u0131zd\u0131rmazl\u0131k Sistemi. \u0130n\u015faat derzleri, genle\u015fme (hareket) derzleri ve ba\u011flant\u0131 derzleri veya \u00e7atlaklar i\u00e7in y\u00fcksek performansl\u0131 derz ve \u00e7atlak s\u0131zd\u0131rmazl\u0131k sistemi. [\/vc_column_text][vc_column_text] TPE esnek s\u0131zd\u0131rmazl\u0131k band\u0131, \u00f6nemli \u00f6l\u00e7\u00fcde uzunlamas\u0131na ve yanal uzant\u0131ya sahip ince ve ekstra sert elastik \u015ferittir. D\u00fczensiz ve y\u00fcksek hareketlere maruz kalan \u00e7atlaklar\u0131n ve genle\u015fme derzlerinin s\u0131zd\u0131rmazl\u0131\u011f\u0131 [&hellip;]\" \/>\n<meta property=\"og:url\" content=\"https:\/\/ysbchem.com\/tr\/urunler\/ysb-seal\/\" \/>\n<meta property=\"og:site_name\" content=\"Ysbchem\" \/>\n<meta property=\"article:publisher\" content=\"https:\/\/www.facebook.com\/ysbchem\" \/>\n<meta property=\"article:modified_time\" content=\"2020-11-01T07:32:40+00:00\" \/>\n<meta property=\"og:image\" content=\"https:\/\/ysbchem.com\/wp-content\/uploads\/2020\/09\/ysbseal-150x150.jpg\" \/>\n<meta name=\"twitter:card\" content=\"summary_large_image\" \/>\n<meta name=\"twitter:label1\" content=\"Tahmini okuma s\u00fcresi\" \/>\n\t<meta name=\"twitter:data1\" content=\"2 dakika\" \/>\n<script type=\"application\/ld+json\" class=\"yoast-schema-graph\">{\"@context\":\"https:\/\/schema.org\",\"@graph\":[{\"@type\":\"WebPage\",\"@id\":\"https:\/\/ysbchem.com\/tr\/urunler\/ysb-seal\/\",\"url\":\"https:\/\/ysbchem.com\/tr\/urunler\/ysb-seal\/\",\"name\":\"YSB SEAL - Ysbchem\",\"isPartOf\":{\"@id\":\"https:\/\/ysbchem.com\/#website\"},\"primaryImageOfPage\":{\"@id\":\"https:\/\/ysbchem.com\/tr\/urunler\/ysb-seal\/#primaryimage\"},\"image\":{\"@id\":\"https:\/\/ysbchem.com\/tr\/urunler\/ysb-seal\/#primaryimage\"},\"thumbnailUrl\":\"https:\/\/ysbchem.com\/wp-content\/uploads\/2020\/09\/ysbseal-150x150.jpg\",\"datePublished\":\"2020-09-18T23:41:42+00:00\",\"dateModified\":\"2020-11-01T07:32:40+00:00\",\"breadcrumb\":{\"@id\":\"https:\/\/ysbchem.com\/tr\/urunler\/ysb-seal\/#breadcrumb\"},\"inLanguage\":\"tr\",\"potentialAction\":[{\"@type\":\"ReadAction\",\"target\":[\"https:\/\/ysbchem.com\/tr\/urunler\/ysb-seal\/\"]}]},{\"@type\":\"ImageObject\",\"inLanguage\":\"tr\",\"@id\":\"https:\/\/ysbchem.com\/tr\/urunler\/ysb-seal\/#primaryimage\",\"url\":\"https:\/\/ysbchem.com\/wp-content\/uploads\/2020\/09\/ysbseal-150x150.jpg\",\"contentUrl\":\"https:\/\/ysbchem.com\/wp-content\/uploads\/2020\/09\/ysbseal-150x150.jpg\"},{\"@type\":\"BreadcrumbList\",\"@id\":\"https:\/\/ysbchem.com\/tr\/urunler\/ysb-seal\/#breadcrumb\",\"itemListElement\":[{\"@type\":\"ListItem\",\"position\":1,\"name\":\"Home\",\"item\":\"https:\/\/ysbchem.com\/tr\/\"},{\"@type\":\"ListItem\",\"position\":2,\"name\":\"\u00dcr\u00fcnler\",\"item\":\"https:\/\/ysbchem.com\/tr\/urunler\/\"},{\"@type\":\"ListItem\",\"position\":3,\"name\":\"YSB SEAL\"}]},{\"@type\":\"WebSite\",\"@id\":\"https:\/\/ysbchem.com\/#website\",\"url\":\"https:\/\/ysbchem.com\/\",\"name\":\"Ysbchem\",\"description\":\"Hydrophilic Waterstop Swelling Tape, Fire Strips, Bentonite\",\"publisher\":{\"@id\":\"https:\/\/ysbchem.com\/#organization\"},\"potentialAction\":[{\"@type\":\"SearchAction\",\"target\":{\"@type\":\"EntryPoint\",\"urlTemplate\":\"https:\/\/ysbchem.com\/?s={search_term_string}\"},\"query-input\":{\"@type\":\"PropertyValueSpecification\",\"valueRequired\":true,\"valueName\":\"search_term_string\"}}],\"inLanguage\":\"tr\"},{\"@type\":\"Organization\",\"@id\":\"https:\/\/ysbchem.com\/#organization\",\"name\":\"YSB Teknik\",\"url\":\"https:\/\/ysbchem.com\/\",\"logo\":{\"@type\":\"ImageObject\",\"inLanguage\":\"tr\",\"@id\":\"https:\/\/ysbchem.com\/#\/schema\/logo\/image\/\",\"url\":\"https:\/\/ysbchem.com\/wp-content\/uploads\/2022\/07\/YSBTeknik-Facebook-Logo.png\",\"contentUrl\":\"https:\/\/ysbchem.com\/wp-content\/uploads\/2022\/07\/YSBTeknik-Facebook-Logo.png\",\"width\":180,\"height\":180,\"caption\":\"YSB Teknik\"},\"image\":{\"@id\":\"https:\/\/ysbchem.com\/#\/schema\/logo\/image\/\"},\"sameAs\":[\"https:\/\/www.facebook.com\/ysbchem\"]}]}<\/script>\n<!-- \/ Yoast SEO plugin. -->","yoast_head_json":{"title":"YSB SEAL - Ysbchem","robots":{"index":"index","follow":"follow","max-snippet":"max-snippet:-1","max-image-preview":"max-image-preview:large","max-video-preview":"max-video-preview:-1"},"canonical":"https:\/\/ysbchem.com\/tr\/urunler\/ysb-seal\/","og_locale":"tr_TR","og_type":"article","og_title":"YSB SEAL - Ysbchem","og_description":"[vc_row full_width=&#8221;stretch_row_content&#8221; css=&#8221;.vc_custom_1600019397345{padding-bottom: 60px !important;}&#8221;][vc_column][vc_column_text] Nokta S\u0131zd\u0131rmazl\u0131k Sistemi. \u0130n\u015faat derzleri, genle\u015fme (hareket) derzleri ve ba\u011flant\u0131 derzleri veya \u00e7atlaklar i\u00e7in y\u00fcksek performansl\u0131 derz ve \u00e7atlak s\u0131zd\u0131rmazl\u0131k sistemi. [\/vc_column_text][vc_column_text] TPE esnek s\u0131zd\u0131rmazl\u0131k band\u0131, \u00f6nemli \u00f6l\u00e7\u00fcde uzunlamas\u0131na ve yanal uzant\u0131ya sahip ince ve ekstra sert elastik \u015ferittir. D\u00fczensiz ve y\u00fcksek hareketlere maruz kalan \u00e7atlaklar\u0131n ve genle\u015fme derzlerinin s\u0131zd\u0131rmazl\u0131\u011f\u0131 [&hellip;]","og_url":"https:\/\/ysbchem.com\/tr\/urunler\/ysb-seal\/","og_site_name":"Ysbchem","article_publisher":"https:\/\/www.facebook.com\/ysbchem","article_modified_time":"2020-11-01T07:32:40+00:00","og_image":[{"url":"https:\/\/ysbchem.com\/wp-content\/uploads\/2020\/09\/ysbseal-150x150.jpg","type":"","width":"","height":""}],"twitter_card":"summary_large_image","twitter_misc":{"Tahmini okuma s\u00fcresi":"2 dakika"},"schema":{"@context":"https:\/\/schema.org","@graph":[{"@type":"WebPage","@id":"https:\/\/ysbchem.com\/tr\/urunler\/ysb-seal\/","url":"https:\/\/ysbchem.com\/tr\/urunler\/ysb-seal\/","name":"YSB SEAL - Ysbchem","isPartOf":{"@id":"https:\/\/ysbchem.com\/#website"},"primaryImageOfPage":{"@id":"https:\/\/ysbchem.com\/tr\/urunler\/ysb-seal\/#primaryimage"},"image":{"@id":"https:\/\/ysbchem.com\/tr\/urunler\/ysb-seal\/#primaryimage"},"thumbnailUrl":"https:\/\/ysbchem.com\/wp-content\/uploads\/2020\/09\/ysbseal-150x150.jpg","datePublished":"2020-09-18T23:41:42+00:00","dateModified":"2020-11-01T07:32:40+00:00","breadcrumb":{"@id":"https:\/\/ysbchem.com\/tr\/urunler\/ysb-seal\/#breadcrumb"},"inLanguage":"tr","potentialAction":[{"@type":"ReadAction","target":["https:\/\/ysbchem.com\/tr\/urunler\/ysb-seal\/"]}]},{"@type":"ImageObject","inLanguage":"tr","@id":"https:\/\/ysbchem.com\/tr\/urunler\/ysb-seal\/#primaryimage","url":"https:\/\/ysbchem.com\/wp-content\/uploads\/2020\/09\/ysbseal-150x150.jpg","contentUrl":"https:\/\/ysbchem.com\/wp-content\/uploads\/2020\/09\/ysbseal-150x150.jpg"},{"@type":"BreadcrumbList","@id":"https:\/\/ysbchem.com\/tr\/urunler\/ysb-seal\/#breadcrumb","itemListElement":[{"@type":"ListItem","position":1,"name":"Home","item":"https:\/\/ysbchem.com\/tr\/"},{"@type":"ListItem","position":2,"name":"\u00dcr\u00fcnler","item":"https:\/\/ysbchem.com\/tr\/urunler\/"},{"@type":"ListItem","position":3,"name":"YSB SEAL"}]},{"@type":"WebSite","@id":"https:\/\/ysbchem.com\/#website","url":"https:\/\/ysbchem.com\/","name":"Ysbchem","description":"Hydrophilic Waterstop Swelling Tape, Fire Strips, Bentonite","publisher":{"@id":"https:\/\/ysbchem.com\/#organization"},"potentialAction":[{"@type":"SearchAction","target":{"@type":"EntryPoint","urlTemplate":"https:\/\/ysbchem.com\/?s={search_term_string}"},"query-input":{"@type":"PropertyValueSpecification","valueRequired":true,"valueName":"search_term_string"}}],"inLanguage":"tr"},{"@type":"Organization","@id":"https:\/\/ysbchem.com\/#organization","name":"YSB Teknik","url":"https:\/\/ysbchem.com\/","logo":{"@type":"ImageObject","inLanguage":"tr","@id":"https:\/\/ysbchem.com\/#\/schema\/logo\/image\/","url":"https:\/\/ysbchem.com\/wp-content\/uploads\/2022\/07\/YSBTeknik-Facebook-Logo.png","contentUrl":"https:\/\/ysbchem.com\/wp-content\/uploads\/2022\/07\/YSBTeknik-Facebook-Logo.png","width":180,"height":180,"caption":"YSB Teknik"},"image":{"@id":"https:\/\/ysbchem.com\/#\/schema\/logo\/image\/"},"sameAs":["https:\/\/www.facebook.com\/ysbchem"]}]}},"_links":{"self":[{"href":"https:\/\/ysbchem.com\/tr\/wp-json\/wp\/v2\/pages\/2108","targetHints":{"allow":["GET"]}}],"collection":[{"href":"https:\/\/ysbchem.com\/tr\/wp-json\/wp\/v2\/pages"}],"about":[{"href":"https:\/\/ysbchem.com\/tr\/wp-json\/wp\/v2\/types\/page"}],"author":[{"embeddable":true,"href":"https:\/\/ysbchem.com\/tr\/wp-json\/wp\/v2\/users\/1"}],"replies":[{"embeddable":true,"href":"https:\/\/ysbchem.com\/tr\/wp-json\/wp\/v2\/comments?post=2108"}],"version-history":[{"count":7,"href":"https:\/\/ysbchem.com\/tr\/wp-json\/wp\/v2\/pages\/2108\/revisions"}],"predecessor-version":[{"id":2447,"href":"https:\/\/ysbchem.com\/tr\/wp-json\/wp\/v2\/pages\/2108\/revisions\/2447"}],"up":[{"embeddable":true,"href":"https:\/\/ysbchem.com\/tr\/wp-json\/wp\/v2\/pages\/2078"}],"wp:attachment":[{"href":"https:\/\/ysbchem.com\/tr\/wp-json\/wp\/v2\/media?parent=2108"}],"curies":[{"name":"wp","href":"https:\/\/api.w.org\/{rel}","templated":true}]}}