{"id":2111,"date":"2020-09-19T02:21:17","date_gmt":"2020-09-18T23:21:17","guid":{"rendered":"https:\/\/ysbchem.com\/?page_id=2111"},"modified":"2022-12-25T10:34:49","modified_gmt":"2022-12-25T07:34:49","slug":"ysb-su-tutucu-acr-600-bant","status":"publish","type":"page","link":"https:\/\/ysbchem.com\/tr\/urunler\/ysb-su-tutucu-acr-600-bant\/","title":{"rendered":"YSB SU TUTUCU ACR-600 BANT"},"content":{"rendered":"<div class=\"wpb-content-wrapper\"><p>[vc_row full_width=&#8221;stretch_row_content&#8221; bg_cws_repeat=&#8221;no-repeat&#8221; css=&#8221;.vc_custom_1600019355206{padding-bottom: 60px !important;}&#8221;][vc_column][vc_column_text]<\/p>\n<h2><mark style='color: #1e73be;background-color: #ffffff;'>YSB SU TUTUCU ACR-600 BANT<\/mark><\/h2>\n<pre>Kendinden Yap\u0131\u015fkanl\u0131 se\u00e7enek.<\/pre>\n<p>[\/vc_column_text][vc_column_text]<img decoding=\"async\" class=\"alignleft wp-image-1608 size-thumbnail\" src=\"https:\/\/ysbchem.com\/wp-content\/uploads\/2020\/09\/acr600-1-150x150.jpg\" alt=\"\" width=\"150\" height=\"150\" \/><\/p>\n<p>ACR, yeni nesil y\u00fcksek performansl\u0131 akrilik polimer esasl\u0131 geni\u015fleyen bantt\u0131r. Su ile temas etti\u011finde% 900&#8217;e kadar genle\u015fir. Tamamen kuru bir durumda ACR, orijinal kurulum boyutuna k\u00fc\u00e7\u00fcl\u00fcr ve \u0131sland\u0131\u011f\u0131nda yeniden geni\u015fler. ACR, beton yap\u0131m\u0131nda duvardan taban ba\u011flant\u0131lar\u0131, boru giri\u015f sistemleri, a\u00e7\u0131kl\u0131klar\u0131n ve mevcut ve yeni beton aras\u0131ndaki aray\u00fcz b\u00f6l\u00fcmlerinin s\u0131zd\u0131rmazl\u0131\u011f\u0131 dahil in\u015faat derzlerinin s\u0131zd\u0131rmazl\u0131\u011f\u0131nda kullan\u0131l\u0131r. ACR, g\u00fcne\u015f \u0131\u015f\u0131\u011f\u0131ndan uzakta, serin ve kuru ko\u015fullarda orijinal nem ge\u00e7irmez ambalaj\u0131nda \u200b\u200bkolayca saklan\u0131r[\/vc_column_text]<hr style='margin-top: 30px; margin-bottom: 30px; background-color: #ffffff; ' \/>[vc_column_text]<strong>Avantajlar<\/strong><\/p>\n<p>Uyumludur, \u00e7e\u015fitli d\u00fczensiz y\u00fczeylerde kullan\u0131labilir. Betonda suya kar\u015f\u0131 ge\u00e7irimsiz bir bariyer olu\u015fturur. Deforme olmu\u015f y\u00fczeyler ve derzlerle m\u00fckemmel uyum. Zaman ve i\u015f\u00e7ilikten tasarruf sa\u011flar. Uygulamas\u0131 kolay. Sahada basit \u00f6rt\u00fc\u015fme birle\u015ftirme. Sertle\u015fme s\u00fcresi gerekmez. Kaynak gerekmez. Tuzlu suda \u015fi\u015fer<\/p>\n<p><strong>Standart \u00d6l\u00e7\u00fcler<\/strong><\/p>\n<p>05 mm x 20 mm 20 metre kutu i\u00e7erisinde 140 metre rulo<br \/>\n10 mm x 20 mm 10 metre kutu i\u00e7erisinde 70 metre rulo<br \/>\n20 mm x 25 mm 5 metre kutu i\u00e7erisinde 25 metre rulo<\/p>\n<p><strong>BBA Sertifikal\u0131<\/strong><\/p>\n<p><img fetchpriority=\"high\" decoding=\"async\" class=\"alignnone size-full wp-image-2359\" src=\"https:\/\/ysbchem.com\/wp-content\/uploads\/2020\/11\/bba.jpg\" alt=\"\" width=\"412\" height=\"295\" srcset=\"https:\/\/ysbchem.com\/wp-content\/uploads\/2020\/11\/bba.jpg 412w, https:\/\/ysbchem.com\/wp-content\/uploads\/2020\/11\/bba-300x215.jpg 300w\" sizes=\"(max-width: 412px) 100vw, 412px\" \/><\/p>\n<p><strong>Teknik Bilgi<\/strong><\/p>\n<p>Hacimdeki art\u0131\u015f, numuneler 28 g\u00fcnl\u00fck bir s\u00fcre boyunca 23 \u00b0 C&#8217;de musluk suyuna dald\u0131r\u0131ld\u0131\u011f\u0131nda \u00f6l\u00e7\u00fclm\u00fc\u015ft\u00fcr. Geri kazan\u0131m hacmi, numuneler \u00e7\u00f6zeltiden \u00e7\u0131kar\u0131ld\u0131\u011f\u0131nda ve 28 g\u00fcnl\u00fck bir s\u00fcre boyunca havada kurutuldu\u011funda \u00f6l\u00e7\u00fcld\u00fc. Bu y\u00f6ntem \u00fc\u00e7 d\u00f6ng\u00fcde tekrarland\u0131. Hacim hesaplamalar\u0131ndaki y\u00fczde de\u011fi\u015fiminin t\u00fcm\u00fc, ba\u015flang\u0131\u00e7 \u200b\u200bhacmine ba\u011fl\u0131d\u0131r.<br \/>\nUygulama S\u0131cakl\u0131\u011f\u0131: -10 \u00b0 C \/ 50 \u00b0 C | Yo\u011funluk: 1,40 g \/ cm3 | K\u0131y\u0131: 50<br \/>\nGenle\u015fme oran\u0131 CaCO3 ve tuz i\u00e7eri\u011fine g\u00f6re etkilenir. Bentonit izleri i\u00e7ermez.<\/p>\n<p><strong>BBA Test No: T1-61007<\/strong><\/p>\n<p>Bu \u00fcr\u00fcn BBA (British Board of Agr\u00e9ment) BBA Test No: T1-61007 taraf\u0131ndan test edilmi\u015ftir.<\/p>\n<p><img decoding=\"async\" class=\"alignnone wp-image-1692 size-full\" src=\"https:\/\/ysbchem.com\/wp-content\/uploads\/2020\/09\/acr-test5.jpg\" alt=\"\" width=\"822\" height=\"472\" srcset=\"https:\/\/ysbchem.com\/wp-content\/uploads\/2020\/09\/acr-test5.jpg 822w, https:\/\/ysbchem.com\/wp-content\/uploads\/2020\/09\/acr-test5-300x172.jpg 300w, https:\/\/ysbchem.com\/wp-content\/uploads\/2020\/09\/acr-test5-768x441.jpg 768w\" sizes=\"(max-width: 822px) 100vw, 822px\" \/><img loading=\"lazy\" decoding=\"async\" class=\"alignnone wp-image-1691 size-full\" src=\"https:\/\/ysbchem.com\/wp-content\/uploads\/2020\/09\/acr-test6.jpg\" alt=\"\" width=\"768\" height=\"583\" srcset=\"https:\/\/ysbchem.com\/wp-content\/uploads\/2020\/09\/acr-test6.jpg 768w, https:\/\/ysbchem.com\/wp-content\/uploads\/2020\/09\/acr-test6-300x228.jpg 300w\" sizes=\"(max-width: 768px) 100vw, 768px\" \/><\/p>\n<p><strong>ACR 600<\/strong><\/p>\n<p>Musluk suyu, \u0131slak \/ kuru fark \u2265% 600<br \/>\nBeton suyu (14 g\u00fcn) \u2265400%<br \/>\n% 3 tuzlu su (14 g\u00fcn) \u2265% 200<br \/>\nSu bas\u0131nc\u0131na dayan\u0131kl\u0131l\u0131k (14 g\u00fcn): 7 bar<\/p>\n<p><img loading=\"lazy\" decoding=\"async\" class=\"alignnone size-large wp-image-2763\" src=\"https:\/\/ysbchem.com\/wp-content\/uploads\/2022\/12\/WALL-1024x576.webp\" alt=\"\" width=\"1024\" height=\"576\" srcset=\"https:\/\/ysbchem.com\/wp-content\/uploads\/2022\/12\/WALL-1024x576.webp 1024w, https:\/\/ysbchem.com\/wp-content\/uploads\/2022\/12\/WALL-300x169.webp 300w, https:\/\/ysbchem.com\/wp-content\/uploads\/2022\/12\/WALL-768x432.webp 768w, https:\/\/ysbchem.com\/wp-content\/uploads\/2022\/12\/WALL-1536x864.webp 1536w, https:\/\/ysbchem.com\/wp-content\/uploads\/2022\/12\/WALL.webp 1920w\" sizes=\"(max-width: 1024px) 100vw, 1024px\" \/><\/p>\n<p><img loading=\"lazy\" decoding=\"async\" class=\"alignnone size-large wp-image-2761\" src=\"https:\/\/ysbchem.com\/wp-content\/uploads\/2022\/12\/TUNNEL-1024x576.webp\" alt=\"\" width=\"1024\" height=\"576\" srcset=\"https:\/\/ysbchem.com\/wp-content\/uploads\/2022\/12\/TUNNEL-1024x576.webp 1024w, https:\/\/ysbchem.com\/wp-content\/uploads\/2022\/12\/TUNNEL-300x169.webp 300w, https:\/\/ysbchem.com\/wp-content\/uploads\/2022\/12\/TUNNEL-768x432.webp 768w, https:\/\/ysbchem.com\/wp-content\/uploads\/2022\/12\/TUNNEL-1536x864.webp 1536w, https:\/\/ysbchem.com\/wp-content\/uploads\/2022\/12\/TUNNEL.webp 1920w\" sizes=\"(max-width: 1024px) 100vw, 1024px\" \/><\/p>\n<p><strong>Renk<\/strong><\/p>\n<p>Sar\u0131<\/p>\n<p><strong>Kendinden Yap\u0131\u015fkanl\u0131 Se\u00e7enek<\/strong><\/p>\n<p><img loading=\"lazy\" decoding=\"async\" class=\"alignnone wp-image-2210 size-full\" src=\"https:\/\/ysbchem.com\/wp-content\/uploads\/2020\/09\/acr600-1-1.jpg\" alt=\"\" width=\"900\" height=\"600\" srcset=\"https:\/\/ysbchem.com\/wp-content\/uploads\/2020\/09\/acr600-1-1.jpg 900w, https:\/\/ysbchem.com\/wp-content\/uploads\/2020\/09\/acr600-1-1-300x200.jpg 300w, https:\/\/ysbchem.com\/wp-content\/uploads\/2020\/09\/acr600-1-1-768x512.jpg 768w\" sizes=\"(max-width: 900px) 100vw, 900px\" \/><\/p>\n<p><strong>Test Sonu\u00e7lar\u0131<\/strong>[\/vc_column_text]<div data-style='&quot;&quot;' class='prospect_button_wrapper render_styles'><a href='https:\/\/ysbchem.com\/wp-content\/uploads\/2019\/11\/ACR-BENTONITE-WATERSTOP.pdf' id='prospect_button_69e0415c801e1' class='prospect_button regular' target='_blank'>Test Sonu\u00e7lar\u0131n\u0131 \u0130ndir&#x20;<i class='fa fa-fas fa-cloud-download-alt'><\/i><\/a><\/div><div class='cws_spacing' style='height: 30px;'><\/div>[vc_video link=&#8221;https:\/\/youtu.be\/jB3TI5r1Gak&#8221;]<div class='cws_spacing' style='height: 30px;'><\/div><div data-style='&quot;&quot;' class='prospect_button_wrapper render_styles'><a href='https:\/\/ysbchem.com\/wp-content\/uploads\/2020\/11\/YSB-ACR-BROCHURE.pdf' id='prospect_button_69e0415c802ec' class='prospect_button regular' target='_blank'>YSB ACR BRO\u015e\u00dcR&#x20;<i class='fa fa-fas fa-cloud-download-alt'><\/i><\/a><\/div>[\/vc_column][\/vc_row][vc_row][vc_column]<div data-style='&quot;&quot;' class='prospect_button_wrapper render_styles'><a href='https:\/\/ysbchem.com\/tr\/urunler' id='prospect_button_69e0415c80361' class='prospect_button regular'><i class='fa fa-fas fa-chevron-left'><\/i>&#x20;T\u00fcm \u00dcr\u00fcnler<\/a><\/div>[\/vc_column][\/vc_row]<\/p>\n<\/div>","protected":false},"excerpt":{"rendered":"<p>[vc_row full_width=&#8221;stretch_row_content&#8221; bg_cws_repeat=&#8221;no-repeat&#8221; css=&#8221;.vc_custom_1600019355206{padding-bottom: 60px !important;}&#8221;][vc_column][vc_column_text] Kendinden Yap\u0131\u015fkanl\u0131 se\u00e7enek. [\/vc_column_text][vc_column_text] ACR, yeni nesil y\u00fcksek performansl\u0131 akrilik polimer esasl\u0131 geni\u015fleyen bantt\u0131r. Su ile temas etti\u011finde% 900&#8217;e kadar genle\u015fir. Tamamen kuru bir durumda ACR, orijinal kurulum boyutuna k\u00fc\u00e7\u00fcl\u00fcr ve \u0131sland\u0131\u011f\u0131nda yeniden geni\u015fler. ACR, beton yap\u0131m\u0131nda duvardan taban ba\u011flant\u0131lar\u0131, boru giri\u015f sistemleri, a\u00e7\u0131kl\u0131klar\u0131n ve mevcut ve yeni beton [&hellip;]<\/p>\n","protected":false},"author":1,"featured_media":0,"parent":2078,"menu_order":0,"comment_status":"closed","ping_status":"closed","template":"","meta":{"footnotes":""},"class_list":["post-2111","page","type-page","status-publish","hentry"],"yoast_head":"<!-- This site is optimized with the Yoast SEO plugin v26.7 - https:\/\/yoast.com\/wordpress\/plugins\/seo\/ -->\n<title>YSB SU TUTUCU ACR-600 BANT - Ysbchem<\/title>\n<meta name=\"robots\" content=\"index, follow, max-snippet:-1, max-image-preview:large, max-video-preview:-1\" \/>\n<link rel=\"canonical\" href=\"https:\/\/ysbchem.com\/tr\/urunler\/ysb-su-tutucu-acr-600-bant\/\" \/>\n<meta property=\"og:locale\" content=\"tr_TR\" \/>\n<meta property=\"og:type\" content=\"article\" \/>\n<meta property=\"og:title\" content=\"YSB SU TUTUCU ACR-600 BANT - Ysbchem\" \/>\n<meta property=\"og:description\" content=\"[vc_row full_width=&#8221;stretch_row_content&#8221; bg_cws_repeat=&#8221;no-repeat&#8221; css=&#8221;.vc_custom_1600019355206{padding-bottom: 60px !important;}&#8221;][vc_column][vc_column_text] Kendinden Yap\u0131\u015fkanl\u0131 se\u00e7enek. [\/vc_column_text][vc_column_text] ACR, yeni nesil y\u00fcksek performansl\u0131 akrilik polimer esasl\u0131 geni\u015fleyen bantt\u0131r. Su ile temas etti\u011finde% 900&#8217;e kadar genle\u015fir. Tamamen kuru bir durumda ACR, orijinal kurulum boyutuna k\u00fc\u00e7\u00fcl\u00fcr ve \u0131sland\u0131\u011f\u0131nda yeniden geni\u015fler. ACR, beton yap\u0131m\u0131nda duvardan taban ba\u011flant\u0131lar\u0131, boru giri\u015f sistemleri, a\u00e7\u0131kl\u0131klar\u0131n ve mevcut ve yeni beton [&hellip;]\" \/>\n<meta property=\"og:url\" content=\"https:\/\/ysbchem.com\/tr\/urunler\/ysb-su-tutucu-acr-600-bant\/\" \/>\n<meta property=\"og:site_name\" content=\"Ysbchem\" \/>\n<meta property=\"article:publisher\" content=\"https:\/\/www.facebook.com\/ysbchem\" \/>\n<meta property=\"article:modified_time\" content=\"2022-12-25T07:34:49+00:00\" \/>\n<meta property=\"og:image\" content=\"https:\/\/ysbchem.com\/wp-content\/uploads\/2020\/09\/acr600-1-150x150.jpg\" \/>\n<meta name=\"twitter:card\" content=\"summary_large_image\" \/>\n<meta name=\"twitter:label1\" content=\"Tahmini okuma s\u00fcresi\" \/>\n\t<meta name=\"twitter:data1\" content=\"3 dakika\" \/>\n<script type=\"application\/ld+json\" class=\"yoast-schema-graph\">{\"@context\":\"https:\/\/schema.org\",\"@graph\":[{\"@type\":\"WebPage\",\"@id\":\"https:\/\/ysbchem.com\/tr\/urunler\/ysb-su-tutucu-acr-600-bant\/\",\"url\":\"https:\/\/ysbchem.com\/tr\/urunler\/ysb-su-tutucu-acr-600-bant\/\",\"name\":\"YSB SU TUTUCU ACR-600 BANT - Ysbchem\",\"isPartOf\":{\"@id\":\"https:\/\/ysbchem.com\/#website\"},\"primaryImageOfPage\":{\"@id\":\"https:\/\/ysbchem.com\/tr\/urunler\/ysb-su-tutucu-acr-600-bant\/#primaryimage\"},\"image\":{\"@id\":\"https:\/\/ysbchem.com\/tr\/urunler\/ysb-su-tutucu-acr-600-bant\/#primaryimage\"},\"thumbnailUrl\":\"https:\/\/ysbchem.com\/wp-content\/uploads\/2020\/09\/acr600-1-150x150.jpg\",\"datePublished\":\"2020-09-18T23:21:17+00:00\",\"dateModified\":\"2022-12-25T07:34:49+00:00\",\"breadcrumb\":{\"@id\":\"https:\/\/ysbchem.com\/tr\/urunler\/ysb-su-tutucu-acr-600-bant\/#breadcrumb\"},\"inLanguage\":\"tr\",\"potentialAction\":[{\"@type\":\"ReadAction\",\"target\":[\"https:\/\/ysbchem.com\/tr\/urunler\/ysb-su-tutucu-acr-600-bant\/\"]}]},{\"@type\":\"ImageObject\",\"inLanguage\":\"tr\",\"@id\":\"https:\/\/ysbchem.com\/tr\/urunler\/ysb-su-tutucu-acr-600-bant\/#primaryimage\",\"url\":\"https:\/\/ysbchem.com\/wp-content\/uploads\/2020\/09\/acr600-1-150x150.jpg\",\"contentUrl\":\"https:\/\/ysbchem.com\/wp-content\/uploads\/2020\/09\/acr600-1-150x150.jpg\"},{\"@type\":\"BreadcrumbList\",\"@id\":\"https:\/\/ysbchem.com\/tr\/urunler\/ysb-su-tutucu-acr-600-bant\/#breadcrumb\",\"itemListElement\":[{\"@type\":\"ListItem\",\"position\":1,\"name\":\"Home\",\"item\":\"https:\/\/ysbchem.com\/tr\/\"},{\"@type\":\"ListItem\",\"position\":2,\"name\":\"\u00dcr\u00fcnler\",\"item\":\"https:\/\/ysbchem.com\/tr\/urunler\/\"},{\"@type\":\"ListItem\",\"position\":3,\"name\":\"YSB SU TUTUCU ACR-600 BANT\"}]},{\"@type\":\"WebSite\",\"@id\":\"https:\/\/ysbchem.com\/#website\",\"url\":\"https:\/\/ysbchem.com\/\",\"name\":\"Ysbchem\",\"description\":\"Hydrophilic Waterstop Swelling Tape, Fire Strips, Bentonite\",\"publisher\":{\"@id\":\"https:\/\/ysbchem.com\/#organization\"},\"potentialAction\":[{\"@type\":\"SearchAction\",\"target\":{\"@type\":\"EntryPoint\",\"urlTemplate\":\"https:\/\/ysbchem.com\/?s={search_term_string}\"},\"query-input\":{\"@type\":\"PropertyValueSpecification\",\"valueRequired\":true,\"valueName\":\"search_term_string\"}}],\"inLanguage\":\"tr\"},{\"@type\":\"Organization\",\"@id\":\"https:\/\/ysbchem.com\/#organization\",\"name\":\"YSB Teknik\",\"url\":\"https:\/\/ysbchem.com\/\",\"logo\":{\"@type\":\"ImageObject\",\"inLanguage\":\"tr\",\"@id\":\"https:\/\/ysbchem.com\/#\/schema\/logo\/image\/\",\"url\":\"https:\/\/ysbchem.com\/wp-content\/uploads\/2022\/07\/YSBTeknik-Facebook-Logo.png\",\"contentUrl\":\"https:\/\/ysbchem.com\/wp-content\/uploads\/2022\/07\/YSBTeknik-Facebook-Logo.png\",\"width\":180,\"height\":180,\"caption\":\"YSB Teknik\"},\"image\":{\"@id\":\"https:\/\/ysbchem.com\/#\/schema\/logo\/image\/\"},\"sameAs\":[\"https:\/\/www.facebook.com\/ysbchem\"]}]}<\/script>\n<!-- \/ Yoast SEO plugin. -->","yoast_head_json":{"title":"YSB SU TUTUCU ACR-600 BANT - Ysbchem","robots":{"index":"index","follow":"follow","max-snippet":"max-snippet:-1","max-image-preview":"max-image-preview:large","max-video-preview":"max-video-preview:-1"},"canonical":"https:\/\/ysbchem.com\/tr\/urunler\/ysb-su-tutucu-acr-600-bant\/","og_locale":"tr_TR","og_type":"article","og_title":"YSB SU TUTUCU ACR-600 BANT - Ysbchem","og_description":"[vc_row full_width=&#8221;stretch_row_content&#8221; bg_cws_repeat=&#8221;no-repeat&#8221; css=&#8221;.vc_custom_1600019355206{padding-bottom: 60px !important;}&#8221;][vc_column][vc_column_text] Kendinden Yap\u0131\u015fkanl\u0131 se\u00e7enek. [\/vc_column_text][vc_column_text] ACR, yeni nesil y\u00fcksek performansl\u0131 akrilik polimer esasl\u0131 geni\u015fleyen bantt\u0131r. Su ile temas etti\u011finde% 900&#8217;e kadar genle\u015fir. Tamamen kuru bir durumda ACR, orijinal kurulum boyutuna k\u00fc\u00e7\u00fcl\u00fcr ve \u0131sland\u0131\u011f\u0131nda yeniden geni\u015fler. ACR, beton yap\u0131m\u0131nda duvardan taban ba\u011flant\u0131lar\u0131, boru giri\u015f sistemleri, a\u00e7\u0131kl\u0131klar\u0131n ve mevcut ve yeni beton [&hellip;]","og_url":"https:\/\/ysbchem.com\/tr\/urunler\/ysb-su-tutucu-acr-600-bant\/","og_site_name":"Ysbchem","article_publisher":"https:\/\/www.facebook.com\/ysbchem","article_modified_time":"2022-12-25T07:34:49+00:00","og_image":[{"url":"https:\/\/ysbchem.com\/wp-content\/uploads\/2020\/09\/acr600-1-150x150.jpg","type":"","width":"","height":""}],"twitter_card":"summary_large_image","twitter_misc":{"Tahmini okuma s\u00fcresi":"3 dakika"},"schema":{"@context":"https:\/\/schema.org","@graph":[{"@type":"WebPage","@id":"https:\/\/ysbchem.com\/tr\/urunler\/ysb-su-tutucu-acr-600-bant\/","url":"https:\/\/ysbchem.com\/tr\/urunler\/ysb-su-tutucu-acr-600-bant\/","name":"YSB SU TUTUCU ACR-600 BANT - Ysbchem","isPartOf":{"@id":"https:\/\/ysbchem.com\/#website"},"primaryImageOfPage":{"@id":"https:\/\/ysbchem.com\/tr\/urunler\/ysb-su-tutucu-acr-600-bant\/#primaryimage"},"image":{"@id":"https:\/\/ysbchem.com\/tr\/urunler\/ysb-su-tutucu-acr-600-bant\/#primaryimage"},"thumbnailUrl":"https:\/\/ysbchem.com\/wp-content\/uploads\/2020\/09\/acr600-1-150x150.jpg","datePublished":"2020-09-18T23:21:17+00:00","dateModified":"2022-12-25T07:34:49+00:00","breadcrumb":{"@id":"https:\/\/ysbchem.com\/tr\/urunler\/ysb-su-tutucu-acr-600-bant\/#breadcrumb"},"inLanguage":"tr","potentialAction":[{"@type":"ReadAction","target":["https:\/\/ysbchem.com\/tr\/urunler\/ysb-su-tutucu-acr-600-bant\/"]}]},{"@type":"ImageObject","inLanguage":"tr","@id":"https:\/\/ysbchem.com\/tr\/urunler\/ysb-su-tutucu-acr-600-bant\/#primaryimage","url":"https:\/\/ysbchem.com\/wp-content\/uploads\/2020\/09\/acr600-1-150x150.jpg","contentUrl":"https:\/\/ysbchem.com\/wp-content\/uploads\/2020\/09\/acr600-1-150x150.jpg"},{"@type":"BreadcrumbList","@id":"https:\/\/ysbchem.com\/tr\/urunler\/ysb-su-tutucu-acr-600-bant\/#breadcrumb","itemListElement":[{"@type":"ListItem","position":1,"name":"Home","item":"https:\/\/ysbchem.com\/tr\/"},{"@type":"ListItem","position":2,"name":"\u00dcr\u00fcnler","item":"https:\/\/ysbchem.com\/tr\/urunler\/"},{"@type":"ListItem","position":3,"name":"YSB SU TUTUCU ACR-600 BANT"}]},{"@type":"WebSite","@id":"https:\/\/ysbchem.com\/#website","url":"https:\/\/ysbchem.com\/","name":"Ysbchem","description":"Hydrophilic Waterstop Swelling Tape, Fire Strips, Bentonite","publisher":{"@id":"https:\/\/ysbchem.com\/#organization"},"potentialAction":[{"@type":"SearchAction","target":{"@type":"EntryPoint","urlTemplate":"https:\/\/ysbchem.com\/?s={search_term_string}"},"query-input":{"@type":"PropertyValueSpecification","valueRequired":true,"valueName":"search_term_string"}}],"inLanguage":"tr"},{"@type":"Organization","@id":"https:\/\/ysbchem.com\/#organization","name":"YSB Teknik","url":"https:\/\/ysbchem.com\/","logo":{"@type":"ImageObject","inLanguage":"tr","@id":"https:\/\/ysbchem.com\/#\/schema\/logo\/image\/","url":"https:\/\/ysbchem.com\/wp-content\/uploads\/2022\/07\/YSBTeknik-Facebook-Logo.png","contentUrl":"https:\/\/ysbchem.com\/wp-content\/uploads\/2022\/07\/YSBTeknik-Facebook-Logo.png","width":180,"height":180,"caption":"YSB Teknik"},"image":{"@id":"https:\/\/ysbchem.com\/#\/schema\/logo\/image\/"},"sameAs":["https:\/\/www.facebook.com\/ysbchem"]}]}},"_links":{"self":[{"href":"https:\/\/ysbchem.com\/tr\/wp-json\/wp\/v2\/pages\/2111","targetHints":{"allow":["GET"]}}],"collection":[{"href":"https:\/\/ysbchem.com\/tr\/wp-json\/wp\/v2\/pages"}],"about":[{"href":"https:\/\/ysbchem.com\/tr\/wp-json\/wp\/v2\/types\/page"}],"author":[{"embeddable":true,"href":"https:\/\/ysbchem.com\/tr\/wp-json\/wp\/v2\/users\/1"}],"replies":[{"embeddable":true,"href":"https:\/\/ysbchem.com\/tr\/wp-json\/wp\/v2\/comments?post=2111"}],"version-history":[{"count":12,"href":"https:\/\/ysbchem.com\/tr\/wp-json\/wp\/v2\/pages\/2111\/revisions"}],"predecessor-version":[{"id":2784,"href":"https:\/\/ysbchem.com\/tr\/wp-json\/wp\/v2\/pages\/2111\/revisions\/2784"}],"up":[{"embeddable":true,"href":"https:\/\/ysbchem.com\/tr\/wp-json\/wp\/v2\/pages\/2078"}],"wp:attachment":[{"href":"https:\/\/ysbchem.com\/tr\/wp-json\/wp\/v2\/media?parent=2111"}],"curies":[{"name":"wp","href":"https:\/\/api.w.org\/{rel}","templated":true}]}}