{"id":2112,"date":"2020-09-19T02:40:54","date_gmt":"2020-09-18T23:40:54","guid":{"rendered":"https:\/\/ysbchem.com\/?page_id=2112"},"modified":"2020-11-01T10:38:10","modified_gmt":"2020-11-01T07:38:10","slug":"ysbchem-bentonit-hidrofilik-su-tutucu","status":"publish","type":"page","link":"https:\/\/ysbchem.com\/tr\/urunler\/ysbchem-bentonit-hidrofilik-su-tutucu\/","title":{"rendered":"YSBCHEM Bentonit Hidrofilik Su Tutucu"},"content":{"rendered":"<div class=\"wpb-content-wrapper\"><p>[vc_row full_width=&#8221;stretch_row_content&#8221; css=&#8221;.vc_custom_1600019421055{padding-bottom: 60px !important;}&#8221;][vc_column][vc_column_text]<\/p>\n<h2><mark style='color: #1e73be;background-color: #ffffff;'>YSBCHEM BENTON\u0130T H\u0130DROF\u0130L\u0130K SU TUTUCU<\/mark><\/h2>\n<pre>Beton in\u015faat derzlerinin etkili s\u0131zd\u0131rmazl\u0131\u011f\u0131 i\u00e7in bentonit ve b\u00fctil kau\u00e7uk esasl\u0131 \u00fcr\u00fcn<\/pre>\n<p>[\/vc_column_text][vc_column_text]<img decoding=\"async\" class=\"alignleft wp-image-118 size-thumbnail\" src=\"https:\/\/ysbchem.com\/wp-content\/uploads\/2017\/01\/bentonite-150x150.jpg\" alt=\"\" width=\"150\" height=\"150\" srcset=\"https:\/\/ysbchem.com\/wp-content\/uploads\/2017\/01\/bentonite-150x150.jpg 150w, https:\/\/ysbchem.com\/wp-content\/uploads\/2017\/01\/bentonite-85x85.jpg 85w, https:\/\/ysbchem.com\/wp-content\/uploads\/2017\/01\/bentonite-80x80.jpg 80w\" sizes=\"(max-width: 150px) 100vw, 150px\" \/><\/p>\n<p>YSBCHEM do\u011fal sodyum bentonit esasl\u0131 hidrofilik su tutucu T\u00fcrkiye&#8217;de \u00fcretilmektedir. Bu \u00fcr\u00fcn, geleneksel derz s\u0131zd\u0131rmazl\u0131k sistemlerine iyi bir alternatiftir. Bo\u015fluklar, \u00e7atlaklar, g\u00f6zenekler ve k\u0131lcal damarlar dahil olmak \u00fczere beton yap\u0131da pozitif bir s\u0131zd\u0131rmazl\u0131k olu\u015fturmak i\u00e7in su ile temas etti\u011finde geni\u015fleyecektir.[\/vc_column_text]<hr style='margin-top: 30px; margin-bottom: 60px; background-color: #ffffff; ' \/>[vc_column_text]<strong>Avantajlar<\/strong><\/p>\n<p>Y\u00fcksek hidrostatik diren\u00e7, h\u0131zl\u0131, kolay Kurulum, conta d\u00fczensiz ba\u011flant\u0131 \u015fekillerine uyum sa\u011flamak i\u00e7in \u00e7e\u015fitli boyutlarda mevcuttur, s\u0131z\u0131nt\u0131lar\u0131 kapatmak i\u00e7in geni\u015fler, kullan\u0131m\u0131 g\u00fcvenlidir, toksik de\u011fildir, bu nedenle \u00f6zel bir i\u015flem gerekmez.<\/p>\n<p><strong>Standart \u00d6l\u00e7\u00fcler<\/strong><\/p>\n<p>05 mm x 20 mm 10 metre rulo kutu i\u00e7erisinde 70 metre<br \/>\n10 mm x 20 mm 10 metre rulo kutu i\u00e7erisinde 50 metre<br \/>\n20 mm x 25 mm 5 metre rulo kutu i\u00e7erisinde 35 metre<br \/>\n10 mm x 25 mm 10 metre rulo kutu i\u00e7erisinde 50 metre<\/p>\n<p><strong>Teknik Veriler<\/strong><\/p>\n<p>7. g\u00fcn\u00fcn sonunda:% 200<br \/>\n14. g\u00fcn\u00fcn sonunda:% 300<br \/>\nKuru \/ Islak diferansiyel:% 200<br \/>\nSu bas\u0131nc\u0131 direnci: 5bar @ 50m<br \/>\nUygulama s\u0131cakl\u0131\u011f\u0131: -20 \u00b0 C ila + 50 \u00b0 C<br \/>\nTest alan\u0131 su sertli\u011fi: 200ppm CaCO3<br \/>\nGenle\u015fme oran\u0131, su sertli\u011finin az oldu\u011fu yerlerde \u00f6nemli \u00f6l\u00e7\u00fcde artacakt\u0131r.<\/p>\n<p><img fetchpriority=\"high\" decoding=\"async\" class=\"alignnone size-full wp-image-2422\" src=\"https:\/\/ysbchem.com\/wp-content\/uploads\/2020\/11\/YSB-BENTONITE.png\" alt=\"\" width=\"365\" height=\"315\" srcset=\"https:\/\/ysbchem.com\/wp-content\/uploads\/2020\/11\/YSB-BENTONITE.png 365w, https:\/\/ysbchem.com\/wp-content\/uploads\/2020\/11\/YSB-BENTONITE-300x259.png 300w\" sizes=\"(max-width: 365px) 100vw, 365px\" \/>[\/vc_column_text][vc_video link=&#8221;https:\/\/youtu.be\/jB3TI5r1Gak&#8221;]<div class='cws_spacing' style='height: 30px;'><\/div><div data-style='&quot;&quot;' class='prospect_button_wrapper render_styles'><a href='https:\/\/ysbchem.com\/wp-content\/uploads\/2020\/11\/YSB-BENTONITE-BROCHURE.pdf' id='prospect_button_69fe110c890c7' class='prospect_button regular'>YSB BENTONITE BRO\u015e\u00dcR<\/a><\/div>[\/vc_column][\/vc_row][vc_row][vc_column]<div data-style='&quot;&quot;' class='prospect_button_wrapper render_styles'><a href='https:\/\/ysbchem.com\/tr\/urunler' id='prospect_button_69fe110c89156' class='prospect_button regular'><i class='fa fa-fas fa-chevron-left'><\/i>&#x20;T\u00fcm \u00dcr\u00fcnler<\/a><\/div>[\/vc_column][\/vc_row]<\/p>\n<\/div>","protected":false},"excerpt":{"rendered":"<p>[vc_row full_width=&#8221;stretch_row_content&#8221; css=&#8221;.vc_custom_1600019421055{padding-bottom: 60px !important;}&#8221;][vc_column][vc_column_text] Beton in\u015faat derzlerinin etkili s\u0131zd\u0131rmazl\u0131\u011f\u0131 i\u00e7in bentonit ve b\u00fctil kau\u00e7uk esasl\u0131 \u00fcr\u00fcn [\/vc_column_text][vc_column_text] YSBCHEM do\u011fal sodyum bentonit esasl\u0131 hidrofilik su tutucu T\u00fcrkiye&#8217;de \u00fcretilmektedir. Bu \u00fcr\u00fcn, geleneksel derz s\u0131zd\u0131rmazl\u0131k sistemlerine iyi bir alternatiftir. Bo\u015fluklar, \u00e7atlaklar, g\u00f6zenekler ve k\u0131lcal damarlar dahil olmak \u00fczere beton yap\u0131da pozitif bir s\u0131zd\u0131rmazl\u0131k olu\u015fturmak i\u00e7in su ile [&hellip;]<\/p>\n","protected":false},"author":1,"featured_media":0,"parent":2078,"menu_order":0,"comment_status":"closed","ping_status":"closed","template":"","meta":{"footnotes":""},"class_list":["post-2112","page","type-page","status-publish","hentry"],"yoast_head":"<!-- This site is optimized with the Yoast SEO plugin v26.7 - https:\/\/yoast.com\/wordpress\/plugins\/seo\/ -->\n<title>YSBCHEM Bentonit Hidrofilik Su Tutucu - Ysbchem<\/title>\n<meta name=\"robots\" content=\"index, follow, max-snippet:-1, max-image-preview:large, max-video-preview:-1\" \/>\n<link rel=\"canonical\" href=\"https:\/\/ysbchem.com\/tr\/urunler\/ysbchem-bentonit-hidrofilik-su-tutucu\/\" \/>\n<meta property=\"og:locale\" content=\"tr_TR\" \/>\n<meta property=\"og:type\" content=\"article\" \/>\n<meta property=\"og:title\" content=\"YSBCHEM Bentonit Hidrofilik Su Tutucu - Ysbchem\" \/>\n<meta property=\"og:description\" content=\"[vc_row full_width=&#8221;stretch_row_content&#8221; css=&#8221;.vc_custom_1600019421055{padding-bottom: 60px !important;}&#8221;][vc_column][vc_column_text] Beton in\u015faat derzlerinin etkili s\u0131zd\u0131rmazl\u0131\u011f\u0131 i\u00e7in bentonit ve b\u00fctil kau\u00e7uk esasl\u0131 \u00fcr\u00fcn [\/vc_column_text][vc_column_text] YSBCHEM do\u011fal sodyum bentonit esasl\u0131 hidrofilik su tutucu T\u00fcrkiye&#8217;de \u00fcretilmektedir. Bu \u00fcr\u00fcn, geleneksel derz s\u0131zd\u0131rmazl\u0131k sistemlerine iyi bir alternatiftir. Bo\u015fluklar, \u00e7atlaklar, g\u00f6zenekler ve k\u0131lcal damarlar dahil olmak \u00fczere beton yap\u0131da pozitif bir s\u0131zd\u0131rmazl\u0131k olu\u015fturmak i\u00e7in su ile [&hellip;]\" \/>\n<meta property=\"og:url\" content=\"https:\/\/ysbchem.com\/tr\/urunler\/ysbchem-bentonit-hidrofilik-su-tutucu\/\" \/>\n<meta property=\"og:site_name\" content=\"Ysbchem\" \/>\n<meta property=\"article:publisher\" content=\"https:\/\/www.facebook.com\/ysbchem\" \/>\n<meta property=\"article:modified_time\" content=\"2020-11-01T07:38:10+00:00\" \/>\n<meta property=\"og:image\" content=\"https:\/\/ysbchem.com\/wp-content\/uploads\/2017\/01\/bentonite-150x150.jpg\" \/>\n<meta name=\"twitter:card\" content=\"summary_large_image\" \/>\n<meta name=\"twitter:label1\" content=\"Tahmini okuma s\u00fcresi\" \/>\n\t<meta name=\"twitter:data1\" content=\"2 dakika\" \/>\n<script type=\"application\/ld+json\" class=\"yoast-schema-graph\">{\"@context\":\"https:\/\/schema.org\",\"@graph\":[{\"@type\":\"WebPage\",\"@id\":\"https:\/\/ysbchem.com\/tr\/urunler\/ysbchem-bentonit-hidrofilik-su-tutucu\/\",\"url\":\"https:\/\/ysbchem.com\/tr\/urunler\/ysbchem-bentonit-hidrofilik-su-tutucu\/\",\"name\":\"YSBCHEM Bentonit Hidrofilik Su Tutucu - Ysbchem\",\"isPartOf\":{\"@id\":\"https:\/\/ysbchem.com\/#website\"},\"primaryImageOfPage\":{\"@id\":\"https:\/\/ysbchem.com\/tr\/urunler\/ysbchem-bentonit-hidrofilik-su-tutucu\/#primaryimage\"},\"image\":{\"@id\":\"https:\/\/ysbchem.com\/tr\/urunler\/ysbchem-bentonit-hidrofilik-su-tutucu\/#primaryimage\"},\"thumbnailUrl\":\"https:\/\/ysbchem.com\/wp-content\/uploads\/2017\/01\/bentonite-150x150.jpg\",\"datePublished\":\"2020-09-18T23:40:54+00:00\",\"dateModified\":\"2020-11-01T07:38:10+00:00\",\"breadcrumb\":{\"@id\":\"https:\/\/ysbchem.com\/tr\/urunler\/ysbchem-bentonit-hidrofilik-su-tutucu\/#breadcrumb\"},\"inLanguage\":\"tr\",\"potentialAction\":[{\"@type\":\"ReadAction\",\"target\":[\"https:\/\/ysbchem.com\/tr\/urunler\/ysbchem-bentonit-hidrofilik-su-tutucu\/\"]}]},{\"@type\":\"ImageObject\",\"inLanguage\":\"tr\",\"@id\":\"https:\/\/ysbchem.com\/tr\/urunler\/ysbchem-bentonit-hidrofilik-su-tutucu\/#primaryimage\",\"url\":\"https:\/\/ysbchem.com\/wp-content\/uploads\/2017\/01\/bentonite-150x150.jpg\",\"contentUrl\":\"https:\/\/ysbchem.com\/wp-content\/uploads\/2017\/01\/bentonite-150x150.jpg\"},{\"@type\":\"BreadcrumbList\",\"@id\":\"https:\/\/ysbchem.com\/tr\/urunler\/ysbchem-bentonit-hidrofilik-su-tutucu\/#breadcrumb\",\"itemListElement\":[{\"@type\":\"ListItem\",\"position\":1,\"name\":\"Home\",\"item\":\"https:\/\/ysbchem.com\/tr\/\"},{\"@type\":\"ListItem\",\"position\":2,\"name\":\"\u00dcr\u00fcnler\",\"item\":\"https:\/\/ysbchem.com\/tr\/urunler\/\"},{\"@type\":\"ListItem\",\"position\":3,\"name\":\"YSBCHEM Bentonit Hidrofilik Su Tutucu\"}]},{\"@type\":\"WebSite\",\"@id\":\"https:\/\/ysbchem.com\/#website\",\"url\":\"https:\/\/ysbchem.com\/\",\"name\":\"Ysbchem\",\"description\":\"Hydrophilic Waterstop Swelling Tape, Fire Strips, Bentonite\",\"publisher\":{\"@id\":\"https:\/\/ysbchem.com\/#organization\"},\"potentialAction\":[{\"@type\":\"SearchAction\",\"target\":{\"@type\":\"EntryPoint\",\"urlTemplate\":\"https:\/\/ysbchem.com\/?s={search_term_string}\"},\"query-input\":{\"@type\":\"PropertyValueSpecification\",\"valueRequired\":true,\"valueName\":\"search_term_string\"}}],\"inLanguage\":\"tr\"},{\"@type\":\"Organization\",\"@id\":\"https:\/\/ysbchem.com\/#organization\",\"name\":\"YSB Teknik\",\"url\":\"https:\/\/ysbchem.com\/\",\"logo\":{\"@type\":\"ImageObject\",\"inLanguage\":\"tr\",\"@id\":\"https:\/\/ysbchem.com\/#\/schema\/logo\/image\/\",\"url\":\"https:\/\/ysbchem.com\/wp-content\/uploads\/2022\/07\/YSBTeknik-Facebook-Logo.png\",\"contentUrl\":\"https:\/\/ysbchem.com\/wp-content\/uploads\/2022\/07\/YSBTeknik-Facebook-Logo.png\",\"width\":180,\"height\":180,\"caption\":\"YSB Teknik\"},\"image\":{\"@id\":\"https:\/\/ysbchem.com\/#\/schema\/logo\/image\/\"},\"sameAs\":[\"https:\/\/www.facebook.com\/ysbchem\"]}]}<\/script>\n<!-- \/ Yoast SEO plugin. -->","yoast_head_json":{"title":"YSBCHEM Bentonit Hidrofilik Su Tutucu - Ysbchem","robots":{"index":"index","follow":"follow","max-snippet":"max-snippet:-1","max-image-preview":"max-image-preview:large","max-video-preview":"max-video-preview:-1"},"canonical":"https:\/\/ysbchem.com\/tr\/urunler\/ysbchem-bentonit-hidrofilik-su-tutucu\/","og_locale":"tr_TR","og_type":"article","og_title":"YSBCHEM Bentonit Hidrofilik Su Tutucu - Ysbchem","og_description":"[vc_row full_width=&#8221;stretch_row_content&#8221; css=&#8221;.vc_custom_1600019421055{padding-bottom: 60px !important;}&#8221;][vc_column][vc_column_text] Beton in\u015faat derzlerinin etkili s\u0131zd\u0131rmazl\u0131\u011f\u0131 i\u00e7in bentonit ve b\u00fctil kau\u00e7uk esasl\u0131 \u00fcr\u00fcn [\/vc_column_text][vc_column_text] YSBCHEM do\u011fal sodyum bentonit esasl\u0131 hidrofilik su tutucu T\u00fcrkiye&#8217;de \u00fcretilmektedir. Bu \u00fcr\u00fcn, geleneksel derz s\u0131zd\u0131rmazl\u0131k sistemlerine iyi bir alternatiftir. Bo\u015fluklar, \u00e7atlaklar, g\u00f6zenekler ve k\u0131lcal damarlar dahil olmak \u00fczere beton yap\u0131da pozitif bir s\u0131zd\u0131rmazl\u0131k olu\u015fturmak i\u00e7in su ile [&hellip;]","og_url":"https:\/\/ysbchem.com\/tr\/urunler\/ysbchem-bentonit-hidrofilik-su-tutucu\/","og_site_name":"Ysbchem","article_publisher":"https:\/\/www.facebook.com\/ysbchem","article_modified_time":"2020-11-01T07:38:10+00:00","og_image":[{"url":"https:\/\/ysbchem.com\/wp-content\/uploads\/2017\/01\/bentonite-150x150.jpg","type":"","width":"","height":""}],"twitter_card":"summary_large_image","twitter_misc":{"Tahmini okuma s\u00fcresi":"2 dakika"},"schema":{"@context":"https:\/\/schema.org","@graph":[{"@type":"WebPage","@id":"https:\/\/ysbchem.com\/tr\/urunler\/ysbchem-bentonit-hidrofilik-su-tutucu\/","url":"https:\/\/ysbchem.com\/tr\/urunler\/ysbchem-bentonit-hidrofilik-su-tutucu\/","name":"YSBCHEM Bentonit Hidrofilik Su Tutucu - Ysbchem","isPartOf":{"@id":"https:\/\/ysbchem.com\/#website"},"primaryImageOfPage":{"@id":"https:\/\/ysbchem.com\/tr\/urunler\/ysbchem-bentonit-hidrofilik-su-tutucu\/#primaryimage"},"image":{"@id":"https:\/\/ysbchem.com\/tr\/urunler\/ysbchem-bentonit-hidrofilik-su-tutucu\/#primaryimage"},"thumbnailUrl":"https:\/\/ysbchem.com\/wp-content\/uploads\/2017\/01\/bentonite-150x150.jpg","datePublished":"2020-09-18T23:40:54+00:00","dateModified":"2020-11-01T07:38:10+00:00","breadcrumb":{"@id":"https:\/\/ysbchem.com\/tr\/urunler\/ysbchem-bentonit-hidrofilik-su-tutucu\/#breadcrumb"},"inLanguage":"tr","potentialAction":[{"@type":"ReadAction","target":["https:\/\/ysbchem.com\/tr\/urunler\/ysbchem-bentonit-hidrofilik-su-tutucu\/"]}]},{"@type":"ImageObject","inLanguage":"tr","@id":"https:\/\/ysbchem.com\/tr\/urunler\/ysbchem-bentonit-hidrofilik-su-tutucu\/#primaryimage","url":"https:\/\/ysbchem.com\/wp-content\/uploads\/2017\/01\/bentonite-150x150.jpg","contentUrl":"https:\/\/ysbchem.com\/wp-content\/uploads\/2017\/01\/bentonite-150x150.jpg"},{"@type":"BreadcrumbList","@id":"https:\/\/ysbchem.com\/tr\/urunler\/ysbchem-bentonit-hidrofilik-su-tutucu\/#breadcrumb","itemListElement":[{"@type":"ListItem","position":1,"name":"Home","item":"https:\/\/ysbchem.com\/tr\/"},{"@type":"ListItem","position":2,"name":"\u00dcr\u00fcnler","item":"https:\/\/ysbchem.com\/tr\/urunler\/"},{"@type":"ListItem","position":3,"name":"YSBCHEM Bentonit Hidrofilik Su Tutucu"}]},{"@type":"WebSite","@id":"https:\/\/ysbchem.com\/#website","url":"https:\/\/ysbchem.com\/","name":"Ysbchem","description":"Hydrophilic Waterstop Swelling Tape, Fire Strips, Bentonite","publisher":{"@id":"https:\/\/ysbchem.com\/#organization"},"potentialAction":[{"@type":"SearchAction","target":{"@type":"EntryPoint","urlTemplate":"https:\/\/ysbchem.com\/?s={search_term_string}"},"query-input":{"@type":"PropertyValueSpecification","valueRequired":true,"valueName":"search_term_string"}}],"inLanguage":"tr"},{"@type":"Organization","@id":"https:\/\/ysbchem.com\/#organization","name":"YSB Teknik","url":"https:\/\/ysbchem.com\/","logo":{"@type":"ImageObject","inLanguage":"tr","@id":"https:\/\/ysbchem.com\/#\/schema\/logo\/image\/","url":"https:\/\/ysbchem.com\/wp-content\/uploads\/2022\/07\/YSBTeknik-Facebook-Logo.png","contentUrl":"https:\/\/ysbchem.com\/wp-content\/uploads\/2022\/07\/YSBTeknik-Facebook-Logo.png","width":180,"height":180,"caption":"YSB Teknik"},"image":{"@id":"https:\/\/ysbchem.com\/#\/schema\/logo\/image\/"},"sameAs":["https:\/\/www.facebook.com\/ysbchem"]}]}},"_links":{"self":[{"href":"https:\/\/ysbchem.com\/tr\/wp-json\/wp\/v2\/pages\/2112","targetHints":{"allow":["GET"]}}],"collection":[{"href":"https:\/\/ysbchem.com\/tr\/wp-json\/wp\/v2\/pages"}],"about":[{"href":"https:\/\/ysbchem.com\/tr\/wp-json\/wp\/v2\/types\/page"}],"author":[{"embeddable":true,"href":"https:\/\/ysbchem.com\/tr\/wp-json\/wp\/v2\/users\/1"}],"replies":[{"embeddable":true,"href":"https:\/\/ysbchem.com\/tr\/wp-json\/wp\/v2\/comments?post=2112"}],"version-history":[{"count":7,"href":"https:\/\/ysbchem.com\/tr\/wp-json\/wp\/v2\/pages\/2112\/revisions"}],"predecessor-version":[{"id":2452,"href":"https:\/\/ysbchem.com\/tr\/wp-json\/wp\/v2\/pages\/2112\/revisions\/2452"}],"up":[{"embeddable":true,"href":"https:\/\/ysbchem.com\/tr\/wp-json\/wp\/v2\/pages\/2078"}],"wp:attachment":[{"href":"https:\/\/ysbchem.com\/tr\/wp-json\/wp\/v2\/media?parent=2112"}],"curies":[{"name":"wp","href":"https:\/\/api.w.org\/{rel}","templated":true}]}}