{"id":2113,"date":"2020-09-19T02:37:31","date_gmt":"2020-09-18T23:37:31","guid":{"rendered":"https:\/\/ysbchem.com\/?page_id=2113"},"modified":"2020-11-01T10:35:40","modified_gmt":"2020-11-01T07:35:40","slug":"ysbchem-intuflame","status":"publish","type":"page","link":"https:\/\/ysbchem.com\/tr\/urunler\/ysbchem-intuflame\/","title":{"rendered":"YSBCHEM INTUFLAME"},"content":{"rendered":"<div class=\"wpb-content-wrapper\"><p>[vc_row full_width=&#8221;stretch_row_content&#8221; css=&#8221;.vc_custom_1600019404081{padding-bottom: 60px !important;}&#8221;][vc_column][vc_column_text]<\/p>\n<h2><mark style='color: #1e73be;background-color: #ffffff;'>YSBCHEM INTUFLAME<\/mark><\/h2>\n<pre>Yang\u0131n kap\u0131lar\u0131 ve binalar i\u00e7in hava sirk\u00fclasyonunu ve s\u0131cak gaz ve duman ka\u00e7\u0131\u015f\u0131n\u0131 \u00f6nlemek i\u00e7in sertifikal\u0131 \u015ferit<\/pre>\n<p>[\/vc_column_text][vc_column_text]<img decoding=\"async\" class=\"alignleft wp-image-116 size-thumbnail\" src=\"https:\/\/ysbchem.com\/wp-content\/uploads\/2017\/01\/intuflame-150x150.png\" alt=\"\" width=\"150\" height=\"150\" srcset=\"https:\/\/ysbchem.com\/wp-content\/uploads\/2017\/01\/intuflame-150x150.png 150w, https:\/\/ysbchem.com\/wp-content\/uploads\/2017\/01\/intuflame-85x85.png 85w, https:\/\/ysbchem.com\/wp-content\/uploads\/2017\/01\/intuflame-80x80.png 80w\" sizes=\"(max-width: 150px) 100vw, 150px\" \/><\/p>\n<p>\u00dcr\u00fcn\u00fcm\u00fcz, geni\u015fletilebilir grafitin kimyas\u0131na dayanmaktad\u0131r. Esnektir ve bu nedenle montaj\u0131 kolayd\u0131r ve kendinden yap\u0131\u015fkanl\u0131 arkas\u0131 vard\u0131r. \u015ei\u015fen yang\u0131n \u015feridimiz, hava sirk\u00fclasyonunu ve kap\u0131lar, \u00e7er\u00e7eveler ve yang\u0131na dayan\u0131kl\u0131l\u0131\u011f\u0131n gerekli oldu\u011fu di\u011fer potansiyel bo\u015fluklar aras\u0131nda s\u0131cak gazlar\u0131n ve duman\u0131n ka\u00e7mas\u0131n\u0131 \u00f6nlemek i\u00e7in kurulum boyutunun bir\u00e7ok kat\u0131na geni\u015fletmek \u00fczere tasarlanm\u0131\u015ft\u0131r. Ayr\u0131ca yang\u0131n \u015feridimiz duman ve zehirli gaz azalt\u0131m\u0131 sa\u011flar.[\/vc_column_text]<hr style='margin-top: 30px; margin-bottom: 30px; background-color: #ffffff; ' \/>[vc_column_text]<strong>Akreditasyonlar<\/strong><\/p>\n<p>\u00dcr\u00fcnlerimiz en son AB standartlar\u0131na g\u00f6re kapsaml\u0131 bir \u015fekilde test edilmi\u015f ve Efectis Era&#8217;ya ula\u015fm\u0131\u015ft\u0131r.<\/p>\n<p><strong>Standard \u00d6l\u00e7\u00fcler<\/strong><\/p>\n<p><img fetchpriority=\"high\" decoding=\"async\" class=\"alignnone wp-image-1711 size-full\" src=\"https:\/\/ysbchem.com\/wp-content\/uploads\/2020\/09\/intuflmaesize.png\" alt=\"\" width=\"627\" height=\"153\" srcset=\"https:\/\/ysbchem.com\/wp-content\/uploads\/2020\/09\/intuflmaesize.png 627w, https:\/\/ysbchem.com\/wp-content\/uploads\/2020\/09\/intuflmaesize-300x73.png 300w\" sizes=\"(max-width: 627px) 100vw, 627px\" \/><\/p>\n<p><strong>ERA<\/strong><\/p>\n<p><img decoding=\"async\" class=\"alignnone wp-image-2369 size-medium\" src=\"https:\/\/ysbchem.com\/wp-content\/uploads\/2020\/11\/ERA-300x62.jpg\" alt=\"\" width=\"300\" height=\"62\" srcset=\"https:\/\/ysbchem.com\/wp-content\/uploads\/2020\/11\/ERA-300x62.jpg 300w, https:\/\/ysbchem.com\/wp-content\/uploads\/2020\/11\/ERA.jpg 710w\" sizes=\"(max-width: 300px) 100vw, 300px\" \/><\/p>\n<p><strong>Test Sonucu<\/strong><\/p>\n<p>Test par\u00e7alar\u0131n\u0131n kal\u0131nl\u0131\u011f\u0131 1.5 mm ile 40 mm aras\u0131nda de\u011fi\u015fmektedir. Test par\u00e7alar\u0131 ate\u015fe direndi<br \/>\nE kriter listesine g\u00f6re \u00f6nemli bir de\u011fi\u015fiklik olmadan ve korunmu\u015f b\u00fct\u00fcnl\u00fck olmadan 180 dakika<br \/>\ntest sonland\u0131r\u0131ld\u0131.<\/p>\n<p><strong>Test Sonucu:<\/strong> EN1366-4 2006. A1 2010 (E).<\/p>\n<p>EN1363-1: 1999, Yang\u0131na dayan\u0131kl\u0131l\u0131k testi-B\u00f6l\u00fcm 1: Genel gereksinimler; EN 1363-2, Yang\u0131na dayan\u0131kl\u0131l\u0131k testleri B\u00f6l\u00fcm 2: Alternatif ve ek prosed\u00fcrler, EN ISO 13943: 2000, Yang\u0131n g\u00fcvenli\u011fi-Kelime (ISO<br \/>\n13943: 2000)[\/vc_column_text]<div class='cws_spacing' style='height: 30px;'><\/div><div data-style='&quot;&quot;' class='prospect_button_wrapper render_styles'><a href='https:\/\/ysbchem.com\/wp-content\/uploads\/2020\/11\/YSB-INTUFLAME-BROCHURE.pdf' id='prospect_button_69e378c28c00b' class='prospect_button regular' target='_blank'>YSB INTUFLAME BRO\u015e\u00dcR<\/a><\/div>[\/vc_column][\/vc_row][vc_row][vc_column]<div data-style='&quot;&quot;' class='prospect_button_wrapper render_styles'><a href='https:\/\/ysbchem.com\/tr\/urunler' id='prospect_button_69e378c28c0e6' class='prospect_button regular'><i class='fa fa-fas fa-chevron-left'><\/i>&#x20;T\u00fcm \u00dcr\u00fcnler<\/a><\/div>[\/vc_column][\/vc_row]<\/p>\n<\/div>","protected":false},"excerpt":{"rendered":"<p>[vc_row full_width=&#8221;stretch_row_content&#8221; css=&#8221;.vc_custom_1600019404081{padding-bottom: 60px !important;}&#8221;][vc_column][vc_column_text] Yang\u0131n kap\u0131lar\u0131 ve binalar i\u00e7in hava sirk\u00fclasyonunu ve s\u0131cak gaz ve duman ka\u00e7\u0131\u015f\u0131n\u0131 \u00f6nlemek i\u00e7in sertifikal\u0131 \u015ferit [\/vc_column_text][vc_column_text] \u00dcr\u00fcn\u00fcm\u00fcz, geni\u015fletilebilir grafitin kimyas\u0131na dayanmaktad\u0131r. Esnektir ve bu nedenle montaj\u0131 kolayd\u0131r ve kendinden yap\u0131\u015fkanl\u0131 arkas\u0131 vard\u0131r. \u015ei\u015fen yang\u0131n \u015feridimiz, hava sirk\u00fclasyonunu ve kap\u0131lar, \u00e7er\u00e7eveler ve yang\u0131na dayan\u0131kl\u0131l\u0131\u011f\u0131n gerekli oldu\u011fu di\u011fer potansiyel bo\u015fluklar [&hellip;]<\/p>\n","protected":false},"author":1,"featured_media":0,"parent":2078,"menu_order":0,"comment_status":"closed","ping_status":"closed","template":"","meta":{"footnotes":""},"class_list":["post-2113","page","type-page","status-publish","hentry"],"yoast_head":"<!-- This site is optimized with the Yoast SEO plugin v26.7 - https:\/\/yoast.com\/wordpress\/plugins\/seo\/ -->\n<title>YSBCHEM INTUFLAME - Ysbchem<\/title>\n<meta name=\"robots\" content=\"index, follow, max-snippet:-1, max-image-preview:large, max-video-preview:-1\" \/>\n<link rel=\"canonical\" href=\"https:\/\/ysbchem.com\/tr\/urunler\/ysbchem-intuflame\/\" \/>\n<meta property=\"og:locale\" content=\"tr_TR\" \/>\n<meta property=\"og:type\" content=\"article\" \/>\n<meta property=\"og:title\" content=\"YSBCHEM INTUFLAME - Ysbchem\" \/>\n<meta property=\"og:description\" content=\"[vc_row full_width=&#8221;stretch_row_content&#8221; css=&#8221;.vc_custom_1600019404081{padding-bottom: 60px !important;}&#8221;][vc_column][vc_column_text] Yang\u0131n kap\u0131lar\u0131 ve binalar i\u00e7in hava sirk\u00fclasyonunu ve s\u0131cak gaz ve duman ka\u00e7\u0131\u015f\u0131n\u0131 \u00f6nlemek i\u00e7in sertifikal\u0131 \u015ferit [\/vc_column_text][vc_column_text] \u00dcr\u00fcn\u00fcm\u00fcz, geni\u015fletilebilir grafitin kimyas\u0131na dayanmaktad\u0131r. Esnektir ve bu nedenle montaj\u0131 kolayd\u0131r ve kendinden yap\u0131\u015fkanl\u0131 arkas\u0131 vard\u0131r. \u015ei\u015fen yang\u0131n \u015feridimiz, hava sirk\u00fclasyonunu ve kap\u0131lar, \u00e7er\u00e7eveler ve yang\u0131na dayan\u0131kl\u0131l\u0131\u011f\u0131n gerekli oldu\u011fu di\u011fer potansiyel bo\u015fluklar [&hellip;]\" \/>\n<meta property=\"og:url\" content=\"https:\/\/ysbchem.com\/tr\/urunler\/ysbchem-intuflame\/\" \/>\n<meta property=\"og:site_name\" content=\"Ysbchem\" \/>\n<meta property=\"article:publisher\" content=\"https:\/\/www.facebook.com\/ysbchem\" \/>\n<meta property=\"article:modified_time\" content=\"2020-11-01T07:35:40+00:00\" \/>\n<meta property=\"og:image\" content=\"https:\/\/ysbchem.com\/wp-content\/uploads\/2017\/01\/intuflame-150x150.png\" \/>\n<meta name=\"twitter:card\" content=\"summary_large_image\" \/>\n<meta name=\"twitter:label1\" content=\"Tahmini okuma s\u00fcresi\" \/>\n\t<meta name=\"twitter:data1\" content=\"2 dakika\" \/>\n<script type=\"application\/ld+json\" class=\"yoast-schema-graph\">{\"@context\":\"https:\/\/schema.org\",\"@graph\":[{\"@type\":\"WebPage\",\"@id\":\"https:\/\/ysbchem.com\/tr\/urunler\/ysbchem-intuflame\/\",\"url\":\"https:\/\/ysbchem.com\/tr\/urunler\/ysbchem-intuflame\/\",\"name\":\"YSBCHEM INTUFLAME - Ysbchem\",\"isPartOf\":{\"@id\":\"https:\/\/ysbchem.com\/#website\"},\"primaryImageOfPage\":{\"@id\":\"https:\/\/ysbchem.com\/tr\/urunler\/ysbchem-intuflame\/#primaryimage\"},\"image\":{\"@id\":\"https:\/\/ysbchem.com\/tr\/urunler\/ysbchem-intuflame\/#primaryimage\"},\"thumbnailUrl\":\"https:\/\/ysbchem.com\/wp-content\/uploads\/2017\/01\/intuflame-150x150.png\",\"datePublished\":\"2020-09-18T23:37:31+00:00\",\"dateModified\":\"2020-11-01T07:35:40+00:00\",\"breadcrumb\":{\"@id\":\"https:\/\/ysbchem.com\/tr\/urunler\/ysbchem-intuflame\/#breadcrumb\"},\"inLanguage\":\"tr\",\"potentialAction\":[{\"@type\":\"ReadAction\",\"target\":[\"https:\/\/ysbchem.com\/tr\/urunler\/ysbchem-intuflame\/\"]}]},{\"@type\":\"ImageObject\",\"inLanguage\":\"tr\",\"@id\":\"https:\/\/ysbchem.com\/tr\/urunler\/ysbchem-intuflame\/#primaryimage\",\"url\":\"https:\/\/ysbchem.com\/wp-content\/uploads\/2017\/01\/intuflame-150x150.png\",\"contentUrl\":\"https:\/\/ysbchem.com\/wp-content\/uploads\/2017\/01\/intuflame-150x150.png\"},{\"@type\":\"BreadcrumbList\",\"@id\":\"https:\/\/ysbchem.com\/tr\/urunler\/ysbchem-intuflame\/#breadcrumb\",\"itemListElement\":[{\"@type\":\"ListItem\",\"position\":1,\"name\":\"Home\",\"item\":\"https:\/\/ysbchem.com\/tr\/\"},{\"@type\":\"ListItem\",\"position\":2,\"name\":\"\u00dcr\u00fcnler\",\"item\":\"https:\/\/ysbchem.com\/tr\/urunler\/\"},{\"@type\":\"ListItem\",\"position\":3,\"name\":\"YSBCHEM INTUFLAME\"}]},{\"@type\":\"WebSite\",\"@id\":\"https:\/\/ysbchem.com\/#website\",\"url\":\"https:\/\/ysbchem.com\/\",\"name\":\"Ysbchem\",\"description\":\"Hydrophilic Waterstop Swelling Tape, Fire Strips, Bentonite\",\"publisher\":{\"@id\":\"https:\/\/ysbchem.com\/#organization\"},\"potentialAction\":[{\"@type\":\"SearchAction\",\"target\":{\"@type\":\"EntryPoint\",\"urlTemplate\":\"https:\/\/ysbchem.com\/?s={search_term_string}\"},\"query-input\":{\"@type\":\"PropertyValueSpecification\",\"valueRequired\":true,\"valueName\":\"search_term_string\"}}],\"inLanguage\":\"tr\"},{\"@type\":\"Organization\",\"@id\":\"https:\/\/ysbchem.com\/#organization\",\"name\":\"YSB Teknik\",\"url\":\"https:\/\/ysbchem.com\/\",\"logo\":{\"@type\":\"ImageObject\",\"inLanguage\":\"tr\",\"@id\":\"https:\/\/ysbchem.com\/#\/schema\/logo\/image\/\",\"url\":\"https:\/\/ysbchem.com\/wp-content\/uploads\/2022\/07\/YSBTeknik-Facebook-Logo.png\",\"contentUrl\":\"https:\/\/ysbchem.com\/wp-content\/uploads\/2022\/07\/YSBTeknik-Facebook-Logo.png\",\"width\":180,\"height\":180,\"caption\":\"YSB Teknik\"},\"image\":{\"@id\":\"https:\/\/ysbchem.com\/#\/schema\/logo\/image\/\"},\"sameAs\":[\"https:\/\/www.facebook.com\/ysbchem\"]}]}<\/script>\n<!-- \/ Yoast SEO plugin. -->","yoast_head_json":{"title":"YSBCHEM INTUFLAME - Ysbchem","robots":{"index":"index","follow":"follow","max-snippet":"max-snippet:-1","max-image-preview":"max-image-preview:large","max-video-preview":"max-video-preview:-1"},"canonical":"https:\/\/ysbchem.com\/tr\/urunler\/ysbchem-intuflame\/","og_locale":"tr_TR","og_type":"article","og_title":"YSBCHEM INTUFLAME - Ysbchem","og_description":"[vc_row full_width=&#8221;stretch_row_content&#8221; css=&#8221;.vc_custom_1600019404081{padding-bottom: 60px !important;}&#8221;][vc_column][vc_column_text] Yang\u0131n kap\u0131lar\u0131 ve binalar i\u00e7in hava sirk\u00fclasyonunu ve s\u0131cak gaz ve duman ka\u00e7\u0131\u015f\u0131n\u0131 \u00f6nlemek i\u00e7in sertifikal\u0131 \u015ferit [\/vc_column_text][vc_column_text] \u00dcr\u00fcn\u00fcm\u00fcz, geni\u015fletilebilir grafitin kimyas\u0131na dayanmaktad\u0131r. Esnektir ve bu nedenle montaj\u0131 kolayd\u0131r ve kendinden yap\u0131\u015fkanl\u0131 arkas\u0131 vard\u0131r. \u015ei\u015fen yang\u0131n \u015feridimiz, hava sirk\u00fclasyonunu ve kap\u0131lar, \u00e7er\u00e7eveler ve yang\u0131na dayan\u0131kl\u0131l\u0131\u011f\u0131n gerekli oldu\u011fu di\u011fer potansiyel bo\u015fluklar [&hellip;]","og_url":"https:\/\/ysbchem.com\/tr\/urunler\/ysbchem-intuflame\/","og_site_name":"Ysbchem","article_publisher":"https:\/\/www.facebook.com\/ysbchem","article_modified_time":"2020-11-01T07:35:40+00:00","og_image":[{"url":"https:\/\/ysbchem.com\/wp-content\/uploads\/2017\/01\/intuflame-150x150.png","type":"","width":"","height":""}],"twitter_card":"summary_large_image","twitter_misc":{"Tahmini okuma s\u00fcresi":"2 dakika"},"schema":{"@context":"https:\/\/schema.org","@graph":[{"@type":"WebPage","@id":"https:\/\/ysbchem.com\/tr\/urunler\/ysbchem-intuflame\/","url":"https:\/\/ysbchem.com\/tr\/urunler\/ysbchem-intuflame\/","name":"YSBCHEM INTUFLAME - Ysbchem","isPartOf":{"@id":"https:\/\/ysbchem.com\/#website"},"primaryImageOfPage":{"@id":"https:\/\/ysbchem.com\/tr\/urunler\/ysbchem-intuflame\/#primaryimage"},"image":{"@id":"https:\/\/ysbchem.com\/tr\/urunler\/ysbchem-intuflame\/#primaryimage"},"thumbnailUrl":"https:\/\/ysbchem.com\/wp-content\/uploads\/2017\/01\/intuflame-150x150.png","datePublished":"2020-09-18T23:37:31+00:00","dateModified":"2020-11-01T07:35:40+00:00","breadcrumb":{"@id":"https:\/\/ysbchem.com\/tr\/urunler\/ysbchem-intuflame\/#breadcrumb"},"inLanguage":"tr","potentialAction":[{"@type":"ReadAction","target":["https:\/\/ysbchem.com\/tr\/urunler\/ysbchem-intuflame\/"]}]},{"@type":"ImageObject","inLanguage":"tr","@id":"https:\/\/ysbchem.com\/tr\/urunler\/ysbchem-intuflame\/#primaryimage","url":"https:\/\/ysbchem.com\/wp-content\/uploads\/2017\/01\/intuflame-150x150.png","contentUrl":"https:\/\/ysbchem.com\/wp-content\/uploads\/2017\/01\/intuflame-150x150.png"},{"@type":"BreadcrumbList","@id":"https:\/\/ysbchem.com\/tr\/urunler\/ysbchem-intuflame\/#breadcrumb","itemListElement":[{"@type":"ListItem","position":1,"name":"Home","item":"https:\/\/ysbchem.com\/tr\/"},{"@type":"ListItem","position":2,"name":"\u00dcr\u00fcnler","item":"https:\/\/ysbchem.com\/tr\/urunler\/"},{"@type":"ListItem","position":3,"name":"YSBCHEM INTUFLAME"}]},{"@type":"WebSite","@id":"https:\/\/ysbchem.com\/#website","url":"https:\/\/ysbchem.com\/","name":"Ysbchem","description":"Hydrophilic Waterstop Swelling Tape, Fire Strips, Bentonite","publisher":{"@id":"https:\/\/ysbchem.com\/#organization"},"potentialAction":[{"@type":"SearchAction","target":{"@type":"EntryPoint","urlTemplate":"https:\/\/ysbchem.com\/?s={search_term_string}"},"query-input":{"@type":"PropertyValueSpecification","valueRequired":true,"valueName":"search_term_string"}}],"inLanguage":"tr"},{"@type":"Organization","@id":"https:\/\/ysbchem.com\/#organization","name":"YSB Teknik","url":"https:\/\/ysbchem.com\/","logo":{"@type":"ImageObject","inLanguage":"tr","@id":"https:\/\/ysbchem.com\/#\/schema\/logo\/image\/","url":"https:\/\/ysbchem.com\/wp-content\/uploads\/2022\/07\/YSBTeknik-Facebook-Logo.png","contentUrl":"https:\/\/ysbchem.com\/wp-content\/uploads\/2022\/07\/YSBTeknik-Facebook-Logo.png","width":180,"height":180,"caption":"YSB Teknik"},"image":{"@id":"https:\/\/ysbchem.com\/#\/schema\/logo\/image\/"},"sameAs":["https:\/\/www.facebook.com\/ysbchem"]}]}},"_links":{"self":[{"href":"https:\/\/ysbchem.com\/tr\/wp-json\/wp\/v2\/pages\/2113","targetHints":{"allow":["GET"]}}],"collection":[{"href":"https:\/\/ysbchem.com\/tr\/wp-json\/wp\/v2\/pages"}],"about":[{"href":"https:\/\/ysbchem.com\/tr\/wp-json\/wp\/v2\/types\/page"}],"author":[{"embeddable":true,"href":"https:\/\/ysbchem.com\/tr\/wp-json\/wp\/v2\/users\/1"}],"replies":[{"embeddable":true,"href":"https:\/\/ysbchem.com\/tr\/wp-json\/wp\/v2\/comments?post=2113"}],"version-history":[{"count":5,"href":"https:\/\/ysbchem.com\/tr\/wp-json\/wp\/v2\/pages\/2113\/revisions"}],"predecessor-version":[{"id":2449,"href":"https:\/\/ysbchem.com\/tr\/wp-json\/wp\/v2\/pages\/2113\/revisions\/2449"}],"up":[{"embeddable":true,"href":"https:\/\/ysbchem.com\/tr\/wp-json\/wp\/v2\/pages\/2078"}],"wp:attachment":[{"href":"https:\/\/ysbchem.com\/tr\/wp-json\/wp\/v2\/media?parent=2113"}],"curies":[{"name":"wp","href":"https:\/\/api.w.org\/{rel}","templated":true}]}}