{"id":2291,"date":"2020-09-20T18:01:54","date_gmt":"2020-09-20T15:01:54","guid":{"rendered":"https:\/\/ysbchem.com\/?page_id=2291"},"modified":"2020-11-01T10:53:46","modified_gmt":"2020-11-01T07:53:46","slug":"neopren-foam","status":"publish","type":"page","link":"https:\/\/ysbchem.com\/tr\/urunler\/neopren-foam\/","title":{"rendered":"NEOPREN FOAM"},"content":{"rendered":"<div class=\"wpb-content-wrapper\"><p>[vc_row full_width=&#8221;stretch_row_content&#8221; css=&#8221;.vc_custom_1600019428222{padding-bottom: 60px !important;}&#8221;][vc_column][vc_column_text]<\/p>\n<h2><mark style='color: #1e73be;background-color: #ffffff;'>NEOPREN FOAM<\/mark><\/h2>\n<pre><\/pre>\n<p>[\/vc_column_text][vc_column_text]<img decoding=\"async\" class=\"alignleft wp-image-2272 size-thumbnail\" src=\"https:\/\/ysbchem.com\/wp-content\/uploads\/2020\/09\/neo-150x150.png\" alt=\"\" width=\"150\" height=\"150\" \/><\/p>\n<p>Bu malzeme, ya\u011flara ve kimyasallara kar\u015f\u0131 diren\u00e7 sa\u011flamak i\u00e7in \u00f6zel olarak form\u00fcle edilmi\u015ftir ve hidrokarbon \u00e7\u00f6z\u00fcc\u00fcler gibi toksik maddelerden etkilenmez. \u00c7ok say\u0131da end\u00fcstride geni\u015f bir uygulama yelpazesinde kullan\u0131labilen sa\u011flam bir malzemedir.<\/p>\n<p>Her neopren varyant\u0131, olumsuz ortamlar\u0131n bask\u0131s\u0131 alt\u0131nda farkl\u0131 performans g\u00f6stermesine izin veren ayr\u0131 \u00f6zelliklere sahiptir. \u00d6nceden form\u00fcle edilmi\u015f neopren spesifikasyonlar\u0131m\u0131za ek olarak Alanto, belirli uygulamalar i\u00e7in \u00f6zel bile\u015fikler sunmaktan gurur duyar. Termal \u00f6zellikleri ve hem s\u0131cak hem de so\u011fuk ortamlara tolerans\u0131, onu \u00f6zellikle d\u0131\u015f mekan kullan\u0131m\u0131 i\u00e7in \u00e7ekici bir malzeme haline getirmektedir.<\/p>\n<p>Neopren levhalar\u0131n y\u00fcksek gerilme mukavemeti ve d\u00fc\u015f\u00fck s\u0131k\u0131\u015ft\u0131rma seti, onu in\u015faat, paketleme ve lojistik end\u00fcstrilerindeki uygulamalar i\u00e7in uygun olan dayan\u0131kl\u0131 bir malzeme haline getirir &#8211; bunlardan birka\u00e7\u0131. Ek olarak, neopren, s\u0131k\u0131\u015ft\u0131rman\u0131n ard\u0131ndan iyi toparlanma \u00f6zelliklerine sahiptir ve bu da onu contalar, bantlar ve rulolar i\u00e7in m\u00fckemmel bir malzeme haline getirir.[\/vc_column_text]<hr style='margin-top: 30px; margin-bottom: 60px; background-color: #ffffff; ' \/>[vc_column_text]<strong>Uygulamalar<\/strong><\/p>\n<p>Neopren hemen hemen her t\u00fcketici uygulamas\u0131nda kullan\u0131labilirken, burada YSB&#8217;de, a\u015fa\u011f\u0131dakiler dahil bir dizi end\u00fcstri i\u00e7in end\u00fcstriyel uygulamalarda uzman\u0131z:<\/p>\n<p>Otomotiv end\u00fcstrisi &#8211; \u00f6r. \u0131\u015f\u0131klar, aynalar, direksiyon b\u00f6l\u00fcmleri ve kap\u0131 contalar\u0131<br \/>\nD\u00f6n\u00fc\u015f\u00fcm end\u00fcstrisi &#8211; \u00f6r. s\u0131zd\u0131rmazl\u0131k malzemesi bobinleri \/ rulolar\u0131 ve kesme uzunluklar\u0131 \/ a\u00e7\u0131l\u0131 kesim b\u00f6l\u00fcmleri<br \/>\nM\u00fchendislik end\u00fcstrisi &#8211; \u00f6r. somun ve c\u0131vatalar\u0131n yal\u0131t\u0131m\u0131 i\u00e7in<br \/>\n\u0130n\u015faat sekt\u00f6r\u00fc &#8211; \u00f6r. genle\u015fme derzleri ve akustik contalar i\u00e7in<br \/>\nElektrik ve ayd\u0131nlatma end\u00fcstrisi &#8211; IP uyumu gerektiren durumlarda kullan\u0131l\u0131r<\/p>\n<p><img fetchpriority=\"high\" decoding=\"async\" class=\"alignleft wp-image-2272 size-full\" src=\"https:\/\/ysbchem.com\/wp-content\/uploads\/2020\/09\/neo.png\" alt=\"\" width=\"604\" height=\"367\" srcset=\"https:\/\/ysbchem.com\/wp-content\/uploads\/2020\/09\/neo.png 604w, https:\/\/ysbchem.com\/wp-content\/uploads\/2020\/09\/neo-300x182.png 300w\" sizes=\"(max-width: 604px) 100vw, 604px\" \/>[\/vc_column_text][\/vc_column][\/vc_row][vc_row][vc_column]<div data-style='&quot;&quot;' class='prospect_button_wrapper render_styles'><a href='https:\/\/ysbchem.com\/tr\/urunler' id='prospect_button_69e3790b463d6' class='prospect_button regular'><i class='fa fa-fas fa-chevron-left'><\/i>&#x20;T\u00fcm \u00dcr\u00fcnler<\/a><\/div>[\/vc_column][\/vc_row]<\/p>\n<\/div>","protected":false},"excerpt":{"rendered":"<p>[vc_row full_width=&#8221;stretch_row_content&#8221; css=&#8221;.vc_custom_1600019428222{padding-bottom: 60px !important;}&#8221;][vc_column][vc_column_text] [\/vc_column_text][vc_column_text] Bu malzeme, ya\u011flara ve kimyasallara kar\u015f\u0131 diren\u00e7 sa\u011flamak i\u00e7in \u00f6zel olarak form\u00fcle edilmi\u015ftir ve hidrokarbon \u00e7\u00f6z\u00fcc\u00fcler gibi toksik maddelerden etkilenmez. \u00c7ok say\u0131da end\u00fcstride geni\u015f bir uygulama yelpazesinde kullan\u0131labilen sa\u011flam bir malzemedir. Her neopren varyant\u0131, olumsuz ortamlar\u0131n bask\u0131s\u0131 alt\u0131nda farkl\u0131 performans g\u00f6stermesine izin veren ayr\u0131 \u00f6zelliklere sahiptir. \u00d6nceden form\u00fcle edilmi\u015f [&hellip;]<\/p>\n","protected":false},"author":1,"featured_media":0,"parent":2078,"menu_order":0,"comment_status":"closed","ping_status":"closed","template":"","meta":{"footnotes":""},"class_list":["post-2291","page","type-page","status-publish","hentry"],"yoast_head":"<!-- This site is optimized with the Yoast SEO plugin v26.7 - https:\/\/yoast.com\/wordpress\/plugins\/seo\/ -->\n<title>NEOPREN FOAM - Ysbchem<\/title>\n<meta name=\"robots\" content=\"index, follow, max-snippet:-1, max-image-preview:large, max-video-preview:-1\" \/>\n<link rel=\"canonical\" href=\"https:\/\/ysbchem.com\/tr\/urunler\/neopren-foam\/\" \/>\n<meta property=\"og:locale\" content=\"tr_TR\" \/>\n<meta property=\"og:type\" content=\"article\" \/>\n<meta property=\"og:title\" content=\"NEOPREN FOAM - Ysbchem\" \/>\n<meta property=\"og:description\" content=\"[vc_row full_width=&#8221;stretch_row_content&#8221; css=&#8221;.vc_custom_1600019428222{padding-bottom: 60px !important;}&#8221;][vc_column][vc_column_text] [\/vc_column_text][vc_column_text] Bu malzeme, ya\u011flara ve kimyasallara kar\u015f\u0131 diren\u00e7 sa\u011flamak i\u00e7in \u00f6zel olarak form\u00fcle edilmi\u015ftir ve hidrokarbon \u00e7\u00f6z\u00fcc\u00fcler gibi toksik maddelerden etkilenmez. \u00c7ok say\u0131da end\u00fcstride geni\u015f bir uygulama yelpazesinde kullan\u0131labilen sa\u011flam bir malzemedir. Her neopren varyant\u0131, olumsuz ortamlar\u0131n bask\u0131s\u0131 alt\u0131nda farkl\u0131 performans g\u00f6stermesine izin veren ayr\u0131 \u00f6zelliklere sahiptir. \u00d6nceden form\u00fcle edilmi\u015f [&hellip;]\" \/>\n<meta property=\"og:url\" content=\"https:\/\/ysbchem.com\/tr\/urunler\/neopren-foam\/\" \/>\n<meta property=\"og:site_name\" content=\"Ysbchem\" \/>\n<meta property=\"article:publisher\" content=\"https:\/\/www.facebook.com\/ysbchem\" \/>\n<meta property=\"article:modified_time\" content=\"2020-11-01T07:53:46+00:00\" \/>\n<meta property=\"og:image\" content=\"https:\/\/ysbchem.com\/wp-content\/uploads\/2020\/09\/neo-150x150.png\" \/>\n<meta name=\"twitter:card\" content=\"summary_large_image\" \/>\n<meta name=\"twitter:label1\" content=\"Tahmini okuma s\u00fcresi\" \/>\n\t<meta name=\"twitter:data1\" content=\"2 dakika\" \/>\n<script type=\"application\/ld+json\" class=\"yoast-schema-graph\">{\"@context\":\"https:\/\/schema.org\",\"@graph\":[{\"@type\":\"WebPage\",\"@id\":\"https:\/\/ysbchem.com\/tr\/urunler\/neopren-foam\/\",\"url\":\"https:\/\/ysbchem.com\/tr\/urunler\/neopren-foam\/\",\"name\":\"NEOPREN FOAM - Ysbchem\",\"isPartOf\":{\"@id\":\"https:\/\/ysbchem.com\/#website\"},\"primaryImageOfPage\":{\"@id\":\"https:\/\/ysbchem.com\/tr\/urunler\/neopren-foam\/#primaryimage\"},\"image\":{\"@id\":\"https:\/\/ysbchem.com\/tr\/urunler\/neopren-foam\/#primaryimage\"},\"thumbnailUrl\":\"https:\/\/ysbchem.com\/wp-content\/uploads\/2020\/09\/neo-150x150.png\",\"datePublished\":\"2020-09-20T15:01:54+00:00\",\"dateModified\":\"2020-11-01T07:53:46+00:00\",\"breadcrumb\":{\"@id\":\"https:\/\/ysbchem.com\/tr\/urunler\/neopren-foam\/#breadcrumb\"},\"inLanguage\":\"tr\",\"potentialAction\":[{\"@type\":\"ReadAction\",\"target\":[\"https:\/\/ysbchem.com\/tr\/urunler\/neopren-foam\/\"]}]},{\"@type\":\"ImageObject\",\"inLanguage\":\"tr\",\"@id\":\"https:\/\/ysbchem.com\/tr\/urunler\/neopren-foam\/#primaryimage\",\"url\":\"https:\/\/ysbchem.com\/wp-content\/uploads\/2020\/09\/neo-150x150.png\",\"contentUrl\":\"https:\/\/ysbchem.com\/wp-content\/uploads\/2020\/09\/neo-150x150.png\"},{\"@type\":\"BreadcrumbList\",\"@id\":\"https:\/\/ysbchem.com\/tr\/urunler\/neopren-foam\/#breadcrumb\",\"itemListElement\":[{\"@type\":\"ListItem\",\"position\":1,\"name\":\"Home\",\"item\":\"https:\/\/ysbchem.com\/tr\/\"},{\"@type\":\"ListItem\",\"position\":2,\"name\":\"\u00dcr\u00fcnler\",\"item\":\"https:\/\/ysbchem.com\/tr\/urunler\/\"},{\"@type\":\"ListItem\",\"position\":3,\"name\":\"NEOPREN FOAM\"}]},{\"@type\":\"WebSite\",\"@id\":\"https:\/\/ysbchem.com\/#website\",\"url\":\"https:\/\/ysbchem.com\/\",\"name\":\"Ysbchem\",\"description\":\"Hydrophilic Waterstop Swelling Tape, Fire Strips, Bentonite\",\"publisher\":{\"@id\":\"https:\/\/ysbchem.com\/#organization\"},\"potentialAction\":[{\"@type\":\"SearchAction\",\"target\":{\"@type\":\"EntryPoint\",\"urlTemplate\":\"https:\/\/ysbchem.com\/?s={search_term_string}\"},\"query-input\":{\"@type\":\"PropertyValueSpecification\",\"valueRequired\":true,\"valueName\":\"search_term_string\"}}],\"inLanguage\":\"tr\"},{\"@type\":\"Organization\",\"@id\":\"https:\/\/ysbchem.com\/#organization\",\"name\":\"YSB Teknik\",\"url\":\"https:\/\/ysbchem.com\/\",\"logo\":{\"@type\":\"ImageObject\",\"inLanguage\":\"tr\",\"@id\":\"https:\/\/ysbchem.com\/#\/schema\/logo\/image\/\",\"url\":\"https:\/\/ysbchem.com\/wp-content\/uploads\/2022\/07\/YSBTeknik-Facebook-Logo.png\",\"contentUrl\":\"https:\/\/ysbchem.com\/wp-content\/uploads\/2022\/07\/YSBTeknik-Facebook-Logo.png\",\"width\":180,\"height\":180,\"caption\":\"YSB Teknik\"},\"image\":{\"@id\":\"https:\/\/ysbchem.com\/#\/schema\/logo\/image\/\"},\"sameAs\":[\"https:\/\/www.facebook.com\/ysbchem\"]}]}<\/script>\n<!-- \/ Yoast SEO plugin. -->","yoast_head_json":{"title":"NEOPREN FOAM - Ysbchem","robots":{"index":"index","follow":"follow","max-snippet":"max-snippet:-1","max-image-preview":"max-image-preview:large","max-video-preview":"max-video-preview:-1"},"canonical":"https:\/\/ysbchem.com\/tr\/urunler\/neopren-foam\/","og_locale":"tr_TR","og_type":"article","og_title":"NEOPREN FOAM - Ysbchem","og_description":"[vc_row full_width=&#8221;stretch_row_content&#8221; css=&#8221;.vc_custom_1600019428222{padding-bottom: 60px !important;}&#8221;][vc_column][vc_column_text] [\/vc_column_text][vc_column_text] Bu malzeme, ya\u011flara ve kimyasallara kar\u015f\u0131 diren\u00e7 sa\u011flamak i\u00e7in \u00f6zel olarak form\u00fcle edilmi\u015ftir ve hidrokarbon \u00e7\u00f6z\u00fcc\u00fcler gibi toksik maddelerden etkilenmez. \u00c7ok say\u0131da end\u00fcstride geni\u015f bir uygulama yelpazesinde kullan\u0131labilen sa\u011flam bir malzemedir. Her neopren varyant\u0131, olumsuz ortamlar\u0131n bask\u0131s\u0131 alt\u0131nda farkl\u0131 performans g\u00f6stermesine izin veren ayr\u0131 \u00f6zelliklere sahiptir. \u00d6nceden form\u00fcle edilmi\u015f [&hellip;]","og_url":"https:\/\/ysbchem.com\/tr\/urunler\/neopren-foam\/","og_site_name":"Ysbchem","article_publisher":"https:\/\/www.facebook.com\/ysbchem","article_modified_time":"2020-11-01T07:53:46+00:00","og_image":[{"url":"https:\/\/ysbchem.com\/wp-content\/uploads\/2020\/09\/neo-150x150.png","type":"","width":"","height":""}],"twitter_card":"summary_large_image","twitter_misc":{"Tahmini okuma s\u00fcresi":"2 dakika"},"schema":{"@context":"https:\/\/schema.org","@graph":[{"@type":"WebPage","@id":"https:\/\/ysbchem.com\/tr\/urunler\/neopren-foam\/","url":"https:\/\/ysbchem.com\/tr\/urunler\/neopren-foam\/","name":"NEOPREN FOAM - Ysbchem","isPartOf":{"@id":"https:\/\/ysbchem.com\/#website"},"primaryImageOfPage":{"@id":"https:\/\/ysbchem.com\/tr\/urunler\/neopren-foam\/#primaryimage"},"image":{"@id":"https:\/\/ysbchem.com\/tr\/urunler\/neopren-foam\/#primaryimage"},"thumbnailUrl":"https:\/\/ysbchem.com\/wp-content\/uploads\/2020\/09\/neo-150x150.png","datePublished":"2020-09-20T15:01:54+00:00","dateModified":"2020-11-01T07:53:46+00:00","breadcrumb":{"@id":"https:\/\/ysbchem.com\/tr\/urunler\/neopren-foam\/#breadcrumb"},"inLanguage":"tr","potentialAction":[{"@type":"ReadAction","target":["https:\/\/ysbchem.com\/tr\/urunler\/neopren-foam\/"]}]},{"@type":"ImageObject","inLanguage":"tr","@id":"https:\/\/ysbchem.com\/tr\/urunler\/neopren-foam\/#primaryimage","url":"https:\/\/ysbchem.com\/wp-content\/uploads\/2020\/09\/neo-150x150.png","contentUrl":"https:\/\/ysbchem.com\/wp-content\/uploads\/2020\/09\/neo-150x150.png"},{"@type":"BreadcrumbList","@id":"https:\/\/ysbchem.com\/tr\/urunler\/neopren-foam\/#breadcrumb","itemListElement":[{"@type":"ListItem","position":1,"name":"Home","item":"https:\/\/ysbchem.com\/tr\/"},{"@type":"ListItem","position":2,"name":"\u00dcr\u00fcnler","item":"https:\/\/ysbchem.com\/tr\/urunler\/"},{"@type":"ListItem","position":3,"name":"NEOPREN FOAM"}]},{"@type":"WebSite","@id":"https:\/\/ysbchem.com\/#website","url":"https:\/\/ysbchem.com\/","name":"Ysbchem","description":"Hydrophilic Waterstop Swelling Tape, Fire Strips, Bentonite","publisher":{"@id":"https:\/\/ysbchem.com\/#organization"},"potentialAction":[{"@type":"SearchAction","target":{"@type":"EntryPoint","urlTemplate":"https:\/\/ysbchem.com\/?s={search_term_string}"},"query-input":{"@type":"PropertyValueSpecification","valueRequired":true,"valueName":"search_term_string"}}],"inLanguage":"tr"},{"@type":"Organization","@id":"https:\/\/ysbchem.com\/#organization","name":"YSB Teknik","url":"https:\/\/ysbchem.com\/","logo":{"@type":"ImageObject","inLanguage":"tr","@id":"https:\/\/ysbchem.com\/#\/schema\/logo\/image\/","url":"https:\/\/ysbchem.com\/wp-content\/uploads\/2022\/07\/YSBTeknik-Facebook-Logo.png","contentUrl":"https:\/\/ysbchem.com\/wp-content\/uploads\/2022\/07\/YSBTeknik-Facebook-Logo.png","width":180,"height":180,"caption":"YSB Teknik"},"image":{"@id":"https:\/\/ysbchem.com\/#\/schema\/logo\/image\/"},"sameAs":["https:\/\/www.facebook.com\/ysbchem"]}]}},"_links":{"self":[{"href":"https:\/\/ysbchem.com\/tr\/wp-json\/wp\/v2\/pages\/2291","targetHints":{"allow":["GET"]}}],"collection":[{"href":"https:\/\/ysbchem.com\/tr\/wp-json\/wp\/v2\/pages"}],"about":[{"href":"https:\/\/ysbchem.com\/tr\/wp-json\/wp\/v2\/types\/page"}],"author":[{"embeddable":true,"href":"https:\/\/ysbchem.com\/tr\/wp-json\/wp\/v2\/users\/1"}],"replies":[{"embeddable":true,"href":"https:\/\/ysbchem.com\/tr\/wp-json\/wp\/v2\/comments?post=2291"}],"version-history":[{"count":6,"href":"https:\/\/ysbchem.com\/tr\/wp-json\/wp\/v2\/pages\/2291\/revisions"}],"predecessor-version":[{"id":2470,"href":"https:\/\/ysbchem.com\/tr\/wp-json\/wp\/v2\/pages\/2291\/revisions\/2470"}],"up":[{"embeddable":true,"href":"https:\/\/ysbchem.com\/tr\/wp-json\/wp\/v2\/pages\/2078"}],"wp:attachment":[{"href":"https:\/\/ysbchem.com\/tr\/wp-json\/wp\/v2\/media?parent=2291"}],"curies":[{"name":"wp","href":"https:\/\/api.w.org\/{rel}","templated":true}]}}