{"id":2292,"date":"2020-09-20T18:01:56","date_gmt":"2020-09-20T15:01:56","guid":{"rendered":"https:\/\/ysbchem.com\/?page_id=2292"},"modified":"2020-11-01T10:52:05","modified_gmt":"2020-11-01T07:52:05","slug":"poliuretan-sivi-dokme-contalar","status":"publish","type":"page","link":"https:\/\/ysbchem.com\/tr\/urunler\/poliuretan-sivi-dokme-contalar\/","title":{"rendered":"Poli\u00fcretan S\u0131v\u0131 D\u00f6kme Contalar"},"content":{"rendered":"<div class=\"wpb-content-wrapper\"><p>[vc_row full_width=&#8221;stretch_row_content&#8221; css=&#8221;.vc_custom_1600019428222{padding-bottom: 60px !important;}&#8221;][vc_column][vc_column_text]<\/p>\n<h2><mark style='color: #1e73be;background-color: #ffffff;'>POL\u0130\u00dcRETAN SIVI D\u00d6KME CONTALAR<\/mark><\/h2>\n<pre><\/pre>\n<p>[\/vc_column_text][vc_column_text]<img decoding=\"async\" class=\"alignleft wp-image-2304 size-thumbnail\" src=\"https:\/\/ysbchem.com\/wp-content\/uploads\/2020\/09\/dokme2-150x144.png\" alt=\"\" width=\"150\" height=\"144\" \/><\/p>\n<p>[\/vc_column_text]<hr style='margin-top: 30px; margin-bottom: 150px; background-color: #ffffff; ' \/>[vc_column_text]<strong>\u00d6zellikler<\/strong><\/p>\n<p>Poliuretan sivi dokme contalar pek cok sektorde kimyasal ve fiziksel ozellikleri nedeni ile (IP55\/65) yalitiminda ve mukemmel isi, ses,toz,sivi yalitimi sagladigindan dolayi ilk tercihtir. Bu sebepten dolayi ozellikle de elektrik pano ureticilerinin ilk tercihidir.<br \/>\npoliuretan dokme conta nin kendinden yapiskanli ozelligi sayesinde yerine uygulamasi zahmetsiz ve cok kolaydir.<br \/>\nUzun sure sikistirildiginda bile sekli bozulmaz,koruma ozelligini kaybetmez.<br \/>\nAsinmaya karsi yuksek dayanim ve direnc gosterir.<br \/>\nUltraviole isinlara karsi dayaniklidir catlamaz, matlasmaz.<br \/>\n+110 C ve &#8211; 30 C sicakliga kadar dayanabilir<br \/>\nKaplandiktan sonra yerinden oynamaz yapistigi yuzeyden kesinlikle ayrilmaz.<br \/>\nYapilarin icinde ya da disinda kullanilabilir.<br \/>\nToz tutmayan bir kaplamadir .<br \/>\nBakteri uretmez, curumez, koku yapmaz.<br \/>\nKullanim omru en az 10 yildir.(15 yil sonu %10,30 yil sonunda %15 yalitim degeri kaybi gorulebilir).<br \/>\ncesitli olculerde musteri ihtiyac ve talebi dogrultusunda 100m uzunluga kadar ozel imalat yapilmaktadir.<br \/>\nSivilar gibi uygulanan her kalibin seklini alabildiklerinden urun alternatifleri sonsuzdur.<\/p>\n<p><strong>Standart \u00d6l\u00e7\u00fcler<\/strong><\/p>\n<p><img decoding=\"async\" class=\"alignleft size-thumbnail wp-image-2306\" src=\"https:\/\/ysbchem.com\/wp-content\/uploads\/2020\/09\/dokme1-150x76.png\" alt=\"\" width=\"150\" height=\"76\" \/><\/p>\n<p>&nbsp;<\/p>\n<p>&nbsp;<\/p>\n<p>&nbsp;<\/p>\n<p>Standart Rulo Uzunlugu: 50m<\/p>\n<p>Standart Olculer (Kalinlik ve Genislik): A X B<br \/>\n3mm x 8mm<br \/>\n3mm x 10mm<br \/>\n4mm x 8mm<br \/>\n4mm x 10mm<br \/>\n4mm x 15mm<br \/>\n4mm x 20mm<br \/>\n5mm x 10mm<br \/>\n5mm x 15mm<br \/>\n5mm x 20mm<br \/>\n6mm x 10mm<br \/>\n6mm x 15mm<br \/>\n6mm x 20mm<br \/>\n7mm x 10mm<br \/>\n7mm x 15mm<br \/>\n7mm x 20mm<br \/>\n8mm x 10mm<br \/>\n8mm x 15mm<br \/>\n8mm x 20mm<\/p>\n<ul>\n<li>Standart Rulo Olcusu50-100 mt yada ozel olcu musteri talebi ihtiyacina gore dokulebilir.<\/li>\n<li>Ozel Imalat\u00a0Yapmaktayiz<\/li>\n<\/ul>\n<p><img decoding=\"async\" class=\"aligncenter wp-image-2274 size-full\" src=\"https:\/\/ysbchem.com\/wp-content\/uploads\/2020\/09\/dokme.png\" alt=\"\" width=\"175\" height=\"124\" \/><img loading=\"lazy\" decoding=\"async\" class=\"aligncenter wp-image-2304 size-full\" src=\"https:\/\/ysbchem.com\/wp-content\/uploads\/2020\/09\/dokme2.png\" alt=\"\" width=\"209\" height=\"144\" \/>[\/vc_column_text][\/vc_column][\/vc_row][vc_row][vc_column]<div data-style='&quot;&quot;' class='prospect_button_wrapper render_styles'><a href='https:\/\/ysbchem.com\/tr\/urunler' id='prospect_button_69e378f70c58b' class='prospect_button regular'><i class='fa fa-fas fa-chevron-left'><\/i>&#x20;T\u00fcm \u00dcr\u00fcnler<\/a><\/div>[\/vc_column][\/vc_row]<\/p>\n<\/div>","protected":false},"excerpt":{"rendered":"<p>[vc_row full_width=&#8221;stretch_row_content&#8221; css=&#8221;.vc_custom_1600019428222{padding-bottom: 60px !important;}&#8221;][vc_column][vc_column_text] [\/vc_column_text][vc_column_text] [\/vc_column_text][vc_column_text]\u00d6zellikler Poliuretan sivi dokme contalar pek cok sektorde kimyasal ve fiziksel ozellikleri nedeni ile (IP55\/65) yalitiminda ve mukemmel isi, ses,toz,sivi yalitimi sagladigindan dolayi ilk tercihtir. Bu sebepten dolayi ozellikle de elektrik pano ureticilerinin ilk tercihidir. poliuretan dokme conta nin kendinden yapiskanli ozelligi sayesinde yerine uygulamasi zahmetsiz ve cok kolaydir. [&hellip;]<\/p>\n","protected":false},"author":1,"featured_media":0,"parent":2078,"menu_order":0,"comment_status":"closed","ping_status":"closed","template":"","meta":{"footnotes":""},"class_list":["post-2292","page","type-page","status-publish","hentry"],"yoast_head":"<!-- This site is optimized with the Yoast SEO plugin v26.7 - https:\/\/yoast.com\/wordpress\/plugins\/seo\/ -->\n<title>Poli\u00fcretan S\u0131v\u0131 D\u00f6kme Contalar - Ysbchem<\/title>\n<meta name=\"robots\" content=\"index, follow, max-snippet:-1, max-image-preview:large, max-video-preview:-1\" \/>\n<link rel=\"canonical\" href=\"https:\/\/ysbchem.com\/tr\/urunler\/poliuretan-sivi-dokme-contalar\/\" \/>\n<meta property=\"og:locale\" content=\"tr_TR\" \/>\n<meta property=\"og:type\" content=\"article\" \/>\n<meta property=\"og:title\" content=\"Poli\u00fcretan S\u0131v\u0131 D\u00f6kme Contalar - Ysbchem\" \/>\n<meta property=\"og:description\" content=\"[vc_row full_width=&#8221;stretch_row_content&#8221; css=&#8221;.vc_custom_1600019428222{padding-bottom: 60px !important;}&#8221;][vc_column][vc_column_text] [\/vc_column_text][vc_column_text] [\/vc_column_text][vc_column_text]\u00d6zellikler Poliuretan sivi dokme contalar pek cok sektorde kimyasal ve fiziksel ozellikleri nedeni ile (IP55\/65) yalitiminda ve mukemmel isi, ses,toz,sivi yalitimi sagladigindan dolayi ilk tercihtir. Bu sebepten dolayi ozellikle de elektrik pano ureticilerinin ilk tercihidir. poliuretan dokme conta nin kendinden yapiskanli ozelligi sayesinde yerine uygulamasi zahmetsiz ve cok kolaydir. [&hellip;]\" \/>\n<meta property=\"og:url\" content=\"https:\/\/ysbchem.com\/tr\/urunler\/poliuretan-sivi-dokme-contalar\/\" \/>\n<meta property=\"og:site_name\" content=\"Ysbchem\" \/>\n<meta property=\"article:publisher\" content=\"https:\/\/www.facebook.com\/ysbchem\" \/>\n<meta property=\"article:modified_time\" content=\"2020-11-01T07:52:05+00:00\" \/>\n<meta property=\"og:image\" content=\"https:\/\/ysbchem.com\/wp-content\/uploads\/2020\/09\/dokme2-150x144.png\" \/>\n<meta name=\"twitter:card\" content=\"summary_large_image\" \/>\n<meta name=\"twitter:label1\" content=\"Tahmini okuma s\u00fcresi\" \/>\n\t<meta name=\"twitter:data1\" content=\"2 dakika\" \/>\n<script type=\"application\/ld+json\" class=\"yoast-schema-graph\">{\"@context\":\"https:\/\/schema.org\",\"@graph\":[{\"@type\":\"WebPage\",\"@id\":\"https:\/\/ysbchem.com\/tr\/urunler\/poliuretan-sivi-dokme-contalar\/\",\"url\":\"https:\/\/ysbchem.com\/tr\/urunler\/poliuretan-sivi-dokme-contalar\/\",\"name\":\"Poli\u00fcretan S\u0131v\u0131 D\u00f6kme Contalar - Ysbchem\",\"isPartOf\":{\"@id\":\"https:\/\/ysbchem.com\/#website\"},\"primaryImageOfPage\":{\"@id\":\"https:\/\/ysbchem.com\/tr\/urunler\/poliuretan-sivi-dokme-contalar\/#primaryimage\"},\"image\":{\"@id\":\"https:\/\/ysbchem.com\/tr\/urunler\/poliuretan-sivi-dokme-contalar\/#primaryimage\"},\"thumbnailUrl\":\"https:\/\/ysbchem.com\/wp-content\/uploads\/2020\/09\/dokme2-150x144.png\",\"datePublished\":\"2020-09-20T15:01:56+00:00\",\"dateModified\":\"2020-11-01T07:52:05+00:00\",\"breadcrumb\":{\"@id\":\"https:\/\/ysbchem.com\/tr\/urunler\/poliuretan-sivi-dokme-contalar\/#breadcrumb\"},\"inLanguage\":\"tr\",\"potentialAction\":[{\"@type\":\"ReadAction\",\"target\":[\"https:\/\/ysbchem.com\/tr\/urunler\/poliuretan-sivi-dokme-contalar\/\"]}]},{\"@type\":\"ImageObject\",\"inLanguage\":\"tr\",\"@id\":\"https:\/\/ysbchem.com\/tr\/urunler\/poliuretan-sivi-dokme-contalar\/#primaryimage\",\"url\":\"https:\/\/ysbchem.com\/wp-content\/uploads\/2020\/09\/dokme2-150x144.png\",\"contentUrl\":\"https:\/\/ysbchem.com\/wp-content\/uploads\/2020\/09\/dokme2-150x144.png\"},{\"@type\":\"BreadcrumbList\",\"@id\":\"https:\/\/ysbchem.com\/tr\/urunler\/poliuretan-sivi-dokme-contalar\/#breadcrumb\",\"itemListElement\":[{\"@type\":\"ListItem\",\"position\":1,\"name\":\"Home\",\"item\":\"https:\/\/ysbchem.com\/tr\/\"},{\"@type\":\"ListItem\",\"position\":2,\"name\":\"\u00dcr\u00fcnler\",\"item\":\"https:\/\/ysbchem.com\/tr\/urunler\/\"},{\"@type\":\"ListItem\",\"position\":3,\"name\":\"Poli\u00fcretan S\u0131v\u0131 D\u00f6kme Contalar\"}]},{\"@type\":\"WebSite\",\"@id\":\"https:\/\/ysbchem.com\/#website\",\"url\":\"https:\/\/ysbchem.com\/\",\"name\":\"Ysbchem\",\"description\":\"Hydrophilic Waterstop Swelling Tape, Fire Strips, Bentonite\",\"publisher\":{\"@id\":\"https:\/\/ysbchem.com\/#organization\"},\"potentialAction\":[{\"@type\":\"SearchAction\",\"target\":{\"@type\":\"EntryPoint\",\"urlTemplate\":\"https:\/\/ysbchem.com\/?s={search_term_string}\"},\"query-input\":{\"@type\":\"PropertyValueSpecification\",\"valueRequired\":true,\"valueName\":\"search_term_string\"}}],\"inLanguage\":\"tr\"},{\"@type\":\"Organization\",\"@id\":\"https:\/\/ysbchem.com\/#organization\",\"name\":\"YSB Teknik\",\"url\":\"https:\/\/ysbchem.com\/\",\"logo\":{\"@type\":\"ImageObject\",\"inLanguage\":\"tr\",\"@id\":\"https:\/\/ysbchem.com\/#\/schema\/logo\/image\/\",\"url\":\"https:\/\/ysbchem.com\/wp-content\/uploads\/2022\/07\/YSBTeknik-Facebook-Logo.png\",\"contentUrl\":\"https:\/\/ysbchem.com\/wp-content\/uploads\/2022\/07\/YSBTeknik-Facebook-Logo.png\",\"width\":180,\"height\":180,\"caption\":\"YSB Teknik\"},\"image\":{\"@id\":\"https:\/\/ysbchem.com\/#\/schema\/logo\/image\/\"},\"sameAs\":[\"https:\/\/www.facebook.com\/ysbchem\"]}]}<\/script>\n<!-- \/ Yoast SEO plugin. -->","yoast_head_json":{"title":"Poli\u00fcretan S\u0131v\u0131 D\u00f6kme Contalar - Ysbchem","robots":{"index":"index","follow":"follow","max-snippet":"max-snippet:-1","max-image-preview":"max-image-preview:large","max-video-preview":"max-video-preview:-1"},"canonical":"https:\/\/ysbchem.com\/tr\/urunler\/poliuretan-sivi-dokme-contalar\/","og_locale":"tr_TR","og_type":"article","og_title":"Poli\u00fcretan S\u0131v\u0131 D\u00f6kme Contalar - Ysbchem","og_description":"[vc_row full_width=&#8221;stretch_row_content&#8221; css=&#8221;.vc_custom_1600019428222{padding-bottom: 60px !important;}&#8221;][vc_column][vc_column_text] [\/vc_column_text][vc_column_text] [\/vc_column_text][vc_column_text]\u00d6zellikler Poliuretan sivi dokme contalar pek cok sektorde kimyasal ve fiziksel ozellikleri nedeni ile (IP55\/65) yalitiminda ve mukemmel isi, ses,toz,sivi yalitimi sagladigindan dolayi ilk tercihtir. Bu sebepten dolayi ozellikle de elektrik pano ureticilerinin ilk tercihidir. poliuretan dokme conta nin kendinden yapiskanli ozelligi sayesinde yerine uygulamasi zahmetsiz ve cok kolaydir. [&hellip;]","og_url":"https:\/\/ysbchem.com\/tr\/urunler\/poliuretan-sivi-dokme-contalar\/","og_site_name":"Ysbchem","article_publisher":"https:\/\/www.facebook.com\/ysbchem","article_modified_time":"2020-11-01T07:52:05+00:00","og_image":[{"url":"https:\/\/ysbchem.com\/wp-content\/uploads\/2020\/09\/dokme2-150x144.png","type":"","width":"","height":""}],"twitter_card":"summary_large_image","twitter_misc":{"Tahmini okuma s\u00fcresi":"2 dakika"},"schema":{"@context":"https:\/\/schema.org","@graph":[{"@type":"WebPage","@id":"https:\/\/ysbchem.com\/tr\/urunler\/poliuretan-sivi-dokme-contalar\/","url":"https:\/\/ysbchem.com\/tr\/urunler\/poliuretan-sivi-dokme-contalar\/","name":"Poli\u00fcretan S\u0131v\u0131 D\u00f6kme Contalar - Ysbchem","isPartOf":{"@id":"https:\/\/ysbchem.com\/#website"},"primaryImageOfPage":{"@id":"https:\/\/ysbchem.com\/tr\/urunler\/poliuretan-sivi-dokme-contalar\/#primaryimage"},"image":{"@id":"https:\/\/ysbchem.com\/tr\/urunler\/poliuretan-sivi-dokme-contalar\/#primaryimage"},"thumbnailUrl":"https:\/\/ysbchem.com\/wp-content\/uploads\/2020\/09\/dokme2-150x144.png","datePublished":"2020-09-20T15:01:56+00:00","dateModified":"2020-11-01T07:52:05+00:00","breadcrumb":{"@id":"https:\/\/ysbchem.com\/tr\/urunler\/poliuretan-sivi-dokme-contalar\/#breadcrumb"},"inLanguage":"tr","potentialAction":[{"@type":"ReadAction","target":["https:\/\/ysbchem.com\/tr\/urunler\/poliuretan-sivi-dokme-contalar\/"]}]},{"@type":"ImageObject","inLanguage":"tr","@id":"https:\/\/ysbchem.com\/tr\/urunler\/poliuretan-sivi-dokme-contalar\/#primaryimage","url":"https:\/\/ysbchem.com\/wp-content\/uploads\/2020\/09\/dokme2-150x144.png","contentUrl":"https:\/\/ysbchem.com\/wp-content\/uploads\/2020\/09\/dokme2-150x144.png"},{"@type":"BreadcrumbList","@id":"https:\/\/ysbchem.com\/tr\/urunler\/poliuretan-sivi-dokme-contalar\/#breadcrumb","itemListElement":[{"@type":"ListItem","position":1,"name":"Home","item":"https:\/\/ysbchem.com\/tr\/"},{"@type":"ListItem","position":2,"name":"\u00dcr\u00fcnler","item":"https:\/\/ysbchem.com\/tr\/urunler\/"},{"@type":"ListItem","position":3,"name":"Poli\u00fcretan S\u0131v\u0131 D\u00f6kme Contalar"}]},{"@type":"WebSite","@id":"https:\/\/ysbchem.com\/#website","url":"https:\/\/ysbchem.com\/","name":"Ysbchem","description":"Hydrophilic Waterstop Swelling Tape, Fire Strips, Bentonite","publisher":{"@id":"https:\/\/ysbchem.com\/#organization"},"potentialAction":[{"@type":"SearchAction","target":{"@type":"EntryPoint","urlTemplate":"https:\/\/ysbchem.com\/?s={search_term_string}"},"query-input":{"@type":"PropertyValueSpecification","valueRequired":true,"valueName":"search_term_string"}}],"inLanguage":"tr"},{"@type":"Organization","@id":"https:\/\/ysbchem.com\/#organization","name":"YSB Teknik","url":"https:\/\/ysbchem.com\/","logo":{"@type":"ImageObject","inLanguage":"tr","@id":"https:\/\/ysbchem.com\/#\/schema\/logo\/image\/","url":"https:\/\/ysbchem.com\/wp-content\/uploads\/2022\/07\/YSBTeknik-Facebook-Logo.png","contentUrl":"https:\/\/ysbchem.com\/wp-content\/uploads\/2022\/07\/YSBTeknik-Facebook-Logo.png","width":180,"height":180,"caption":"YSB Teknik"},"image":{"@id":"https:\/\/ysbchem.com\/#\/schema\/logo\/image\/"},"sameAs":["https:\/\/www.facebook.com\/ysbchem"]}]}},"_links":{"self":[{"href":"https:\/\/ysbchem.com\/tr\/wp-json\/wp\/v2\/pages\/2292","targetHints":{"allow":["GET"]}}],"collection":[{"href":"https:\/\/ysbchem.com\/tr\/wp-json\/wp\/v2\/pages"}],"about":[{"href":"https:\/\/ysbchem.com\/tr\/wp-json\/wp\/v2\/types\/page"}],"author":[{"embeddable":true,"href":"https:\/\/ysbchem.com\/tr\/wp-json\/wp\/v2\/users\/1"}],"replies":[{"embeddable":true,"href":"https:\/\/ysbchem.com\/tr\/wp-json\/wp\/v2\/comments?post=2292"}],"version-history":[{"count":9,"href":"https:\/\/ysbchem.com\/tr\/wp-json\/wp\/v2\/pages\/2292\/revisions"}],"predecessor-version":[{"id":2469,"href":"https:\/\/ysbchem.com\/tr\/wp-json\/wp\/v2\/pages\/2292\/revisions\/2469"}],"up":[{"embeddable":true,"href":"https:\/\/ysbchem.com\/tr\/wp-json\/wp\/v2\/pages\/2078"}],"wp:attachment":[{"href":"https:\/\/ysbchem.com\/tr\/wp-json\/wp\/v2\/media?parent=2292"}],"curies":[{"name":"wp","href":"https:\/\/api.w.org\/{rel}","templated":true}]}}