{"id":2623,"date":"2021-06-10T17:08:57","date_gmt":"2021-06-10T14:08:57","guid":{"rendered":"https:\/\/ysbchem.com\/?page_id=2623"},"modified":"2025-01-20T19:37:20","modified_gmt":"2025-01-20T16:37:20","slug":"enerji","status":"publish","type":"page","link":"https:\/\/ysbchem.com\/tr\/enerji\/","title":{"rendered":"Enerji"},"content":{"rendered":"<div class=\"wpb-content-wrapper\"><p>[vc_row css=&#8221;.vc_custom_1477375856064{padding-top: 40px !important;padding-bottom: 40px !important;}&#8221;][vc_column width=&#8221;1\/2&#8243;]\t\t<div class=\"testimonial prospect_module clearfix with_image hexagon\"><figure class='author'><div class='figure_container medium hexagon thumb'><img src='https:\/\/ysbchem.com\/wp-content\/uploads\/2021\/06\/solarenerjikapak_bea472b65eb06acc3a465e2f62babdce.jpeg' data-no-retina alt \/><canvas height='225' width='200'><\/canvas><\/div><\/figure>\t<\/div>\r\n\t[vc_column_text][\/vc_column_text]<div data-style='&quot;&quot;' class='prospect_button_wrapper render_styles aligncenter'><a href='https:\/\/ysbchem.com\/tr\/enerji\/solar-enerji\/' id='prospect_button_69e11091477a3' class='prospect_button mini'>SOLAR ENERJ\u0130<\/a><\/div>[\/vc_column][vc_column width=&#8221;1\/2&#8243;]\t\t<div class=\"testimonial prospect_module clearfix with_image hexagon\"><figure class='author'><div class='figure_container medium hexagon thumb'><img src='https:\/\/ysbchem.com\/wp-content\/uploads\/2021\/06\/Biomass_79485a1957abc920d07042a3961c3859.jpeg' data-at2x='https:\/\/ysbchem.com\/wp-content\/uploads\/2021\/06\/Biomass_79485a1957abc920d07042a3961c3859@2x.jpeg' alt \/><canvas height='225' width='200'><\/canvas><\/div><\/figure>\t<\/div>\r\n\t[vc_column_text][\/vc_column_text]<div data-style='&quot;&quot;' class='prospect_button_wrapper render_styles aligncenter'><a href='https:\/\/ysbchem.com\/tr\/enerji\/biomass-enerji\/' id='prospect_button_69e110914a27c' class='prospect_button mini'>B\u0130OMASS ENERJ\u0130<\/a><\/div>[\/vc_column][\/vc_row][vc_row full_width=&#8221;stretch_row&#8221; equal_height=&#8221;yes&#8221; content_placement=&#8221;middle&#8221; css=&#8221;.vc_custom_1623333301052{padding-top: 40px !important;padding-bottom: 40px !important;}&#8221;][vc_column][vc_column_text]<\/p>\n<h3><strong>NEDEN G\u00dcNE\u015e ENERJ\u0130S\u0130?<\/strong><\/h3>\n<p>[\/vc_column_text][vc_tta_tabs][vc_tta_section title=&#8221;NEDEN G\u00dcNE\u015e ENERJ\u0130S\u0130 ?&#8221; tab_id=&#8221;1623332962027-cdc9859e-f6bf&#8221;][vc_single_image image=&#8221;2602&#8243; img_size=&#8221;full&#8221; alignment=&#8221;center&#8221;][\/vc_tta_section][vc_tta_section title=&#8221;1) EVLER \u0130\u00c7\u0130N \u00c7ATI GES UYGULAMALARI&#8221; tab_id=&#8221;1623332962040-92fcf6cc-787c&#8221;][vc_single_image image=&#8221;2604&#8243; img_size=&#8221;full&#8221; alignment=&#8221;center&#8221;][\/vc_tta_section][vc_tta_section title=&#8221;2. SANAY\u0130 KURULU\u015eLARI \u0130\u00c7\u0130N \u00c7ATI GES UYGULAMALARI&#8221; tab_id=&#8221;1623333189405-9a7e431b-5c5f&#8221;][vc_single_image image=&#8221;2606&#8243; img_size=&#8221;full&#8221; alignment=&#8221;center&#8221;][\/vc_tta_section][vc_tta_section title=&#8221;3.TARLA VE BAH\u00c7E UYGULAMALARI&#8221; tab_id=&#8221;1623333201803-3058e8fd-574d&#8221;][vc_single_image image=&#8221;2608&#8243; img_size=&#8221;full&#8221; alignment=&#8221;center&#8221;][\/vc_tta_section][vc_tta_section title=&#8221;4. YAT VE KARAVAN S\u0130STEMLER\u0130&#8221; tab_id=&#8221;1623333214029-eeda3d42-5216&#8243;][vc_single_image image=&#8221;2610&#8243; img_size=&#8221;full&#8221; alignment=&#8221;center&#8221;][\/vc_tta_section][\/vc_tta_tabs][\/vc_column][\/vc_row][vc_row css=&#8221;.vc_custom_1477375856064{padding-top: 40px !important;padding-bottom: 40px !important;}&#8221;][vc_column]<hr style='background-color: #e95f58; ' \/>[\/vc_column][\/vc_row][vc_row full_width=&#8221;stretch_row_content&#8221; css=&#8221;.vc_custom_1476856635088{margin-bottom: -80px !important;padding-top: 40px !important;padding-bottom: 40px !important;background-color: #ffffff !important;}&#8221;][vc_column width=&#8221;1\/2&#8243;][vc_column_text css=&#8221;&#8221;]<\/p>\n<h4><mark style='color: #1e73be;background-color: #ffffff;'>YSB Teknik End\u00fcstriyel Bant ve H\u0131rdavat Enerji M\u00fch. Hiz. San. Tic. Ltd. \u015eti.<\/mark><\/h4>\n<hr \/>\n<h5><strong><mark style='color: #1e73be;background-color: #ffffff;'>YSB Chem<\/mark><\/strong><\/h5>\n<hr \/>\n<p style=\"text-align: left;\"><strong>ADRES<\/strong><\/p>\n<p style=\"text-align: left;\">Arapcami Mahallesi Bak\u0131r Sokak Alantar \u0130\u015f Merkezi No: 10\/63<br \/>\nKarak\u00f6y Beyo\u011flu-\u0130stanbul-TURKEY<\/p>\n<p><strong>TELEFON T\u00dcRK\u0130YE:<\/strong> 90 212 361 55 42<\/p>\n<p><strong>FAX: <\/strong>90 212 254 78 50<\/p>\n<p><strong>MAIL:<\/strong> <a href=\"mailto:info@ysbchem.com\">info@ysbchem.com<\/a><\/p>\n<hr \/>\n<p style=\"text-align: left;\"><strong>FABR\u0130KA ADRES\u0130<\/strong><\/p>\n<p style=\"text-align: left;\">Ferhatpa\u015fa Mahallesi Karadeniz Caddesi No:87\/B Ata\u015fehir-\u0130stanbul-T\u00dcRK\u0130YE<\/p>\n<p>[\/vc_column_text][\/vc_column][vc_column width=&#8221;1\/2&#8243;][vc_column_text]<\/p>\n<h1 style=\"text-align: center;\">B\u0130ZE <span style=\"color: #1e73be;\">YAZIN<\/span><\/h1>\n<p>[\/vc_column_text][vc_column_text]\n<div class=\"wpcf7 no-js\" id=\"wpcf7-f2066-o1\" lang=\"tr-TR\" dir=\"ltr\" data-wpcf7-id=\"2066\">\n<div class=\"screen-reader-response\"><p role=\"status\" aria-live=\"polite\" aria-atomic=\"true\"><\/p> <ul><\/ul><\/div>\n<form action=\"\/tr\/wp-json\/wp\/v2\/pages\/2623#wpcf7-f2066-o1\" method=\"post\" class=\"wpcf7-form init\" aria-label=\"\u0130leti\u015fim Formu\" novalidate=\"novalidate\" data-status=\"init\">\n<fieldset class=\"hidden-fields-container\"><input type=\"hidden\" name=\"_wpcf7\" value=\"2066\" \/><input type=\"hidden\" name=\"_wpcf7_version\" value=\"6.1.4\" \/><input type=\"hidden\" name=\"_wpcf7_locale\" value=\"tr_TR\" \/><input type=\"hidden\" name=\"_wpcf7_unit_tag\" value=\"wpcf7-f2066-o1\" \/><input type=\"hidden\" name=\"_wpcf7_container_post\" value=\"0\" \/><input type=\"hidden\" name=\"_wpcf7_posted_data_hash\" value=\"\" \/><input type=\"hidden\" name=\"_wpcf7_recaptcha_response\" value=\"\" \/>\n<\/fieldset>\n<p><span class=\"wpcf7-form-control-wrap\" data-name=\"your-name\"><input size=\"200\" maxlength=\"400\" class=\"wpcf7-form-control wpcf7-text wpcf7-validates-as-required\" aria-required=\"true\" aria-invalid=\"false\" placeholder=\"Ad\u0131n\u0131z\" value=\"\" type=\"text\" name=\"your-name\" \/><\/span>\n<\/p>\n<p><span class=\"wpcf7-form-control-wrap\" data-name=\"your-email\"><input size=\"200\" maxlength=\"400\" class=\"wpcf7-form-control wpcf7-email wpcf7-validates-as-required wpcf7-text wpcf7-validates-as-email\" aria-required=\"true\" aria-invalid=\"false\" placeholder=\"EMail Adresiniz\" value=\"\" type=\"email\" name=\"your-email\" \/><\/span>\n<\/p>\n<p><span class=\"wpcf7-form-control-wrap\" data-name=\"your-message\"><textarea cols=\"200\" rows=\"7\" maxlength=\"2000\" class=\"wpcf7-form-control wpcf7-textarea\" aria-invalid=\"false\" placeholder=\"Mesaj\u0131n\u0131z\" name=\"your-message\"><\/textarea><\/span>\n<\/p>\n<p style=\"text-align: center\"><input class=\"wpcf7-form-control wpcf7-submit has-spinner\" type=\"submit\" value=\"G\u00f6nder\" \/>\n<\/p><p style=\"display: none !important;\" class=\"akismet-fields-container\" data-prefix=\"_wpcf7_ak_\"><label>&#916;<textarea name=\"_wpcf7_ak_hp_textarea\" cols=\"45\" rows=\"8\" maxlength=\"100\"><\/textarea><\/label><input type=\"hidden\" id=\"ak_js_1\" name=\"_wpcf7_ak_js\" value=\"185\"\/><script>document.getElementById( \"ak_js_1\" ).setAttribute( \"value\", ( new Date() ).getTime() );<\/script><\/p><div class=\"wpcf7-response-output\" aria-hidden=\"true\"><\/div>\n<\/form>\n<\/div>\n[\/vc_column_text][\/vc_column][\/vc_row]<\/p>\n<\/div>","protected":false},"excerpt":{"rendered":"<p>[vc_row css=&#8221;.vc_custom_1477375856064{padding-top: 40px !important;padding-bottom: 40px !important;}&#8221;][vc_column width=&#8221;1\/2&#8243;][vc_column_text][\/vc_column_text][\/vc_column][vc_column width=&#8221;1\/2&#8243;][vc_column_text][\/vc_column_text][\/vc_column][\/vc_row][vc_row full_width=&#8221;stretch_row&#8221; equal_height=&#8221;yes&#8221; content_placement=&#8221;middle&#8221; css=&#8221;.vc_custom_1623333301052{padding-top: 40px !important;padding-bottom: 40px !important;}&#8221;][vc_column][vc_column_text] NEDEN G\u00dcNE\u015e ENERJ\u0130S\u0130? [\/vc_column_text][vc_tta_tabs][vc_tta_section title=&#8221;NEDEN G\u00dcNE\u015e ENERJ\u0130S\u0130 ?&#8221; tab_id=&#8221;1623332962027-cdc9859e-f6bf&#8221;][vc_single_image image=&#8221;2602&#8243; img_size=&#8221;full&#8221; alignment=&#8221;center&#8221;][\/vc_tta_section][vc_tta_section title=&#8221;1) EVLER \u0130\u00c7\u0130N \u00c7ATI GES UYGULAMALARI&#8221; tab_id=&#8221;1623332962040-92fcf6cc-787c&#8221;][vc_single_image image=&#8221;2604&#8243; img_size=&#8221;full&#8221; alignment=&#8221;center&#8221;][\/vc_tta_section][vc_tta_section title=&#8221;2. SANAY\u0130 KURULU\u015eLARI \u0130\u00c7\u0130N \u00c7ATI GES UYGULAMALARI&#8221; tab_id=&#8221;1623333189405-9a7e431b-5c5f&#8221;][vc_single_image image=&#8221;2606&#8243; img_size=&#8221;full&#8221; alignment=&#8221;center&#8221;][\/vc_tta_section][vc_tta_section title=&#8221;3.TARLA VE BAH\u00c7E UYGULAMALARI&#8221; tab_id=&#8221;1623333201803-3058e8fd-574d&#8221;][vc_single_image image=&#8221;2608&#8243; [&hellip;]<\/p>\n","protected":false},"author":1,"featured_media":0,"parent":0,"menu_order":0,"comment_status":"closed","ping_status":"closed","template":"","meta":{"footnotes":""},"class_list":["post-2623","page","type-page","status-publish","hentry"],"yoast_head":"<!-- This site is optimized with the Yoast SEO plugin v26.7 - https:\/\/yoast.com\/wordpress\/plugins\/seo\/ -->\n<title>Enerji - Ysbchem<\/title>\n<meta name=\"robots\" content=\"index, follow, max-snippet:-1, max-image-preview:large, max-video-preview:-1\" \/>\n<link rel=\"canonical\" href=\"https:\/\/ysbchem.com\/tr\/enerji\/\" \/>\n<meta property=\"og:locale\" content=\"tr_TR\" \/>\n<meta property=\"og:type\" content=\"article\" \/>\n<meta property=\"og:title\" content=\"Enerji - Ysbchem\" \/>\n<meta property=\"og:description\" content=\"[vc_row css=&#8221;.vc_custom_1477375856064{padding-top: 40px !important;padding-bottom: 40px !important;}&#8221;][vc_column width=&#8221;1\/2&#8243;][vc_column_text][\/vc_column_text][\/vc_column][vc_column width=&#8221;1\/2&#8243;][vc_column_text][\/vc_column_text][\/vc_column][\/vc_row][vc_row full_width=&#8221;stretch_row&#8221; equal_height=&#8221;yes&#8221; content_placement=&#8221;middle&#8221; css=&#8221;.vc_custom_1623333301052{padding-top: 40px !important;padding-bottom: 40px !important;}&#8221;][vc_column][vc_column_text] NEDEN G\u00dcNE\u015e ENERJ\u0130S\u0130? [\/vc_column_text][vc_tta_tabs][vc_tta_section title=&#8221;NEDEN G\u00dcNE\u015e ENERJ\u0130S\u0130 ?&#8221; tab_id=&#8221;1623332962027-cdc9859e-f6bf&#8221;][vc_single_image image=&#8221;2602&#8243; img_size=&#8221;full&#8221; alignment=&#8221;center&#8221;][\/vc_tta_section][vc_tta_section title=&#8221;1) EVLER \u0130\u00c7\u0130N \u00c7ATI GES UYGULAMALARI&#8221; tab_id=&#8221;1623332962040-92fcf6cc-787c&#8221;][vc_single_image image=&#8221;2604&#8243; img_size=&#8221;full&#8221; alignment=&#8221;center&#8221;][\/vc_tta_section][vc_tta_section title=&#8221;2. SANAY\u0130 KURULU\u015eLARI \u0130\u00c7\u0130N \u00c7ATI GES UYGULAMALARI&#8221; tab_id=&#8221;1623333189405-9a7e431b-5c5f&#8221;][vc_single_image image=&#8221;2606&#8243; img_size=&#8221;full&#8221; alignment=&#8221;center&#8221;][\/vc_tta_section][vc_tta_section title=&#8221;3.TARLA VE BAH\u00c7E UYGULAMALARI&#8221; tab_id=&#8221;1623333201803-3058e8fd-574d&#8221;][vc_single_image image=&#8221;2608&#8243; [&hellip;]\" \/>\n<meta property=\"og:url\" content=\"https:\/\/ysbchem.com\/tr\/enerji\/\" \/>\n<meta property=\"og:site_name\" content=\"Ysbchem\" \/>\n<meta property=\"article:publisher\" content=\"https:\/\/www.facebook.com\/ysbchem\" \/>\n<meta property=\"article:modified_time\" content=\"2025-01-20T16:37:20+00:00\" \/>\n<meta name=\"twitter:card\" content=\"summary_large_image\" \/>\n<meta name=\"twitter:label1\" content=\"Tahmini okuma s\u00fcresi\" \/>\n\t<meta name=\"twitter:data1\" content=\"1 dakika\" \/>\n<script type=\"application\/ld+json\" class=\"yoast-schema-graph\">{\"@context\":\"https:\/\/schema.org\",\"@graph\":[{\"@type\":\"WebPage\",\"@id\":\"https:\/\/ysbchem.com\/tr\/enerji\/\",\"url\":\"https:\/\/ysbchem.com\/tr\/enerji\/\",\"name\":\"Enerji - Ysbchem\",\"isPartOf\":{\"@id\":\"https:\/\/ysbchem.com\/#website\"},\"datePublished\":\"2021-06-10T14:08:57+00:00\",\"dateModified\":\"2025-01-20T16:37:20+00:00\",\"breadcrumb\":{\"@id\":\"https:\/\/ysbchem.com\/tr\/enerji\/#breadcrumb\"},\"inLanguage\":\"tr\",\"potentialAction\":[{\"@type\":\"ReadAction\",\"target\":[\"https:\/\/ysbchem.com\/tr\/enerji\/\"]}]},{\"@type\":\"BreadcrumbList\",\"@id\":\"https:\/\/ysbchem.com\/tr\/enerji\/#breadcrumb\",\"itemListElement\":[{\"@type\":\"ListItem\",\"position\":1,\"name\":\"Home\",\"item\":\"https:\/\/ysbchem.com\/tr\/\"},{\"@type\":\"ListItem\",\"position\":2,\"name\":\"Enerji\"}]},{\"@type\":\"WebSite\",\"@id\":\"https:\/\/ysbchem.com\/#website\",\"url\":\"https:\/\/ysbchem.com\/\",\"name\":\"Ysbchem\",\"description\":\"Hydrophilic Waterstop Swelling Tape, Fire Strips, Bentonite\",\"publisher\":{\"@id\":\"https:\/\/ysbchem.com\/#organization\"},\"potentialAction\":[{\"@type\":\"SearchAction\",\"target\":{\"@type\":\"EntryPoint\",\"urlTemplate\":\"https:\/\/ysbchem.com\/?s={search_term_string}\"},\"query-input\":{\"@type\":\"PropertyValueSpecification\",\"valueRequired\":true,\"valueName\":\"search_term_string\"}}],\"inLanguage\":\"tr\"},{\"@type\":\"Organization\",\"@id\":\"https:\/\/ysbchem.com\/#organization\",\"name\":\"YSB Teknik\",\"url\":\"https:\/\/ysbchem.com\/\",\"logo\":{\"@type\":\"ImageObject\",\"inLanguage\":\"tr\",\"@id\":\"https:\/\/ysbchem.com\/#\/schema\/logo\/image\/\",\"url\":\"https:\/\/ysbchem.com\/wp-content\/uploads\/2022\/07\/YSBTeknik-Facebook-Logo.png\",\"contentUrl\":\"https:\/\/ysbchem.com\/wp-content\/uploads\/2022\/07\/YSBTeknik-Facebook-Logo.png\",\"width\":180,\"height\":180,\"caption\":\"YSB Teknik\"},\"image\":{\"@id\":\"https:\/\/ysbchem.com\/#\/schema\/logo\/image\/\"},\"sameAs\":[\"https:\/\/www.facebook.com\/ysbchem\"]}]}<\/script>\n<!-- \/ Yoast SEO plugin. -->","yoast_head_json":{"title":"Enerji - Ysbchem","robots":{"index":"index","follow":"follow","max-snippet":"max-snippet:-1","max-image-preview":"max-image-preview:large","max-video-preview":"max-video-preview:-1"},"canonical":"https:\/\/ysbchem.com\/tr\/enerji\/","og_locale":"tr_TR","og_type":"article","og_title":"Enerji - Ysbchem","og_description":"[vc_row css=&#8221;.vc_custom_1477375856064{padding-top: 40px !important;padding-bottom: 40px !important;}&#8221;][vc_column width=&#8221;1\/2&#8243;][vc_column_text][\/vc_column_text][\/vc_column][vc_column width=&#8221;1\/2&#8243;][vc_column_text][\/vc_column_text][\/vc_column][\/vc_row][vc_row full_width=&#8221;stretch_row&#8221; equal_height=&#8221;yes&#8221; content_placement=&#8221;middle&#8221; css=&#8221;.vc_custom_1623333301052{padding-top: 40px !important;padding-bottom: 40px !important;}&#8221;][vc_column][vc_column_text] NEDEN G\u00dcNE\u015e ENERJ\u0130S\u0130? [\/vc_column_text][vc_tta_tabs][vc_tta_section title=&#8221;NEDEN G\u00dcNE\u015e ENERJ\u0130S\u0130 ?&#8221; tab_id=&#8221;1623332962027-cdc9859e-f6bf&#8221;][vc_single_image image=&#8221;2602&#8243; img_size=&#8221;full&#8221; alignment=&#8221;center&#8221;][\/vc_tta_section][vc_tta_section title=&#8221;1) EVLER \u0130\u00c7\u0130N \u00c7ATI GES UYGULAMALARI&#8221; tab_id=&#8221;1623332962040-92fcf6cc-787c&#8221;][vc_single_image image=&#8221;2604&#8243; img_size=&#8221;full&#8221; alignment=&#8221;center&#8221;][\/vc_tta_section][vc_tta_section title=&#8221;2. SANAY\u0130 KURULU\u015eLARI \u0130\u00c7\u0130N \u00c7ATI GES UYGULAMALARI&#8221; tab_id=&#8221;1623333189405-9a7e431b-5c5f&#8221;][vc_single_image image=&#8221;2606&#8243; img_size=&#8221;full&#8221; alignment=&#8221;center&#8221;][\/vc_tta_section][vc_tta_section title=&#8221;3.TARLA VE BAH\u00c7E UYGULAMALARI&#8221; tab_id=&#8221;1623333201803-3058e8fd-574d&#8221;][vc_single_image image=&#8221;2608&#8243; [&hellip;]","og_url":"https:\/\/ysbchem.com\/tr\/enerji\/","og_site_name":"Ysbchem","article_publisher":"https:\/\/www.facebook.com\/ysbchem","article_modified_time":"2025-01-20T16:37:20+00:00","twitter_card":"summary_large_image","twitter_misc":{"Tahmini okuma s\u00fcresi":"1 dakika"},"schema":{"@context":"https:\/\/schema.org","@graph":[{"@type":"WebPage","@id":"https:\/\/ysbchem.com\/tr\/enerji\/","url":"https:\/\/ysbchem.com\/tr\/enerji\/","name":"Enerji - Ysbchem","isPartOf":{"@id":"https:\/\/ysbchem.com\/#website"},"datePublished":"2021-06-10T14:08:57+00:00","dateModified":"2025-01-20T16:37:20+00:00","breadcrumb":{"@id":"https:\/\/ysbchem.com\/tr\/enerji\/#breadcrumb"},"inLanguage":"tr","potentialAction":[{"@type":"ReadAction","target":["https:\/\/ysbchem.com\/tr\/enerji\/"]}]},{"@type":"BreadcrumbList","@id":"https:\/\/ysbchem.com\/tr\/enerji\/#breadcrumb","itemListElement":[{"@type":"ListItem","position":1,"name":"Home","item":"https:\/\/ysbchem.com\/tr\/"},{"@type":"ListItem","position":2,"name":"Enerji"}]},{"@type":"WebSite","@id":"https:\/\/ysbchem.com\/#website","url":"https:\/\/ysbchem.com\/","name":"Ysbchem","description":"Hydrophilic Waterstop Swelling Tape, Fire Strips, Bentonite","publisher":{"@id":"https:\/\/ysbchem.com\/#organization"},"potentialAction":[{"@type":"SearchAction","target":{"@type":"EntryPoint","urlTemplate":"https:\/\/ysbchem.com\/?s={search_term_string}"},"query-input":{"@type":"PropertyValueSpecification","valueRequired":true,"valueName":"search_term_string"}}],"inLanguage":"tr"},{"@type":"Organization","@id":"https:\/\/ysbchem.com\/#organization","name":"YSB Teknik","url":"https:\/\/ysbchem.com\/","logo":{"@type":"ImageObject","inLanguage":"tr","@id":"https:\/\/ysbchem.com\/#\/schema\/logo\/image\/","url":"https:\/\/ysbchem.com\/wp-content\/uploads\/2022\/07\/YSBTeknik-Facebook-Logo.png","contentUrl":"https:\/\/ysbchem.com\/wp-content\/uploads\/2022\/07\/YSBTeknik-Facebook-Logo.png","width":180,"height":180,"caption":"YSB Teknik"},"image":{"@id":"https:\/\/ysbchem.com\/#\/schema\/logo\/image\/"},"sameAs":["https:\/\/www.facebook.com\/ysbchem"]}]}},"_links":{"self":[{"href":"https:\/\/ysbchem.com\/tr\/wp-json\/wp\/v2\/pages\/2623","targetHints":{"allow":["GET"]}}],"collection":[{"href":"https:\/\/ysbchem.com\/tr\/wp-json\/wp\/v2\/pages"}],"about":[{"href":"https:\/\/ysbchem.com\/tr\/wp-json\/wp\/v2\/types\/page"}],"author":[{"embeddable":true,"href":"https:\/\/ysbchem.com\/tr\/wp-json\/wp\/v2\/users\/1"}],"replies":[{"embeddable":true,"href":"https:\/\/ysbchem.com\/tr\/wp-json\/wp\/v2\/comments?post=2623"}],"version-history":[{"count":5,"href":"https:\/\/ysbchem.com\/tr\/wp-json\/wp\/v2\/pages\/2623\/revisions"}],"predecessor-version":[{"id":2836,"href":"https:\/\/ysbchem.com\/tr\/wp-json\/wp\/v2\/pages\/2623\/revisions\/2836"}],"wp:attachment":[{"href":"https:\/\/ysbchem.com\/tr\/wp-json\/wp\/v2\/media?parent=2623"}],"curies":[{"name":"wp","href":"https:\/\/api.w.org\/{rel}","templated":true}]}}