{"id":2625,"date":"2021-06-10T17:25:18","date_gmt":"2021-06-10T14:25:18","guid":{"rendered":"https:\/\/ysbchem.com\/?page_id=2625"},"modified":"2021-06-10T17:26:48","modified_gmt":"2021-06-10T14:26:48","slug":"solar-enerji","status":"publish","type":"page","link":"https:\/\/ysbchem.com\/tr\/enerji\/solar-enerji\/","title":{"rendered":"Solar Enerji"},"content":{"rendered":"<div class=\"wpb-content-wrapper\"><p>[vc_row full_width=&#8221;stretch_row_content&#8221; bg_cws_repeat=&#8221;no-repeat&#8221; css=&#8221;.vc_custom_1600019355206{padding-bottom: 60px !important;}&#8221;][vc_column][vc_column_text]<\/p>\n<h2><mark style='color: #1e73be;background-color: #ffffff;'>S\u00fcrd\u00fcr\u00fclebilir ve temiz bir gelecek i\u00e7in<\/mark><\/h2>\n<p>&nbsp;<\/p>\n<pre><\/pre>\n<p>[\/vc_column_text][vc_column_text]<\/p>\n<h2><span style=\"color: #800000;\"><strong>HAKKIMIZDA<\/strong><\/span><\/h2>\n<p><span style=\"color: #000000;\">YSB Enerji, deneyimli ve profesyonel ekibiyle de\u011ferli yat\u0131r\u0131mc\u0131 ve i\u015f ortaklar\u0131na yenilenebilir enerji konusunda uygulama, tedarik ve m\u00fchendislik alanlar\u0131nda hizmet vermektedir.<\/span>[\/vc_column_text][\/vc_column][\/vc_row][vc_row full_width=&#8221;stretch_row&#8221; content_placement=&#8221;middle&#8221;][vc_column][vc_single_image image=&#8221;2504&#8243; img_size=&#8221;full&#8221; alignment=&#8221;center&#8221;][\/vc_column][\/vc_row][vc_row][vc_column width=&#8221;1\/2&#8243;][vc_column_text]<\/p>\n<h3><span style=\"color: #800000;\"><strong>M\u0130SYON <\/strong><\/span><\/h3>\n<p><span style=\"color: #000000;\">R\u00fczgar ve g\u00fcne\u015f enerjisi alanlar\u0131nda yat\u0131r\u0131mc\u0131lar\u0131na ve yapt\u0131\u011f\u0131 i\u015fe sayg\u0131 duyarak, do\u011fru projeleri hayata ge\u00e7irerek \u00fclke ekonomisine ve insanl\u0131\u011f\u0131n geli\u015fimine katk\u0131 sa\u011flamak.<\/span>[\/vc_column_text][\/vc_column][vc_column width=&#8221;1\/2&#8243;][vc_column_text]<\/p>\n<h3><span style=\"color: #800000;\"><strong>V\u0130ZYON <\/strong><\/span><\/h3>\n<p><span style=\"color: #000000;\">Ulusal ve uluslararas\u0131 pazarda etkinli\u011fini ve verimlili\u011fini artt\u0131rmak amac\u0131yla yenilebilir enerji alan\u0131nda sekt\u00f6r\u00fcn geli\u015fmesini sa\u011flayan, T\u00fcrkiye\u2019nin g\u00fcvenilir ve sayg\u0131n kurulu\u015fu olmak.<\/span>[\/vc_column_text][\/vc_column][\/vc_row][vc_row][vc_column][vc_column_text]<\/p>\n<h2><strong>H\u0130ZMETLER\u0130M\u0130Z <\/strong><\/h2>\n<p>[\/vc_column_text][vc_row_inner equal_height=&#8221;yes&#8221;][vc_column_inner width=&#8221;1\/2&#8243;][vc_column_text]<\/p>\n<h3><span style=\"color: #800000;\"><strong>EPC &#8211; ANAHTAR TESL\u0130M TES\u0130S KURULUMU<\/strong><\/span><\/h3>\n<p><span style=\"color: #000000;\">Yat\u0131r\u0131mc\u0131lar\u0131m\u0131z\u0131n ihtiya\u00e7lar\u0131 do\u011frultusunda, fikir a\u015famas\u0131ndan ba\u015flayarak santralin \u00fcretime ge\u00e7mesini de kapsayan anahtar teslim kurulum (EPC) hizmeti verilmektedir.<\/span><\/p>\n<p><span style=\"color: #000000;\">G\u00fcncel yasalara ve y\u00f6netmeliklere g\u00f6re uygulama yap\u0131lmaktad\u0131r. Mevzuatta yap\u0131lan de\u011fi\u015fiklikler takip edilip,\u00a0 gerekli bilgiler verilmekte ve al\u0131nacak \u00f6nlemler konusunda yat\u0131r\u0131mc\u0131lar\u0131m\u0131z zaman\u0131nda haberdar edilmektedir.<\/span><\/p>\n<p><span style=\"color: #000000;\">\u0130\u015f sa\u011fl\u0131\u011f\u0131 ve g\u00fcvenli\u011fi konusunda gerekli t\u00fcm \u00f6nlemler al\u0131nmaktad\u0131r.<\/span><\/p>\n<p><span style=\"color: #000000;\">Lojistik organizasyonu ve planlamas\u0131 yap\u0131lmaktad\u0131r.<\/span><\/p>\n<p><span style=\"color: #000000;\">Devreye alma testleri yap\u0131lmaktad\u0131r.<\/span>[\/vc_column_text][\/vc_column_inner][vc_column_inner width=&#8221;1\/2&#8243;][vc_single_image image=&#8221;2540&#8243; img_size=&#8221;full&#8221;][\/vc_column_inner][vc_column_inner width=&#8221;1\/2&#8243;][\/vc_column_inner][\/vc_row_inner][vc_row_inner equal_height=&#8221;yes&#8221;][vc_column_inner width=&#8221;1\/2&#8243;][vc_single_image image=&#8221;2542&#8243; img_size=&#8221;full&#8221;][\/vc_column_inner][vc_column_inner width=&#8221;1\/2&#8243;][vc_column_text]<\/p>\n<h3><span style=\"color: #800000;\"><strong>PROJE VE M\u00dcHEND\u0130SL\u0130K<\/strong><\/span><\/h3>\n<p><span style=\"color: #000000;\">Firmam\u0131z, bilgi ve tecr\u00fcbelerine dayanarak, yat\u0131r\u0131mc\u0131lar\u0131n\u0131n r\u00fczgar ve g\u00fcne\u015f enerjisi santralinden maksimum yarar sa\u011flamak i\u00e7in projelendirme ve m\u00fchendislik hizmetleri vermektedir. (Sistem tasar\u0131m\u0131, sim\u00fclasyonlar, verimlilik analizi&#8230;)<\/span>[\/vc_column_text][\/vc_column_inner][\/vc_row_inner][vc_row_inner equal_height=&#8221;yes&#8221;][vc_column_inner][vc_column_text]<\/p>\n<h3><span style=\"color: #800000;\"><strong>TEST H\u0130ZMETLER\u0130\u00a0<\/strong><\/span><\/h3>\n<p><span style=\"color: #000000;\">Verimlili\u011fi art\u0131rmak ve uygulama modelini belirlemek amac\u0131yla santralin kurulaca\u011f\u0131 alanda gerekli incelemeler ve uygulama testleri yap\u0131lmakta, yat\u0131r\u0131mc\u0131lara bu do\u011frultuda projenin en uygun ve sa\u011fl\u0131kl\u0131 bir \u015fekilde hayata ge\u00e7mesi i\u00e7in \u00f6nemli bilgiler verilmektedir.<\/span>[\/vc_column_text][\/vc_column_inner][\/vc_row_inner][vc_row_inner equal_height=&#8221;yes&#8221; content_placement=&#8221;middle&#8221;][vc_column_inner width=&#8221;1\/2&#8243;][vc_column_text]<span style=\"color: #000000;\"><strong>MEKAN\u0130K TESTLER<\/strong><\/span><\/p>\n<p><span style=\"color: #000000;\">\u00c7akma ve Delme Testleri<\/span><\/p>\n<p><span style=\"color: #000000;\">Topografik Analiz ve Testler<\/span><\/p>\n<p><span style=\"color: #000000;\">Statik Dayan\u0131m Testi<\/span><\/p>\n<p><span style=\"color: #000000;\"><strong>ELEKTR\u0130KSEL TESTLER<\/strong><\/span><\/p>\n<p><span style=\"color: #000000;\">Panel &#8211; Termal Kamera (Mod\u00fcllerde olu\u015fabilen g\u00f6zle g\u00f6r\u00fclemeyecek hatalar\u0131 tespit eder)<\/span><\/p>\n<p><span style=\"color: #000000;\">\u0130nvert\u00f6r &#8211; Verimlilik Testi<\/span><\/p>\n<p><span style=\"color: #000000;\">Pano &#8211; Yal\u0131t\u0131m Testi<\/span><\/p>\n<p><span style=\"color: #000000;\">Transformat\u00f6r ve H\u00fccre Testleri<\/span><\/p>\n<hr \/>\n<p>[\/vc_column_text][\/vc_column_inner][vc_column_inner width=&#8221;1\/2&#8243;][vc_single_image image=&#8221;2544&#8243; img_size=&#8221;full&#8221;][\/vc_column_inner][\/vc_row_inner][vc_row_inner equal_height=&#8221;yes&#8221;][vc_column_inner][vc_column_text]<\/p>\n<h3><strong><span style=\"color: #800000;\">BAKIM &#8211; ONARIM VE SERV\u0130S<\/span><\/strong><\/h3>\n<p><span style=\"color: #000000;\">\u0130\u015fletme ve bak\u0131m hizmetleri bir G\u00fcne\u015f Enerji Santralinin \u00f6mr\u00fcne \u00f6ng\u00f6r\u00fcld\u00fc\u011f\u00fc \u015fekilde devam edebilmesi i\u00e7in kritik \u00f6neme sahiptir. Profesyonel i\u015fletme ve bak\u0131m birimimiz bize \u00f6zel yaz\u0131l\u0131m ve uzaktan izleme altyap\u0131s\u0131 ile sorumlulu\u011fumuzdaki santralleri 24 saat kontrol alt\u0131nda tutmaktad\u0131r.<\/span><\/p>\n<p><img fetchpriority=\"high\" decoding=\"async\" class=\"alignnone size-large wp-image-2520\" src=\"https:\/\/ysbchem.com\/wp-content\/uploads\/2021\/06\/bakimonarimservis-1024x170.png\" alt=\"\" width=\"1024\" height=\"170\" srcset=\"https:\/\/ysbchem.com\/wp-content\/uploads\/2021\/06\/bakimonarimservis-1024x170.png 1024w, https:\/\/ysbchem.com\/wp-content\/uploads\/2021\/06\/bakimonarimservis-300x50.png 300w, https:\/\/ysbchem.com\/wp-content\/uploads\/2021\/06\/bakimonarimservis-768x128.png 768w, https:\/\/ysbchem.com\/wp-content\/uploads\/2021\/06\/bakimonarimservis.png 1042w\" sizes=\"(max-width: 1024px) 100vw, 1024px\" \/><\/p>\n<hr \/>\n<p>[\/vc_column_text][\/vc_column_inner][\/vc_row_inner][vc_row_inner equal_height=&#8221;yes&#8221;][vc_column_inner width=&#8221;1\/2&#8243;][vc_column_text]<\/p>\n<h3><strong><span style=\"color: #800000;\">\u00dcR\u00dcN TEDAR\u0130K\u0130<\/span><\/strong><\/h3>\n<p><span style=\"color: #000000;\">\u00dcr\u00fcn ve hizmet tedariki, projelerin zaman\u0131nda ve eksiksiz tamamlanmas\u0131 a\u00e7\u0131s\u0131ndan b\u00fcy\u00fck \u00f6nem arz etmektedir. Firmam\u0131z, projenin gereksinimine uygun, kaliteli \u00fcr\u00fcn\u00fcn ve hizmetin en uygun ko\u015fullarda temin edilmesini, lojistik organizasyonun g\u00fcvenilir ve sa\u011fl\u0131kl\u0131 olarak yap\u0131lmas\u0131n\u0131 sa\u011flamaktad\u0131r.<\/span>[\/vc_column_text][\/vc_column_inner][vc_column_inner width=&#8221;1\/2&#8243;][vc_single_image image=&#8221;2546&#8243; img_size=&#8221;full&#8221;][\/vc_column_inner][\/vc_row_inner][\/vc_column][\/vc_row][vc_row][vc_column]<div data-style='&quot;&quot;' class='prospect_button_wrapper render_styles'><a href='https:\/\/ysbchem.com\/tr\/enerji\/' id='prospect_button_69e361ac1689b' class='prospect_button regular'><i class='fa fa-fas fa-chevron-left'><\/i>&#x20;Enerji<\/a><\/div>[\/vc_column][\/vc_row][vc_row][vc_column width=&#8221;1\/2&#8243;][vc_column_text]<\/p>\n<h4><mark style='color: #1e73be;background-color: #ffffff;'>YSB Teknik End\u00fcstriyel Bant ve H\u0131rdavat Enerji M\u00fch. Hiz. San. Tic. Ltd. \u015eti.<\/mark><\/h4>\n<hr \/>\n<h5><strong><mark style='color: #1e73be;background-color: #ffffff;'>YSB Chem<\/mark><\/strong><\/h5>\n<hr \/>\n<p><strong>ADRES:<\/strong> Arapcami Mahallesi Bak\u0131r Sokak Alantar \u0130\u015f Merkezi No: 10\/63<br \/>\nKarak\u00f6y Beyo\u011flu-\u0130stanbul-TURKEY<\/p>\n<p><strong>FABR\u0130KA ADRES\u0130:<\/strong> Ferhatpa\u015fa Mah. Karadeniz Cad. G\u00f6kmenbey \u0130\u015f Merkezi No:85\/B Ata\u015fehir\/\u0130stanbul<\/p>\n<p><strong>TEL:<\/strong> 90 212 361 55 42<br \/>\n<strong>FAX:<\/strong> 90 212 254 78 50<br \/>\n<strong>MAIL:<\/strong> <a href=\"mailto:info@ysbchem.com\">info@ysbchem.com<\/a>[\/vc_column_text][\/vc_column][vc_column width=&#8221;1\/2&#8243;][vc_column_text]<\/p>\n<h1 style=\"text-align: center;\">B\u0130ZE <span style=\"color: #1e73be;\">YAZIN<\/span><\/h1>\n<p>[\/vc_column_text][vc_column_text]\n<div class=\"wpcf7 no-js\" id=\"wpcf7-f2066-o1\" lang=\"tr-TR\" dir=\"ltr\" data-wpcf7-id=\"2066\">\n<div class=\"screen-reader-response\"><p role=\"status\" aria-live=\"polite\" aria-atomic=\"true\"><\/p> <ul><\/ul><\/div>\n<form action=\"\/tr\/wp-json\/wp\/v2\/pages\/2625#wpcf7-f2066-o1\" method=\"post\" class=\"wpcf7-form init\" aria-label=\"\u0130leti\u015fim Formu\" novalidate=\"novalidate\" data-status=\"init\">\n<fieldset class=\"hidden-fields-container\"><input type=\"hidden\" name=\"_wpcf7\" value=\"2066\" \/><input type=\"hidden\" name=\"_wpcf7_version\" value=\"6.1.4\" \/><input type=\"hidden\" name=\"_wpcf7_locale\" value=\"tr_TR\" \/><input type=\"hidden\" name=\"_wpcf7_unit_tag\" value=\"wpcf7-f2066-o1\" \/><input type=\"hidden\" name=\"_wpcf7_container_post\" value=\"0\" \/><input type=\"hidden\" name=\"_wpcf7_posted_data_hash\" value=\"\" \/><input type=\"hidden\" name=\"_wpcf7_recaptcha_response\" value=\"\" \/>\n<\/fieldset>\n<p><span class=\"wpcf7-form-control-wrap\" data-name=\"your-name\"><input size=\"200\" maxlength=\"400\" class=\"wpcf7-form-control wpcf7-text wpcf7-validates-as-required\" aria-required=\"true\" aria-invalid=\"false\" placeholder=\"Ad\u0131n\u0131z\" value=\"\" type=\"text\" name=\"your-name\" \/><\/span>\n<\/p>\n<p><span class=\"wpcf7-form-control-wrap\" data-name=\"your-email\"><input size=\"200\" maxlength=\"400\" class=\"wpcf7-form-control wpcf7-email wpcf7-validates-as-required wpcf7-text wpcf7-validates-as-email\" aria-required=\"true\" aria-invalid=\"false\" placeholder=\"EMail Adresiniz\" value=\"\" type=\"email\" name=\"your-email\" \/><\/span>\n<\/p>\n<p><span class=\"wpcf7-form-control-wrap\" data-name=\"your-message\"><textarea cols=\"200\" rows=\"7\" maxlength=\"2000\" class=\"wpcf7-form-control wpcf7-textarea\" aria-invalid=\"false\" placeholder=\"Mesaj\u0131n\u0131z\" name=\"your-message\"><\/textarea><\/span>\n<\/p>\n<p style=\"text-align: center\"><input class=\"wpcf7-form-control wpcf7-submit has-spinner\" type=\"submit\" value=\"G\u00f6nder\" \/>\n<\/p><p style=\"display: none !important;\" class=\"akismet-fields-container\" data-prefix=\"_wpcf7_ak_\"><label>&#916;<textarea name=\"_wpcf7_ak_hp_textarea\" cols=\"45\" rows=\"8\" maxlength=\"100\"><\/textarea><\/label><input type=\"hidden\" id=\"ak_js_1\" name=\"_wpcf7_ak_js\" value=\"200\"\/><script>document.getElementById( \"ak_js_1\" ).setAttribute( \"value\", ( new Date() ).getTime() );<\/script><\/p><div class=\"wpcf7-response-output\" aria-hidden=\"true\"><\/div>\n<\/form>\n<\/div>\n[\/vc_column_text][\/vc_column][\/vc_row]<\/p>\n<\/div>","protected":false},"excerpt":{"rendered":"<p>[vc_row full_width=&#8221;stretch_row_content&#8221; bg_cws_repeat=&#8221;no-repeat&#8221; css=&#8221;.vc_custom_1600019355206{padding-bottom: 60px !important;}&#8221;][vc_column][vc_column_text] &nbsp; [\/vc_column_text][vc_column_text] HAKKIMIZDA YSB Enerji, deneyimli ve profesyonel ekibiyle de\u011ferli yat\u0131r\u0131mc\u0131 ve i\u015f ortaklar\u0131na yenilenebilir enerji konusunda uygulama, tedarik ve m\u00fchendislik alanlar\u0131nda hizmet vermektedir.[\/vc_column_text][\/vc_column][\/vc_row][vc_row full_width=&#8221;stretch_row&#8221; content_placement=&#8221;middle&#8221;][vc_column][vc_single_image image=&#8221;2504&#8243; img_size=&#8221;full&#8221; alignment=&#8221;center&#8221;][\/vc_column][\/vc_row][vc_row][vc_column width=&#8221;1\/2&#8243;][vc_column_text] M\u0130SYON R\u00fczgar ve g\u00fcne\u015f enerjisi alanlar\u0131nda yat\u0131r\u0131mc\u0131lar\u0131na ve yapt\u0131\u011f\u0131 i\u015fe sayg\u0131 duyarak, do\u011fru projeleri hayata ge\u00e7irerek \u00fclke ekonomisine ve [&hellip;]<\/p>\n","protected":false},"author":1,"featured_media":0,"parent":2623,"menu_order":0,"comment_status":"closed","ping_status":"closed","template":"","meta":{"footnotes":""},"class_list":["post-2625","page","type-page","status-publish","hentry"],"yoast_head":"<!-- This site is optimized with the Yoast SEO plugin v26.7 - https:\/\/yoast.com\/wordpress\/plugins\/seo\/ -->\n<title>Solar Enerji - Ysbchem<\/title>\n<meta name=\"robots\" content=\"index, follow, max-snippet:-1, max-image-preview:large, max-video-preview:-1\" \/>\n<link rel=\"canonical\" href=\"https:\/\/ysbchem.com\/tr\/enerji\/solar-enerji\/\" \/>\n<meta property=\"og:locale\" content=\"tr_TR\" \/>\n<meta property=\"og:type\" content=\"article\" \/>\n<meta property=\"og:title\" content=\"Solar Enerji - Ysbchem\" \/>\n<meta property=\"og:description\" content=\"[vc_row full_width=&#8221;stretch_row_content&#8221; bg_cws_repeat=&#8221;no-repeat&#8221; css=&#8221;.vc_custom_1600019355206{padding-bottom: 60px !important;}&#8221;][vc_column][vc_column_text] &nbsp; [\/vc_column_text][vc_column_text] HAKKIMIZDA YSB Enerji, deneyimli ve profesyonel ekibiyle de\u011ferli yat\u0131r\u0131mc\u0131 ve i\u015f ortaklar\u0131na yenilenebilir enerji konusunda uygulama, tedarik ve m\u00fchendislik alanlar\u0131nda hizmet vermektedir.[\/vc_column_text][\/vc_column][\/vc_row][vc_row full_width=&#8221;stretch_row&#8221; content_placement=&#8221;middle&#8221;][vc_column][vc_single_image image=&#8221;2504&#8243; img_size=&#8221;full&#8221; alignment=&#8221;center&#8221;][\/vc_column][\/vc_row][vc_row][vc_column width=&#8221;1\/2&#8243;][vc_column_text] M\u0130SYON R\u00fczgar ve g\u00fcne\u015f enerjisi alanlar\u0131nda yat\u0131r\u0131mc\u0131lar\u0131na ve yapt\u0131\u011f\u0131 i\u015fe sayg\u0131 duyarak, do\u011fru projeleri hayata ge\u00e7irerek \u00fclke ekonomisine ve [&hellip;]\" \/>\n<meta property=\"og:url\" content=\"https:\/\/ysbchem.com\/tr\/enerji\/solar-enerji\/\" \/>\n<meta property=\"og:site_name\" content=\"Ysbchem\" \/>\n<meta property=\"article:publisher\" content=\"https:\/\/www.facebook.com\/ysbchem\" \/>\n<meta property=\"article:modified_time\" content=\"2021-06-10T14:26:48+00:00\" \/>\n<meta property=\"og:image\" content=\"https:\/\/ysbchem.com\/wp-content\/uploads\/2021\/06\/bakimonarimservis-1024x170.png\" \/>\n<meta name=\"twitter:card\" content=\"summary_large_image\" \/>\n<meta name=\"twitter:label1\" content=\"Tahmini okuma s\u00fcresi\" \/>\n\t<meta name=\"twitter:data1\" content=\"5 dakika\" \/>\n<script type=\"application\/ld+json\" class=\"yoast-schema-graph\">{\"@context\":\"https:\/\/schema.org\",\"@graph\":[{\"@type\":\"WebPage\",\"@id\":\"https:\/\/ysbchem.com\/tr\/enerji\/solar-enerji\/\",\"url\":\"https:\/\/ysbchem.com\/tr\/enerji\/solar-enerji\/\",\"name\":\"Solar Enerji - Ysbchem\",\"isPartOf\":{\"@id\":\"https:\/\/ysbchem.com\/#website\"},\"primaryImageOfPage\":{\"@id\":\"https:\/\/ysbchem.com\/tr\/enerji\/solar-enerji\/#primaryimage\"},\"image\":{\"@id\":\"https:\/\/ysbchem.com\/tr\/enerji\/solar-enerji\/#primaryimage\"},\"thumbnailUrl\":\"https:\/\/ysbchem.com\/wp-content\/uploads\/2021\/06\/bakimonarimservis-1024x170.png\",\"datePublished\":\"2021-06-10T14:25:18+00:00\",\"dateModified\":\"2021-06-10T14:26:48+00:00\",\"breadcrumb\":{\"@id\":\"https:\/\/ysbchem.com\/tr\/enerji\/solar-enerji\/#breadcrumb\"},\"inLanguage\":\"tr\",\"potentialAction\":[{\"@type\":\"ReadAction\",\"target\":[\"https:\/\/ysbchem.com\/tr\/enerji\/solar-enerji\/\"]}]},{\"@type\":\"ImageObject\",\"inLanguage\":\"tr\",\"@id\":\"https:\/\/ysbchem.com\/tr\/enerji\/solar-enerji\/#primaryimage\",\"url\":\"https:\/\/ysbchem.com\/wp-content\/uploads\/2021\/06\/bakimonarimservis-1024x170.png\",\"contentUrl\":\"https:\/\/ysbchem.com\/wp-content\/uploads\/2021\/06\/bakimonarimservis-1024x170.png\"},{\"@type\":\"BreadcrumbList\",\"@id\":\"https:\/\/ysbchem.com\/tr\/enerji\/solar-enerji\/#breadcrumb\",\"itemListElement\":[{\"@type\":\"ListItem\",\"position\":1,\"name\":\"Home\",\"item\":\"https:\/\/ysbchem.com\/tr\/\"},{\"@type\":\"ListItem\",\"position\":2,\"name\":\"Enerji\",\"item\":\"https:\/\/ysbchem.com\/tr\/enerji\/\"},{\"@type\":\"ListItem\",\"position\":3,\"name\":\"Solar Enerji\"}]},{\"@type\":\"WebSite\",\"@id\":\"https:\/\/ysbchem.com\/#website\",\"url\":\"https:\/\/ysbchem.com\/\",\"name\":\"Ysbchem\",\"description\":\"Hydrophilic Waterstop Swelling Tape, Fire Strips, Bentonite\",\"publisher\":{\"@id\":\"https:\/\/ysbchem.com\/#organization\"},\"potentialAction\":[{\"@type\":\"SearchAction\",\"target\":{\"@type\":\"EntryPoint\",\"urlTemplate\":\"https:\/\/ysbchem.com\/?s={search_term_string}\"},\"query-input\":{\"@type\":\"PropertyValueSpecification\",\"valueRequired\":true,\"valueName\":\"search_term_string\"}}],\"inLanguage\":\"tr\"},{\"@type\":\"Organization\",\"@id\":\"https:\/\/ysbchem.com\/#organization\",\"name\":\"YSB Teknik\",\"url\":\"https:\/\/ysbchem.com\/\",\"logo\":{\"@type\":\"ImageObject\",\"inLanguage\":\"tr\",\"@id\":\"https:\/\/ysbchem.com\/#\/schema\/logo\/image\/\",\"url\":\"https:\/\/ysbchem.com\/wp-content\/uploads\/2022\/07\/YSBTeknik-Facebook-Logo.png\",\"contentUrl\":\"https:\/\/ysbchem.com\/wp-content\/uploads\/2022\/07\/YSBTeknik-Facebook-Logo.png\",\"width\":180,\"height\":180,\"caption\":\"YSB Teknik\"},\"image\":{\"@id\":\"https:\/\/ysbchem.com\/#\/schema\/logo\/image\/\"},\"sameAs\":[\"https:\/\/www.facebook.com\/ysbchem\"]}]}<\/script>\n<!-- \/ Yoast SEO plugin. -->","yoast_head_json":{"title":"Solar Enerji - Ysbchem","robots":{"index":"index","follow":"follow","max-snippet":"max-snippet:-1","max-image-preview":"max-image-preview:large","max-video-preview":"max-video-preview:-1"},"canonical":"https:\/\/ysbchem.com\/tr\/enerji\/solar-enerji\/","og_locale":"tr_TR","og_type":"article","og_title":"Solar Enerji - Ysbchem","og_description":"[vc_row full_width=&#8221;stretch_row_content&#8221; bg_cws_repeat=&#8221;no-repeat&#8221; css=&#8221;.vc_custom_1600019355206{padding-bottom: 60px !important;}&#8221;][vc_column][vc_column_text] &nbsp; [\/vc_column_text][vc_column_text] HAKKIMIZDA YSB Enerji, deneyimli ve profesyonel ekibiyle de\u011ferli yat\u0131r\u0131mc\u0131 ve i\u015f ortaklar\u0131na yenilenebilir enerji konusunda uygulama, tedarik ve m\u00fchendislik alanlar\u0131nda hizmet vermektedir.[\/vc_column_text][\/vc_column][\/vc_row][vc_row full_width=&#8221;stretch_row&#8221; content_placement=&#8221;middle&#8221;][vc_column][vc_single_image image=&#8221;2504&#8243; img_size=&#8221;full&#8221; alignment=&#8221;center&#8221;][\/vc_column][\/vc_row][vc_row][vc_column width=&#8221;1\/2&#8243;][vc_column_text] M\u0130SYON R\u00fczgar ve g\u00fcne\u015f enerjisi alanlar\u0131nda yat\u0131r\u0131mc\u0131lar\u0131na ve yapt\u0131\u011f\u0131 i\u015fe sayg\u0131 duyarak, do\u011fru projeleri hayata ge\u00e7irerek \u00fclke ekonomisine ve [&hellip;]","og_url":"https:\/\/ysbchem.com\/tr\/enerji\/solar-enerji\/","og_site_name":"Ysbchem","article_publisher":"https:\/\/www.facebook.com\/ysbchem","article_modified_time":"2021-06-10T14:26:48+00:00","og_image":[{"url":"https:\/\/ysbchem.com\/wp-content\/uploads\/2021\/06\/bakimonarimservis-1024x170.png","type":"","width":"","height":""}],"twitter_card":"summary_large_image","twitter_misc":{"Tahmini okuma s\u00fcresi":"5 dakika"},"schema":{"@context":"https:\/\/schema.org","@graph":[{"@type":"WebPage","@id":"https:\/\/ysbchem.com\/tr\/enerji\/solar-enerji\/","url":"https:\/\/ysbchem.com\/tr\/enerji\/solar-enerji\/","name":"Solar Enerji - Ysbchem","isPartOf":{"@id":"https:\/\/ysbchem.com\/#website"},"primaryImageOfPage":{"@id":"https:\/\/ysbchem.com\/tr\/enerji\/solar-enerji\/#primaryimage"},"image":{"@id":"https:\/\/ysbchem.com\/tr\/enerji\/solar-enerji\/#primaryimage"},"thumbnailUrl":"https:\/\/ysbchem.com\/wp-content\/uploads\/2021\/06\/bakimonarimservis-1024x170.png","datePublished":"2021-06-10T14:25:18+00:00","dateModified":"2021-06-10T14:26:48+00:00","breadcrumb":{"@id":"https:\/\/ysbchem.com\/tr\/enerji\/solar-enerji\/#breadcrumb"},"inLanguage":"tr","potentialAction":[{"@type":"ReadAction","target":["https:\/\/ysbchem.com\/tr\/enerji\/solar-enerji\/"]}]},{"@type":"ImageObject","inLanguage":"tr","@id":"https:\/\/ysbchem.com\/tr\/enerji\/solar-enerji\/#primaryimage","url":"https:\/\/ysbchem.com\/wp-content\/uploads\/2021\/06\/bakimonarimservis-1024x170.png","contentUrl":"https:\/\/ysbchem.com\/wp-content\/uploads\/2021\/06\/bakimonarimservis-1024x170.png"},{"@type":"BreadcrumbList","@id":"https:\/\/ysbchem.com\/tr\/enerji\/solar-enerji\/#breadcrumb","itemListElement":[{"@type":"ListItem","position":1,"name":"Home","item":"https:\/\/ysbchem.com\/tr\/"},{"@type":"ListItem","position":2,"name":"Enerji","item":"https:\/\/ysbchem.com\/tr\/enerji\/"},{"@type":"ListItem","position":3,"name":"Solar Enerji"}]},{"@type":"WebSite","@id":"https:\/\/ysbchem.com\/#website","url":"https:\/\/ysbchem.com\/","name":"Ysbchem","description":"Hydrophilic Waterstop Swelling Tape, Fire Strips, Bentonite","publisher":{"@id":"https:\/\/ysbchem.com\/#organization"},"potentialAction":[{"@type":"SearchAction","target":{"@type":"EntryPoint","urlTemplate":"https:\/\/ysbchem.com\/?s={search_term_string}"},"query-input":{"@type":"PropertyValueSpecification","valueRequired":true,"valueName":"search_term_string"}}],"inLanguage":"tr"},{"@type":"Organization","@id":"https:\/\/ysbchem.com\/#organization","name":"YSB Teknik","url":"https:\/\/ysbchem.com\/","logo":{"@type":"ImageObject","inLanguage":"tr","@id":"https:\/\/ysbchem.com\/#\/schema\/logo\/image\/","url":"https:\/\/ysbchem.com\/wp-content\/uploads\/2022\/07\/YSBTeknik-Facebook-Logo.png","contentUrl":"https:\/\/ysbchem.com\/wp-content\/uploads\/2022\/07\/YSBTeknik-Facebook-Logo.png","width":180,"height":180,"caption":"YSB Teknik"},"image":{"@id":"https:\/\/ysbchem.com\/#\/schema\/logo\/image\/"},"sameAs":["https:\/\/www.facebook.com\/ysbchem"]}]}},"_links":{"self":[{"href":"https:\/\/ysbchem.com\/tr\/wp-json\/wp\/v2\/pages\/2625","targetHints":{"allow":["GET"]}}],"collection":[{"href":"https:\/\/ysbchem.com\/tr\/wp-json\/wp\/v2\/pages"}],"about":[{"href":"https:\/\/ysbchem.com\/tr\/wp-json\/wp\/v2\/types\/page"}],"author":[{"embeddable":true,"href":"https:\/\/ysbchem.com\/tr\/wp-json\/wp\/v2\/users\/1"}],"replies":[{"embeddable":true,"href":"https:\/\/ysbchem.com\/tr\/wp-json\/wp\/v2\/comments?post=2625"}],"version-history":[{"count":1,"href":"https:\/\/ysbchem.com\/tr\/wp-json\/wp\/v2\/pages\/2625\/revisions"}],"predecessor-version":[{"id":2628,"href":"https:\/\/ysbchem.com\/tr\/wp-json\/wp\/v2\/pages\/2625\/revisions\/2628"}],"up":[{"embeddable":true,"href":"https:\/\/ysbchem.com\/tr\/wp-json\/wp\/v2\/pages\/2623"}],"wp:attachment":[{"href":"https:\/\/ysbchem.com\/tr\/wp-json\/wp\/v2\/media?parent=2625"}],"curies":[{"name":"wp","href":"https:\/\/api.w.org\/{rel}","templated":true}]}}